{"id":372876,"date":"2020-08-09T16:10:21","date_gmt":"2020-08-09T09:10:21","guid":{"rendered":"https:\/\/wp5.nubo.vn\/?page_id=372876"},"modified":"2020-09-20T20:25:02","modified_gmt":"2020-09-20T13:25:02","slug":"our-services","status":"publish","type":"page","link":"https:\/\/careme.vn\/en\/our-services\/","title":{"rendered":"our services"},"content":{"rendered":"\t<section class=\"section\" id=\"section_2096789695\">\n\t\t<div class=\"bg section-bg fill bg-fill  \" >\n\n\t\t\t\n\t\t\t\n\t\t\t\n\n\t\t<\/div>\n\n\t\t\n\n\t\t<div class=\"section-content relative\">\n\t\t\t\n<div class=\"row\"  id=\"row-1773310964\">\n\n\t<div id=\"col-558305836\" class=\"col medium-8 small-12 large-8\"  >\n\t\t\t\t<div class=\"col-inner\"  >\n\t\t\t\n\t\t\t\n<h1>CAREME<\/h1>\n<h3 class=\"uppercase\">D\u1ecaCH V\u1ee4 CH\u0102M S\u00d3C S\u1ee8C KH\u1eceE QU\u1ed0C T\u1ebe<\/h3>\n<p>T\u1eadn t\u00ecnh nh\u01b0 ng\u01b0\u1eddi th\u00e2n c\u1ee7a b\u1ea1n<\/p>\n<a rel=\"noopener noreferrer\" class=\"button primary\"  style=\"border-radius:4px;\">\n    <span>See our work<\/span>\n  <\/a>\n\n<a rel=\"noopener noreferrer\" class=\"button primary is-outline\"  style=\"border-radius:4px;\">\n    <span>Clients<\/span>\n  <\/a>\n\n\t\t<\/div>\n\t\t\t\t\n<style>\n#col-558305836 > .col-inner {\n  padding: 13px 0px 0px 0px;\n}\n<\/style>\n\t<\/div>\n\n\t\n<\/div>\n\t\t<\/div>\n\n\t\t\n<style>\n#section_2096789695 {\n  padding-top: 80px;\n  padding-bottom: 80px;\n  background-color: rgb(244, 244, 244);\n}\n#section_2096789695 .section-bg.bg-loaded {\n  background-image: url(https:\/\/careme.vn\/wp-content\/uploads\/2020\/09\/careme-service.jpg);\n}\n#section_2096789695 .section-bg {\n  background-position: 43% 84%;\n}\n#section_2096789695 .ux-shape-divider--top svg {\n  height: 150px;\n  --divider-top-width: 100%;\n}\n#section_2096789695 .ux-shape-divider--bottom svg {\n  height: 150px;\n  --divider-width: 100%;\n}\n<\/style>\n\t<\/section>\n\t\n\t<section class=\"section\" id=\"section_85370355\">\n\t\t<div class=\"bg section-bg fill bg-fill  bg-loaded\" >\n\n\t\t\t\n\t\t\t\n\t\t\t\n\n\t\t<\/div>\n\n\t\t\n\n\t\t<div class=\"section-content relative\">\n\t\t\t\n<div class=\"row align-center\"  id=\"row-1615634343\">\n\n\t<div id=\"col-2128061232\" class=\"col medium-9 small-12 large-9\"  >\n\t\t\t\t<div class=\"col-inner text-center\"  >\n\t\t\t\n\t\t\t\n<h2>L\u1ee2I \u00cdCH T\u1eea D\u1ecaCH V\u1ee4 C\u1ee6A CAREME<\/h2>\n<p style=\"text-align: justify;\">Nh\u1eb1m h\u1ed7 tr\u1ee3 t\u1ed1i \u0111a b\u1ec7nh nh\u00e2n ch\u00fang t\u00f4i cung c\u1ea5p d\u1ecbch v\u1ee5 \u0111a d\u1ea1ng ph\u00f9 h\u1ee3p v\u1edbi nhu c\u1ea7u c\u1ee7a t\u1eebng c\u00e1 nh\u00e2n c\u00f3 nhu c\u1ea7u b\u1ea5t k\u1ec3 \u0111\u1ed9 tu\u1ed5i, tr\u00ecnh \u0111\u1ed9 c\u1ee7a b\u1ea1n \u0111\u1ec1u c\u00f3 th\u1ec3 s\u1eed d\u1ee5ng \u0111\u01b0\u1ee3c d\u1ecbch v\u1ee5 kh\u00e1m ch\u1eefa b\u1ec7nh ti\u00eau chu\u1ea9n qu\u1ed1c t\u1ebf \u1edf nh\u1eefng qu\u1ed1c gi\u00e1 n\u1ec1n y h\u1ecdc ph\u00e1t tri\u1ec3n. Kh\u00f4ng ch\u1ec9 th\u1ebf ch\u00fang t\u00f4i c\u00f2n l\u00e0 \u0111\u1ed1i t\u00e1c tin c\u1eady c\u1ee7a c\u00e1c b\u1ec7nh vi\u1ec7n, ph\u00f2ng kh\u00e1m h\u00e0ng \u0111\u1ea7u t\u1ea1i Singapore, ThaiLand, Malaysia \u0111\u1ec3 gi\u00fap gi\u1ea3m chi ph\u00ed, chu\u1ea9n \u0111o\u00e1n s\u1edbm hay h\u1ed7 tr\u1ee3 b\u1ec7nh nh\u00e2n t\u1ed1t h\u01a1n trong th\u1eddi gian ch\u1eefa b\u1ec7nh \u1edf n\u01b0\u1edbc ngo\u00e0i.<\/p>\n\t<div id=\"gap-1872118087\" class=\"gap-element clearfix\" style=\"display:block; height:auto;\">\n\t\t\n<style>\n#gap-1872118087 {\n  padding-top: 30px;\n}\n<\/style>\n\t<\/div>\n\t\n\t\t<\/div>\n\t\t\t\t\t<\/div>\n\n\t\n<\/div>\n<div class=\"row row-large\"  id=\"row-1224410766\">\n\n\t<div id=\"col-2084983690\" class=\"col medium-6 small-12 large-6\"  >\n\t\t\t\t<div class=\"col-inner\"  >\n\t\t\t\n\t\t\t\n\n\t\t<div class=\"icon-box featured-box icon-sets icon-box-left text-left\"  style=\"margin:0px 0px 10px 0px;\">\n\t\t\t\t\t<div class=\"icon-box-img\" style=\"width: 30px\">\n\t\t\t\t<div class=\"icon\">\n\t\t\t\t\t<div class=\"icon-inner\" >\n\t\t\t\t\t\t<img loading=\"lazy\" decoding=\"async\" width=\"300\" height=\"300\" src=\"https:\/\/careme.vn\/wp-content\/uploads\/2020\/08\/careme-icon.png\" class=\"attachment-medium size-medium\" alt=\"\" srcset=\"https:\/\/careme.vn\/wp-content\/uploads\/2020\/08\/careme-icon.png 300w, https:\/\/careme.vn\/wp-content\/uploads\/2020\/08\/careme-icon-90x90.png 90w, https:\/\/careme.vn\/wp-content\/uploads\/2020\/08\/careme-icon-100x100.png 100w, https:\/\/careme.vn\/wp-content\/uploads\/2020\/08\/careme-icon-280x280.png 280w\" sizes=\"auto, (max-width: 300px) 100vw, 300px\" \/>\t\t\t\t\t<\/div>\n\t\t\t\t<\/div>\n\t\t\t<\/div>\n\t\t\t\t<div class=\"icon-box-text last-reset\">\n\t\t\t\t\t\t\t\t\t\n<h4>H\u1ed7 tr\u1ee3, ch\u0103m s\u00f3c qu\u1ed1c t\u1ebf<\/h4>\n\t\t<\/div>\n\t<\/div>\n\t\n\t\n<p style=\"text-align: justify;\">Gi\u00fap m\u1ecdi \u0111\u1ed1i t\u01b0\u1ee3ng ti\u1ebfp c\u1eadn v\u1edbi n\u1ec1n y h\u1ecdc ti\u00ean ti\u1ebfn tr\u00ean th\u1ebf gi\u1edbi v\u1edbi chi ph\u00ed t\u1ed1t nh\u1ea5t. Ch\u00fang t\u00f4i l\u00e0 \u0111\u1ed1i t\u00e1c c\u1ee7a c\u00e1c b\u1ec7nh vi\u1ec7n qu\u1ed1c t\u1ebf h\u00e0ng \u0111\u1ea7u t\u1ea1i Th\u00e1i Lan, Sigapore, Malaysia gi\u00fap b\u1ea1n chu\u1ea9n \u0111o\u00e1n, l\u1ef1a ch\u1ecdn b\u1ec7nh vi\u1ec7n, \u0111\u1eb7t l\u1ecbch, \u0111\u01b0a \u0111\u00f3n, phi\u00ean d\u1ecbch v\u00e0 ch\u0103m s\u00f3c trong su\u1ed1t th\u1eddi gian kh\u00e1m ch\u1eefa b\u1ec7nh c\u1ee7a b\u1ea1n.. <a style=\"color: #1d9100;\" href=\"..\/service\/careme-service\/\"><strong>T\u00ecm hi\u1ec3u th\u00eam &gt;&gt;<\/strong><\/a><\/p>\n\t\t<\/div>\n\t\t\t\t\t<\/div>\n\n\t\n\n\t<div id=\"col-411456286\" class=\"col medium-6 small-12 large-6\"  >\n\t\t\t\t<div class=\"col-inner\"  >\n\t\t\t\n\t\t\t\n\n\t\t<div class=\"icon-box featured-box icon-sets icon-box-left text-left\"  style=\"margin:0px 0px 10px 0px;\">\n\t\t\t\t\t<div class=\"icon-box-img\" style=\"width: 30px\">\n\t\t\t\t<div class=\"icon\">\n\t\t\t\t\t<div class=\"icon-inner\" >\n\t\t\t\t\t\t<img loading=\"lazy\" decoding=\"async\" width=\"100\" height=\"100\" src=\"https:\/\/careme.vn\/wp-content\/uploads\/2020\/08\/icon-2-info-page-corporate-minimal-flatsome-100x100-1.png\" class=\"attachment-medium size-medium\" alt=\"\" srcset=\"https:\/\/careme.vn\/wp-content\/uploads\/2020\/08\/icon-2-info-page-corporate-minimal-flatsome-100x100-1.png 100w, https:\/\/careme.vn\/wp-content\/uploads\/2020\/08\/icon-2-info-page-corporate-minimal-flatsome-100x100-1-90x90.png 90w, https:\/\/careme.vn\/wp-content\/uploads\/2020\/08\/icon-2-info-page-corporate-minimal-flatsome-100x100-1-75x75.png 75w\" sizes=\"auto, (max-width: 100px) 100vw, 100px\" \/>\t\t\t\t\t<\/div>\n\t\t\t\t<\/div>\n\t\t\t<\/div>\n\t\t\t\t<div class=\"icon-box-text last-reset\">\n\t\t\t\t\t\t\t\t\t\n<h4>D\u1ecbch h\u1ed3 s\u01a1 b\u1ec7nh \u00e1n v\u00e0 chu\u1ea9n \u0111o\u00e1n b\u1ec7nh t\u1eeb xa<\/h4>\n\t\t<\/div>\n\t<\/div>\n\t\n\t\n<p style=\"text-align: justify;\">Nh\u1eefng b\u1ec7nh nh\u00e2n ph\u1ee9c t\u1ea1p \u0111\u00e3 \u0111i\u1ec1u tr\u1ecb nhi\u1ec1u n\u01a1i \u0111\u1ec3 gi\u1ea3m chi ph\u00ed c\u0169ng nh\u01b0 chu\u1ea9n \u0111o\u00e1n v\u00e0 chu\u1ea9n b\u1ecb tr\u01b0\u1edbc \u0111i\u1ec1u tr\u1ecb t\u1ed1t h\u01a1n ch\u00fang t\u00f4i h\u1ed7 tr\u1ee3 d\u1ecbch h\u1ed3 s\u01a1 b\u1ec7nh \u00e1n sang ng\u00f4n ng\u1eef ti\u1ebfng Anh hay phi\u00ean d\u1ecbch tr\u1ef1c ti\u1ebfp \u0111\u1ec3 gi\u00fap b\u00e1c s\u0129 chu\u1ea9n b\u1ecb ph\u01b0\u01a1ng \u00e1n v\u00e0 ch\u1eefa b\u1ec7nh t\u1ed1t nh\u1ea5t tr\u01b0\u1edbc khi b\u1ea1n \u0111\u1ebfn. <a style=\"color: #1d9100;\" href=\"#\"><strong>T\u00ecm hi\u1ec3u th\u00eam &gt;&gt;<\/strong><\/a><\/p>\n\t\t<\/div>\n\t\t\t\t\t<\/div>\n\n\t\n\n\t<div id=\"col-1847661641\" class=\"col medium-6 small-12 large-6\"  >\n\t\t\t\t<div class=\"col-inner\"  >\n\t\t\t\n\t\t\t\n\n\t\t<div class=\"icon-box featured-box icon-sets icon-box-left text-left\"  style=\"margin:0px 0px 10px 0px;\">\n\t\t\t\t\t<div class=\"icon-box-img\" style=\"width: 30px\">\n\t\t\t\t<div class=\"icon\">\n\t\t\t\t\t<div class=\"icon-inner\" >\n\t\t\t\t\t\t<img loading=\"lazy\" decoding=\"async\" width=\"224\" height=\"224\" src=\"https:\/\/careme.vn\/wp-content\/uploads\/2020\/08\/tham-my-lam-dep-1.png\" class=\"attachment-medium size-medium\" alt=\"\" srcset=\"https:\/\/careme.vn\/wp-content\/uploads\/2020\/08\/tham-my-lam-dep-1.png 224w, https:\/\/careme.vn\/wp-content\/uploads\/2020\/08\/tham-my-lam-dep-1-90x90.png 90w, https:\/\/careme.vn\/wp-content\/uploads\/2020\/08\/tham-my-lam-dep-1-100x100.png 100w, https:\/\/careme.vn\/wp-content\/uploads\/2020\/08\/tham-my-lam-dep-1-75x75.png 75w\" sizes=\"auto, (max-width: 224px) 100vw, 224px\" \/>\t\t\t\t\t<\/div>\n\t\t\t\t<\/div>\n\t\t\t<\/div>\n\t\t\t\t<div class=\"icon-box-text last-reset\">\n\t\t\t\t\t\t\t\t\t\n<h4>D\u1ecbch v\u1ee5 th\u1ea9m m\u1ef9 tr\u1ecdn g\u00f3i<\/h4>\n\t\t<\/div>\n\t<\/div>\n\t\n\t\n<p style=\"text-align: justify;\">Nh\u1eb1m gi\u1ea3m lo l\u1eafng, ph\u00e1t sinh th\u00eam chi ph\u00ed ngo\u00e0i d\u1ef1 t\u00ednh, Careme cung c\u1ea5p d\u1ecbch v\u1ee5 th\u1ea9m m\u1ef9 tr\u1ecdn g\u00f3i: S\u1eeda m\u0169i, n\u00e2ng ng\u1ef1c, g\u1ecdt c\u1eb1m, c\u1eaft m\u00ed, h\u00fat m\u1ee1, nha khoa, chuy\u1ec3n \u0111\u1ed5i gi\u1edbi t\u00ednh bao g\u1ed3m chi ph\u00ed \u0111i l\u1ea1i, \u0103n \u1edf, ch\u0103m s\u00f3c trong su\u1ed1t qu\u00e1 tr\u00ecnh \u0111i\u1ec1u tr\u1ecb t\u1ea1i c\u00e1c b\u1ec7nh vi\u1ec7n th\u1ea9m m\u1ef9 h\u00e0ng \u0111\u1ea7u Th\u00e1i Lan, Singapore, Malasia\u00a0 <a style=\"color: #1d9100;\" href=\"..\/services\/tham-my-tron-goi\/\"><strong>T\u00ecm hi\u1ec3u th\u00eam &gt;&gt;<\/strong><\/a><\/p>\n\t\t<\/div>\n\t\t\t\t\t<\/div>\n\n\t\n\n\t<div id=\"col-34122565\" class=\"col medium-6 small-12 large-6\"  >\n\t\t\t\t<div class=\"col-inner\"  >\n\t\t\t\n\t\t\t\n\n\t\t<div class=\"icon-box featured-box icon-sets icon-box-left text-left\"  style=\"margin:0px 0px 10px 0px;\">\n\t\t\t\t\t<div class=\"icon-box-img\" style=\"width: 30px\">\n\t\t\t\t<div class=\"icon\">\n\t\t\t\t\t<div class=\"icon-inner\" >\n\t\t\t\t\t\t<img loading=\"lazy\" decoding=\"async\" width=\"100\" height=\"100\" src=\"https:\/\/careme.vn\/wp-content\/uploads\/2020\/08\/hotel-100x100-1.png\" class=\"attachment-medium size-medium\" alt=\"\" srcset=\"https:\/\/careme.vn\/wp-content\/uploads\/2020\/08\/hotel-100x100-1.png 100w, https:\/\/careme.vn\/wp-content\/uploads\/2020\/08\/hotel-100x100-1-90x90.png 90w, https:\/\/careme.vn\/wp-content\/uploads\/2020\/08\/hotel-100x100-1-75x75.png 75w\" sizes=\"auto, (max-width: 100px) 100vw, 100px\" \/>\t\t\t\t\t<\/div>\n\t\t\t\t<\/div>\n\t\t\t<\/div>\n\t\t\t\t<div class=\"icon-box-text last-reset\">\n\t\t\t\t\t\t\t\t\t\n<h4>Thu\u00ea c\u0103n h\u1ed9 d\u00e0i h\u1ea1n<\/h4>\n\t\t<\/div>\n\t<\/div>\n\t\n\t\n<p style=\"text-align: justify;\">\u0110\u1ed1i v\u1edbi b\u1ec7nh nh\u00e2n c\u1ea7n \u0111i\u1ec1u tr\u1ecb l\u00e2u d\u00e0i c\u0169ng nh\u01b0 c\u1ea7n ch\u1ebf \u0111\u1ed9 ch\u0103m s\u00f3c \u0111\u1eb7c bi\u1ec7t. Vi\u1ec7c thu\u00ea kh\u00e1ch s\u1ea1n s\u1ebd khi\u1ebfn chi ph\u00ed c\u0169ng nh\u01b0 \u0111i\u1ec1u ki\u1ec7n ch\u0103m s\u00f3c b\u1ec7nh nh\u00e2n tr\u1edf n\u00ean b\u1ea5t ti\u1ec7n. Ch\u00ednh v\u00ec l\u1ebd \u0111\u00f3 ch\u00fang t\u00f4i h\u1ed7 tr\u1ee3 KH d\u1ecbch v\u1ee5 c\u0103n h\u1ed9 d\u00e0i h\u00e0ng t\u1eeb 1 tu\u1ea7n tr\u1edf l\u00ean \u0111\u01b0\u1ee3c thu\u1eadn l\u1ee3i v\u00e0 chi ph\u00ed th\u1ea5p h\u01a1n <a style=\"color: #1d9100;\" href=\"#\"><strong>T\u00ecm hi\u1ec3u th\u00eam &gt;&gt;<\/strong><\/a><\/p>\n\t\t<\/div>\n\t\t\t\t\t<\/div>\n\n\t\n\n\t<div id=\"col-1102504270\" class=\"col medium-6 small-12 large-6\"  >\n\t\t\t\t<div class=\"col-inner\"  >\n\t\t\t\n\t\t\t\n\n\t\t<div class=\"icon-box featured-box icon-sets icon-box-left text-left\"  style=\"margin:0px 0px 10px 0px;\">\n\t\t\t\t\t<div class=\"icon-box-img\" style=\"width: 30px\">\n\t\t\t\t<div class=\"icon\">\n\t\t\t\t\t<div class=\"icon-inner\" >\n\t\t\t\t\t\t<img loading=\"lazy\" decoding=\"async\" width=\"100\" height=\"75\" src=\"https:\/\/careme.vn\/wp-content\/uploads\/2020\/08\/download-100x75-1.jpg\" class=\"attachment-medium size-medium\" alt=\"\" \/>\t\t\t\t\t<\/div>\n\t\t\t\t<\/div>\n\t\t\t<\/div>\n\t\t\t\t<div class=\"icon-box-text last-reset\">\n\t\t\t\t\t\t\t\t\t\n<h4>D\u1ecbch v\u1ee5 Visa, Passport, b\u1eb1ng l\u00e1i Qu\u1ed1c t\u1ebf<\/h4>\n\t\t<\/div>\n\t<\/div>\n\t\n\t\n<p style=\"text-align: justify;\">Nhanh g\u1ecdn, th\u1ee7 t\u1ee5c ho\u00e0n th\u00e0nh trong v\u00f2ng 2-7 ng\u00e0y v\u1edbi chi ph\u00ed th\u1ea5p. Ch\u00fang t\u00f4i h\u1ed7 tr\u1ee3 nhanh ch\u00f3ng kh\u00e1ch h\u00e0ng d\u1ecbch v\u1ee5 Visa, Passport cho t\u1ea5t c\u1ea3 qu\u1ed1c gia b\u1ea1n mu\u1ed1n \u0111\u1ebfn\u00a0 <a style=\"color: #1d9100;\" href=\"#\"><strong>T\u00ecm hi\u1ec3u th\u00eam &gt;&gt;<\/strong><\/a><\/p>\n\t\t<\/div>\n\t\t\t\t\t<\/div>\n\n\t\n<\/div>\n\t\t<\/div>\n\n\t\t\n<style>\n#section_85370355 {\n  padding-top: 80px;\n  padding-bottom: 80px;\n}\n#section_85370355 .ux-shape-divider--top svg {\n  height: 150px;\n  --divider-top-width: 100%;\n}\n#section_85370355 .ux-shape-divider--bottom svg {\n  height: 150px;\n  --divider-width: 100%;\n}\n<\/style>\n\t<\/section>\n\t\n<div class=\"row row-collapse row-full-width\"  id=\"row-174061839\">\n\n\t<div id=\"col-6062535\" class=\"col small-12 large-12\"  >\n\t\t\t\t<div class=\"col-inner text-center\"  >\n\t\t\t\n\t\t\t\n<a href=\"\/contact\/\" target=\"_self\" class=\"button primary reveal-icon\"  style=\"border-radius:7px;\">\n    <span>LI\u00caN H\u1ec6 CAREME NOW<\/span>\n  <i class=\"icon-angle-right\" aria-hidden=\"true\" ><\/i><\/a>\n\n\t\t<\/div>\n\t\t\t\t\n<style>\n#col-6062535 > .col-inner {\n  margin: -80px 0px 0px 0px;\n}\n<\/style>\n\t<\/div>\n\n\t\n\n<style>\n#row-174061839 > .col > .col-inner {\n  padding: 14px 0px 0px 0px;\n  background-color: rgb(231, 231, 231);\n}\n<\/style>\n<\/div>\n","protected":false},"excerpt":{"rendered":"","protected":false},"author":1,"featured_media":0,"parent":0,"menu_order":0,"comment_status":"closed","ping_status":"closed","template":"page-blank.php","meta":{"footnotes":""},"class_list":["post-372876","page","type-page","status-publish","hentry"],"_links":{"self":[{"href":"https:\/\/careme.vn\/en\/wp-json\/wp\/v2\/pages\/372876","targetHints":{"allow":["GET"]}}],"collection":[{"href":"https:\/\/careme.vn\/en\/wp-json\/wp\/v2\/pages"}],"about":[{"href":"https:\/\/careme.vn\/en\/wp-json\/wp\/v2\/types\/page"}],"author":[{"embeddable":true,"href":"https:\/\/careme.vn\/en\/wp-json\/wp\/v2\/users\/1"}],"replies":[{"embeddable":true,"href":"https:\/\/careme.vn\/en\/wp-json\/wp\/v2\/comments?post=372876"}],"version-history":[{"count":0,"href":"https:\/\/careme.vn\/en\/wp-json\/wp\/v2\/pages\/372876\/revisions"}],"wp:attachment":[{"href":"https:\/\/careme.vn\/en\/wp-json\/wp\/v2\/media?parent=372876"}],"curies":[{"name":"wp","href":"https:\/\/api.w.org\/{rel}","templated":true}]}}