{"id":376022,"date":"2020-09-07T18:55:15","date_gmt":"2020-09-07T11:55:15","guid":{"rendered":"https:\/\/careme.vn\/?page_id=376022"},"modified":"2020-09-28T10:32:07","modified_gmt":"2020-09-28T03:32:07","slug":"amed-clinic","status":"publish","type":"page","link":"https:\/\/careme.vn\/en\/amed-clinic\/","title":{"rendered":"AMED Clinic"},"content":{"rendered":"\n  <div class=\"banner has-hover\" id=\"banner-212168258\">\n          <div class=\"banner-inner fill\">\n        <div class=\"banner-bg fill\" >\n            <div class=\"bg fill bg-fill \"><\/div>\n                        <div class=\"overlay\"><\/div>            \n                    <\/div>\n\t\t\n        <div class=\"banner-layers container\">\n            <div class=\"fill banner-link\"><\/div>            \n   <div id=\"text-box-1519356636\" class=\"text-box banner-layer x50 md-x50 lg-x50 y50 md-y50 lg-y50 res-text\">\n                                <div class=\"text-box-content text dark\">\n              \n              <div class=\"text-inner text-center\">\n                  \n<h1>AMED Clinic<\/h1>\n<p><span class=\"LrzXr\">68\/1 Silom, Duangthip Building, Bangrak Bangkok 10500<br \/>\n+66 2 625 9000<\/span><\/p>\n              <\/div>\n           <\/div>\n                            \n<style>\n#text-box-1519356636 {\n  width: 60%;\n}\n#text-box-1519356636 .text-box-content {\n  font-size: 100%;\n}\n<\/style>\n    <\/div>\n \n        <\/div>\n      <\/div>\n\n            \n<style>\n#banner-212168258 {\n  padding-top: 800px;\n}\n#banner-212168258 .bg.bg-loaded {\n  background-image: url(https:\/\/careme.vn\/wp-content\/uploads\/2020\/09\/amed-banner.jpg);\n}\n#banner-212168258 .overlay {\n  background-color: rgba(0,0,0,.5);\n}\n#banner-212168258 .ux-shape-divider--top svg {\n  height: 150px;\n  --divider-top-width: 100%;\n}\n#banner-212168258 .ux-shape-divider--bottom svg {\n  height: 150px;\n  --divider-width: 100%;\n}\n<\/style>\n  <\/div>\n\n\n\t<section class=\"section\" id=\"section_268883414\">\n\t\t<div class=\"bg section-bg fill bg-fill  bg-loaded\" >\n\n\t\t\t\n\t\t\t\n\t\t\t\n\n\t\t<\/div>\n\n\t\t\n\n\t\t<div class=\"section-content relative\">\n\t\t\t\n\t<div id=\"gap-1175868269\" class=\"gap-element clearfix\" style=\"display:block; height:auto;\">\n\t\t\n<style>\n#gap-1175868269 {\n  padding-top: 50px;\n}\n<\/style>\n\t<\/div>\n\t\n<div class=\"row align-center\"  id=\"row-2072564156\">\n\n\t<div id=\"col-1682258952\" class=\"col medium-3 small-10 large-3\"  >\n\t\t\t\t<div class=\"col-inner\"  >\n\t\t\t\n\t\t\t\n<h2><span style=\"font-size: 150%;\">About Us<\/span><\/h2>\n\t\t<\/div>\n\t\t\t\t\n<style>\n#col-1682258952 > .col-inner {\n  padding: 0px 10px 0px 0px;\n}\n<\/style>\n\t<\/div>\n\n\t\n\n\t<div id=\"col-268528357\" class=\"col medium-9 small-10 large-9\"  >\n\t\t\t\t<div class=\"col-inner\"  >\n\t\t\t\n\t\t\t\n<p>Trung t\u00e2m ph\u1eabu thu\u1eadt th\u1ea9m m\u1ef9 c\u00f3 d\u1ecbch v\u1ee5 n\u1ed5i ti\u1ebfng l\u00e0 n\u00e2ng m\u0169i H\u00e0n Qu\u1ed1c, l\u00e0m m\u00f4i c\u0103ng, c\u1eaft m\u1eaft 2 m\u00ed, m\u00e1 n\u00fam \u0111\u1ed3ng ti\u1ec1n. N\u00e2ng m\u0169i H\u00e0n Qu\u1ed1c t\u1ea1i trung t\u00e2m r\u1ea5t \u0111\u01b0\u1ee3c \u01b0a chu\u1ed9ng, b\u1ea1n mong mu\u1ed1n c\u00f3 m\u1ed9t d\u00e1ng m\u0169i H\u00e0n Qu\u1ed1c \u1ea5n t\u01b0\u1ee3ng th\u00ec AMED l\u00e0 m\u1ed9t trong nh\u1eefng l\u1ef1a ch\u1ecdn ho\u00e0n h\u1ea3o.<\/p>\n<div class=\"center-me\">\n<a rel=\"noopener noreferrer\" href=\"\/en\/testimonials-amed-clinic\/\" target=\"_blank\" class=\"button primary is-underline\"  >\n    <span>Xem h\u00ecnh \u1ea3nh v\u00e0 \u0111\u00e1nh gi\u00e1 v\u1ec1 b\u1ec7nh vi\u1ec7n n\u00e0y<\/span>\n  <\/a>\n\n\t\t<\/div>\n\t\t\t\t\t<\/div>\n\n\t\n<\/p><\/div>\n<\/div>\n<div class=\"row align-center\"  id=\"row-486360141\">\n\n\t<div id=\"col-706682717\" class=\"col medium-3 small-10 large-3\"  >\n\t\t\t\t<div class=\"col-inner\"  >\n\t\t\t\n\t\t\t\n<h2><span style=\"font-size: 150%;\">Our Service<\/span><\/h2>\n<p>Ph\u1ea9u thu\u1eadt th\u1ea9m m\u1ef9, l\u00e0m \u0111\u1eb9p, chuy\u1ec3n \u0111\u1ed5i gi\u1edbi t\u00ednh v\u00e0 ph\u1ee5c h\u1ed3i s\u1ee9c kh\u1ecfe<\/p>\n\t\t<\/div>\n\t\t\t\t\n<style>\n#col-706682717 > .col-inner {\n  padding: 0px 10px 0px 0px;\n}\n<\/style>\n\t<\/div>\n\n\t\n\n\t<div id=\"col-667936022\" class=\"col medium-9 small-10 large-9\"  >\n\t\t\t\t<div class=\"col-inner\"  >\n\t\t\t\n\t\t\t\n<div class=\"row align-center\"  id=\"row-1032353452\">\n\n\t<div id=\"col-686063557\" class=\"col medium-4 small-8 large-4\"  >\n\t\t\t\t<div class=\"col-inner\"  >\n\t\t\t\n\t\t\t\n\n\t\t<div class=\"icon-box featured-box icon-box-center text-center is-small\"  >\n\t\t\t\t\t<div class=\"icon-box-img\" style=\"width: 60px\">\n\t\t\t\t<div class=\"icon\">\n\t\t\t\t\t<div class=\"icon-inner\" >\n\t\t\t\t\t\t\t\t\t\t\t<\/div>\n\t\t\t\t<\/div>\n\t\t\t<\/div>\n\t\t\t\t<div class=\"icon-box-text last-reset\">\n\t\t\t\t\t\t\t\t\t\n<h3>PLASTIC SURGERY<\/h3>\n<p>Rama 9 branch only<\/p>\n\t\t<\/div>\n\t<\/div>\n\t\n\t\n\t\t<\/div>\n\t\t\t\t\t<\/div>\n\n\t\n\n\t<div id=\"col-1406245534\" class=\"col medium-4 small-8 large-4\"  >\n\t\t\t\t<div class=\"col-inner\"  >\n\t\t\t\n\t\t\t\n\n\t\t<div class=\"icon-box featured-box icon-box-center text-center is-small\"  >\n\t\t\t\t\t<div class=\"icon-box-img\" style=\"width: 60px\">\n\t\t\t\t<div class=\"icon\">\n\t\t\t\t\t<div class=\"icon-inner\" >\n\t\t\t\t\t\t\t\t\t\t\t<\/div>\n\t\t\t\t<\/div>\n\t\t\t<\/div>\n\t\t\t\t<div class=\"icon-box-text last-reset\">\n\t\t\t\t\t\t\t\t\t\n<h3>V-SHAPE<\/h3>\n<p>Face slimming<\/p>\n\t\t<\/div>\n\t<\/div>\n\t\n\t\n\t\t<\/div>\n\t\t\t\t\t<\/div>\n\n\t\n\n\t<div id=\"col-1770376962\" class=\"col medium-4 small-8 large-4\"  >\n\t\t\t\t<div class=\"col-inner\"  >\n\t\t\t\n\t\t\t\n\n\t\t<div class=\"icon-box featured-box icon-box-center text-center is-small\"  >\n\t\t\t\t\t<div class=\"icon-box-img\" style=\"width: 60px\">\n\t\t\t\t<div class=\"icon\">\n\t\t\t\t\t<div class=\"icon-inner\" >\n\t\t\t\t\t\t\t\t\t\t\t<\/div>\n\t\t\t\t<\/div>\n\t\t\t<\/div>\n\t\t\t\t<div class=\"icon-box-text last-reset\">\n\t\t\t\t\t\t\t\t\t\n<h3>VITAMIN DRIPS<\/h3>\n<p>Concentrated vitamins<\/p>\n\t\t<\/div>\n\t<\/div>\n\t\n\t\n\t\t<\/div>\n\t\t\t\t\t<\/div>\n\n\t\n<\/div>\n<div class=\"row align-center\"  id=\"row-962675325\">\n\n\t<div id=\"col-868186626\" class=\"col medium-4 small-8 large-4\"  >\n\t\t\t\t<div class=\"col-inner\"  >\n\t\t\t\n\t\t\t\n\n\t\t<div class=\"icon-box featured-box icon-box-center text-center is-small\"  >\n\t\t\t\t\t<div class=\"icon-box-img\" style=\"width: 60px\">\n\t\t\t\t<div class=\"icon\">\n\t\t\t\t\t<div class=\"icon-inner\" >\n\t\t\t\t\t\t\t\t\t\t\t<\/div>\n\t\t\t\t<\/div>\n\t\t\t<\/div>\n\t\t\t\t<div class=\"icon-box-text last-reset\">\n\t\t\t\t\t\t\t\t\t\n<h3>CLEAR FACE AND LASER<\/h3>\n<p>Clear face and laser<\/p>\n\t\t<\/div>\n\t<\/div>\n\t\n\t\n\t\t<\/div>\n\t\t\t\t\t<\/div>\n\n\t\n\n\t<div id=\"col-1350997537\" class=\"col medium-4 small-8 large-4\"  >\n\t\t\t\t<div class=\"col-inner\"  >\n\t\t\t\n\t\t\t\n\n\t\t<div class=\"icon-box featured-box icon-box-center text-center is-small\"  >\n\t\t\t\t\t<div class=\"icon-box-img\" style=\"width: 60px\">\n\t\t\t\t<div class=\"icon\">\n\t\t\t\t\t<div class=\"icon-inner\" >\n\t\t\t\t\t\t\t\t\t\t\t<\/div>\n\t\t\t\t<\/div>\n\t\t\t<\/div>\n\t\t\t\t<div class=\"icon-box-text last-reset\">\n\t\t\t\t\t\t\t\t\t\n<h3>LASER HAIR REMOVAL<\/h3>\n<p>Permanent hair removal<\/p>\n\t\t<\/div>\n\t<\/div>\n\t\n\t\n\t\t<\/div>\n\t\t\t\t\t<\/div>\n\n\t\n\n\t<div id=\"col-1437504826\" class=\"col medium-4 small-8 large-4\"  >\n\t\t\t\t<div class=\"col-inner\"  >\n\t\t\t\n\t\t\t\n<h3 style=\"text-align: center;\"><span style=\"font-size: 75%;\">SLIMLINE<\/span><\/h3>\n<h3 style=\"text-align: center;\"><span style=\"font-size: 75%;\">FACE AND BODY LIFT<\/span><\/h3>\n\t\t<\/div>\n\t\t\t\t\t<\/div>\n\n\t\n<\/div>\n\t\t<\/div>\n\t\t\t\t\t<\/div>\n\n\t\n<\/div>\n\t\t<\/div>\n\n\t\t\n<style>\n#section_268883414 {\n  padding-top: 0px;\n  padding-bottom: 0px;\n  background-color: rgb(246, 246, 246);\n}\n#section_268883414 .ux-shape-divider--top svg {\n  height: 150px;\n  --divider-top-width: 100%;\n}\n#section_268883414 .ux-shape-divider--bottom svg {\n  height: 150px;\n  --divider-width: 100%;\n}\n<\/style>\n\t<\/section>\n\t\n\t<section class=\"section dark\" id=\"section_536491450\">\n\t\t<div class=\"bg section-bg fill bg-fill  bg-loaded\" >\n\n\t\t\t\n\t\t\t\n\t\t\t\n\n\t\t<\/div>\n\n\t\t\n\n\t\t<div class=\"section-content relative\">\n\t\t\t\n\n  \n    <div class=\"row large-columns-6 medium-columns-3 small-columns-2 row-full-width slider row-slider slider-nav-reveal\"  data-flickity-options='{\"imagesLoaded\": true, \"groupCells\": \"100%\", \"dragThreshold\" : 5, \"cellAlign\": \"left\",\"wrapAround\": true,\"prevNextButtons\": true,\"percentPosition\": true,\"pageDots\": false, \"rightToLeft\": false, \"autoPlay\" : false}'>\n\n  <div class=\"gallery-col col\" data-animate=\"fadeInRight\">\n          <div class=\"col-inner\">\n            <a class=\"image-lightbox lightbox-gallery\" href=\"https:\/\/careme.vn\/wp-content\/uploads\/2020\/09\/AMED1.jpg\" title=\"\">            <div class=\"box has-hover gallery-box box-none\">\n              <div class=\"box-image image-cover\" style=\"padding-top:75%;\">\n                <img loading=\"lazy\" decoding=\"async\" width=\"800\" height=\"382\" src=\"https:\/\/careme.vn\/wp-content\/uploads\/2020\/09\/AMED1.jpg\" class=\"attachment-medium size-medium\" alt=\"\" ids=\"381222,381234,381226,381218,381230\" style=\"none\" type=\"slider\" columns=\"6\" animate=\"fadeInRight\" image_height=\"75%\" \/>                                                              <\/div>\n              <div class=\"box-text text-left\" >\n                 <p><\/p>\n              <\/div>\n            <\/div>\n            <\/a>          <\/div>\n         <\/div><div class=\"gallery-col col\" data-animate=\"fadeInRight\">\n          <div class=\"col-inner\">\n            <a class=\"image-lightbox lightbox-gallery\" href=\"https:\/\/careme.vn\/wp-content\/uploads\/2020\/09\/AMED4.jpg\" title=\"\">            <div class=\"box has-hover gallery-box box-none\">\n              <div class=\"box-image image-cover\" style=\"padding-top:75%;\">\n                <img loading=\"lazy\" decoding=\"async\" width=\"800\" height=\"382\" src=\"https:\/\/careme.vn\/wp-content\/uploads\/2020\/09\/AMED4.jpg\" class=\"attachment-medium size-medium\" alt=\"\" ids=\"381222,381234,381226,381218,381230\" style=\"none\" type=\"slider\" columns=\"6\" animate=\"fadeInRight\" image_height=\"75%\" \/>                                                              <\/div>\n              <div class=\"box-text text-left\" >\n                 <p><\/p>\n              <\/div>\n            <\/div>\n            <\/a>          <\/div>\n         <\/div><div class=\"gallery-col col\" data-animate=\"fadeInRight\">\n          <div class=\"col-inner\">\n            <a class=\"image-lightbox lightbox-gallery\" href=\"https:\/\/careme.vn\/wp-content\/uploads\/2020\/09\/AMED2.jpg\" title=\"\">            <div class=\"box has-hover gallery-box box-none\">\n              <div class=\"box-image image-cover\" style=\"padding-top:75%;\">\n                <img loading=\"lazy\" decoding=\"async\" width=\"450\" height=\"302\" src=\"https:\/\/careme.vn\/wp-content\/uploads\/2020\/09\/AMED2.jpg\" class=\"attachment-medium size-medium\" alt=\"\" ids=\"381222,381234,381226,381218,381230\" style=\"none\" type=\"slider\" columns=\"6\" animate=\"fadeInRight\" image_height=\"75%\" \/>                                                              <\/div>\n              <div class=\"box-text text-left\" >\n                 <p><\/p>\n              <\/div>\n            <\/div>\n            <\/a>          <\/div>\n         <\/div><div class=\"gallery-col col\" data-animate=\"fadeInRight\">\n          <div class=\"col-inner\">\n            <a class=\"image-lightbox lightbox-gallery\" href=\"https:\/\/careme.vn\/wp-content\/uploads\/2020\/09\/amed-1.jpg\" title=\"\">            <div class=\"box has-hover gallery-box box-none\">\n              <div class=\"box-image image-cover\" style=\"padding-top:75%;\">\n                <img loading=\"lazy\" decoding=\"async\" width=\"800\" height=\"382\" src=\"https:\/\/careme.vn\/wp-content\/uploads\/2020\/09\/amed-1.jpg\" class=\"attachment-medium size-medium\" alt=\"\" ids=\"381222,381234,381226,381218,381230\" style=\"none\" type=\"slider\" columns=\"6\" animate=\"fadeInRight\" image_height=\"75%\" \/>                                                              <\/div>\n              <div class=\"box-text text-left\" >\n                 <p><\/p>\n              <\/div>\n            <\/div>\n            <\/a>          <\/div>\n         <\/div><div class=\"gallery-col col\" data-animate=\"fadeInRight\">\n          <div class=\"col-inner\">\n            <a class=\"image-lightbox lightbox-gallery\" href=\"https:\/\/careme.vn\/wp-content\/uploads\/2020\/09\/AMED3.jpg\" title=\"\">            <div class=\"box has-hover gallery-box box-none\">\n              <div class=\"box-image image-cover\" style=\"padding-top:75%;\">\n                <img loading=\"lazy\" decoding=\"async\" width=\"800\" height=\"382\" src=\"https:\/\/careme.vn\/wp-content\/uploads\/2020\/09\/AMED3.jpg\" class=\"attachment-medium size-medium\" alt=\"\" ids=\"381222,381234,381226,381218,381230\" style=\"none\" type=\"slider\" columns=\"6\" animate=\"fadeInRight\" image_height=\"75%\" \/>                                                              <\/div>\n              <div class=\"box-text text-left\" >\n                 <p><\/p>\n              <\/div>\n            <\/div>\n            <\/a>          <\/div>\n         <\/div><\/div>\n\t\t<\/div>\n\n\t\t\n<style>\n#section_536491450 {\n  padding-top: 0px;\n  padding-bottom: 0px;\n  background-color: rgb(255, 255, 255);\n}\n#section_536491450 .ux-shape-divider--top svg {\n  height: 150px;\n  --divider-top-width: 100%;\n}\n#section_536491450 .ux-shape-divider--bottom svg {\n  height: 150px;\n  --divider-width: 100%;\n}\n<\/style>\n\t<\/section>\n\t\n<div class=\"row row-collapse row-full-width\"  id=\"row-740084064\">\n\n\t<div id=\"col-1211202585\" class=\"col small-12 large-12\"  >\n\t\t\t\t<div class=\"col-inner\"  >\n\t\t\t\n\t\t\t\n<h2 style=\"text-align: center;\"><span style=\"color: #ffffff;\">B\u00c1C S\u0128 PH\u1ee4 TR\u00c1CH<\/span><\/h2>\n<div class=\"text-center\"><div class=\"is-divider divider clearfix\" style=\"margin-top:1.4em;margin-bottom:1.4em;max-width:145px;height:2px;background-color:rgb(50, 208, 0);\"><\/div><\/div>\n<div class=\"row row-collapse row-full-width align-center\"  id=\"row-1403236372\">\n\n\t<div id=\"col-589150792\" class=\"col small-9 large-12\"  >\n\t\t\t\t<div class=\"col-inner\"  >\n\t\t\t\n\t\t\t\n\t<div class=\"ex-tplist  column-6 style-20 fct-modal extp-masonry\" id =\"extp-3343\">\r\n\t\t                <div class=\"ctgrid\">\r\n\t\t\t\t<\/div>\r\n\t\t        \r\n\t\t\t\t\t<div class=\"extp-pagination-parent\">\r\n\t\t\t<div class=\"extp-pagination\">\r\n\t\t\t\t\t<input type=\"hidden\"  name=\"id_grid\" value=\"extp-3343\">\r\n\t\t\t\t\t<input type=\"hidden\"  name=\"num_page\" value=\"\">\r\n\t\t\t\t\t<input type=\"hidden\"  name=\"num_page_uu\" value=\"1\">\r\n\t\t\t\t\t<input type=\"hidden\"  name=\"current_page\" value=\"1\">\r\n\t\t\t\t\t<input type=\"hidden\"  name=\"ajax_url\" value=\"https:\/\/careme.vn\/wp-admin\/admin-ajax.php\">\r\n\t\t\t\t\t<input type=\"hidden\"  name=\"param_query\" value=\"{&quot;post_type&quot;:[&quot;ex_team&quot;],&quot;posts_per_page&quot;:&quot;6&quot;,&quot;post_status&quot;:[&quot;publish&quot;,&quot;future&quot;],&quot;tag&quot;:&quot;&quot;,&quot;order&quot;:&quot;&quot;,&quot;orderby&quot;:&quot;&quot;,&quot;meta_key&quot;:&quot;&quot;,&quot;ignore_sticky_posts&quot;:1,&quot;tax_query&quot;:[{&quot;taxonomy&quot;:&quot;extp_cat&quot;,&quot;field&quot;:&quot;slug&quot;,&quot;terms&quot;:[&quot;amed-clinic&quot;]}]}\">\r\n\t\t\t\t\t<input type=\"hidden\"  name=\"param_ids\" value=\"[]\">\r\n\t\t\t\t\t<input type=\"hidden\" id=\"param_shortcode\" name=\"param_shortcode\" value=\"{&quot;style&quot;:&quot;20&quot;,&quot;column&quot;:&quot;6&quot;,&quot;count&quot;:&quot;50&quot;,&quot;posts_per_page&quot;:&quot;6&quot;,&quot;cat&quot;:&quot;amed-clinic&quot;,&quot;category_style&quot;:&quot;&quot;,&quot;order_cat&quot;:&quot;&quot;,&quot;location_box&quot;:&quot;&quot;,&quot;location_style&quot;:&quot;&quot;,&quot;order_location&quot;:&quot;&quot;,&quot;alphab_filter&quot;:&quot;&quot;,&quot;page_navi&quot;:&quot;&quot;,&quot;number_excerpt&quot;:&quot;50&quot;,&quot;masonry&quot;:&quot;yes&quot;,&quot;0&quot;:&quot;order=\\&quot;ASC\\&quot;orderby=\\&quot;title\\&quot;&quot;,&quot;1&quot;:&quot;meta_key=\\&quot;\\&quot;,&quot;,&quot;fullcontent_in&quot;:&quot;modal&quot;,&quot;ID&quot;:&quot;extp-3343&quot;}\">\r\n\t\t\t\t<\/div>\t\t\t<\/div>\r\n\t\t\t<\/div>\r\n\t\n\t\t<\/div>\n\t\t\t\t\t<\/div>\n\n\t\n\n<style>\n#row-1403236372 > .col > .col-inner {\n  padding: 0px 20px 0px 20px;\n}\n<\/style>\n<\/div>\n\t\t<\/div>\n\t\t\t\t\t<\/div>\n\n\t\n\n<style>\n#row-740084064 > .col > .col-inner {\n  padding: 20px 0px 0px 0px;\n  background-color: rgb(40, 40, 40);\n}\n<\/style>\n<\/div>\n<div class=\"row row-collapse row-full-width\"  id=\"row-2036770022\">\n\n\t<div id=\"col-1341813209\" class=\"col small-12 large-12\"  >\n\t\t\t\t<div class=\"col-inner text-center\"  >\n\t\t\t\n\t\t\t\n<h2><span style=\"color: #069100;\">Testimonials<\/span><\/h2>\n\n\t<div id=\"gap-154663642\" class=\"gap-element clearfix\" style=\"display:block; height:auto;\">\n\t\t\n<style>\n#gap-154663642 {\n  padding-top: 30px;\n}\n<\/style>\n\t<\/div>\n\t\n<a href=\"\/en\/testimonials-amed-clinic\" target=\"_self\" class=\"button primary\"  >\n    <span>View all &amp; Leave a review<\/span>\n  <\/a>\n\n\t\t<\/div>\n\t\t\t\t\n<style>\n#col-1341813209 > .col-inner {\n  padding: 20px 30px 10px 30px;\n}\n<\/style>\n\t<\/div>\n\n\t\n\n<style>\n#row-2036770022 > .col > .col-inner {\n  background-color: rgb(201, 201, 201);\n}\n<\/style>\n<\/div>\n","protected":false},"excerpt":{"rendered":"","protected":false},"author":1,"featured_media":0,"parent":0,"menu_order":0,"comment_status":"closed","ping_status":"closed","template":"page-blank.php","meta":{"footnotes":""},"class_list":["post-376022","page","type-page","status-publish","hentry"],"_links":{"self":[{"href":"https:\/\/careme.vn\/en\/wp-json\/wp\/v2\/pages\/376022","targetHints":{"allow":["GET"]}}],"collection":[{"href":"https:\/\/careme.vn\/en\/wp-json\/wp\/v2\/pages"}],"about":[{"href":"https:\/\/careme.vn\/en\/wp-json\/wp\/v2\/types\/page"}],"author":[{"embeddable":true,"href":"https:\/\/careme.vn\/en\/wp-json\/wp\/v2\/users\/1"}],"replies":[{"embeddable":true,"href":"https:\/\/careme.vn\/en\/wp-json\/wp\/v2\/comments?post=376022"}],"version-history":[{"count":0,"href":"https:\/\/careme.vn\/en\/wp-json\/wp\/v2\/pages\/376022\/revisions"}],"wp:attachment":[{"href":"https:\/\/careme.vn\/en\/wp-json\/wp\/v2\/media?parent=376022"}],"curies":[{"name":"wp","href":"https:\/\/api.w.org\/{rel}","templated":true}]}}