{"id":377874,"date":"2020-09-15T11:56:15","date_gmt":"2020-09-15T04:56:15","guid":{"rendered":"https:\/\/careme.vn\/?page_id=377874"},"modified":"2020-09-15T16:55:55","modified_gmt":"2020-09-15T09:55:55","slug":"testimonials-sunway-medical-centre","status":"publish","type":"page","link":"https:\/\/careme.vn\/en\/testimonials-sunway-medical-centre\/","title":{"rendered":"testimonials Sunway Medical Centre"},"content":{"rendered":"\t<div id=\"gap-1235791645\" class=\"gap-element clearfix\" style=\"display:block; height:auto;\">\n\t\t\n<style>\n#gap-1235791645 {\n  padding-top: 30px;\n}\n<\/style>\n\t<\/div>\n\t\n<div class=\"row row-full-width\"  id=\"row-1593172090\">\n\n\t<div id=\"col-399558558\" class=\"col medium-9 small-12 large-9\"  >\n\t\t\t\t<div class=\"col-inner\"  >\n\t\t\t\n\t\t\t\n\n\t\t<\/div>\n\t\t\t\t\t<\/div>\n\n\t\n\n\t<div id=\"col-205357025\" class=\"col medium-3 small-12 large-3\"  >\n\t\t\t\t<div class=\"col-inner\"  >\n\t\t\t\n\t\t\t\n<h3 class=\"accordion_title\">HOSPITALS<\/h3><div class=\"accordion\">\r\n\r\n<div id=\"accordion-2186207271\" class=\"accordion-item\"><a id=\"accordion-2186207271-label\" href=\"#\" class=\"accordion-title plain\" aria-expanded=\"false\" aria-controls=\"accordion-2186207271-content\"><button class=\"toggle\" aria-label=\"Toggle\"><i class=\"icon-angle-down\"><\/i><\/button><span>Thailand<\/span><\/a><div id=\"accordion-2186207271-content\" class=\"accordion-inner\" aria-labelledby=\"accordion-2186207271-label\">\r\n\r\n<span style=\"color: #50b848; font-size: 110%;\"><strong>HOSPITALS<\/strong><\/span>\r\n<ul>\r\n \t<li><a href=\"..\/testimonials-bangkok-christian-bangkok\/\">BANGKOK CHRISTIAN<\/a><\/li>\r\n \t<li><a href=\"..\/testimonials-bangkok-international\">BANGKOK International<\/a><\/li>\r\n \t<li><a href=\"..\/testimonials-bnh-bangkok\">BNH Hopital<\/a><\/li>\r\n \t<li><a href=\"..\/testimonials-bumrungrad-international-hospital-bangkok\/\">BUMRUNGRAD International<\/a><\/li>\r\n \t<li><a href=\"..\/testimonials-phyathai-2-bangkok\/\">PHYATHAI 2<\/a><\/li>\r\n \t<li><a href=\"..\/testimonials-praram-9-bangkok\/\">PRARAM 9<\/a><\/li>\r\n \t<li><a href=\"..\/testimonials-samitivej-sukhumvit-bangkok\/\">SAMITIVEJ SUKHUMVIT<\/a><\/li>\r\n \t<li><a href=\"..\/testimonials-yanhee-hospital\/\">YANHEE<\/a><\/li>\r\n<\/ul>\r\n<span style=\"color: #50b848; font-size: 110%;\"><strong>CLINIC<\/strong><\/span>\r\n<ul>\r\n \t<li><a href=\"..\/testimonials-dr-saran-clinic\">Dr Saran Clinic<\/a><\/li>\r\n \t<li><a href=\"..\/testimonials-kongju-clinic\">Kongju Clinic<\/a><\/li>\r\n \t<li><a href=\"..\/testimonials-lelux-clinic\">Lelux Clinic<\/a><\/li>\r\n \t<li><a href=\"..\/testimonials-masterpiece-clinic\">Masterpiece Clinic<\/a><\/li>\r\n \t<li><a href=\"..\/testimonials-meko-clinic\">Meko Clinic<\/a><\/li>\r\n \t<li><a href=\"..\/testimonials-teeraporn-clinic\">Teeraporn Clinic<\/a><\/li>\r\n \t<li><a href=\"..\/testimonials-the-art-clinic\">The Art Clinic<\/a><\/li>\r\n<\/ul>\r\n<\/div><\/div>\r\n<div id=\"accordion-717633100\" class=\"accordion-item\"><a id=\"accordion-717633100-label\" href=\"#\" class=\"accordion-title plain\" aria-expanded=\"false\" aria-controls=\"accordion-717633100-content\"><button class=\"toggle\" aria-label=\"Toggle\"><i class=\"icon-angle-down\"><\/i><\/button><span>Singapore<\/span><\/a><div id=\"accordion-717633100-content\" class=\"accordion-inner\" aria-labelledby=\"accordion-717633100-label\">\r\n<li><a href=\"..\/testimonials-gleneagles-hospital\">Gleneagles \u2013 Hospital<\/a><\/li>\r\n<\/div><\/div>\r\n<div id=\"accordion-3616064794\" class=\"accordion-item\"><a id=\"accordion-3616064794-label\" href=\"#\" class=\"accordion-title plain\" aria-expanded=\"false\" aria-controls=\"accordion-3616064794-content\"><button class=\"toggle\" aria-label=\"Toggle\"><i class=\"icon-angle-down\"><\/i><\/button><span>Malaysia<\/span><\/a><div id=\"accordion-3616064794-content\" class=\"accordion-inner\" aria-labelledby=\"accordion-3616064794-label\">\r\n<li><a href=\"..\/testimonials-sunway-medical-centre\">Sunway Medical Centre<\/a><\/li>\r\n<\/div><\/div>\r\n\r\n<\/div>\n<p><span style=\"color: #555555; font-size: 14.4px;\"><div class=\"row row-collapse row-box-shadow-2-hover\"  id=\"row-855510161\"><\/span><\/p>\n\n\t<div id=\"col-1823735460\" class=\"col small-12 large-12\"  >\n\t\t\t\t<div class=\"col-inner\"  >\n\t\t\t\n\t\t\t\n<h4 style=\"text-align: center;\"><span style=\"color: #008000;text-transform: uppercase;\">G\u1edeI \u0110\u00c1NH GI\u00c1 Sunway Medical Centre<\/span><\/h4>\n<div style=\"text-align: center !important;\"><div class=\"strong-rating-wrapper average\"><span class=\"strong-rating-title\">Average Rating:<\/span>         <span class=\"strong-rating\">\n            <span class=\"star0 star current\"><\/span>\n\t\t\t<span class=\"star\"><svg class=\"star_regular\" aria-hidden=\"true\" focusable=\"false\" role=\"img\" xmlns=\"http:\/\/www.w3.org\/2000\/svg\" viewBox=\"-8 -8 584 520\"><path  d=\"M528.1 171.5L382 150.2 316.7 17.8c-11.7-23.6-45.6-23.9-57.4 0L194 150.2 47.9 171.5c-26.2 3.8-36.7 36.1-17.7 54.6l105.7 103-25 145.5c-4.5 26.3 23.2 46 46.4 33.7L288 439.6l130.7 68.7c23.2 12.2 50.9-7.4 46.4-33.7l-25-145.5 105.7-103c19-18.5 8.5-50.8-17.7-54.6zM388.6 312.3l23.7 138.4L288 385.4l-124.3 65.3 23.7-138.4-100.6-98 139-20.2 62.2-126 62.2 126 139 20.2-100.6 98z\"><\/path><\/svg><\/span><span class=\"star\"><svg class=\"star_regular\" aria-hidden=\"true\" focusable=\"false\" role=\"img\" xmlns=\"http:\/\/www.w3.org\/2000\/svg\" viewBox=\"-8 -8 584 520\"><path  d=\"M528.1 171.5L382 150.2 316.7 17.8c-11.7-23.6-45.6-23.9-57.4 0L194 150.2 47.9 171.5c-26.2 3.8-36.7 36.1-17.7 54.6l105.7 103-25 145.5c-4.5 26.3 23.2 46 46.4 33.7L288 439.6l130.7 68.7c23.2 12.2 50.9-7.4 46.4-33.7l-25-145.5 105.7-103c19-18.5 8.5-50.8-17.7-54.6zM388.6 312.3l23.7 138.4L288 385.4l-124.3 65.3 23.7-138.4-100.6-98 139-20.2 62.2-126 62.2 126 139 20.2-100.6 98z\"><\/path><\/svg><\/span><span class=\"star\"><svg class=\"star_regular\" aria-hidden=\"true\" focusable=\"false\" role=\"img\" xmlns=\"http:\/\/www.w3.org\/2000\/svg\" viewBox=\"-8 -8 584 520\"><path  d=\"M528.1 171.5L382 150.2 316.7 17.8c-11.7-23.6-45.6-23.9-57.4 0L194 150.2 47.9 171.5c-26.2 3.8-36.7 36.1-17.7 54.6l105.7 103-25 145.5c-4.5 26.3 23.2 46 46.4 33.7L288 439.6l130.7 68.7c23.2 12.2 50.9-7.4 46.4-33.7l-25-145.5 105.7-103c19-18.5 8.5-50.8-17.7-54.6zM388.6 312.3l23.7 138.4L288 385.4l-124.3 65.3 23.7-138.4-100.6-98 139-20.2 62.2-126 62.2 126 139 20.2-100.6 98z\"><\/path><\/svg><\/span><span class=\"star\"><svg class=\"star_regular\" aria-hidden=\"true\" focusable=\"false\" role=\"img\" xmlns=\"http:\/\/www.w3.org\/2000\/svg\" viewBox=\"-8 -8 584 520\"><path  d=\"M528.1 171.5L382 150.2 316.7 17.8c-11.7-23.6-45.6-23.9-57.4 0L194 150.2 47.9 171.5c-26.2 3.8-36.7 36.1-17.7 54.6l105.7 103-25 145.5c-4.5 26.3 23.2 46 46.4 33.7L288 439.6l130.7 68.7c23.2 12.2 50.9-7.4 46.4-33.7l-25-145.5 105.7-103c19-18.5 8.5-50.8-17.7-54.6zM388.6 312.3l23.7 138.4L288 385.4l-124.3 65.3 23.7-138.4-100.6-98 139-20.2 62.2-126 62.2 126 139 20.2-100.6 98z\"><\/path><\/svg><\/span><span class=\"star\"><svg class=\"star_regular\" aria-hidden=\"true\" focusable=\"false\" role=\"img\" xmlns=\"http:\/\/www.w3.org\/2000\/svg\" viewBox=\"-8 -8 584 520\"><path  d=\"M528.1 171.5L382 150.2 316.7 17.8c-11.7-23.6-45.6-23.9-57.4 0L194 150.2 47.9 171.5c-26.2 3.8-36.7 36.1-17.7 54.6l105.7 103-25 145.5c-4.5 26.3 23.2 46 46.4 33.7L288 439.6l130.7 68.7c23.2 12.2 50.9-7.4 46.4-33.7l-25-145.5 105.7-103c19-18.5 8.5-50.8-17.7-54.6zM388.6 312.3l23.7 138.4L288 385.4l-124.3 65.3 23.7-138.4-100.6-98 139-20.2 62.2-126 62.2 126 139 20.2-100.6 98z\"><\/path><\/svg><\/span>\t\t<\/span>\n\t\t <span class=\"strong-rating-summary\">0.00 stars (based on  ratings)<\/span><\/div><\/div>\n<div class=\"strong-view strong-form strong-view-id-2 default-form wpmtst-default-form\" data-state=idle><div class=\"strong-form-wait\" data-formid=\"1\"><div class=\"message\"><img decoding=\"async\" src=\"https:\/\/careme.vn\/wp-content\/plugins\/strong-testimonials\/public\/svg\/spinner-solid.svg\" alt=\"Strong Testimonials form submission spinner.\"><\/div><\/div><div class=\"wpmtst-form wpmtst-form-id-1\"><div class=\"strong-form-inner\"><p class=\"required-notice\"><span class=\"required symbol\"><\/span>Required        <\/p><form class=\"wpmtst-submission-form\" method=\"post\" enctype=\"multipart\/form-data\" autocomplete=\"off\" data-config=\"{&quot;scroll&quot;:{&quot;onError&quot;:true,&quot;onErrorOffset&quot;:80,&quot;onSuccess&quot;:true,&quot;onSuccessOffset&quot;:80},&quot;fields&quot;:[{&quot;name&quot;:&quot;client_name&quot;,&quot;type&quot;:&quot;text&quot;,&quot;required&quot;:1},{&quot;name&quot;:&quot;email&quot;,&quot;type&quot;:&quot;email&quot;,&quot;required&quot;:1},{&quot;name&quot;:&quot;phone&quot;,&quot;type&quot;:&quot;text&quot;,&quot;required&quot;:0},{&quot;name&quot;:&quot;post_title&quot;,&quot;type&quot;:&quot;text&quot;,&quot;required&quot;:0},{&quot;name&quot;:&quot;post_content&quot;,&quot;type&quot;:&quot;textarea&quot;,&quot;required&quot;:1},{&quot;name&quot;:&quot;featured_image&quot;,&quot;type&quot;:&quot;file&quot;,&quot;required&quot;:0},{&quot;name&quot;:&quot;rand&quot;,&quot;type&quot;:&quot;rating&quot;,&quot;required&quot;:1}]}\" data-formid = \"1\"><div style=\"display: none;\"><input type=\"hidden\" id=\"wpmtst_form_nonce\" name=\"wpmtst_form_nonce\" value=\"9678a4efe1\" \/><input type=\"hidden\" name=\"_wp_http_referer\" value=\"\/en\/wp-json\/wp\/v2\/pages\/377874\" \/><input type=\"hidden\" name=\"action\" value=\"wpmtst_form\"><input type=\"hidden\" name=\"form_id\" value=\"1\"><input type=\"hidden\" name=\"default_category\" value=\"638\"><input type=\"hidden\" name=\"category\" value=\"638\"><\/div><div class=\"form-field field-client_name\"><label for=\"wpmtst_client_name\" class=\"field-client_name\">Full Name<\/label><span class=\"required symbol\"><\/span><input id=\"wpmtst_client_name\" type=\"text\" class=\"text\" name=\"client_name\"  value=\"\" placeholder=\"\"   required tabindex=\"0\"><span class=\"after\"><\/span><\/div><div class=\"form-field field-email\"><label for=\"wpmtst_email\" class=\"field-email\">Email<\/label><span class=\"required symbol\"><\/span><input id=\"wpmtst_email\" type=\"email\" class=\"text email\" name=\"email\"  value=\"\" placeholder=\"\"   required tabindex=\"0\"><span class=\"after\"><\/span><\/div><div class=\"form-field field-phone\"><label for=\"wpmtst_phone\" class=\"field-phone\">Your phone number<\/label><input id=\"wpmtst_phone\" type=\"text\" class=\"text\" name=\"phone\"  value=\"\" placeholder=\"ex: +84 999 999 1234\"   tabindex=\"0\"><span class=\"after\"><\/span><\/div><div class=\"form-field field-post_title\"><label for=\"wpmtst_post_title\" class=\"field-post_title\">Heading<\/label><input id=\"wpmtst_post_title\" type=\"text\" class=\"text\" name=\"post_title\"  value=\"\" placeholder=\"A headline for your testimonial.\"   tabindex=\"0\"><span class=\"after\"><\/span><\/div><div class=\"form-field field-post_content\"><label for=\"wpmtst_post_content\" class=\"field-post_content\">Testimonial<\/label><span class=\"required symbol\"><\/span><textarea id=\"wpmtst_post_content\" name=\"post_content\" class=\"textarea\"  required placeholder=\"What do you think about us?\"  tabindex=\"0\"><\/textarea><span class=\"after\"><\/span><\/div><div class=\"form-field field-featured_image\"><label for=\"wpmtst_featured_image\" class=\"field-featured_image\">Photo<\/label><div class=\"field-wrap\"><input id=\"wpmtst_featured_image\" type=\"file\" name=\"featured_image\" tabindex=\"0\"><\/div><span class=\"after\">Would you like to include a photo?<\/span><\/div><div class=\"form-field field-rand\"><label for=\"wpmtst_rand\" class=\"field-rand\">Rand<\/label><span class=\"required symbol\"><\/span><div class=\"strong-rating-wrapper field-wrap in-form\"><fieldset contenteditable=false\n                     id=\"wpmtst_rand\"\n                     name=\"rand\"\n                     class=\"strong-rating\"\n                     data-field-type=\"rating\"\n                     tabindex=\"0\"><legend>rating fields<\/legend><input type=\"radio\" id=\"rand-star0-8484\" name=\"rand\" value=\"0\"  checked='checked' \/><label for=\"rand-star0-8484\" title=\"No stars\"><\/label><input type=\"radio\" id=\"rand-star1-8484\" name=\"rand\" value=\"1\"  \/><label for=\"rand-star1-8484\" class=\"star\" title=\"1 star\"><svg aria-hidden=\"true\" focusable=\"false\" role=\"img\" xmlns=\"http:\/\/www.w3.org\/2000\/svg\" viewBox=\"-12 -12 590 526\"><path class=\"star_regular\" d=\"M528.1 171.5L382 150.2 316.7 17.8c-11.7-23.6-45.6-23.9-57.4 0L194 150.2 47.9 171.5c-26.2 3.8-36.7 36.1-17.7 54.6l105.7 103-25 145.5c-4.5 26.3 23.2 46 46.4 33.7L288 439.6l130.7 68.7c23.2 12.2 50.9-7.4 46.4-33.7l-25-145.5 105.7-103c19-18.5 8.5-50.8-17.7-54.6zM388.6 312.3l23.7 138.4L288 385.4l-124.3 65.3 23.7-138.4-100.6-98 139-20.2 62.2-126 62.2 126 139 20.2-100.6 98z\"><\/path><path class=\"star_solid\" d=\"M259.3 17.8L194 150.2 47.9 171.5c-26.2 3.8-36.7 36.1-17.7 54.6l105.7 103-25 145.5c-4.5 26.3 23.2 46 46.4 33.7L288 439.6l130.7 68.7c23.2 12.2 50.9-7.4 46.4-33.7l-25-145.5 105.7-103c19-18.5 8.5-50.8-17.7-54.6L382 150.2 316.7 17.8c-11.7-23.6-45.6-23.9-57.4 0z\"><\/path><\/svg><\/label><input type=\"radio\" id=\"rand-star2-8484\" name=\"rand\" value=\"2\"  \/><label for=\"rand-star2-8484\" class=\"star\" title=\"2 stars\"><svg aria-hidden=\"true\" focusable=\"false\" role=\"img\" xmlns=\"http:\/\/www.w3.org\/2000\/svg\" viewBox=\"-12 -12 590 526\"><path class=\"star_regular\" d=\"M528.1 171.5L382 150.2 316.7 17.8c-11.7-23.6-45.6-23.9-57.4 0L194 150.2 47.9 171.5c-26.2 3.8-36.7 36.1-17.7 54.6l105.7 103-25 145.5c-4.5 26.3 23.2 46 46.4 33.7L288 439.6l130.7 68.7c23.2 12.2 50.9-7.4 46.4-33.7l-25-145.5 105.7-103c19-18.5 8.5-50.8-17.7-54.6zM388.6 312.3l23.7 138.4L288 385.4l-124.3 65.3 23.7-138.4-100.6-98 139-20.2 62.2-126 62.2 126 139 20.2-100.6 98z\"><\/path><path class=\"star_solid\" d=\"M259.3 17.8L194 150.2 47.9 171.5c-26.2 3.8-36.7 36.1-17.7 54.6l105.7 103-25 145.5c-4.5 26.3 23.2 46 46.4 33.7L288 439.6l130.7 68.7c23.2 12.2 50.9-7.4 46.4-33.7l-25-145.5 105.7-103c19-18.5 8.5-50.8-17.7-54.6L382 150.2 316.7 17.8c-11.7-23.6-45.6-23.9-57.4 0z\"><\/path><\/svg><\/label><input type=\"radio\" id=\"rand-star3-8484\" name=\"rand\" value=\"3\"  \/><label for=\"rand-star3-8484\" class=\"star\" title=\"3 stars\"><svg aria-hidden=\"true\" focusable=\"false\" role=\"img\" xmlns=\"http:\/\/www.w3.org\/2000\/svg\" viewBox=\"-12 -12 590 526\"><path class=\"star_regular\" d=\"M528.1 171.5L382 150.2 316.7 17.8c-11.7-23.6-45.6-23.9-57.4 0L194 150.2 47.9 171.5c-26.2 3.8-36.7 36.1-17.7 54.6l105.7 103-25 145.5c-4.5 26.3 23.2 46 46.4 33.7L288 439.6l130.7 68.7c23.2 12.2 50.9-7.4 46.4-33.7l-25-145.5 105.7-103c19-18.5 8.5-50.8-17.7-54.6zM388.6 312.3l23.7 138.4L288 385.4l-124.3 65.3 23.7-138.4-100.6-98 139-20.2 62.2-126 62.2 126 139 20.2-100.6 98z\"><\/path><path class=\"star_solid\" d=\"M259.3 17.8L194 150.2 47.9 171.5c-26.2 3.8-36.7 36.1-17.7 54.6l105.7 103-25 145.5c-4.5 26.3 23.2 46 46.4 33.7L288 439.6l130.7 68.7c23.2 12.2 50.9-7.4 46.4-33.7l-25-145.5 105.7-103c19-18.5 8.5-50.8-17.7-54.6L382 150.2 316.7 17.8c-11.7-23.6-45.6-23.9-57.4 0z\"><\/path><\/svg><\/label><input type=\"radio\" id=\"rand-star4-8484\" name=\"rand\" value=\"4\"  \/><label for=\"rand-star4-8484\" class=\"star\" title=\"4 stars\"><svg aria-hidden=\"true\" focusable=\"false\" role=\"img\" xmlns=\"http:\/\/www.w3.org\/2000\/svg\" viewBox=\"-12 -12 590 526\"><path class=\"star_regular\" d=\"M528.1 171.5L382 150.2 316.7 17.8c-11.7-23.6-45.6-23.9-57.4 0L194 150.2 47.9 171.5c-26.2 3.8-36.7 36.1-17.7 54.6l105.7 103-25 145.5c-4.5 26.3 23.2 46 46.4 33.7L288 439.6l130.7 68.7c23.2 12.2 50.9-7.4 46.4-33.7l-25-145.5 105.7-103c19-18.5 8.5-50.8-17.7-54.6zM388.6 312.3l23.7 138.4L288 385.4l-124.3 65.3 23.7-138.4-100.6-98 139-20.2 62.2-126 62.2 126 139 20.2-100.6 98z\"><\/path><path class=\"star_solid\" d=\"M259.3 17.8L194 150.2 47.9 171.5c-26.2 3.8-36.7 36.1-17.7 54.6l105.7 103-25 145.5c-4.5 26.3 23.2 46 46.4 33.7L288 439.6l130.7 68.7c23.2 12.2 50.9-7.4 46.4-33.7l-25-145.5 105.7-103c19-18.5 8.5-50.8-17.7-54.6L382 150.2 316.7 17.8c-11.7-23.6-45.6-23.9-57.4 0z\"><\/path><\/svg><\/label><input type=\"radio\" id=\"rand-star5-8484\" name=\"rand\" value=\"5\"  \/><label for=\"rand-star5-8484\" class=\"star\" title=\"5 stars\"><svg aria-hidden=\"true\" focusable=\"false\" role=\"img\" xmlns=\"http:\/\/www.w3.org\/2000\/svg\" viewBox=\"-12 -12 590 526\"><path class=\"star_regular\" d=\"M528.1 171.5L382 150.2 316.7 17.8c-11.7-23.6-45.6-23.9-57.4 0L194 150.2 47.9 171.5c-26.2 3.8-36.7 36.1-17.7 54.6l105.7 103-25 145.5c-4.5 26.3 23.2 46 46.4 33.7L288 439.6l130.7 68.7c23.2 12.2 50.9-7.4 46.4-33.7l-25-145.5 105.7-103c19-18.5 8.5-50.8-17.7-54.6zM388.6 312.3l23.7 138.4L288 385.4l-124.3 65.3 23.7-138.4-100.6-98 139-20.2 62.2-126 62.2 126 139 20.2-100.6 98z\"><\/path><path class=\"star_solid\" d=\"M259.3 17.8L194 150.2 47.9 171.5c-26.2 3.8-36.7 36.1-17.7 54.6l105.7 103-25 145.5c-4.5 26.3 23.2 46 46.4 33.7L288 439.6l130.7 68.7c23.2 12.2 50.9-7.4 46.4-33.7l-25-145.5 105.7-103c19-18.5 8.5-50.8-17.7-54.6L382 150.2 316.7 17.8c-11.7-23.6-45.6-23.9-57.4 0z\"><\/path><\/svg><\/label><\/fieldset><\/div><span class=\"after\"><\/span><\/div><div class=\"form-field wpmtst-submit\"><label><input type=\"submit\" class=\"wpmtst_submit_testimonial\" name=\"wpmtst_submit_testimonial\" value=\"Add Testimonial\" class=\"button\" tabindex=\"0\"><\/label><\/div><\/form><\/div><\/div><\/div>\n\t\t<\/div>\n\t\t\t\t\n<style>\n#col-1823735460 > .col-inner {\n  padding: 19px 0px 0px 0px;\n}\n<\/style>\n\t<\/div>\n\n\t\n\n<style>\n#row-855510161 > .col > .col-inner {\n  background-color: rgb(219, 219, 219);\n}\n<\/style>\n<\/div>\n\t\t<\/div>\n\t\t\t\t\t<\/div>\n\n\t\n<\/div>\n","protected":false},"excerpt":{"rendered":"","protected":false},"author":1,"featured_media":0,"parent":0,"menu_order":0,"comment_status":"closed","ping_status":"closed","template":"page-blank.php","meta":{"footnotes":""},"class_list":["post-377874","page","type-page","status-publish","hentry"],"_links":{"self":[{"href":"https:\/\/careme.vn\/en\/wp-json\/wp\/v2\/pages\/377874","targetHints":{"allow":["GET"]}}],"collection":[{"href":"https:\/\/careme.vn\/en\/wp-json\/wp\/v2\/pages"}],"about":[{"href":"https:\/\/careme.vn\/en\/wp-json\/wp\/v2\/types\/page"}],"author":[{"embeddable":true,"href":"https:\/\/careme.vn\/en\/wp-json\/wp\/v2\/users\/1"}],"replies":[{"embeddable":true,"href":"https:\/\/careme.vn\/en\/wp-json\/wp\/v2\/comments?post=377874"}],"version-history":[{"count":0,"href":"https:\/\/careme.vn\/en\/wp-json\/wp\/v2\/pages\/377874\/revisions"}],"wp:attachment":[{"href":"https:\/\/careme.vn\/en\/wp-json\/wp\/v2\/media?parent=377874"}],"curies":[{"name":"wp","href":"https:\/\/api.w.org\/{rel}","templated":true}]}}