{"id":375199,"date":"2020-09-02T01:35:14","date_gmt":"2020-09-01T18:35:14","guid":{"rendered":"https:\/\/careme.vn\/product\/import-placeholder-for-373963\/"},"modified":"2020-09-18T14:20:13","modified_gmt":"2020-09-18T07:20:13","slug":"careme-service","status":"publish","type":"product","link":"https:\/\/careme.vn\/en\/service\/careme-service\/","title":{"rendered":"Careme Care"},"content":{"rendered":"\n\t\t<div class=\"tabbed-content\">\n\t\t\t<h4 class=\"uppercase text-left\">CAREME SERVICE PROCESS<\/h4>\n\t\t\t<ul class=\"nav nav-tabs nav-uppercase nav-size-small nav-left\" role=\"tablist\"><li id=\"tab-service-package\" class=\"tab active has-icon\" role=\"presentation\"><a href=\"#tab_service-package\" role=\"tab\" aria-selected=\"true\" aria-controls=\"tab_service-package\"><span>SERVICE PACKAGE<\/span><\/a><\/li>\n<li id=\"tab-before-trip\" class=\"tab has-icon\" role=\"presentation\"><a href=\"#tab_before-trip\" tabindex=\"-1\" role=\"tab\" aria-selected=\"false\" aria-controls=\"tab_before-trip\"><span>Before trip<\/span><\/a><\/li>\n<li id=\"tab-during-the-trip\" class=\"tab has-icon\" role=\"presentation\"><a href=\"#tab_during-the-trip\" tabindex=\"-1\" role=\"tab\" aria-selected=\"false\" aria-controls=\"tab_during-the-trip\"><span>During the trip<\/span><\/a><\/li>\n<li id=\"tab-after-the-trip\" class=\"tab has-icon\" role=\"presentation\"><a href=\"#tab_after-the-trip\" tabindex=\"-1\" role=\"tab\" aria-selected=\"false\" aria-controls=\"tab_after-the-trip\"><span>After the trip<\/span><\/a><\/li>\n<li id=\"tab-case-arises\" class=\"tab has-icon\" role=\"presentation\"><a href=\"#tab_case-arises\" tabindex=\"-1\" role=\"tab\" aria-selected=\"false\" aria-controls=\"tab_case-arises\"><span>case arises<\/span><\/a><\/li>\n<li id=\"tab-description\" class=\"tab has-icon\" role=\"presentation\"><a href=\"#tab_description\" tabindex=\"-1\" role=\"tab\" aria-selected=\"false\" aria-controls=\"tab_description\"><span>Description<\/span><\/a><\/li><\/ul><div class=\"tab-panels\"><div id=\"tab_service-package\" class=\"panel active entry-content\" role=\"tabpanel\" aria-labelledby=\"tab-service-package\">\n<article>\r\n<table style=\"width: 100%; height: 480px;\">\r\n<thead>\r\n<tr>\r\n<th class=\"hide\" style=\"width: 45%; height: 25px;\"><\/th>\r\n<th class=\"bg-siver\" style=\"width: 20%; min-width: 50px; height: 25px;\">SILVER<\/th>\r\n<th class=\"bg-purple\" style=\"width: 20%; min-width: 50px; height: 25px;\">RUBY<\/th>\r\n<th class=\"bg-gold default\" style=\"width: 20%; min-width: 50px; height: 25px;\">GOLD<\/th>\r\n<\/tr>\r\n<\/thead>\r\n<tbody>\r\n<tr>\r\n<td>\r\n<h1>G\u00f3i d\u1ecbch v\u1ee5 \/ NG\u00c0Y<\/h1>\r\n<\/td>\r\n<td><span class=\"txt-top\">\u0111<\/span><span class=\"txt-l\">1tr500<\/span><\/td>\r\n<td nowrap=\"nowrap\"><span class=\"txt-top\">\u0111<\/span><span class=\"txt-l\">2tr500<\/span><\/td>\r\n<td nowrap=\"nowrap\"><span class=\"txt-top\">\u0111<\/span><span class=\"txt-l\">5tr00<\/span><\/td>\r\n<\/tr>\r\n<tr>\r\n<td>T\u01b0 v\u1ea5n b\u1ec7nh vi\u1ec7n, vi\u1ec7n ph\u00ed, t\u00ecnh tr\u1ea1ng s\u1ee9c kh\u1ecfe v\u00e0 t\u00e0i ch\u00ednh<\/td>\r\n<td><span class=\"tick\">&#x2714;<\/span><\/td>\r\n<td><span class=\"tick\">&#x2714;<\/span><\/td>\r\n<td><span class=\"tick\">&#x2714;<\/span><\/td>\r\n<\/tr>\r\n<tr>\r\n<td>\u0110\u01b0a \u0111\u00f3n kh\u00e1ch h\u00e0ng t\u1ea1i s\u00e2n bay<\/td>\r\n<td><span class=\"tick\">&#x2714;<\/span><\/td>\r\n<td><span class=\"tick\">&#x2714;<\/span><\/td>\r\n<td><span class=\"tick\">&#x2714;<\/span><\/td>\r\n<\/tr>\r\n<tr>\r\n<td>\u0110\u1eb7t l\u1ecbch kh\u00e1m \/ l\u1ecbch h\u1eb9n v\u1edbi b\u00e1c s\u0129<\/td>\r\n<td><span class=\"tick\">&#x2714;<\/span><\/td>\r\n<td><span class=\"tick\">&#x2714;<\/span><\/td>\r\n<td class=\"default\" style=\"width: 8.91473%; height: 21px;\"><span class=\"tick\">&#x2714;<\/span><\/td>\r\n<\/tr>\r\n<tr>\r\n<td><span style=\"font-size: 14.4px;\">\u0110\u01b0a \u0111\u00f3n trong qu\u00e1 tr\u00ecnh kh\u00e1m ch\u1eefa b\u1ec7nh<\/span><\/td>\r\n<td><span class=\"tick\">&#x2714;<\/span><\/td>\r\n<td><span class=\"tick\">&#x2714;<\/span><\/td>\r\n<td><span class=\"tick\">&#x2714;<\/span><\/td>\r\n<\/tr>\r\n<tr>\r\n<td><span style=\"font-size: 14.4px;\">Phi\u00ean d\u1ecbch trong qu\u00e1 tr\u00ecnh kh\u00e1m ch\u1eefa b\u1ec7nh<\/span><\/td>\r\n<td><span class=\"tick\">&#x2714;<\/span><\/td>\r\n<td><span class=\"tick\">&#x2714;<\/span><\/td>\r\n<td><span class=\"tick\">&#x2714;<\/span><\/td>\r\n<\/tr>\r\n<tr>\r\n<td><span style=\"font-size: 14.4px;\">H\u01b0\u1edbng d\u1eabn l\u00e0m th\u1ee7 t\u1ee5c, h\u1ed3 s\u01a1, gi\u1ea5y t\u1edd, vi\u1ec7n ph\u00ed...<\/span><\/td>\r\n<td><span class=\"tick\">&#x2714;<\/span><\/td>\r\n<td><span class=\"tick\">&#x2714;<\/span><\/td>\r\n<td><span class=\"tick\">&#x2714;<\/span><\/td>\r\n<\/tr>\r\n<tr>\r\n<td>H\u1ed7 tr\u1ee3 sau \u0111i\u1ec1u tr\u1ecb<\/td>\r\n<td><span class=\"tick\">&#x2714;<\/span><\/td>\r\n<td><span class=\"tick\">&#x2714;<\/span><\/td>\r\n<td><span class=\"tick\">&#x2714;<\/span><\/td>\r\n<\/tr>\r\n<tr>\r\n<td>Y t\u00e1 \/ nh\u00e2n vi\u00ean ch\u0103m s\u00f3c c\u00e1 nh\u00e2n<\/td>\r\n<td><\/td>\r\n<td><span class=\"tick\">&#x2714;<\/span><\/td>\r\n<td><span class=\"tick\">&#x2714;<\/span><\/td>\r\n<\/tr>\r\n<tr>\r\n<td>\u0102n u\u1ed1ng theo s\u1edf th\u00edch v\u00e0 h\u1ed7 tr\u1ee3 qu\u00e1 tr\u00ecnh \u0111i\u1ec1u tr\u1ecb<\/td>\r\n<td><\/td>\r\n<td><span class=\"tick\">&#x2714;<\/span><\/td>\r\n<td><span class=\"tick\">&#x2714;<\/span><\/td>\r\n<\/tr>\r\n<tr>\r\n<td>Mi\u1ec5n ph\u00ed 1 ng\u01b0\u1eddi \u0111i c\u00f9ng<\/td>\r\n<td>\u0110i l\u1ea1i, l\u01b0u tr\u00fa<\/td>\r\n<td>Full d\u1ecbch v\u1ee5<\/td>\r\n<td>Full d\u1ecbch v\u1ee5<\/td>\r\n<\/tr>\r\n<tr>\r\n<td>Gi\u1ea3m 10% cho l\u1ea7n s\u1eed d\u1ee5ng d\u1ecbch v\u1ee5 k\u1ebf ti\u1ebfp<\/td>\r\n<td><\/td>\r\n<td class=\"tick\">&#x2714;<\/td>\r\n<td class=\"tick\">&#x2714;<\/td>\r\n<\/tr>\r\n<tr>\r\n<td>D\u1ecbch b\u1ec7nh \u00e1n, gi\u1ea5y t\u1edd, x\u00e9t nghi\u1ec7m chu\u1ea9n \u0111o\u00e1n s\u1edbm tr\u01b0\u1edbc \u0111i\u1ec1u tr\u1ecb<\/td>\r\n<td><\/td>\r\n<td><\/td>\r\n<td><span class=\"tick\">&#x2714;<\/span><\/td>\r\n<\/tr>\r\n<tr>\r\n<td>\u0110\u01b0a \u0111\u00f3n th\u0103m quan, mua s\u1eafm<\/td>\r\n<td><\/td>\r\n<td><\/td>\r\n<td><span class=\"tick\">&#x2714;<\/span><\/td>\r\n<\/tr>\r\n<tr>\r\n<td>D\u1ecbch v\u1ee5 kh\u1ea9n c\u1ea5p<\/td>\r\n<td><\/td>\r\n<td><\/td>\r\n<td class=\"tick\">&#x2714;<\/td>\r\n<\/tr>\r\n<tr>\r\n<td class=\"sep\" style=\"width: 98.2558%; height: 21px;\" colspan=\"4\"><strong>T\u00f9y ch\u1ecdn theo nhu c\u1ea7u kh\u00e1ch h\u00e0ng ph\u00ed kh\u00f4ng bao g\u1ed3m d\u1ecbch v\u1ee5 b\u00ean d\u01b0\u1edbi:<\/strong><\/td>\r\n<\/tr>\r\n<tr>\r\n<td colspan=\"4\">V\u00e9 m\u00e1y bay kh\u1ee9 h\u1ed3i v\u00e0 h\u00e0nh l\u00fd \u0111i k\u00e8m<\/td>\r\n<\/tr>\r\n<tr>\r\n<td colspan=\"4\">Ph\u00ed kh\u00e1ch s\u1ea1n, c\u0103n h\u1ed9 trong th\u1eddi gian l\u01b0u tr\u00fa<\/td>\r\n<\/tr>\r\n<tr>\r\n<td colspan=\"4\">Ph\u00ed ph\u00e1t sinh cho ng\u01b0\u1eddi \u0111i k\u00e8m ngo\u00e0i qui \u0111\u1ecbnh<\/td>\r\n<\/tr>\r\n<\/tbody>\r\n<\/table>\r\n<\/article>\n<\/div>\n<div id=\"tab_before-trip\" class=\"panel entry-content\" role=\"tabpanel\" aria-labelledby=\"tab-before-trip\">\n<ol>\n<li><strong> Counseling: <\/strong> Receiving records and consulting specific to each case, helping clients to choose the best hospital, doctor for their medical condition or aesthetic needs. suitable for personal financial ability<\/li>\n<li><strong> Specialist support: <\/strong> Support translation of medical records into English, consultation with a specialist before treatment<\/li>\n<li><strong> Schedule appointments: <\/strong> Make medical appointments and treatments and pre-schedule your trip<\/li>\n<li><strong> Accommodation, travel: <\/strong> Book flights, Select the hotel closest to customer needs, book and arrange transportation on time<\/li>\n<li><strong> Contract: <\/strong> Careme contracts with detailed hospital, doctor, and accompanying service packages as well as details of the cost to be paid by the customer. Insurance is included in the package during the treatment. For cancellation terms, please refer to the Terms tab<\/li>\n<li><strong> Payment: <\/strong> The customer pays 100% of the contract cost at the latest 1 day before the trip. In case of emergency CAREME will immediately perform steps 2-3 immediately after payment of the day<\/li>\n<li><strong> Preparation: <\/strong> Careme sends a list of all necessary information for customers to prepare before the trip including procedures, related papers, notes needed in the process medical examination<\/li>\n<li><strong> Confirmed schedule: <\/strong> Careme sent again detailed schedule to confirm the detailed transportation schedule, except for emergency Careme sent right on the trip before you set foot to the airport<\/li>\n<\/ol>\n<\/div>\n<div id=\"tab_during-the-trip\" class=\"panel entry-content\" role=\"tabpanel\" aria-labelledby=\"tab-during-the-trip\">\n<ol>\n<li>Careme staff always make sure to contact customers as soon as they get off the airport and pick them up at the nearest lobby<\/li>\n<li>Take a guest directly to a hospital or hotel by a vehicle with confirmed schedule details<\/li>\n<li>Transporting clients to assist with admission procedures, medical examination and treatment, interpreting with doctors<\/li>\n<li>Serving customers, eating on time and in accordance with their health and preferences<\/li>\n<li>At the end of the examination and treatment process, the staff will take the customer directly to the airport, instruct the necessary procedures<\/li>\n<\/ol>\n<\/div>\n<div id=\"tab_after-the-trip\" class=\"panel entry-content\" role=\"tabpanel\" aria-labelledby=\"tab-after-the-trip\">\n<ol>\n<li>Continuing to keep in touch with the client to follow up on all necessary health developments after treatment<\/li>\n<li>Support to connect and work with doctors to advise and support patients in the follow-up process<\/li>\n<li>Make plans for follow-ups or that arise in the course of your treatment<\/li>\n<li>Receive customer feedback on service, quality of hospitals, doctors or all of Careme&#8217;s services and staff to improve service even better<\/li>\n<\/ol>\n<\/div>\n<div id=\"tab_case-arises\" class=\"panel entry-content\" role=\"tabpanel\" aria-labelledby=\"tab-case-arises\">\n<p><strong> 1. Service cancellation: <\/strong><\/p>\n<ul>\n<li>Cancellation of service 15 days in advance will be refunded 100% of the paid service fee<\/li>\n<li>Cancellation of service 7 days before, 100% refund of medical fee and 50% of support service fee provided by Careme during the course of treatment<\/li>\n<li>After 7 days of refund, you will be charged 30% of the full contract value paid for package services or 100% of Careme support service cost<\/li>\n<\/ul>\n<p><strong> 2. Trip insurance: <\/strong><\/p>\n<p>All customers will be insured during the medical examination and treatment process<br \/>\nWorldwide coverage (except Vietnam)<br \/>\nEmergency medical guarantee and relief service in Vietnamese or other global languages \u200b\u200bwith just one call<br \/>\nFree 24\/7 travel support services such as visa procedures, immunization requirements, information about embassies, law offices, medical facilities &#8230;<br \/>\nThe maximum benefit is up to <strong> 30,000 USD \/EUR <\/strong> \/person \/trip<\/p>\n<p><strong> 3. Careme disclaimers <\/strong><\/p>\n<ul>\n<li>All risks arising in the course of medical examination and treatment are not within the responsibility of Careme. In its power, CAREME always helps protect customers&#8217; interests of doctors and hospitals.<\/li>\n<li>Accident during a medical stay abroad, will be due to the insurance terms that CAREME paid for the insurance company included in the service package to be compensated up to &lt; strong&gt; 30,000 USD \/EUR \/person \/trip<\/li>\n<li>Any delay or cancellation or arising from this incur costs related to hotel stay such as cancellation or transfer of flight<\/li>\n<\/ul>\n<\/div>\n<div id=\"tab_description\" class=\"panel entry-content\" role=\"tabpanel\" aria-labelledby=\"tab-description\">\n<div class=\"accordion\">\n<div id=\"accordion-2057903354\" class=\"accordion-item\"><a id=\"accordion-2057903354-label\" href=\"#\" class=\"accordion-title plain\" aria-expanded=\"false\" aria-controls=\"accordion-2057903354-content\"><button class=\"toggle\" aria-label=\"Toggle\"><i class=\"icon-angle-down\"><\/i><\/button><span>Eat according to taste and treatment<\/span><\/a><div id=\"accordion-2057903354-content\" class=\"accordion-inner\" aria-labelledby=\"accordion-2057903354-label\">\n<\/div><\/div>\n<div id=\"accordion-1291173584\" class=\"accordion-item\"><a id=\"accordion-1291173584-label\" href=\"#\" class=\"accordion-title plain\" aria-expanded=\"false\" aria-controls=\"accordion-1291173584-content\"><button class=\"toggle\" aria-label=\"Toggle\"><i class=\"icon-angle-down\"><\/i><\/button><span>Free companion<\/span><\/a><div id=\"accordion-1291173584-content\" class=\"accordion-inner\" aria-labelledby=\"accordion-1291173584-label\">\n<\/div><\/div>\n<div id=\"accordion-4074559953\" class=\"accordion-item\"><a id=\"accordion-4074559953-label\" href=\"#\" class=\"accordion-title plain\" aria-expanded=\"false\" aria-controls=\"accordion-4074559953-content\"><button class=\"toggle\" aria-label=\"Toggle\"><i class=\"icon-angle-down\"><\/i><\/button><span>Transportation, transportation, and shopping<\/span><\/a><div id=\"accordion-4074559953-content\" class=\"accordion-inner\" aria-labelledby=\"accordion-4074559953-label\">\n<\/div><\/div>\n<div id=\"accordion-1890454342\" class=\"accordion-item\"><a id=\"accordion-1890454342-label\" href=\"#\" class=\"accordion-title plain\" aria-expanded=\"false\" aria-controls=\"accordion-1890454342-content\"><button class=\"toggle\" aria-label=\"Toggle\"><i class=\"icon-angle-down\"><\/i><\/button><span>Emergency service<\/span><\/a><div id=\"accordion-1890454342-content\" class=\"accordion-inner\" aria-labelledby=\"accordion-1890454342-label\">\n<\/div><\/div>\n<div id=\"accordion-3343380376\" class=\"accordion-item\"><a id=\"accordion-3343380376-label\" href=\"#\" class=\"accordion-title plain\" aria-expanded=\"false\" aria-controls=\"accordion-3343380376-content\"><button class=\"toggle\" aria-label=\"Toggle\"><i class=\"icon-angle-down\"><\/i><\/button><span>Out-of-service costs<\/span><\/a><div id=\"accordion-3343380376-content\" class=\"accordion-inner\" aria-labelledby=\"accordion-3343380376-label\">\n<\/div><\/div>\n<\/div>\n<\/div><\/div><\/div>\n","protected":false},"excerpt":{"rendered":"<p style=\"text-align: justify;\">Care-me is a leading company in Southeast Asia specializing in providing support services for customers interested in international medical examination and treatment and aesthetics. As a direct partner with leading hospitals in the region with continuous quality monitoring and evaluation, Careme advises to help you choose the best hospital, doctor suitable for your health condition or needs. aesthetics along with financial ability to ensure the peace of mind for you and your loved one.<\/p>\n<p style=\"text-align: justify;\">Care-me accompanies through counseling, procedures, transportation, care, working with doctors as well as the ability to connect to hospitals quickly and support after treatment. People are completely assured to use Care-me&#8217;s services.<\/p>\n","protected":false},"featured_media":374571,"comment_status":"open","ping_status":"closed","template":"","meta":[],"product_cat":[569],"product_tag":[],"class_list":["post-375199","product","type-product","status-publish","has-post-thumbnail","hentry","product_cat-careme-service"],"_links":{"self":[{"href":"https:\/\/careme.vn\/en\/wp-json\/wp\/v2\/product\/375199","targetHints":{"allow":["GET"]}}],"collection":[{"href":"https:\/\/careme.vn\/en\/wp-json\/wp\/v2\/product"}],"about":[{"href":"https:\/\/careme.vn\/en\/wp-json\/wp\/v2\/types\/product"}],"replies":[{"embeddable":true,"href":"https:\/\/careme.vn\/en\/wp-json\/wp\/v2\/comments?post=375199"}],"wp:featuredmedia":[{"embeddable":true,"href":"https:\/\/careme.vn\/en\/wp-json\/wp\/v2\/media\/374571"}],"wp:attachment":[{"href":"https:\/\/careme.vn\/en\/wp-json\/wp\/v2\/media?parent=375199"}],"wp:term":[{"taxonomy":"product_cat","embeddable":true,"href":"https:\/\/careme.vn\/en\/wp-json\/wp\/v2\/product_cat?post=375199"},{"taxonomy":"product_tag","embeddable":true,"href":"https:\/\/careme.vn\/en\/wp-json\/wp\/v2\/product_tag?post=375199"}],"curies":[{"name":"wp","href":"https:\/\/api.w.org\/{rel}","templated":true}]}}