{"id":375630,"date":"2020-09-03T10:55:38","date_gmt":"2020-09-03T03:55:38","guid":{"rendered":"https:\/\/careme.vn\/?post_type=product&#038;p=375630"},"modified":"2020-09-04T15:01:33","modified_gmt":"2020-09-04T08:01:33","slug":"tham-my-bo-phan-gioi-tinh","status":"publish","type":"product","link":"https:\/\/careme.vn\/en\/service\/tham-my-bo-phan-gioi-tinh\/","title":{"rendered":"Th\u1ea9m M\u1ef9 B\u1ed9 Ph\u1eadn Gi\u1edbi T\u00ednh"},"content":{"rendered":"<p>Th\u1eaft \u1ed1ng d\u1eabn tinh l\u00e0 m\u1ed9t lo\u1ea1i th\u1ee7 thu\u1eadt tri\u1ec7t s\u1ea3n c\u1ee7a \u0111\u00e0n \u00f4ng, nh\u1eb1m m\u1ee5c \u0111\u00edch \u0111\u1ec3 b\u1ea1n t\u00ecnh c\u1ee7a h\u1ecd kh\u00f4ng th\u1ec3 mang thai. B\u1ea1n c\u00f3 th\u1ec3 \u0111\u01b0\u1ee3c th\u1ef1c hi\u1ec7n lo\u1ea1i th\u1ee7 thu\u1eadt n\u00e0y m\u00e0 kh\u00f4ng c\u1ea7n ph\u1ea3i g\u00e2y m\u00ea, nh\u1eb1m ng\u0103n c\u1ea3n tinh tr\u00f9ng r\u1eddi kh\u1ecfi tinh ho\u00e0n ra t\u00fai tinh. B\u00e1c s\u0129 g\u1ecdi ph\u01b0\u01a1ng ph\u00e1p n\u00e0y l\u00e0 \u201ckh\u1eed tinh tr\u00f9ng\u201d. \u0110\u00e0n \u00f4ng v\u1eabn c\u00f3 th\u1ec3 c\u00f3 c\u1ef1c kho\u00e1i ho\u1eb7c c\u0103ng c\u1ee9ng, hay xu\u1ea5t tinh (nh\u01b0ng kh\u00f4ng c\u00f3 tinh tr\u00f9ng) khi quan h\u1ec7 t\u00ecnh d\u1ee5c. \u0110\u00e2y l\u00e0 m\u1ed9t th\u1ee7 thu\u1eadt \u0111\u01a1n gi\u1ea3n, d\u1ec5 th\u1ef1c hi\u1ec7n l\u1ea1i an to\u00e0n nh\u01b0ng \u0111\u01b0\u1ee3c r\u1ea5t \u00edt nam gi\u1edbi l\u1ef1a ch\u1ecdn. B\u1edfi nhi\u1ec1u ng\u01b0\u1eddi lo s\u1ee3 r\u1eb1ng th\u1eaft \u1ed1ng d\u1eabn tinh khi\u1ebfn h\u1ecd m\u1ea5t v\u00e0 gi\u1ea3m kh\u1ea3 n\u0103ng t\u00ecnh d\u1ee5c.<br \/>\nVi\u1ec7c th\u1eaft \u1ed1ng d\u1eabn tinh ph\u1ea3i \u0111\u01b0\u1ee3c th\u1ef1c hi\u1ec7n t\u1ea1i c\u01a1 s\u1edf y t\u1ebf ho\u1eb7c b\u1ec7nh vi\u1ec7n uy t\u00edn. B\u1ea1n h\u00e3y trao \u0111\u1ed5i v\u1edbi b\u00e1c s\u0129 \u0111\u1ec3 c\u00e2n nh\u1eafc th\u1ef1c hi\u1ec7n bi\u1ec7n ph\u00e1p tr\u00e1nh thai n\u00e0y.<br \/>\nTh\u00f4ng th\u01b0\u1eddng, b\u00e1c s\u0129 s\u1ebd s\u1eed d\u1ee5ng g\u00e2y t\u00ea t\u1ea1i ch\u1ed7 \u0111\u1ec3 l\u00e0m t\u00ea li\u1ec7t v\u00f9ng b\u00ecu c\u1ee7a b\u1ea1n tr\u01b0\u1edbc khi ph\u1eabu thu\u1eadt. C\u00e1c b\u00e1c s\u0129 ph\u1eabu thu\u1eadt t\u1ea1o m\u1ed9t v\u1ebft c\u1eaft nh\u1ecf \u1edf ph\u1ea7n tr\u00ean c\u1ee7a b\u00ecu ho\u1eb7c d\u01b0\u1edbi d\u01b0\u01a1ng v\u1eadt, v\u00e0 sau \u0111\u00f3 c\u1eaft, c\u1ed9t ho\u1eb7c th\u1eaft \u1ed1ng d\u1eabn tinh. Sau khi ph\u1eabu thu\u1eadt xong, b\u00e1c s\u0129 s\u1ebd kh\u00e2u v\u1ebft c\u1eaft v\u00e0 b\u0103ng b\u00ecu c\u1ee7a b\u1ea1n.<br \/>\nKhi thu\u1ed1c t\u00ea d\u1ea7n h\u1ebft t\u00e1c d\u1ee5ng, b\u1ea1n c\u00f3 th\u1ec3 c\u1ea3m th\u1ea5y kh\u00f4ng tho\u1ea3i m\u00e1i, kh\u00f3 ch\u1ecbu ho\u1eb7c \u0111au \u0111\u1edbn v\u00f9ng ph\u1eabu thu\u1eadt v\u00e0 h\u01a1i kh\u00f3 kh\u0103n khi \u0111i ti\u1ec3u. B\u1ea1n c\u1ea7n tr\u00e1nh quan h\u1ec7 t\u00ecnh d\u1ee5c v\u00e0 b\u1ea5t k\u1ef3 ho\u1ea1t \u0111\u1ed9ng n\u00e0o c\u1ea7n g\u1eafng s\u1ee9c trong kho\u1ea3ng m\u1ed9t tu\u1ea7n.<br \/>\n<a href=\"https:\/\/careme.vn\/wp-content\/uploads\/2020\/09\/trengiong630.jpg\"><img loading=\"lazy\" decoding=\"async\" src=\"https:\/\/careme.vn\/wp-content\/uploads\/2020\/09\/trengiong630.jpg\" alt=\"\" width=\"630\" height=\"350\" class=\"alignnone size-full wp-image-375838\" \/><\/a><br \/>\nNh\u01b0\u1ee3c \u0111i\u1ec3m ch\u00ednh c\u1ee7a th\u1eaft \u1ed1ng d\u1eabn tinh l\u00e0 n\u00f3 kh\u00f4ng ch\u1ed1ng l\u1ea1i nhi\u1ec5m tr\u00f9ng l\u00e2y truy\u1ec1n qua \u0111\u01b0\u1eddng t\u00ecnh d\u1ee5c. C\u00e1c tri\u1ec7u ch\u1ee9ng c\u00f3 th\u1ec3 x\u1ea3y ra c\u1ee7a th\u1eaft \u1ed1ng d\u1eabn tinh bao g\u1ed3m:<br \/>\nS\u01b0ng t\u1ea5y<br \/>\nB\u1ea7m t\u00edm<br \/>\nCh\u1ea3y m\u00e1u b\u00ean trong b\u00ecu<br \/>\nM\u00e1u trong tinh d\u1ecbch<br \/>\nVi\u00eam, nhi\u1ec5m tr\u00f9ng<\/p>\n","protected":false},"excerpt":{"rendered":"<p>C\u1ea5y m\u1ee1 t\u1ef1 th\u00e2n v\u00f9ng k\u00edn l\u00e0 li\u1ec7u ph\u00e1p l\u00e0m c\u0103ng m\u1ecbn, tr\u1ebb ho\u00e1, xo\u00e1 b\u1ecf nh\u0103n nheo; se kh\u00edt \u201cc\u00f4 b\u00e9\u201d h\u00e0ng \u0111\u1ea7u hi\u1ec7u nay. V\u1edbi ph\u01b0\u01a1ng ph\u00e1p c\u1ea5y m\u1ee1 tr\u1ebb h\u00f3a v\u00f9ng k\u00edn; b\u00e1c s\u0129  s\u1ebd l\u1ea5y l\u01b0\u1ee3ng m\u1ee1 c\u00f3 s\u1eb5n tr\u00ean c\u01a1 th\u1ec3 b\u1ea1n ( nh\u01b0 b\u1ee5ng, m\u00f4ng, \u0111\u00f9i, b\u1eafp ch\u00e2n, b\u1eafp tay\u2026), r\u1ed3i d\u00f9ng c\u00f4ng ngh\u1ec7 ph\u00e2n t\u00e1ch t\u1ebf b\u00e0o li t\u00e2m c\u1ea5y v\u00e0o \u00e2m h\u1ed9.<br \/>\nPh\u01b0\u01a1ng ph\u00e1p c\u1ea5y m\u1ee1 tr\u1ebb h\u00f3a v\u00f9ng k\u00edn l\u00e0 k\u1ef9 thu\u1eadt ti\u00ean ti\u1ebfn; \u0111\u01b0\u1ee3c th\u1ef1c hi\u1ec7n b\u1eb1ng m\u00e1y m\u00f3c hi\u1ec7n \u0111\u1ea1i n\u00ean c\u00f3 \u0111\u1ed9 an to\u00e0n r\u1ea5t cao; kh\u00f4ng nguy hi\u1ec3m \u0111\u1ebfn t\u00ednh m\u1ea1ng, kh\u00f4ng g\u00e2y bi\u1ebfn ch\u1ee9ng. Trong qu\u00e1 tr\u00ecnh c\u1ea5y m\u1ee1 s\u1ebd kh\u00f4ng g\u00e2y ch\u1ea3y m\u00e1u, gi\u00fap kh\u00e1ch h\u00e0ng lu\u00f4n c\u1ea3m th\u1ea5y tho\u1ea3i m\u00e1i, kh\u00f4ng \u0111au \u0111\u1edbn.<\/p>\n<p>D\u1ecb d\u1ea1ng sinh d\u1ee5c (DDSD) n\u1eef b\u1ea9m sinh l\u00e0 d\u1ecb t\u1eadt kh\u00e1 ph\u1ee9c t\u1ea1p c\u00f3 nhi\u1ec1u th\u1ec3 v\u1edbi m\u1ee9c \u0111\u1ed9 \u1ea3nh h\u01b0\u1edfng kh\u00e1c nhau \u0111\u1ebfn c\u00e1c ch\u1ee9c n\u0103ng c\u1ee7a c\u01a1 quan sinh d\u1ee5c v\u00e0 \u0111\u1eddi s\u1ed1ng ng\u01b0\u1eddi b\u1ec7nh. Nh\u1eefng ng\u01b0\u1eddi m\u1eafc h\u1ed9i ch\u1ee9ng n\u00e0y khi sinh ra b\u1ed9 ph\u1eadn sinh d\u1ee5c ngo\u00e0i ho\u00e0n to\u00e0n b\u00ecnh th\u01b0\u1eddng, nh\u01b0ng l\u1ea1i kh\u00f4ng c\u00f3 t\u1eed cung v\u00e0 \u00e2m \u0111\u1ea1o, hai \u0111o\u1ea1n ng\u1eafn c\u1ee7a v\u00f2i t\u1eed cung kh\u00f4ng ho\u00e0n ch\u1ec9nh. Ph\u1eabu thu\u1eadt t\u1ea1o h\u00ecnh \u00e2m \u0111\u1ea1o l\u00e0 k\u1ef9 thu\u1eadt kh\u00f3, \u0111\u00f2i h\u1ecfi c\u00e1c thao t\u00e1c k\u1ef9 thu\u1eadt ph\u1ea3i h\u1ebft s\u1ee9c kh\u00e9o l\u00e9o, ch\u00ednh x\u00e1c, n\u1ebfu kh\u00f4ng s\u1ebd g\u00e2y t\u1ed5n th\u01b0\u01a1ng \u0111\u1ebfn b\u00e0ng quang v\u00e0 tr\u1ef1c tr\u00e0ng. Vi\u1ec7c chu\u1ea9n b\u1ecb tr\u01b0\u1edbc m\u1ed5 cho ng\u01b0\u1eddi b\u1ec7nh \u0111\u01b0\u1ee3c ti\u1ebfn h\u00e0nh nh\u01b0 chu\u1ea9n b\u1ecb cho m\u1ed9t ca ph\u1eabu thu\u1eadt ph\u1ee5 khoa th\u00f4ng th\u01b0\u1eddng (kh\u00e1m, si\u00eau \u00e2m, n\u1ed9i soi&#8230;). Ca m\u1ed5 \u0111\u01b0\u1ee3c th\u1ef1c hi\u1ec7n \u0111\u1ed3ng th\u1eddi b\u1edfi 2 k\u00edp m\u1ed5: k\u00edp n\u1ed9i soi v\u00e0 k\u00edp t\u1ea1o h\u00ecnh \u00e2m \u0111\u1ea1o. Sau m\u1ed5, b\u1ec7nh nh\u00e2n \u0111\u01b0\u1ee3c s\u1eed d\u1ee5ng kh\u00e1ng sinh \u0111i\u1ec1u tr\u1ecb b\u1eb1ng \u0111\u01b0\u1eddng ti\u00eam trong 7 ng\u00e0y v\u00e0 ph\u1ea3i tu\u00e2n theo nh\u1eefng h\u01b0\u1edbng d\u1eabn \u0111\u1eb7c bi\u1ec7t c\u1ee7a b\u00e1c s\u0129 chuy\u00ean khoa. B\u1ec7nh nh\u00e2n c\u00f3 th\u1ec3 xu\u1ea5t vi\u1ec7n sau 10 ng\u00e0y k\u1ec3 t\u1eeb ng\u00e0y m\u1ed5, v\u00e0 sau m\u1ed9t th\u00e1ng c\u00f3 th\u1ec3 th\u1ef1c hi\u1ec7n \u0111\u01b0\u1ee3c ch\u1ee9c n\u0103ng c\u1ee7a ng\u01b0\u1eddi ph\u1ee5 n\u1eef.<\/p>\n","protected":false},"featured_media":375713,"comment_status":"open","ping_status":"closed","template":"","meta":[],"product_cat":[567],"product_tag":[],"class_list":["post-375630","product","type-product","status-publish","has-post-thumbnail","hentry","product_cat-beauty-service-package"],"_links":{"self":[{"href":"https:\/\/careme.vn\/en\/wp-json\/wp\/v2\/product\/375630","targetHints":{"allow":["GET"]}}],"collection":[{"href":"https:\/\/careme.vn\/en\/wp-json\/wp\/v2\/product"}],"about":[{"href":"https:\/\/careme.vn\/en\/wp-json\/wp\/v2\/types\/product"}],"replies":[{"embeddable":true,"href":"https:\/\/careme.vn\/en\/wp-json\/wp\/v2\/comments?post=375630"}],"wp:featuredmedia":[{"embeddable":true,"href":"https:\/\/careme.vn\/en\/wp-json\/wp\/v2\/media\/375713"}],"wp:attachment":[{"href":"https:\/\/careme.vn\/en\/wp-json\/wp\/v2\/media?parent=375630"}],"wp:term":[{"taxonomy":"product_cat","embeddable":true,"href":"https:\/\/careme.vn\/en\/wp-json\/wp\/v2\/product_cat?post=375630"},{"taxonomy":"product_tag","embeddable":true,"href":"https:\/\/careme.vn\/en\/wp-json\/wp\/v2\/product_tag?post=375630"}],"curies":[{"name":"wp","href":"https:\/\/api.w.org\/{rel}","templated":true}]}}