{"id":376166,"date":"2020-09-03T11:48:03","date_gmt":"2020-09-08T07:59:10","guid":{"rendered":"https:\/\/careme.vn\/service\/dieu-tri-gian-tinh-mach\/"},"modified":"2020-09-17T20:19:10","modified_gmt":"2020-09-17T13:19:10","slug":"dieu-tri-gian-tinh-mach","status":"publish","type":"product","link":"https:\/\/careme.vn\/en\/product\/dieu-tri-gian-tinh-mach\/","title":{"rendered":"\u0110i\u1ec1u Tr\u1ecb Gi\u00e3n T\u0129nh M\u1ea1ch"},"content":{"rendered":"<p>D\u1ea5u hi\u1ec7u v\u00e0 tri\u1ec7u ch\u1ee9ng c\u1ee7a b\u1ec7nh suy t\u0129nh m\u1ea1ch bao g\u1ed3m:<br \/>\n\u0110au nh\u1ee9c, m\u1ecfi \u1edf ch\u00e2n<br \/>\nNg\u1ee9a r\u00e2m ran, s\u01b0ng \u1edf ch\u00e2n ho\u1eb7c hay chu\u1ed9t r\u00fat v\u1ec1 \u0111\u00eam<br \/>\nT\u0103ng s\u1eafc t\u1ed1 da<br \/>\n<a href=\"https:\/\/careme.vn\/wp-content\/uploads\/2020\/09\/dieu_tri_suy_tinh_mach_1.jpg\"><img loading=\"lazy\" decoding=\"async\" class=\"alignnone size-full wp-image-375832\" src=\"https:\/\/careme.vn\/wp-content\/uploads\/2020\/09\/dieu_tri_suy_tinh_mach_1.jpg\" alt=\"\" width=\"600\" height=\"450\" \/><\/a><br \/>\nVi\u1ec7c \u0111i\u1ec1u tr\u1ecb suy t\u0129nh m\u1ea1ch s\u1ebd ph\u1ee5 thu\u1ed9c v\u00e0o t\u00ecnh tr\u1ea1ng ch\u00e2n c\u1ee7a b\u1ea1n bao g\u1ed3m k\u00edch th\u01b0\u1edbc gi\u00e3n t\u0129nh m\u1ea1ch, v\u1ecb tr\u00ed c\u1ee7a t\u0129nh m\u1ea1ch, hi\u1ec7n t\u01b0\u1ee3ng tr\u00e0o ng\u01b0\u1ee3c \u2026 . C\u00e1c ph\u01b0\u01a1ng ph\u00e1p \u0111i\u1ec1u tr\u1ecb suy t\u0129nh m\u1ea1ch hi\u1ec7n n\u00e0y g\u1ed3m:<br \/>\n&#8211; Thay \u0111\u1ed5i l\u1ed1i s\u1ed1ng, u\u1ed1ng thu\u1ed1c v\u00e0 mang v\u1edb \u00e9p ch\u00e2n<br \/>\n&#8211; N\u00e2ng cao ch\u00e2n khi ng\u1ed3i v\u00e0 n\u1eb1m<br \/>\n&#8211; Ph\u01b0\u01a1ng ph\u00e1p Laser n\u1ed9i t\u0129nh m\u1ea1ch (EVLA)<br \/>\n&#8211; C\u1eaft t\u0129nh m\u1ea1ch b\u1eb1ng s\u00f3ng v\u00f4 tuy\u1ebfn<br \/>\n&#8211; Ch\u00edch x\u01a1 t\u0129nh m\u1ea1ch<br \/>\n&#8211; Th\u1eaft v\u00e0 t\u00e1ch t\u0129nh m\u1ea1ch<\/p>\n","protected":false},"excerpt":{"rendered":"<p>N\u1ebfu b\u1ea1n th\u01b0\u1eddng c\u00f3 bi\u1ec3u hi\u1ec7n \u0111au ch\u00e2n, m\u1ecfi ch\u00e2n, ph\u00f9 nh\u1eb9 khi \u0111\u1ee9ng l\u00e2u ng\u1ed3i nhi\u1ec1u, chu\u1ed9t r\u00fat v\u00e0o bu\u1ed5i t\u1ed1i th\u00ec h\u00e3y nhanh ch\u00f3ng \u0111\u1ebfn b\u1ec7nh vi\u1ec7n kh\u00e1m v\u00e0 chu\u1ea9n \u0111o\u00e1n c\u1ee5 th\u1ec3. V\u00ec r\u1ea5t c\u00f3 th\u1ec3 b\u1ea1n \u0111\u00e3 m\u1eafc b\u1ec7nh suy t\u0129nh m\u1ea1ch. N\u1ebfu kh\u00f4ng \u0111i\u1ec1u tr\u1ecb suy t\u0129nh m\u1ea1ch k\u1ecbp th\u1eddi, b\u1ec7nh s\u1ebd chuy\u1ec3n sang giai \u0111o\u1ea1n n\u1eb7ng h\u01a1n do bi\u1ebfn ch\u1ee9ng, nhi\u1ec1u tr\u01b0\u1eddng h\u1ee3p n\u1eb7ng g\u00e2y lo\u00e9t da c\u1eb3ng ch\u00e2n. \u0110\u1ec3 \u0111i\u1ec1u tr\u1ecb b\u1ec7nh hi\u1ec7u qu\u1ea3 v\u00e0 ng\u0103n ng\u1eeba t\u00e1i ph\u00e1t, b\u1ea1n c\u1ea7n \u0111\u01b0\u1ee3c t\u01b0 v\u1ea5n \u0111\u1ea7y \u0111\u1ee7 ho\u1eb7c t\u00ecm hi\u1ec3u v\u1ec1 b\u1ec7nh m\u1ed9t c\u00e1ch c\u1eb7n k\u1ebd nh\u1eb1m \u00e1p d\u1ee5ng ph\u01b0\u01a1ng ph\u00e1p \u0111i\u1ec1u tr\u1ecb ph\u00f9 h\u1ee3p.<br \/>\nSuy t\u0129nh m\u1ea1ch hay c\u00f2n g\u1ecdi l\u00e0 suy gi\u00e3n t\u0129nh m\u1ea1ch chi d\u01b0\u1edbi l\u00e0 thu\u1eadt ng\u1eef ch\u1ec9 s\u1ef1 suy gi\u1ea3m ch\u1ee9c n\u0103ng \u0111\u01b0a m\u00e1u tr\u1edf v\u1ec1 tim c\u1ee7a h\u1ec7 th\u1ed1ng t\u0129nh m\u1ea1ch \u1edf v\u00f9ng ch\u00e2n d\u1eabn \u0111\u1ebfn hi\u1ec7n t\u01b0\u1ee3ng m\u00e1u \u1ee9 \u0111\u1ecdng. G\u00e2y ra nh\u1eefng tri\u1ec7u ch\u1ee9ng nh\u01b0 nh\u1ee9c m\u1ecfi, ph\u00f9 ch\u00e2n, chu\u1ed9t r\u00fat v\u1ec1 \u0111\u00eam, n\u1eb7ng h\u01a1n n\u1eefa l\u00e0 ch\u00e0m da, lo\u00e9t ch\u00e2n kh\u00f4ng l\u00e0nh. B\u1ec7nh th\u01b0\u1eddng x\u1ea3y ra nhi\u1ec1u \u1edf n\u1eef gi\u1edbi do \u1ea3nh h\u01b0\u1edfng c\u1ee7a hormon. Suy t\u0129nh m\u1ea1ch l\u00e0 m\u1ed9t c\u0103n b\u1ec7nh m\u00e3n t\u00ednh, \u00edt nguy hi\u1ec3m nh\u01b0ng g\u00e2y cho ng\u01b0\u1eddi b\u1ec7nh c\u1ea3m gi\u00e1c kh\u00f3 ch\u1ecbu, \u1ea3nh h\u01b0\u1edfng \u0111\u1ebfn ch\u1ea5t l\u01b0\u1ee3ng cu\u1ed9c s\u1ed1ng.<\/p>\n<p>Nguy\u00ean nh\u00e2n d\u1eabn \u0111\u1ebfn b\u1ec7nh suy t\u0129nh m\u1ea1ch do b\u1ea1n \u0111\u1ee9ng ho\u1eb7c ng\u1ed3i trong th\u1eddi gian d\u00e0i khi\u1ebfn c\u01a1 b\u1eafp \u1edf ch\u00e2n \u00edt ho\u1ea1t \u0111\u1ed9ng ho\u1eb7c b\u1ea1n thay \u0111\u1ed5i n\u1ed9i ti\u1ebft qu\u00e1 nhi\u1ec1u \u1edf tu\u1ed5i d\u1eady th\u00ec, mang thai v\u00e0 m\u00e3n kinh. Ngo\u00e0i ra, tu\u1ed5i t\u00e1c c\u00e0ng cao s\u1ebd k\u00e9o theo qu\u00e1 tr\u00ecnh tho\u00e1i h\u00f3a suy t\u0129nh m\u1ea1ch<\/p>\n","protected":false},"featured_media":375863,"comment_status":"open","ping_status":"closed","template":"","meta":[],"product_cat":[707],"product_tag":[],"class_list":["post-376166","product","type-product","status-publish","has-post-thumbnail","hentry","product_cat-tham-my-tron-goi"],"_links":{"self":[{"href":"https:\/\/careme.vn\/en\/wp-json\/wp\/v2\/product\/376166","targetHints":{"allow":["GET"]}}],"collection":[{"href":"https:\/\/careme.vn\/en\/wp-json\/wp\/v2\/product"}],"about":[{"href":"https:\/\/careme.vn\/en\/wp-json\/wp\/v2\/types\/product"}],"replies":[{"embeddable":true,"href":"https:\/\/careme.vn\/en\/wp-json\/wp\/v2\/comments?post=376166"}],"wp:featuredmedia":[{"embeddable":true,"href":"https:\/\/careme.vn\/en\/wp-json\/wp\/v2\/media\/375863"}],"wp:attachment":[{"href":"https:\/\/careme.vn\/en\/wp-json\/wp\/v2\/media?parent=376166"}],"wp:term":[{"taxonomy":"product_cat","embeddable":true,"href":"https:\/\/careme.vn\/en\/wp-json\/wp\/v2\/product_cat?post=376166"},{"taxonomy":"product_tag","embeddable":true,"href":"https:\/\/careme.vn\/en\/wp-json\/wp\/v2\/product_tag?post=376166"}],"curies":[{"name":"wp","href":"https:\/\/api.w.org\/{rel}","templated":true}]}}