{"id":376170,"date":"2020-09-02T01:35:56","date_gmt":"2020-09-08T08:04:24","guid":{"rendered":"https:\/\/careme.vn\/service\/dich-vu-da-lieu-va-laser\/"},"modified":"2020-09-17T20:19:33","modified_gmt":"2020-09-17T13:19:33","slug":"dich-vu-da-lieu-va-laser","status":"publish","type":"product","link":"https:\/\/careme.vn\/en\/product\/dich-vu-da-lieu-va-laser\/","title":{"rendered":"D\u1ecbch v\u1ee5 da li\u1ec5u v\u00e0 laser"},"content":{"rendered":"<p>\u0110\u1ec3 ti\u1ebfn h\u00e0nh \u0111i\u1ec1u tr\u1ecb s\u1eb9o th\u00e2m b\u1eb1ng Laser, b\u1ea1n c\u1ea7n \u0111\u01b0\u1ee3c b\u00e1c s\u1ef9 th\u0103m kh\u00e1m c\u1ee5 th\u1ec3 t\u00ecnh tr\u1ea1ng v\u1ebft th\u00e2m c\u1ee7a m\u00ecnh, \u0111\u1ec3 ch\u1ec9 \u0111\u1ecbnh \u0111i\u1ec1u ch\u1ec9nh m\u1ee9c n\u0103ng l\u01b0\u1ee3ng \u0111i\u1ec1u tr\u1ecb ph\u00f9 h\u1ee3p. Sau khi \u0111i\u1ec1u tr\u1ecb v\u1edbi Laser, l\u00e0n da s\u1ebd c\u1ea3i thi\u1ec7n \u0111a t\u00e1c \u0111\u1ed9ng, c\u00f3 th\u1ec3 k\u1ec3 \u0111\u1ebfn nh\u01b0:<\/p>\n<ul>\n<li>V\u1ebft th\u00e2m m\u1edd h\u1eb3n \u0111i, da s\u00e1ng, \u0111\u1ec1u m\u00e0u h\u01a1n ngay sau l\u1ea7n \u0111i\u1ec1u tr\u1ecb \u0111\u1ea7u ti\u00ean.<\/li>\n<li>Tr\u1ebb h\u00f3a da, gi\u00fap da m\u1ecbn m\u00e0ng h\u01a1n.<\/li>\n<li>Kh\u00f4ng nh\u1eefng th\u1ebf, Laser c\u00f2n gi\u00fap thu h\u1eb9p l\u1ed7 ch\u00e2n l\u00f4ng, l\u00e0m \u0111\u1ea7y s\u1eb9o r\u1ed7, m\u1edd t\u00e0n nhang v\u00e0 n\u1ebfp nh\u0103n nh\u1ecf.<\/li>\n<li>\u0110\u1eb7c bi\u1ec7t, \u0111i\u1ec1u tr\u1ecb v\u1edbi Laser c\u00f3 th\u1eddi gian ngh\u1ec9 d\u01b0\u1ee1ng ng\u1eafn, kh\u00f4ng c\u1ea7n ki\u00eang c\u1eed, \u0111i\u1ec1u tr\u1ecb xong c\u00f3 th\u1ec3 ra v\u1ec1 ngay v\u00e0 kh\u00f4ng g\u1eb7p tr\u1edf ng\u1ea1i trong sinh ho\u1ea1t<\/li>\n<\/ul>\n<p>C\u00e1c ph\u01b0\u01a1ng ph\u00e1p hi\u1ec7n \u0111\u1ea1i ch\u1eefa n\u00e1m da, t\u00e0n nhang \u0111\u01b0\u1ee3c nhi\u1ec1u ng\u01b0\u1eddi tin t\u01b0\u1edfng s\u1eed d\u1ee5ng c\u00f3 th\u1ec3 k\u1ec3 \u0111\u1ebfn nh\u01b0 \u0111\u1ed1t b\u1eb1ng tia laser, d\u00f9ng m\u1eb7t n\u1ea1 h\u00f3a h\u1ecdc, li\u1ec7u ph\u00e1p l\u1ea1nh v\u00e0 c\u00f4ng ngh\u1ec7 \u00e1nh s\u00e1ng.<\/p>\n<p>Trong \u0111\u00f3, ph\u01b0\u01a1ng ph\u00e1p \u0111\u1ed1t laser l\u00e0 ph\u1ed5 bi\u1ebfn nh\u1ea5t v\u1edbi c\u01a1 ch\u1ebf t\u00e1c \u0111\u1ed9ng v\u00e0o t\u1ea5t c\u1ea3 t\u1ea7ng c\u1ea5u tr\u00fac da, lo\u1ea1i b\u1ecf c\u00e1c ch\u00e2n n\u00e1m t\u00e0n nhang v\u00e0 ti\u00eau di\u1ec7t h\u1eafc s\u1eafc t\u1ed1 melanin trong t\u1ebf b\u00e0o da. Ph\u01b0\u01a1ng ph\u00e1p n\u00e0y \u0111em l\u1ea1i hi\u1ec7u qu\u1ea3 nhanh ch\u00f3ng tuy nhi\u00ean b\u1ea1n c\u1ea7n t\u00ecm \u0111\u01b0\u1ee3c \u0111\u1ecba ch\u1ec9 y t\u1ebf uy t\u00edn th\u1ef1c hi\u1ec7n v\u00e0 c\u1ea7n c\u00f3 ch\u1ebf \u0111\u1ed9 ki\u00eang khem nghi\u00eam t\u00fac \u0111\u1ec3 tr\u00e1nh t\u00ecnh tr\u1ea1ng n\u00e1m t\u00e0n nhang t\u00e1i ph\u00e1t. B\u00ean c\u1ea1nh \u0111\u00f3, ph\u01b0\u01a1ng ph\u00e1p n\u00e0y kh\u00e1 t\u1ed1n k\u00e9m n\u00ean kh\u00f4ng ph\u1ea3i ai c\u0169ng c\u00f3 \u0111i\u1ec1u ki\u1ec7n s\u1eed d\u1ee5ng.<\/p>\n<p>B\u1eafn laser tr\u1ecb t\u00e0n nhang l\u00e0 ph\u01b0\u01a1ng ph\u00e1p m\u00e0 c\u00e1c b\u00e1c s\u0129 s\u1ebd s\u1eed d\u1ee5ng c\u00e1c tia laser c\u00f3 b\u01b0\u1edbc s\u00f3ng ph\u00f9 h\u1ee3p, an to\u00e0n chi\u1ebfu tr\u1ef1c ti\u1ebfp l\u00ean v\u00f9ng da b\u1ecb t\u00e0n nhang. C\u00e1c tia laser s\u1ebd th\u1ea9m th\u1ea5u qua da, ph\u00e1 v\u1ee1 s\u1ef1 li\u00ean k\u1ebft c\u1ee7a c\u00e1c h\u1eafc s\u1eafc t\u1ed1 tr\u00ean da \u0111\u1ec3 gi\u00fap da tr\u1eafng m\u1ecbn tr\u1edf l\u1ea1i. Ph\u01b0\u01a1ng ph\u00e1p n\u00e0y \u0111\u01b0\u1ee3c \u0111\u00e1nh gi\u00e1 l\u00e0 an to\u00e0n, kh\u00f4ng \u0111au, kh\u00f4ng \u0111\u1ec3 l\u1ea1i s\u1eb9o v\u00e0 gi\u00fap b\u1ea1n lo\u1ea1i b\u1ecf t\u00e0n nhang nhanh ch\u00f3ng.<\/p>\n<p>B\u00ean c\u1ea1nh \u0111\u00f3, b\u1eafn tia laser c\u0169ng c\u00f3 t\u00e1c d\u1ee5ng k\u00edch th\u00edch s\u1ea3n sinh collagen tr\u00ean da, h\u00ecnh th\u00e0nh c\u00e1c m\u00f4 da m\u1edbi thay th\u1ebf cho t\u1ebf b\u00e0o da c\u0169 b\u1ecb t\u00e0n nhang. B\u1eafn tia laser c\u0169ng c\u00f3 kh\u1ea3 n\u0103ng gi\u00fap da \u0111\u00e0n h\u1ed3i v\u00e0 l\u00e0m s\u00e1ng m\u00e0u da hi\u1ec7u qu\u1ea3.<\/p>\n","protected":false},"excerpt":{"rendered":"<p>\u0110\u1ed1i v\u1edbi c\u00e1c v\u1ebft s\u1eb9o th\u00e2m \u0111\u00e3 h\u00ecnh th\u00e0nh l\u00e2u ng\u00e0y c\u1ea7n c\u00f3 s\u1ef1 t\u00e1c \u0111\u1ed9ng c\u1ee7a c\u00e1c bi\u1ec7n ph\u00e1p \u0111i\u1ec1u tr\u1ecb th\u1ea9m m\u1ef9 m\u1edbi c\u1ea3i thi\u1ec7n \u0111\u01b0\u1ee3c t\u00ecnh tr\u1ea1ng da v\u00e0 l\u1ea5y l\u1ea1i l\u00e0n da m\u1ecbn m\u00e0ng c\u1ee7a m\u00ecnh. Ng\u00e0y nay, tr\u1ecb th\u00e2m m\u1ee5n b\u1eb1ng laser l\u00e0 tin vui cho t\u1ea5t c\u1ea3 nh\u1eefng b\u1ea1n g\u1eb7p ph\u1ea3i v\u1ea5n \u0111\u1ec1 n\u00e0y. Ph\u01b0\u01a1ng ph\u00e1p n\u00e0y \u0111\u01b0\u1ee3c th\u1ef1c hi\u1ec7n b\u1eb1ng c\u00f4ng ngh\u1ec7 Laser Fractional CO2 &#8211; c\u00f4ng ngh\u1ec7 Laser ti\u00ean ti\u1ebfn nh\u1ea5t hi\u1ec7n nay. \u0110\u1ec3 tr\u1ecb th\u00e2m m\u1ee5n, b\u00e1c s\u0129 s\u1ebd \u0111i\u1ec1u ch\u1ec9nh m\u1ee9c laser ph\u00f9 h\u1ee3p v\u00e0 t\u00e1c \u0111\u1ed9ng l\u00ean da \u0111\u1ec3 t\u1ea1o t\u1ed5n th\u01b0\u01a1ng, k\u00edch th\u00edch c\u01a1 ch\u1ebf t\u1ef1 l\u00e0m l\u00e0nh v\u1ebft th\u01b0\u01a1ng c\u1ee7a c\u01a1 th\u1ec3. Qu\u00e1 tr\u00ecnh n\u00e0y s\u1ebd gi\u00fap lo\u1ea1i b\u1ecf c\u00e1c t\u1ebf b\u00e0o da th\u00e2m c\u0169 v\u00e0 thay b\u1eb1ng l\u1edbp t\u1ebf b\u00e0o m\u1edbi, s\u00e1ng m\u1ecbn h\u01a1n tr\u01b0\u1edbc. B\u00ean c\u1ea1nh \u0111\u00f3, sau khi b\u1eafn laser, b\u00e1c s\u0129 s\u1ebd k\u00ea th\u00eam m\u1ed9t s\u1ed1 c\u00e1c s\u1ea3n ph\u1ea9m h\u1ed7 tr\u1ee3 nh\u01b0: serum, t\u1ebf b\u00e0o g\u1ed1c,\u2026 \u0111\u1ec3 \u0111\u1ea9y nhanh qu\u00e1 tr\u00ecnh ph\u1ee5c h\u1ed3i v\u00e0 l\u00e0m s\u00e1ng da cho b\u1ea1n. N\u1ebfu b\u1ea1n ki\u00ean tr\u00ec th\u1ef1c hi\u1ec7n theo \u0111\u00fang li\u1ec7u tr\u00ecnh b\u00e1c s\u0129 \u0111\u01b0a ra c\u0169ng nh\u01b0 ch\u0103m s\u00f3c da t\u1ea1i nh\u00e0 k\u1ef9 l\u01b0\u1ee1ng, ch\u1eafc ch\u1eafn b\u1ea1n s\u1ebd l\u1ea5y l\u1ea1i l\u00e0n da t\u01b0\u01a1i tr\u1ebb, tr\u1eafng s\u00e1ng cho m\u00ecnh.<\/p>\n<p>&nbsp;<\/p>\n<p><a href=\"https:\/\/careme.vn\/wp-content\/uploads\/2020\/09\/unnamed-1.jpg\"><img loading=\"lazy\" decoding=\"async\" class=\"alignnone wp-image-375690 aligncenter\" src=\"https:\/\/careme.vn\/wp-content\/uploads\/2020\/09\/unnamed-1.jpg\" alt=\"\" width=\"447\" height=\"400\" \/><\/a><\/p>\n<p>\u0110\u00e2y l\u00e0 ph\u01b0\u01a1ng ph\u00e1p l\u00e0m \u0111\u1eb9p theo xu h\u01b0\u1edbng H\u00e0n Qu\u1ed1c t\u1ea1o d\u00e1ng m\u00f4i c\u01b0\u1eddi \u0111\u1eb7c bi\u1ec7t kh\u00e1c l\u1ea1. K\u1ef9 thu\u1eadt th\u1ef1c hi\u1ec7n t\u1ea1o kh\u00f3e m\u00f4i c\u01b0\u1eddi g\u1ea7n gi\u1ed1ng k\u1ef9 thu\u1eadt thu g\u1ecdn c\u00e1nh m\u00f4i nh\u01b0ng \u1edf ph\u01b0\u01a1ng ph\u00e1p n\u00e0y c\u1ea7n t\u1ea1o \u0111\u01b0\u1eddng cong h\u00ecnh c\u00e1nh cung \u1edf 2 b\u00ean kh\u00f3e m\u00f4i. M\u1ed9t \u0111\u01b0\u1eddng s\u00f3ng l\u01b0\u1ee3ng t\u1eeb gi\u1eefa tim m\u00f4i ra 2 m\u00e9p m\u00f4i t\u1ea1o m\u1ed9t \u0111\u01b0\u1eddng nh\u1ebfch nh\u1eb9 l\u00ean 2 b\u00ean khi c\u01b0\u1eddi ho\u1eb7c m\u00edm m\u00f4i. \u0110\u00f4i m\u00f4i s\u1ebd cong l\u00ean v\u00e0 c\u00f3 s\u1ef1 g\u1ee3i c\u1ea3m nh\u1ea5t \u0111\u1ecbnh n\u1ee5 c\u01b0\u1eddi s\u1ebd th\u00eam s\u1ef1 d\u1ec5 th\u01b0\u01a1ng h\u01a1n.<\/p>\n<p>Theo \u0111\u00f3, b\u00e1c s\u0129 s\u1ebd c\u1eaft b\u1ecf ph\u1ea7n ni\u00eam m\u1ea1c m\u00f4i n\u1eeda trong v\u00e0 n\u1eeda ngo\u00e0i v\u1eeba \u0111\u1ee7 \u0111\u1ec3 thu h\u1eb9p, v\u1ebfch cong l\u00ean 2 b\u00ean kh\u00f3e m\u00e9p \u0111\u1ec3 t\u1ea1o h\u00ecnh kh\u00f3e c\u01b0\u1eddi theo t\u00ednh to\u00e1n k\u1ef9 l\u01b0\u1ee1ng trong ph\u1eabu thu\u1eadt th\u1ea9m m\u1ef9 t\u1eeb tr\u01b0\u1edbc. N\u1ebfu to d\u00e0y qu\u00e1 s\u1ebd lo\u1ea1i b\u1ecf nhi\u1ec1u h\u01a1n, bao g\u1ed3m t\u1ed5 ch\u1ee9c c\u01a1 v\u00f2ng m\u00f4i.<\/p>\n<p>N\u1ed1t ru\u1ed3i l\u00e0 n\u01a1i t\u1eadp trung c\u00e1c t\u1ebf b\u00e0o h\u1eafc t\u1ed1 th\u00e0nh \u0111\u00e1m c\u00f3 th\u1ec3 \u1edf th\u01b0\u1ee3ng b\u00ec ho\u1eb7c trung b\u00ec c\u1ee7a da. B\u00ecnh th\u01b0\u1eddng, c\u00e1c t\u1ebf b\u00e0o h\u1eafc t\u1ed1 n\u1eb1m xen k\u1ebd, r\u1ea3i r\u00e1c gi\u1eefa c\u00e1c t\u1ebf b\u00e0o \u0111\u00e1y v\u00e0 c\u00f3 vai tr\u00f2 s\u1ea3n xu\u1ea5t melanin t\u1ea1o ra m\u00e0u s\u1eafc c\u1ee7a da. N\u1ed1t ru\u1ed3i n\u1eb1m \u1edf l\u1edbp t\u1ebf b\u00e0o \u0111\u00e1y v\u00e0 th\u01b0\u1ee3ng b\u00ec, c\u00f3 m\u00e0u n\u00e2u \u0111\u1ed3ng nh\u1ea5t, c\u00f3 khi xanh s\u1eabm nh\u01b0 v\u1ebft ch\u00e0m.<br \/>\nN\u1ed1t ru\u1ed3i hi\u1ebfm khi c\u00f3 t\u1eeb l\u00fac m\u1edbi sinh m\u00e0 th\u01b0\u1eddng xuy\u00ean xu\u1ea5t hi\u1ec7n v\u00e0o tu\u1ed5i thi\u1ebfu ni\u00ean, d\u1eady th\u00ec hay l\u00fac c\u00f3 thai. N\u1ed1t ru\u1ed3i c\u00f3 th\u1ec3 ph\u1eb3ng ho\u1eb7c h\u01a1i v\u1ed3ng l\u00ean h\u00ecnh ch\u1ecfm c\u1ea7u, th\u01b0\u1eddng g\u1eb7p \u1edf m\u1eb7t hay kh\u1eafp ng\u01b0\u1eddi, nhi\u1ec1u khi c\u00f3 l\u00f4ng, gi\u1edbi h\u1ea1n r\u1ea5t r\u00f5 r\u1ec7t. V\u1ec1 m\u00e0u s\u1eafc, n\u1ed1t ru\u1ed3i th\u01b0\u1eddng c\u00f3 c\u00e1c m\u00e0u nh\u01b0: x\u00e1m tro, \u0111en l\u1ea1t, v\u00e0ng \u0111\u1eadm nh\u01b0 ch\u1ea5t ho\u00e0ng th\u1ed5, h\u1ed3ng nh\u1ea1t ho\u1eb7c \u0111\u1ecf \u0111\u1eadm.<\/p>\n<p>\u0110a s\u1ed1 c\u00e1c n\u1ed1t ru\u1ed3i \u0111\u1ec1u l\u00e0 l\u00e0nh t\u00ednh, tuy nhi\u00ean n\u1ebfu r\u1ed1t ru\u1ed3i c\u00f3 nh\u1eefng bi\u1ec3u hi\u1ec7n b\u1ea5t th\u01b0\u1eddng, thay \u0111\u1ed5i m\u00e0u s\u1eafc, s\u01b0ng \u0111au, ng\u1ee9a v\u00e0 ph\u00e1t tri\u1ec3n to ho\u1eb7c lan r\u1ed9ng th\u00ec b\u1ea1n n\u00ean \u0111i kh\u00e1m b\u00e1c s\u0129 \u0111\u1ec3 \u0111\u01b0\u1ee3c chu\u1ea9n \u0111o\u00e1n b\u1ec7nh k\u1ecbp th\u1eddi.<br \/>\nN\u1ed1t ru\u1ed3i c\u00f3 r\u1ea5t nhi\u1ec1u lo\u1ea1i, c\u00f3 th\u1ec3 ph\u00e2n chia th\u00e0nh m\u1ed9t s\u1ed1 nh\u00f3m ch\u00ednh nh\u01b0 sau:<\/p>\n<ul>\n<li>Lo\u1ea1i ph\u1eb3ng, d\u1eb9t c\u00f3 nhi\u1ec1u m\u00e0u s\u1eafc<\/li>\n<li>Lo\u1ea1i d\u1ea7y v\u00e0 th\u01b0\u1eddng nh\u00f4 l\u00ean kh\u1ecfi b\u1ec1 m\u1eb7t c\u1ee7a da<\/li>\n<li>Lo\u1ea1i c\u00f3 ph\u1ea7n nh\u00f4 l\u00ean v\u00e0 \u0111\u01b0\u1ee3c bao quanh b\u1edfi m\u1ed9t v\u00f9ng s\u1eafc t\u1ed1 ph\u1eb3ng.<\/li>\n<\/ul>\n","protected":false},"featured_media":374705,"comment_status":"open","ping_status":"closed","template":"","meta":[],"product_cat":[707],"product_tag":[],"class_list":["post-376170","product","type-product","status-publish","has-post-thumbnail","hentry","product_cat-tham-my-tron-goi"],"_links":{"self":[{"href":"https:\/\/careme.vn\/en\/wp-json\/wp\/v2\/product\/376170","targetHints":{"allow":["GET"]}}],"collection":[{"href":"https:\/\/careme.vn\/en\/wp-json\/wp\/v2\/product"}],"about":[{"href":"https:\/\/careme.vn\/en\/wp-json\/wp\/v2\/types\/product"}],"replies":[{"embeddable":true,"href":"https:\/\/careme.vn\/en\/wp-json\/wp\/v2\/comments?post=376170"}],"wp:featuredmedia":[{"embeddable":true,"href":"https:\/\/careme.vn\/en\/wp-json\/wp\/v2\/media\/374705"}],"wp:attachment":[{"href":"https:\/\/careme.vn\/en\/wp-json\/wp\/v2\/media?parent=376170"}],"wp:term":[{"taxonomy":"product_cat","embeddable":true,"href":"https:\/\/careme.vn\/en\/wp-json\/wp\/v2\/product_cat?post=376170"},{"taxonomy":"product_tag","embeddable":true,"href":"https:\/\/careme.vn\/en\/wp-json\/wp\/v2\/product_tag?post=376170"}],"curies":[{"name":"wp","href":"https:\/\/api.w.org\/{rel}","templated":true}]}}