{"id":376171,"date":"2020-09-02T01:35:48","date_gmt":"2020-09-08T08:05:29","guid":{"rendered":"https:\/\/careme.vn\/service\/hut-mo-cac-bo-phan\/"},"modified":"2020-09-17T20:19:37","modified_gmt":"2020-09-17T13:19:37","slug":"hut-mo-cac-bo-phan","status":"publish","type":"product","link":"https:\/\/careme.vn\/en\/product\/hut-mo-cac-bo-phan\/","title":{"rendered":"H\u00fat m\u1ee1 c\u00e1c b\u1ed9 ph\u1eadn"},"content":{"rendered":"<p>Do c\u00e1c t\u1ebf b\u00e0o m\u1ee1 kh\u00f4ng t\u1ef1 s\u1ea3n sinh ra \u0111\u01b0\u1ee3c n\u00ean c\u00e1c t\u1ebf b\u00e0o t\u1ea1o m\u1ee1 kh\u00f4ng xu\u1ea5t hi\u1ec7n l\u1ea1i.<\/p>\n<p>Tr\u00ean th\u1ef1c t\u1ebf, c\u00f3 th\u1ec3 \u00e1p d\u1ee5ng th\u1ee7 thu\u1eadt h\u00fat m\u1ee1 cho nhi\u1ec1u v\u00f9ng c\u01a1 th\u1ec3 kh\u00e1c nhau nh\u01b0 h\u00f4ng, b\u1eafp \u0111\u00f9i ph\u00eda ngo\u00e0i, b\u1ee5ng, \u0111\u1ea7u g\u1ed1i, b\u1eafp ch\u00e2n, m\u1eaft c\u00e1 v\u00e0 b\u1eafp tay. Nh\u1eefng c\u1ea3i ti\u1ebfn v\u1ec1 k\u1ef9 thu\u1eadt cho ph\u00e9p th\u1ef1c hi\u1ec7n c\u1ea3 th\u1ee7 thu\u1eadt tr\u00ean v\u00f9ng m\u1eb7t v\u00e0 c\u1ed5 (vd: n\u1ecdng c\u1eb1m v\u00e0 m\u1eb7t).<\/p>\n<div class=\"row main-content__components main-content__2-col-half\">\n<div class=\"col-md-6\">\n<p>Nh\u1eefng ti\u1ebfn b\u1ed9 g\u1ea7n \u0111\u00e2y trong l\u0129nh v\u1ef1c h\u00fat m\u1ee1 b\u1ec1 m\u1eb7t b\u1eb1ng nh\u1eefng \u1ed1ng th\u00f4ng d\u00f2 r\u1ea5t nh\u1ecf \u0111\u00e3 gi\u00fap h\u1ea1n ch\u1ebf cho da kh\u1ecfi b\u1ecb t\u1ed5n th\u01b0\u01a1ng ho\u1eb7c b\u1ecb b\u1ea7m. Th\u1eadm ch\u00ed, nh\u1eefng ti\u1ebfn b\u1ed9 n\u00e0y c\u00f2n n\u00e2ng cao hi\u1ec7u qu\u1ea3 h\u00fat m\u1ee1 do da r\u00fat b\u1edbt l\u1ea1i n\u1ebfu th\u1ee7 thu\u1eadt \u0111\u01b0\u1ee3c th\u1ef1c hi\u1ec7n m\u1ed9t c\u00e1ch t\u1ec9 m\u1ec9 v\u00e0 kh\u00e9o l\u00e9o.<\/p>\n<p>M\u1eb7c d\u00f9 ph\u1ed5 bi\u1ebfn nh\u01b0ng th\u1ee7 thu\u1eadt h\u00fat m\u1ee1 c\u0169ng l\u00e0 m\u1ed9t th\u1ee7 thu\u1eadt can thi\u1ec7p ph\u1eabu thu\u1eadt, v\u00e0 ph\u1ea3i \u0111\u01b0\u1ee3c b\u00e1c s\u1ef9 ph\u1eabu thu\u1eadt th\u1ea9m m\u1ef9 gi\u1ecfi v\u00e0 c\u00f3 tay ngh\u1ec1, \u0111\u01b0\u1ee3c \u0111\u00e0o t\u1ea1o chuy\u00ean s\u00e2u v\u1ec1 k\u1ef9 thu\u1eadt h\u00fat m\u1ee1, th\u1ef1c hi\u1ec7n trong m\u00f4i tr\u01b0\u1eddng ph\u1eabu thu\u1eadt \u0111\u1ea3m b\u1ea3o an to\u00e0n.<\/p>\n<p>Kh\u00e1m ti\u1ec1n ph\u1eabu theo ch\u1ec9 \u0111\u1ecbnh c\u1ee7a b\u00e1c s\u0129 ph\u1eabu thu\u1eadt.<\/p>\n<p>B\u1ec7nh nh\u00e2n s\u1ebd \u0111\u01b0\u1ee3c b\u00e1c s\u0129 g\u00e2y m\u00ea kh\u00e1m \u00edt nh\u1ea5t l\u00e0 48 ti\u1ebfng tr\u01b0\u1edbc ph\u1eabu thu\u1eadt.<\/p>\n<p>Kh\u00f4ng ch\u1ed1ng ch\u1ec9 \u0111\u1ecbnh h\u00fat thu\u1ed1c nh\u01b0ng b\u1ec7nh nh\u00e2n kh\u00f4ng n\u00ean h\u00fat thu\u1ed1c \u00edt nh\u1ea5t 1 th\u00e1ng tr\u01b0\u1edbc ph\u1eabu thu\u1eadt do thu\u1ed1c l\u00e1 c\u00f3 th\u1ec3 l\u00e0m s\u1eb9o l\u00e2u l\u00e0nh.<\/p>\n<p>Kh\u00f4ng d\u00f9ng thu\u1ed1c c\u00f3 ch\u1ee9a aspirin trong 10 ng\u00e0y tr\u01b0\u1edbc ph\u1eabu thu\u1eadt.<\/p>\n<p>T\u00f9y theo l\u01b0\u1ee3ng m\u1ee1 v\u00e0 v\u00f9ng c\u1ea7n h\u00fat m\u1ee1 m\u00e0 \u00e1p d\u1ee5ng g\u00e2y t\u00ea t\u1ea1i ch\u1ed7, g\u00e2y t\u00ea t\u1ea1i ch\u1ed7 k\u1ebft h\u1ee3p v\u1edbi thu\u1ed1c an th\u1ea7n ti\u00eam t\u0129nh m\u1ea1ch h\u1eb7c g\u00e2y m\u00ea to\u00e0n th\u00e2n. C\u00f3 th\u1ec3 \u00e1p d\u1ee5ng g\u00e2y t\u00ea v\u00f9ng, v\u00ed d\u1ee5 nh\u01b0 g\u00e2y t\u00ea ngo\u00e0i m\u00e0ng c\u1ee9ng trong m\u1ed9t s\u1ed1 tr\u01b0\u1eddng h\u1ee3p.<\/p>\n<p>K\u1ef9 thu\u1eadt g\u00e2y m\u00ea th\u00edch h\u1ee3p s\u1ebd \u0111\u01b0\u1ee3c x\u00e1c \u0111\u1ecbnh sau khi trao \u0111\u1ed5i v\u1edbi b\u1ec7nh nh\u00e2n, b\u00e1c s\u1ef9 ph\u1eabu thu\u1eadt v\u00e0 b\u00e1c s\u0129 g\u00e2y m\u00ea.<\/p>\n<p>Th\u1eddi gian n\u1eb1m vi\u1ec7n t\u00f9y thu\u1ed9c v\u00e0o l\u01b0\u1ee3ng m\u1ee1 \u0111\u01b0\u1ee3c h\u00fat ra. Th\u1eddi gian n\u1eb1m vi\u1ec7n c\u00f3 th\u1ec3 ng\u1eafn (v\u00e0i gi\u1edd) \u0111\u1ed1i v\u1edbi nh\u1eefng th\u1ee7 thu\u1eadt h\u00fat m\u1ee1 nh\u1ecf b\u1eb1ng g\u00e2y t\u00ea t\u1ea1i ch\u1ed7, ho\u1eb7c d\u00e0i h\u01a1n (1 ho\u1eb7c 2 ng\u00e0y) \u0111\u1ed1i v\u1edbi nh\u1eefng v\u00f9ng h\u00fat m\u1ee1 r\u1ed9ng h\u01a1n v\u1edbi g\u00e2y m\u00ea to\u00e0n th\u00e2n.<\/p>\n<p>M\u1ed7i b\u00e1c s\u1ef9 ph\u1eabu thu\u1eadt \u0111\u1ec1u c\u00f3 k\u1ef9 thu\u1eadt ri\u00eang cho t\u1eebng tr\u01b0\u1eddng h\u1ee3p \u0111\u1ec3 l\u00e0m sao \u0111em l\u1ea1i k\u1ebft qu\u1ea3 t\u1ed1t nh\u1ea5t.<\/p>\n<p>Tuy nhi\u00ean, c\u00f3 th\u1ec3 t\u00f3m t\u1eaft nh\u1eefng nguy\u00ean t\u1eafc chung sau \u0111\u00e2y:<\/p>\n<p>C\u00e1c \u0111\u01b0\u1eddng r\u1ea1ch \u0111\u1ec1u r\u1ea5t nh\u1ecf (3 \u0111\u1ebfn 4 millim\u00e9t) v\u00e0 kh\u00f4ng li\u00ean t\u1ee5c, \u0111\u01b0\u1ee3c d\u1ea5u d\u01b0\u1edbi c\u00e1c n\u1ebfp g\u1ea5p t\u1ef1 nhi\u00ean.<\/p>\n<p>C\u00e1c t\u1ebf b\u00e0o m\u1ee1 \u1edf c\u00e1c l\u1edbp m\u1ee1 s\u00e2u v\u00e0 b\u1ec1 m\u1eb7t s\u1ebd \u0111\u01b0\u1ee3c h\u00fat ra qua nh\u1eefng \u1ed1ng th\u00f4ng nh\u1eb5n \u0111\u01b0\u1ee3c lu\u1ed3n qua nh\u1eefng l\u1edbp m\u00f4 d\u01b0\u1edbi da, v\u00e0 \u0111\u01b0\u1ee3c theo d\u00f5i \u0111\u1ec3 tr\u00e1nh \u0111\u1ee5ng v\u00e0o d\u00e2y th\u1ea7n kinh v\u00e0 m\u1ea1ch m\u00e1u.<\/p>\n<p>L\u01b0\u1ee3ng m\u1ee1 h\u00fat ra th\u01b0\u1eddng ph\u00f9 h\u1ee3p v\u1edbi l\u01b0\u1ee3ng da ph\u1ee7 b\u00ean ngo\u00e0i \u0111\u1ec3 \u0111\u1ea3m b\u1ea3o hi\u1ec7u qu\u1ea3 h\u00fat m\u1ee1.<\/p>\n<p>Sau khi ph\u1eabu thu\u1eadt, b\u1ec7nh nh\u00e2n s\u1ebd \u0111\u01b0\u1ee3c b\u0103ng b\u00f3 b\u1eb1ng m\u1ed9t b\u0103ng thun \u00e9p v\u00e0 m\u1eb7c qu\u1ea7n \u00e1o c\u00f3 \u0111\u1ed9 \u0111\u00e0n h\u1ed3i \u0111\u1eb7c bi\u1ec7t tr\u00ean v\u00f9ng \u0111\u01b0\u1ee3c h\u00fat m\u1ee1.<\/p>\n<p>Th\u1eddi gian th\u1ef1c hi\u1ec7n th\u1ee7 thu\u1eadt h\u00fat m\u1ee1 t\u00f9y thu\u1ed9c v\u00e0o l\u01b0\u1ee3ng m\u1ee1 c\u1ea7n h\u00fat ra v\u00e0 s\u1ed1 v\u1ecb tr\u00ed c\u1ea7n h\u00fat m\u1ee1 tr\u00ean c\u01a1 th\u1ec3 b\u1ec7nh nh\u00e2n. Th\u1ee7 thu\u1eadt n\u00e0y c\u00f3 th\u1ec3 k\u00e9o d\u00e0i t\u1eeb 20 ph\u00fat \u0111\u1ebfn 3 ti\u1ebfng (th\u1eddi gian trung b\u00ecnh t\u1eeb 1 \u0111\u1ebfn 2 ti\u1ebfng).<\/p>\n<p>&nbsp;<\/p>\n<p>&nbsp;<\/p>\n<\/div>\n<\/div>\n","protected":false},"excerpt":{"rendered":"<p>H\u00fat m\u1ee1 c\u00f3 th\u1ec3 gi\u00fap lo\u1ea1i b\u1ecf t\u1eadn g\u1ed1c m\u1ee1 th\u1eeba \u1edf m\u1ed9t s\u1ed1 v\u00f9ng tr\u00ean c\u01a1 th\u1ec3.<\/p>\n<p>D\u00f9 c\u00f3 th\u1ef1c hi\u1ec7n ch\u1ebf \u0111\u1ed9 \u0103n ki\u00eang nghi\u00eam ng\u1eb7t v\u00e0 t\u1eadp th\u1ec3 d\u1ee5c c\u0169ng kh\u00f4ng l\u00e0m m\u1ea5t nh\u1eefng v\u00f9ng m\u1ee1 th\u1eeba n\u00e0y.<\/p>\n<p>H\u00fat m\u1ee1 kh\u00f4ng ph\u1ea3i l\u00e0 ph\u01b0\u01a1ng ph\u00e1p gi\u1ea3m c\u00e2n ho\u1eb7c ki\u1ec3m so\u00e1t c\u00e2n n\u1eb7ng. Do \u0111\u00f3, m\u1ed9t ca ph\u1eabu thu\u1eadt h\u00fat m\u1ee1 \u0111\u01b0\u1ee3c th\u1ef1c hi\u1ec7n \u0111\u00fang \u0111\u1eafn kh\u00f4ng gi\u00fap n\u00e2ng cao l\u1ed1i s\u1ed1ng. H\u00fat m\u1ee1 kh\u00f4ng ph\u1ea3i l\u00e0 m\u1ed9t ph\u01b0\u01a1ng ph\u00e1p \u0111\u1ec3 \u0111i\u1ec1u tr\u1ecb b\u1ec7nh b\u00e9o ph\u00ec.<\/p>\n<p>Nguy\u00ean t\u1eafc c\u1ee7a vi\u1ec7c h\u00fat m\u1ee1 (nh\u01b0 Yves Gerard ILLOUZ \u0111\u00e3 gi\u1edbi thi\u1ec7u v\u00e0o n\u0103m 1977) l\u00e0 l\u1ea5y b\u1edbt m\u1ee1 th\u1eeba b\u1eb1ng c\u00e1c \u1ed1ng th\u00f4ng d\u00f2 \u0111\u1ea7u tr\u00f2n, kh\u00f4ng g\u00e2y t\u1ed5n th\u01b0\u01a1ng, qua nh\u1eefng \u0111\u01b0\u1eddng r\u1ea1ch r\u1ea5t nh\u1ecf tr\u00ean da. C\u00e1c \u1ed1ng th\u00f4ng d\u00f2 n\u00e0y \u0111\u01b0\u1ee3c k\u1ebft n\u1ed1i v\u1edbi m\u1ed9t h\u1ec7 th\u1ed1ng h\u00fat ch\u00e2n kh\u00f4ng \u0111\u1ec3 h\u00fat c\u00e1c t\u1ebf b\u00e0o m\u1ee1 ra m\u1ed9t c\u00e1ch an to\u00e0n v\u00e0 v\u00f4 tr\u00f9ng.<\/p>\n<p><a href=\"https:\/\/careme.vn\/wp-content\/uploads\/2020\/09\/ava-1524245973-562-width640height480_schema_article.jpg\"><img loading=\"lazy\" decoding=\"async\" class=\"wp-image-375685 aligncenter\" src=\"https:\/\/careme.vn\/wp-content\/uploads\/2020\/09\/ava-1524245973-562-width640height480_schema_article.jpg\" alt=\"\" width=\"313\" height=\"176\" \/><\/a><\/p>\n","protected":false},"featured_media":375859,"comment_status":"open","ping_status":"closed","template":"","meta":[],"product_cat":[707],"product_tag":[],"class_list":["post-376171","product","type-product","status-publish","has-post-thumbnail","hentry","product_cat-tham-my-tron-goi"],"_links":{"self":[{"href":"https:\/\/careme.vn\/en\/wp-json\/wp\/v2\/product\/376171","targetHints":{"allow":["GET"]}}],"collection":[{"href":"https:\/\/careme.vn\/en\/wp-json\/wp\/v2\/product"}],"about":[{"href":"https:\/\/careme.vn\/en\/wp-json\/wp\/v2\/types\/product"}],"replies":[{"embeddable":true,"href":"https:\/\/careme.vn\/en\/wp-json\/wp\/v2\/comments?post=376171"}],"wp:featuredmedia":[{"embeddable":true,"href":"https:\/\/careme.vn\/en\/wp-json\/wp\/v2\/media\/375859"}],"wp:attachment":[{"href":"https:\/\/careme.vn\/en\/wp-json\/wp\/v2\/media?parent=376171"}],"wp:term":[{"taxonomy":"product_cat","embeddable":true,"href":"https:\/\/careme.vn\/en\/wp-json\/wp\/v2\/product_cat?post=376171"},{"taxonomy":"product_tag","embeddable":true,"href":"https:\/\/careme.vn\/en\/wp-json\/wp\/v2\/product_tag?post=376171"}],"curies":[{"name":"wp","href":"https:\/\/api.w.org\/{rel}","templated":true}]}}