{"id":376172,"date":"2020-09-02T01:35:47","date_gmt":"2020-09-08T08:08:03","guid":{"rendered":"https:\/\/careme.vn\/service\/chinh-sua-bung\/"},"modified":"2020-09-17T20:19:40","modified_gmt":"2020-09-17T13:19:40","slug":"chinh-sua-bung","status":"publish","type":"product","link":"https:\/\/careme.vn\/en\/product\/chinh-sua-bung\/","title":{"rendered":"Ch\u1ec9nh s\u1eeda b\u1ee5ng"},"content":{"rendered":"<p>Th\u00f4ng th\u01b0\u1eddng, ph\u1eabu thu\u1eadt b\u1ee5ng l\u00e0 l\u1ea5y \u0111i m\u1ed9t l\u01b0\u1ee3ng l\u1edbn m\u00f4 (da v\u00e0 m\u1ee1) th\u1eeba \u1edf th\u00e0nh b\u1ee5ng gi\u1eefa v\u00e0 d\u01b0\u1edbi, \u1edf v\u00f9ng gi\u1eefa r\u1ed1n v\u00e0 mu theo nh\u01b0 k\u1ebf ho\u1ea1ch \u0111\u00e3 \u0111\u1ecbnh tr\u01b0\u1edbc khi ph\u1eabu thu\u1eadt. V\u00f9ng da \u0111\u1eb9p ph\u00eda tr\u00ean r\u1ed1n \u0111\u01b0\u1ee3c k\u00e9o ph\u1ee7 xu\u1ed1ng d\u01b0\u1edbi \u0111\u1ec3 t\u00e1i t\u1ea1o th\u00e0nh b\u1ee5ng. R\u1ed1n \u0111\u01b0\u1ee3c b\u1ea3o to\u00e0n v\u00e0 \u0111\u1eb7t v\u00e0o \u0111\u00fang v\u1ecb tr\u00ed qua m\u1ed9t l\u1ed7 \u0111\u01b0\u1ee3c c\u1eaft v\u00e0 t\u1ea1o h\u00ecnh th\u00edch h\u1ee3p tr\u00ean l\u1edbp da v\u1eeba \u0111\u01b0\u1ee3c k\u00e9o xu\u1ed1ng. Ph\u1eabu thu\u1eadt n\u00e0y s\u1ebd \u0111\u1ec3 l\u1ea1i s\u1eb9o, d\u00e0i ho\u1eb7c ng\u1eafn, nh\u00ecn th\u1ea5y ho\u1eb7c kh\u00f4ng nh\u00ecn th\u1ea5y, t\u00f9y m\u1ee9c \u0111\u1ed9 ph\u1eabu thu\u1eadt v\u00e0 v\u00f9ng da \u0111\u01b0\u1ee3c l\u1ea5y \u0111i. S\u1eb9o th\u01b0\u1eddng k\u00e9o d\u00e0i t\u1eeb m\u00e9p tr\u00ean l\u00f4ng mu theo n\u1ebfp g\u1ea5p hai b\u00ean h\u00e1ng. \u0110\u1ed9 d\u00e0i d\u1ef1 ki\u1ebfn c\u1ee7a s\u1eb9o \u0111\u01b0\u1ee3c ghi trong k\u1ebf ho\u1ea1ch ti\u1ec1n ph\u1eabu v\u00e0 th\u00f4ng b\u00e1o cho b\u1ec7nh nh\u00e2n bi\u1ebft tr\u01b0\u1edbc.<\/p>\n<p>B\u1ec7nh nh\u00e2n s\u1ebd \u0111\u01b0\u1ee3c b\u00e1c s\u0129 g\u00e2y m\u00ea kh\u00e1m tr\u1ec5 nh\u1ea5t 48 ti\u1ebfng tr\u01b0\u1edbc ph\u1eabu thu\u1eadt.<\/p>\n<p>Kh\u00f4ng h\u00fat thu\u1ed1c, \u00edt nh\u1ea5t l\u00e0 1 th\u00e1ng tr\u01b0\u1edbc v\u00e0 1 th\u00e1ng sau ph\u1eabu thu\u1eadt (thu\u1ed1c l\u00e1 c\u00f3 th\u1ec3 l\u00e0m s\u1eb9o l\u00e2u l\u00e0nh).<\/p>\n<p>B\u00e1c s\u0129 c\u00f3 th\u1ec3 y\u00eau c\u1ea7u b\u1ec7nh nh\u00e2n kh\u00f4ng u\u1ed1ng thu\u1ed1c ng\u1eeba thai, \u0111\u1eb7c bi\u1ec7t l\u00e0 nh\u1eefng tr\u01b0\u1eddng h\u1ee3p c\u00f3 nh\u1eefng y\u1ebfu t\u1ed1 r\u1ee7i ro li\u00ean quan (b\u00e9o ph\u00ec, t\u00ecnh tr\u1ea1ng t\u0129nh m\u1ea1ch x\u1ea5u, r\u1ed1i lo\u1ea1n \u0111\u00f4ng m\u00e1u)<\/p>\n<p>Kh\u00f4ng d\u00f9ng thu\u1ed1c c\u00f3 ch\u1ee9a aspirin trong 10 ng\u00e0y tr\u01b0\u1edbc ph\u1eabu thu\u1eadt.<\/p>\n<p>K\u1ef9 thu\u1eadt g\u00e2y m\u00ea: Ph\u1eabu thu\u1eadt b\u1ee5ng th\u01b0\u1eddng \u0111\u01b0\u1ee3c th\u1ef1c hi\u1ec7n v\u1edbi g\u00e2y m\u00ea to\u00e0n th\u00e2n. B\u1ec7nh nh\u00e2n s\u1ebd ng\u1ee7 su\u1ed1t th\u1eddi gian ph\u1eabu thu\u1eadt.<\/p>\n<p>B\u1ec7nh nh\u00e2n s\u1ebd n\u1eb1m vi\u1ec7n t\u1eeb 2 \u0111\u1ebfn 5 ng\u00e0y.<\/p>\n<p>M\u1ed7i b\u00e1c s\u1ef9 ph\u1eabu thu\u1eadt \u0111\u1ec1u c\u00f3 k\u1ef9 thu\u1eadt ri\u00eang cho t\u1eebng tr\u01b0\u1eddng h\u1ee3p \u0111\u1ec3 l\u00e0m sao \u0111em l\u1ea1i k\u1ebft qu\u1ea3 t\u1ed1t nh\u1ea5t. Tuy nhi\u00ean c\u00f3 m\u1ed9t s\u1ed1 nguy\u00ean t\u1eafc chung nh\u01b0 sau:<\/p>\n<ul>\n<li>V\u1ecb tr\u00ed \u0111\u01b0\u1eddng r\u1ea1ch, m\u00e0 sau n\u00e0y s\u1ebd tr\u1edf th\u00e0nh s\u1eb9o, ph\u1ee5 thu\u1ed9c v\u00e0o l\u01b0\u1ee3ng da c\u1ea7n l\u1ea5y \u0111i. L\u1ea5y c\u00e0ng nhi\u1ec1u da th\u00ec s\u1eb9o s\u1ebd c\u00e0ng l\u00e2u l\u00e0nh.<\/li>\n<li>M\u1ee1 th\u1eeba \u0111\u01b0\u1ee3c l\u1ea5y \u0111i b\u1eb1ng k\u1ef9 thu\u1eadt h\u00fat m\u1ee1 b\u1ee5ng v\u00e0 c\u01a1 th\u00e0nh b\u1ee5ng \u0111\u01b0\u1ee3c k\u00e9o c\u0103ng l\u1ea1i.<\/li>\n<li>V\u1ecb tr\u00ed ph\u1eabu thu\u1eadt s\u1ebd \u0111\u01b0\u1ee3c b\u0103ng b\u00f3 theo khu\u00f4n sau khi k\u1ebft th\u00fac th\u1ee7 thu\u1eadt.<\/li>\n<li>T\u00f9y b\u00e1c s\u1ef9 ph\u1eabu thu\u1eadt v\u00e0 t\u00f9y l\u01b0\u1ee3ng m\u00f4 m\u1ee1 v\u00e0 da c\u1ea7n l\u1ea5y \u0111i m\u00e0 cu\u1ed9c ph\u1eabu thu\u1eadt c\u00f3 th\u1ec3 k\u00e9o d\u00e0i t\u1eeb 1 ti\u1ebfng r\u01b0\u1ee1i \u0111\u1ebfn 3 ti\u1ebfng.<\/li>\n<\/ul>\n<p>Ch\u1ec9 c\u00f3 th\u1ec3 th\u1ea5y \u0111\u01b0\u1ee3c k\u1ebft qu\u1ea3 ph\u1eabu thu\u1eadt sau 1 n\u0103m: Trong th\u1eddi gian n\u00e0y, b\u1ec7nh nh\u00e2n c\u1ea7n ki\u00ean nh\u1eabn ch\u1edd cho v\u1ebft s\u1eb9o m\u1edd \u0111i t\u1eeb t\u1eeb, v\u00e0 h\u1ee3p t\u00e1c v\u1edbi b\u00e1c s\u1ef9 \u0111\u1ec3 t\u00e1i kh\u00e1m th\u01b0\u1eddng xuy\u00ean 3 th\u00e1ng m\u1ed9t l\u1ea7n trong v\u00f2ng 1 n\u0103m.<\/p>\n<p>Li\u00ean quan \u0111\u1ebfn s\u1eb9o, b\u1ec7nh nh\u00e2n c\u1ea7n bi\u1ebft r\u1eb1ng s\u1eb9o s\u1ebd m\u1edd \u0111i theo th\u1eddi gian nh\u01b0ng s\u1ebd kh\u00f4ng ho\u00e0n to\u00e0n bi\u1ebfn m\u1ea5t. B\u00e1c s\u1ef9 ph\u1eabu thu\u1eadt l\u00e0 ng\u01b0\u1eddi kh\u00e2u, nh\u01b0ng li\u1ec1n s\u1eb9o l\u1ea1i l\u00e0 m\u1ed9t qu\u00e1 tr\u00ecnh li\u00ean quan \u0111\u1ebfn b\u1ec7nh nh\u00e2n.<\/p>\n<p>Gi\u1ea3i ph\u1eabu th\u1ea9m m\u1ef9 b\u1ee5ng gi\u00fap c\u1ea3i thi\u1ec7n \u0111\u00e1ng k\u1ec3 v\u1ec1 m\u1eb7t th\u1ea9m m\u1ef9. N\u00f3 gi\u00fap b\u1ec7nh nh\u00e2n tho\u1ea3i m\u00e1i h\u01a1n, n\u00e2ng cao ch\u1ea5t l\u01b0\u1ee3ng cu\u1ed9c s\u1ed1ng v\u00e0 s\u1ef1 t\u1ef1 tin cho b\u1ec7nh nh\u00e2n, nh\u1edd \u0111\u00f3 b\u1ec7nh nh\u00e2n c\u00f3 th\u1ec3 ki\u1ec3m so\u00e1t c\u00e2n n\u1eb7ng t\u1ed1t h\u01a1n.<\/p>\n<p>Ngo\u00e0i ra, nh\u1edd \u0111\u01b0\u1ee3c c\u1ea3i thi\u1ec7n ch\u1ee9c n\u0103ng v\u00e0 t\u00e2m l\u00fd, b\u1ec7nh nh\u00e2n c\u00f3 th\u1ec3 \u0111i\u1ec1u ch\u1ec9nh c\u00e2n n\u1eb7ng c\u1ee7a m\u00ecnh d\u1ec5 d\u00e0ng h\u01a1n.<\/p>\n<p>M\u1ee5c \u0111\u00edch c\u1ee7a ph\u1eabu thu\u1eadt n\u00e0y l\u00e0 nh\u1eb1m c\u1ea3i thi\u1ec7n ch\u1ee9 kh\u00f4ng h\u01b0\u1edbng \u0111\u1ebfn m\u1ed9t s\u1ef1 ho\u00e0n h\u1ea3o n\u00e0o c\u1ea3. N\u1ebfu mong mu\u1ed1n c\u1ee7a b\u1ec7nh nh\u00e2n \u0111\u1ee7 th\u1ef1c t\u1ebf, th\u00ec k\u1ebft qu\u1ea3 s\u1ebd l\u00e0m cho b\u1ec7nh nh\u00e2n h\u00e0i l\u00f2ng.<\/p>\n<p>D\u00f9 sao th\u00ec ph\u1eabu thu\u1eadt th\u1ea9m m\u1ef9 b\u1ee5ng c\u0169ng l\u00e0 m\u1ed9t cu\u1ed9c ph\u1eabu thu\u1eadt quan tr\u1ecdng v\u00e0 tinh vi m\u00e0 ch\u1ec9 \u0111\u1ecbnh ph\u1eabu thu\u1eadt \u0111\u00fang \u0111\u1eafn c\u00f9ng v\u1edbi m\u1ee9c \u0111\u1ed9 n\u1eb7ng nh\u1eb9 c\u1ee7a th\u1ee7 thu\u1eadt c\u0169ng kh\u00f4ng th\u1ec3 n\u00e0o \u0111\u1ea3m b\u1ea3o l\u00e0 s\u1ebd kh\u00f4ng c\u00f3 thi\u1ebfu s\u00f3t hay bi\u1ebfn ch\u1ee9ng.<\/p>\n","protected":false},"excerpt":{"rendered":"<p>N\u1ebfu da b\u1ee5ng b\u1ecb x\u1ea5u nhi\u1ec1u, b\u1ee5ng qu\u00e1 to, c\u00f3 nhi\u1ec1u v\u1ebft r\u1ea1n ho\u1eb7c th\u1eadm ch\u00ed c\u00f3 s\u1eb9o th\u00ec ch\u1ec9 h\u00fat m\u1ee1 kh\u00f4ng th\u00f4i th\u00ec ch\u01b0a \u0111\u1ee7 m\u00e0 c\u1ea7n ph\u1ea3i th\u00eam ph\u1eabu thu\u1eadt th\u1ea9m m\u1ef9 th\u00e0nh b\u1ee5ng. Th\u1ee7 thu\u1eadt n\u00e0y nh\u1eb1m c\u1eaft b\u1ecf ph\u1ea7n da x\u1ea5u \u1edf b\u1ee5ng (da b\u1ecb gi\u00e3n, c\u00f3 s\u1eb9o, c\u00f3 v\u1ebft r\u1ea1n) sau \u0111\u00f3 k\u00e9o c\u0103ng ph\u1ea7n da c\u00f2n l\u1ea1i xung quanh \u0111\u1ec3 h\u00ecnh th\u00e0nh da b\u1ee5ng m\u1edbi. Trong qu\u00e1 tr\u00ecnh c\u1eaft b\u1ecf da th\u1eeba, c\u00f3 th\u1ec3 \u0111\u1ed3ng th\u1eddi h\u00fat m\u1ee1 th\u1eeba v\u00e0 \u0111i\u1ec1u tr\u1ecb c\u01a1 th\u00e0nh b\u1ee5ng b\u1ecb h\u01b0 t\u1ed5n (m\u1edf r\u1ed9ng, sa ru\u1ed9t).<\/p>\n<p><a href=\"https:\/\/careme.vn\/wp-content\/uploads\/2020\/09\/unnamed.jpg\"><img loading=\"lazy\" decoding=\"async\" class=\"wp-image-375680 aligncenter\" src=\"https:\/\/careme.vn\/wp-content\/uploads\/2020\/09\/unnamed.jpg\" alt=\"\" width=\"387\" height=\"258\" \/><\/a><\/p>\n","protected":false},"featured_media":374672,"comment_status":"open","ping_status":"closed","template":"","meta":[],"product_cat":[707],"product_tag":[],"class_list":["post-376172","product","type-product","status-publish","has-post-thumbnail","hentry","product_cat-tham-my-tron-goi"],"_links":{"self":[{"href":"https:\/\/careme.vn\/en\/wp-json\/wp\/v2\/product\/376172","targetHints":{"allow":["GET"]}}],"collection":[{"href":"https:\/\/careme.vn\/en\/wp-json\/wp\/v2\/product"}],"about":[{"href":"https:\/\/careme.vn\/en\/wp-json\/wp\/v2\/types\/product"}],"replies":[{"embeddable":true,"href":"https:\/\/careme.vn\/en\/wp-json\/wp\/v2\/comments?post=376172"}],"wp:featuredmedia":[{"embeddable":true,"href":"https:\/\/careme.vn\/en\/wp-json\/wp\/v2\/media\/374672"}],"wp:attachment":[{"href":"https:\/\/careme.vn\/en\/wp-json\/wp\/v2\/media?parent=376172"}],"wp:term":[{"taxonomy":"product_cat","embeddable":true,"href":"https:\/\/careme.vn\/en\/wp-json\/wp\/v2\/product_cat?post=376172"},{"taxonomy":"product_tag","embeddable":true,"href":"https:\/\/careme.vn\/en\/wp-json\/wp\/v2\/product_tag?post=376172"}],"curies":[{"name":"wp","href":"https:\/\/api.w.org\/{rel}","templated":true}]}}