{"id":376175,"date":"2020-09-02T01:35:26","date_gmt":"2020-09-08T08:16:32","guid":{"rendered":"https:\/\/careme.vn\/service\/chinh-sua-mat-2\/"},"modified":"2020-09-17T20:19:52","modified_gmt":"2020-09-17T13:19:52","slug":"chinh-sua-mat-2","status":"publish","type":"product","link":"https:\/\/careme.vn\/en\/product\/chinh-sua-mat-2\/","title":{"rendered":"Ch\u1ec9nh s\u1eeda m\u1eaft"},"content":{"rendered":"<div class=\"title\">\n<h2>C\u1eaft m\u00ed m\u1eaft tr\u00ean l\u00e0 g\u00ec?<\/h2>\n<\/div>\n<div class=\"content desc\">\n<div class=\"the-content desc\">\n<p><strong>C\u1eaft m\u00ed m\u1eaft tr\u00ean<\/strong> hay ph\u1eabu thu\u1eadt <strong>l\u1ea5y da m\u1ee1 th\u1eeba m\u00ed m\u1eaft tr\u00ean<\/strong> l\u00e0 m\u1ed9t trong nh\u1eefng lo\u1ea1i ph\u1eabu thu\u1eadt th\u1ea9m m\u1ef9 ph\u1ed5 bi\u1ebfn nh\u1ea5t, th\u01b0\u1eddng \u0111\u01b0\u1ee3c d\u00f9ng \u0111\u1ec3 l\u1ea5y b\u1ecf da m\u1ee1 th\u1eeba m\u00ed m\u1eaft tr\u00ean do s\u1ef1 l\u00e3o h\u00f3a, nguy\u00ean nh\u00e2n l\u00e0m cho mi m\u1eaft b\u1ea1n tr\u00f4ng c\u00f3 v\u1ebb gi\u00e0 nua, bu\u1ed3n b\u00e3 v\u00e0 m\u1ec7t m\u1ecfi. Di truy\u1ec1n v\u00e0 y\u1ebfu t\u1ed1 m\u00f4i tr\u01b0\u1eddng c\u0169ng c\u00f3 th\u1ec3 l\u00e0m nhanh h\u01a1n qu\u00e1 tr\u00ecnh l\u00e3o h\u00f3a n\u00e0y.<\/p>\n<p>Nh\u1eefng ng\u01b0\u00f2i tr\u1ebb c\u0169ng c\u00f3 th\u1ec3 l\u1ef1a ch\u1ecdn c\u1eaft m\u00ed m\u1eaft tr\u00ean \u0111\u1ec3 lo\u1ea1i b\u1ecf s\u1ef1 s\u01b0ng ph\u1ed3ng c\u1ee7a m\u00ed m\u1eaft do th\u1eeba m\u1ee1 b\u1ea9m sinh. Ngo\u00e0i ra ph\u1eabu thu\u1eadt t\u1ea1o n\u1ebfp m\u00ed \u1edf ng\u01b0\u1eddi ch\u00e2u \u00c1 (<em><strong><a href=\"http:\/\/thammybacsithuan.com\/tham-my-mi-mat\/tao-mat-hai-mi.html\">c\u1eaft m\u1eaft hai m\u00ed<\/a><\/strong><\/em>) c\u0169ng th\u01b0\u1eddng \u0111\u01b0\u1ee3c \u0111\u1ec1 ngh\u1ecb \u0111\u1ec3 t\u00e1i t\u1ea1o l\u1ea1i n\u1ebfp m\u00ed trong tr\u01b0\u1eddng h\u1ee3p kh\u00f4ng c\u00f3 n\u1ebfp m\u00ed, n\u1ebfp m\u00ed qu\u00e1 nh\u1ecf (m\u00ed l\u00f3t) ho\u1eb7c n\u1ebfp m\u00ed hai b\u00ean kh\u00f4ng \u0111\u1ec1u nhau, v\u00e0 cho k\u1ebft qu\u1ea3 th\u1eabm m\u1ef9 cao v\u1edbi m\u1ed9t \u0111\u00f4i m\u1eaft t\u01b0\u01a1i s\u00e1ng v\u00e0 quy\u1ebfn r\u0169 h\u01a1n.<\/p>\n<p><img decoding=\"async\" src=\"http:\/\/thammybacsithuan.com\/vnt_upload\/service\/images\/Dich-vu-tham-my\/Tham-my-mat\/phau-thuat-mi-mat-tren-2.jpg\" alt=\"c\u1eaft mi m\u1eaft tr\u00ean\" border=\"0\" \/><\/p>\n<\/div>\n<\/div>\n","protected":false},"excerpt":{"rendered":"<p>C\u1eaft m\u00ed m\u1eaft kh\u00f4ng ch\u1ec9 \u0111\u01a1n thu\u1ea7n mang \u0111\u1ebfn \u0111\u00f4i m\u1eaft \u0111\u1eb9p \u1ea5n t\u01b0\u1ee3ng. Ph\u01b0\u01a1ng ph\u00e1p n\u00e0y c\u00f2n mang \u0111\u1ebfn c\u00f4ng t\u00e1c d\u1ee5ng l\u1ea5y m\u1ee1 b\u1ecdng m\u1eaft, mang \u0111\u1ebfn v\u1ebb t\u1ef1 nhi\u00ean khi th\u1ea9m m\u1ef9. C\u1eaft m\u00ed m\u1eaft l\u00e0 h\u00ecnh th\u1ee9c t\u1ea1o m\u1eaft hai m\u00ed r\u1ea5t ph\u1ed5 bi\u1ebfn, gi\u00fap m\u1eaft to tr\u00f2n v\u00e0 sinh \u0111\u1ed9ng h\u01a1n. Ph\u01b0\u01a1ng ph\u00e1p n\u00e0y kh\u00e1 \u0111\u01a1n gi\u1ea3n, b\u00e1c s\u0129 s\u1ebd lo\u1ea1i b\u1ecf b\u1edbt da d\u01b0, m\u1ee1 th\u1eeba m\u00ed tr\u00ean, \u0111\u1ed3ng th\u1eddi t\u00e1i t\u1ea1o \u0111\u01b0\u1eddng m\u00ed m\u1edbi s\u00e2u v\u00e0 ph\u00f9 h\u1ee3p g\u01b0\u01a1ng m\u1eb7t.<\/p>\n<p>S\u1ee5p m\u00ed m\u1eaft b\u1ea9m sinh \u2013 nh\u01b0\u1ee3c \u0111i\u1ec3m xu\u1ea5t hi\u1ec7n t\u1eeb khi sinh ra, c\u00f3 th\u1ec3 bi\u1ec3u hi\u1ec7n \u1edf 1 hay c\u1ea3 2 m\u1eaft v\u1edbi c\u00e1c m\u1ee9c \u0111\u1ed9 n\u1eb7ng, nh\u1eb9 kh\u00e1c nhau.<br \/>\nHi\u1ec7n, t\u1eadt s\u1ee5p mi m\u1eaft b\u1ea9m sinh chi\u1ebfm t\u1edbi 75% tr\u01b0\u1eddng h\u1ee3p s\u1ee5p m\u00ed, bi\u1ec3u hi\u1ec7n r\u00f5 nh\u1ea5t \u1edf tr\u1ebb s\u01a1 sinh v\u00e0 ph\u00e1t tri\u1ec3n d\u1ea7n theo th\u1eddi gian.<br \/>\nT\u00ecnh tr\u1ea1ng n\u00e0y l\u00e0 t\u00e1c nh\u00e2n ch\u00ednh g\u00e2y m\u1ea5t th\u1ea9m m\u1ef9 v\u00e0 thi\u1ebfu t\u1ef1 tin, nh\u1ea5t l\u00e0 \u0111\u1ed1i t\u01b0\u1ee3ng tr\u1ebb em. \u0110\u1eb7c bi\u1ec7t, \u1edf nh\u1eefng c\u1ea5p \u0111\u1ed9 n\u1eb7ng t\u00ecnh b\u1ec7nh l\u00fd n\u00e0y c\u00f2n ti\u1ec1m \u1ea9n nguy c\u01a1 g\u00e2y h\u1ea1i cho ch\u1ee9c n\u0103ng m\u1eaft. Do v\u1eady, vi\u1ec7c kh\u1eafc ph\u1ee5c s\u1edbm t\u1eadt s\u1ee5p mi m\u1eaft b\u1ea9m sinh s\u1ebd h\u1ea1n ch\u1ebf t\u1ed1i \u0111a vi\u1ec7c \u1ea3nh h\u01b0\u1edfng t\u1edbi th\u1ec3 l\u1ef1c c\u0169ng nh\u01b0 c\u1ea3i thi\u1ec7n t\u00ednh th\u1ea9m m\u1ef9 tr\u00ean t\u1ed5ng th\u1ec3 g\u01b0\u01a1ng m\u1eb7t. Tuy nhi\u00ean tr\u01b0\u1edbc khi t\u00ecm c\u00e1ch ch\u1eefa tr\u1ecb th\u00edch h\u1ee3p, b\u1ea1n \u0111\u1ecdc c\u0169ng c\u1ea7n hi\u1ec3u r\u00f5 nguy\u00ean nh\u00e2n d\u1eabn t\u1edbi t\u00ecnh tr\u1ea1ng n\u00e0y do \u0111\u00e2u.<\/p>\n<p>1. S\u1ee5p m\u00ed m\u1eaft b\u1ea9m sinh do c\u01a1 n\u00e2ng mi<br \/>\n\u0110\u00e2y l\u00e0 t\u00e1c nh\u00e2n ph\u1ed5 bi\u1ebfn nh\u1ea5t, chi\u1ebfm h\u01a1n 60% t\u1ed5ng s\u1ed1 c\u00e1c tr\u01b0\u1eddng h\u1ee3p s\u1ee5p m\u00ed m\u1eaft b\u1ea9m sinh. T\u00ecnh tr\u1ea1ng lo\u1ea1n ph\u00e1t c\u01a1 n\u00e2ng mi t\u1eeb khi h\u00ecnh th\u00e0nh thai nhi s\u1ebd khi\u1ebfn c\u00e1c s\u1ee3i c\u1ee7a c\u01a1 n\u00e2ng mi \u00edt ho\u1eb7c \u0111\u01b0\u1ee3c thay b\u1eb1ng t\u1ed5 ch\u1ee9c x\u01a1 m\u1ee1. Do \u0111\u00f3, ngay khi sinh ra c\u01a1 n\u00e2ng mi \u0111\u00e3 y\u1ebfu, \u0111\u1ed9 co gi\u00e3n y\u1ebfu, kh\u00f4ng \u0111\u1ee7 kh\u1ea3 n\u0103ng \u0111\u1ec3 m\u00ed m\u1eaft m\u1edf to. Bi\u1ec3u hi\u1ec7n c\u1ee7a t\u00ecnh tr\u1ea1ng n\u00e0y ch\u00ednh l\u00e0 vi\u1ec7c m\u1eaft m\u1ea5t n\u1ebfp m\u00ed, xu\u1ea5t hi\u1ec7n m\u1ee1 m\u00ed v\u00e0 c\u1ea3 n\u1ebfp nh\u0103n t\u1ea1i v\u00f9ng tr\u00e1n.<br \/>\n2. S\u1ee5p m\u00ed m\u1eaft b\u1ea9m sinh do th\u1ea7n kinh<br \/>\nTrong qu\u00e1 tr\u00ecnh h\u00ecnh th\u00e0nh, ph\u00e1t tri\u1ec3n b\u00e0o thai m\u1eafc ph\u1ea3i c\u00e1c tri\u1ec7u ch\u1ee9ng nh\u01b0 li\u1ec7t d\u00e2y th\u1ea7n kinh s\u1ed1 3, li\u1ec7t c\u01a1 muller, s\u1eafc t\u1ed1 m\u1ed1ng m\u1eaft \u00edt,\u2026c\u0169ng l\u00e0 t\u00e1c nh\u00e2n g\u00e2y s\u1ee5p mi m\u1eaft b\u1ea9m sinh.<br \/>\n3. S\u1ee5p mi m\u1eaft b\u1ea9m sinh do ch\u00edt h\u1eb9p mi ho\u1eb7c mi g\u00f3c<br \/>\n\u0110\u00e2y l\u00e0 y\u1ebfu t\u1ed1 mang t\u00ednh di truy\u1ec1n t\u1eeb th\u1ebf th\u1ebf tr\u01b0\u1edbc sang th\u1ebf h\u1ec7 sau. Theo \u0111\u00f3, tr\u1ebb sinh ra c\u00f3 th\u1ec3 b\u1ecb s\u1ee5p m\u00ed, ng\u1eafn khe mi, n\u1ebfp r\u1ebb qu\u1ea1t ng\u1eafn, g\u00f3c m\u1eaft h\u1eb9p,\u2026<\/p>\n","protected":false},"featured_media":375724,"comment_status":"open","ping_status":"closed","template":"","meta":[],"product_cat":[707],"product_tag":[],"class_list":["post-376175","product","type-product","status-publish","has-post-thumbnail","hentry","product_cat-tham-my-tron-goi"],"_links":{"self":[{"href":"https:\/\/careme.vn\/en\/wp-json\/wp\/v2\/product\/376175","targetHints":{"allow":["GET"]}}],"collection":[{"href":"https:\/\/careme.vn\/en\/wp-json\/wp\/v2\/product"}],"about":[{"href":"https:\/\/careme.vn\/en\/wp-json\/wp\/v2\/types\/product"}],"replies":[{"embeddable":true,"href":"https:\/\/careme.vn\/en\/wp-json\/wp\/v2\/comments?post=376175"}],"wp:featuredmedia":[{"embeddable":true,"href":"https:\/\/careme.vn\/en\/wp-json\/wp\/v2\/media\/375724"}],"wp:attachment":[{"href":"https:\/\/careme.vn\/en\/wp-json\/wp\/v2\/media?parent=376175"}],"wp:term":[{"taxonomy":"product_cat","embeddable":true,"href":"https:\/\/careme.vn\/en\/wp-json\/wp\/v2\/product_cat?post=376175"},{"taxonomy":"product_tag","embeddable":true,"href":"https:\/\/careme.vn\/en\/wp-json\/wp\/v2\/product_tag?post=376175"}],"curies":[{"name":"wp","href":"https:\/\/api.w.org\/{rel}","templated":true}]}}