{"id":376177,"date":"2020-09-02T01:35:15","date_gmt":"2020-09-08T08:17:42","guid":{"rendered":"https:\/\/careme.vn\/service\/nang-nguc-noi-soi\/"},"modified":"2020-09-17T20:19:56","modified_gmt":"2020-09-17T13:19:56","slug":"nang-nguc-noi-soi","status":"publish","type":"product","link":"https:\/\/careme.vn\/en\/product\/nang-nguc-noi-soi\/","title":{"rendered":"N\u00e2ng ng\u1ef1c n\u1ed9i soi"},"content":{"rendered":"<p><span style=\"color: #333333; font-size: 23.04px;\">Quy tr\u00ecnh th\u1ef1c hi\u1ec7n<\/span><\/p>\n<section class=\"collapsible-container collapsible-block collapsed screen-sm\">\n<div class=\"body collapsible-target\">\n<p><strong>B\u01b0\u1edbc 1: Th\u0103m kh\u00e1m v\u00e0 t\u01b0 v\u1ea5n<\/strong><\/p>\n<p>\u0110\u1ea7u ti\u00ean, B\u00e1c s\u0129 chuy\u00ean khoa s\u1ebd th\u0103m kh\u00e1m v\u1ec1 t\u00ecnh tr\u1ea1ng v\u00f2ng 1 hi\u1ec7n t\u1ea1i, m\u1ee9c \u0111\u1ed9 da d\u01b0 \u0111\u1ec3 t\u1eeb \u0111\u00f3 t\u01b0 v\u1ea5n k\u00edch th\u01b0\u1edbc t\u00fai v\u00f2ng 1 ph\u00f9 h\u1ee3p nh\u1ea5t, v\u1ecb tr\u00ed \u0111\u1eb7t m\u00f4 c\u1ea5y v\u00e0 lo\u1ea1i t\u00fai v\u00f2ng 1 ph\u00f9 h\u1ee3p.<\/p>\n<p><strong>B\u01b0\u1edbc 2: X\u00e9t nghi\u1ec7m t\u1ed5ng qu\u00e1t<\/strong><\/p>\n<p>Ngay sau khi th\u0103m kh\u00e1m, kh\u00e1ch h\u00e0ng s\u1ebd \u0111\u01b0\u1ee3c ki\u1ec3m tra s\u1ee9c kh\u1ecfe ban \u0111\u1ea7u: L\u00e0m c\u00e1c x\u00e9t nghi\u1ec7m th\u1eed m\u00e1u, ki\u1ec3m tra tim m\u1ea1ch, huy\u1ebft \u00e1p, th\u1eed ph\u1ea3n \u1ee9ng thu\u1ed1c\u2026 \u0111\u1ec3 x\u00e1c \u0111\u1ecbnh kh\u00e1ch h\u00e0ng c\u00f3 \u0111\u1ee7 \u0111i\u1ec1u ki\u1ec7n s\u1ee9c kh\u1ecfe ti\u1ebfn h\u00e0nh th\u1ef1c hi\u1ec7n d\u1ecbch v\u1ee5 hay kh\u00f4ng.<\/p>\n<p><strong>B\u01b0\u1edbc 3:<\/strong> Ti\u1ebfn h\u00e0nh g\u00e2y m\u00ea<\/p>\n<p>C\u00e1c b\u00e1c s\u0129 s\u1ebd ti\u1ebfn h\u00e0nh g\u00e2y m\u00ea, \u0111\u1ea3m b\u1ea3o qu\u00e1 tr\u00ecnh n\u00e2ng v\u00f2ng 1 n\u1ed9i soi di\u1ec5n ra an to\u00e0n, nhanh ch\u00f3ng, gi\u00fap b\u1ec7nh nh\u00e2n c\u1ea3m th\u1ea5y tho\u1ea3i m\u00e1i v\u00e0 th\u01b0 gi\u00e3n nh\u1ea5t trong su\u1ed1t th\u1eddi gian th\u1ef1c hi\u1ec7n ph\u1eabu thu\u1eadt.<\/p>\n<p><strong>B\u01b0\u1edbc 4: Ti\u1ebfn h\u00e0nh ph\u1eabu thu\u1eadt<\/strong><\/p>\n<p>B\u00e1c s\u0129 ph\u1eabu thu\u1eadt se\u0303 ra\u0323ch m\u00f4\u0323t \u0111\u01b0\u01a1\u0300ng nho\u0309 ta\u0323i v\u1ecb tr\u00ed \u0111\u00e3 x\u00e1c \u0111\u1ecbnh sau \u0111o\u0301 \u0111\u01b0a thi\u00ea\u0301t bi\u0323 n\u00f4\u0323i soi va\u0300o ti\u00ea\u0301n ha\u0300nh bo\u0301c ta\u0301ch khoang v\u00f2ng 1, \u0111\u00ea\u0309 \u0111\u01b0a tu\u0301i v\u00f2ng 1 va\u0300o m\u00f4\u0323t ca\u0301ch an toa\u0300n va\u0300 chu\u00e2\u0309n xa\u0301c, tuy\u00ea\u0323t \u0111\u00f4\u0301i kh\u00f4ng ta\u0301c \u0111\u00f4\u0323ng va\u0300o ca\u0301c d\u00e2y th\u00e2\u0300n kinh l\u00e2n c\u00e2\u0323n. \u0110i\u00ea\u0300u na\u0300y ta\u0323o cho kh\u00e1ch h\u00e0ng t\u0103ng size v\u00f2ng 1 nh\u01b0 \u00fd, kh\u00f4ng h\u00ea\u0300 x\u00e2m l\u00e2\u0301n va\u0300 g\u00e2y ca\u0309m gia\u0301c kho\u0301 chi\u0323u.<\/p>\n<p><strong>B\u01b0\u1edbc 5: Ch\u0103m s\u00f3c h\u1eadu ph\u1eabu<\/strong><\/p>\n<p>Sau ph\u1eabu thu\u1eadt n\u00e2ng v\u00f2ng 1 n\u1ed9i soi, b\u1ec7nh nh\u00e2n s\u1ebd \u0111\u01b0\u1ee3c \u0111\u01b0a v\u00e0o ph\u00f2ng ch\u0103m s\u00f3c h\u1eadu ph\u1eabu v\u1edbi \u0111\u1ea7y \u0111\u1ee7 m\u00e1y m\u00f3c h\u1ed7 tr\u1ee3. C\u00e1c b\u00e1c s\u0129 s\u1ebd h\u01b0\u1edbng d\u1eabn ch\u1ebf \u0111\u1ed9 ch\u0103m s\u00f3c sau n\u00e2ng v\u00f2ng 1 \u0111\u00fang c\u00e1ch \u0111\u1ec3 nhanh ch\u00f3ng h\u1ed3i ph\u1ee5c s\u1ee9c kh\u1ecfe, v\u00f2ng 1 \u1ed5n \u0111\u1ecbnh nhanh v\u00e0 \u0111\u1ea3m b\u1ea3o k\u1ebft qu\u1ea3 th\u1ea9m m\u1ef9 t\u1ed1t nh\u1ea5t.<\/p>\n<\/div>\n<\/section>\n<section class=\"collapsible-container collapsible-block collapsed screen-sm\">\n<h2 id=\"bp-normal_expression\" class=\"header collapse-trigger\">Bi\u1ec3u hi\u1ec7n b\u00ecnh th\u01b0\u1eddng sau th\u1ef1c hi\u1ec7n k\u1ef9 thu\u1eadt<\/h2>\n<div class=\"body collapsible-target\">\n<ul>\n<li>C\u1ea3m gi\u00e1c \u0111au khu v\u1ef1c quanh v\u1ebft m\u1ed5 trong v\u00f2ng 24 \u2013 48h \u0111\u1ea7u sau ph\u1eabu thu\u1eadt<\/li>\n<li>C\u00f3 th\u1ec3 b\u1ecb s\u01b0ng n\u1ec1, b\u1ea7m t\u00edm t\u1ea1i v\u00f9ng m\u1ed5<\/li>\n<li>V\u1eadn \u0111\u1ed9ng v\u00f9ng vai, c\u00e1nh tay c\u00f3 th\u1ec3 h\u1ea1n ch\u1ebf do \u0111au v\u00e0 do b\u0103ng \u0111ai c\u1ed1 \u0111\u1ecbnh<\/li>\n<li>Xu\u1ea5t hi\u1ec7n c\u00e1c c\u01a1n \u0111au k\u00e9o d\u00e0i sau ph\u1eabu thu\u1eadt, nguy\u00ean nh\u00e2n l\u00e0 do t\u0103ng th\u1ec3 t\u00edch \u0111\u1ed9t ng\u1ed9t c\u1ee7a ng\u1ef1c<\/li>\n<li>N\u00fam v\u00fa, hay \u0111\u1ea7u v\u00fa b\u1ecb m\u1ea5t \u0111i \u0111\u1ed9 nh\u1ea1y c\u1ea3m (\u00edt g\u1eb7p)<\/li>\n<li>Ng\u1ef1c m\u1ea5t c\u00e2n \u0111\u1ed1i t\u1ea1m th\u1eddi: S\u01b0ng n\u1ec1 kh\u00e1c nhau \u1edf m\u1ed7i b\u00ean, do v\u1eady c\u00f3 th\u1ec3 c\u00f3 t\u00ecnh tr\u1ea1ng m\u1ea5t c\u00e2n \u0111\u1ed1i t\u1ea1m th\u1eddi v\u00f9ng m\u1eb7t sau ph\u1eabu thu\u1eadt \u0111\u1eb7t v\u1eadt li\u1ec7u \u0111\u1ed9ng.<\/li>\n<\/ul>\n<p>H\u00ecnh \u1ea3nh tr\u01b0\u1edbc v\u00e0 sau ph\u1ea9u thu\u1eadt<\/p>\n<p><a href=\"https:\/\/careme.vn\/wp-content\/uploads\/2020\/09\/Freezeframe-Safe-Non-hormonal-Breast-Massage-Cream-Breast-Enlargement-Cream-Non-surgical-Effective-Breast-Enhancer-Big.jpg\"><img loading=\"lazy\" decoding=\"async\" class=\"alignnone size-full wp-image-375959\" src=\"https:\/\/careme.vn\/wp-content\/uploads\/2020\/09\/Freezeframe-Safe-Non-hormonal-Breast-Massage-Cream-Breast-Enlargement-Cream-Non-surgical-Effective-Breast-Enhancer-Big.jpg\" alt=\"\" width=\"790\" height=\"700\" \/><\/a> <a href=\"https:\/\/careme.vn\/wp-content\/uploads\/2020\/09\/nang-nguc-o-hai-phong.jpg\"><img loading=\"lazy\" decoding=\"async\" class=\"alignnone wp-image-375979\" src=\"https:\/\/careme.vn\/wp-content\/uploads\/2020\/09\/nang-nguc-o-hai-phong.jpg\" alt=\"\" width=\"788\" height=\"498\" \/><\/a><\/p>\n<\/div>\n<\/section>\n<section class=\"collapsible-container collapsible-block collapsed screen-sm\">\n<h2 id=\"bp-abnormal_expression\" class=\"header collapse-trigger\"><\/h2>\n<\/section>\n","protected":false},"excerpt":{"rendered":"<p>V\u00f2ng m\u1ed9t c\u0103ng tr\u00f2n, m\u1ecbn m\u00e0ng, quy\u1ebfn r\u0169 kh\u00f4ng ch\u1ec9 t\u0103ng v\u1ebb h\u1ea5p d\u1eabn ph\u1ee5 n\u1eef m\u00e0 c\u00f2n gi\u00fap t\u1eb7ng s\u1ef1 tin c\u0169ng nh\u01b0 t\u00ecm l\u1ea1i c\u1ea3m gi\u00e1c h\u01b0ng ph\u1ea5n trong ch\u0103n g\u1ed1i<\/p>\n<p>C\u00f4ng ngh\u1ec7 trong ph\u1ea9u thu\u1eadt th\u1ea9m m\u1ef9 kh\u00f4ng ch\u1ec9 ng\u00e0y c\u00e0ng hi\u1ec7n \u0111\u1ea1i, an to\u00e0n h\u01a1n v\u00e0 c\u00f2n gi\u00fap c\u1ea3i thi\u1ec7n v\u00f2ng m\u1ed9t ph\u1ee5 n\u1eef ng\u00e0y c\u00e0ng h\u1ea5p d\u1eabn h\u01a1n<\/p>\n<p>Ph\u1ea9u thu\u1eadt ng\u1ef1c n\u1ed9i soi l\u00e0 ph\u01b0\u01a1ng ph\u00e1p an to\u00e0n v\u00e0 hi\u1ec7u qu\u1ea3 cao, gi\u1ea3m thi\u1ec3u x\u00e2m l\u1ea5n v\u00e0 mau ph\u1ee5c h\u1ed3i c\u0169ng nh\u01b0 t\u0103ng t\u00ednh th\u1ea9m m\u1ef9<\/p>\n<p><a href=\"https:\/\/careme.vn\/wp-content\/uploads\/2020\/09\/nang-nguc-an-toan.jpg\"><img loading=\"lazy\" decoding=\"async\" class=\"alignnone size-full wp-image-375975\" src=\"https:\/\/careme.vn\/wp-content\/uploads\/2020\/09\/nang-nguc-an-toan.jpg\" alt=\"\" width=\"600\" height=\"450\" \/> <\/a><img loading=\"lazy\" decoding=\"async\" class=\"alignnone wp-image-375971\" src=\"https:\/\/careme.vn\/wp-content\/uploads\/2020\/09\/nang-nguc-4.jpg\" alt=\"\" width=\"641\" height=\"447\" \/> <img loading=\"lazy\" decoding=\"async\" class=\"\" src=\"\/wp-content\/uploads\/2020\/08\/tieu-chi-lua-chon-dia-chi-nang-nguc-dep.jpg\" alt=\"N\u00e2ng ng\u1ef1c ph\u1ea9u thu\u1eadt\" width=\"641\" height=\"404\" \/><\/p>\n","protected":false},"featured_media":374576,"comment_status":"open","ping_status":"closed","template":"","meta":[],"product_cat":[707],"product_tag":[],"class_list":["post-376177","product","type-product","status-publish","has-post-thumbnail","hentry","product_cat-tham-my-tron-goi"],"_links":{"self":[{"href":"https:\/\/careme.vn\/en\/wp-json\/wp\/v2\/product\/376177","targetHints":{"allow":["GET"]}}],"collection":[{"href":"https:\/\/careme.vn\/en\/wp-json\/wp\/v2\/product"}],"about":[{"href":"https:\/\/careme.vn\/en\/wp-json\/wp\/v2\/types\/product"}],"replies":[{"embeddable":true,"href":"https:\/\/careme.vn\/en\/wp-json\/wp\/v2\/comments?post=376177"}],"wp:featuredmedia":[{"embeddable":true,"href":"https:\/\/careme.vn\/en\/wp-json\/wp\/v2\/media\/374576"}],"wp:attachment":[{"href":"https:\/\/careme.vn\/en\/wp-json\/wp\/v2\/media?parent=376177"}],"wp:term":[{"taxonomy":"product_cat","embeddable":true,"href":"https:\/\/careme.vn\/en\/wp-json\/wp\/v2\/product_cat?post=376177"},{"taxonomy":"product_tag","embeddable":true,"href":"https:\/\/careme.vn\/en\/wp-json\/wp\/v2\/product_tag?post=376177"}],"curies":[{"name":"wp","href":"https:\/\/api.w.org\/{rel}","templated":true}]}}