{"id":376178,"date":"2020-09-02T01:35:14","date_gmt":"2020-09-08T08:19:52","guid":{"rendered":"https:\/\/careme.vn\/service\/nang-mui\/"},"modified":"2020-09-17T20:20:00","modified_gmt":"2020-09-17T13:20:00","slug":"nang-mui","status":"publish","type":"product","link":"https:\/\/careme.vn\/en\/product\/nang-mui\/","title":{"rendered":"N\u00e2ng m\u0169i"},"content":{"rendered":"<p>N\u00e2ng m\u0169i th\u00edch h\u1ee3p v\u1edbi nh\u1eefng tr\u01b0\u1eddng h\u1ee3p sau:<br \/>\n-S\u1ed1ng m\u0169i th\u1ea5p, l\u1ec7ch ho\u1eb7c g\u1ed3<br \/>\n-C\u00e1nh m\u0169i to, d\u00e0y v\u00e0 b\u00e8<br \/>\n-K\u00edch th\u01b0\u1edbc m\u0169i kh\u00f4ng c\u00e2n x\u1ee9ng v\u1edbi khu\u00f4n m\u1eb7t, m\u0169i ng\u1eafn, to ho\u1eb7c l\u1ec7ch<br \/>\n-\u0110\u1ea7u m\u0169i tr\u00f2n, to<br \/>\n-Gi\u1ea3i ph\u1eabu m\u0169i b\u1ea5t th\u01b0\u1eddng (m\u0169i v\u1eb9o, l\u1ed7 m\u0169i kh\u00f4ng \u0111\u1ec1u,\u2026)<br \/>\n-Tr\u01b0\u1eddng h\u1ee3p m\u0169i h\u1ecfng do ph\u1eabu thu\u1eadt t\u1ea1i c\u00e1c c\u01a1 s\u1edf kh\u00f4ng \u0111\u1ea3m b\u1ea3o ho\u1eb7c do ch\u1ea5n th\u01b0\u01a1ng, tai n\u1ea1n.<\/p>\n<p>\u0110\u1eb7c bi\u1ec7t c\u1ea7n tr\u00e1nh can thi\u1ec7p ph\u1eabu thu\u1eadt ch\u1ec9nh h\u00ecnh m\u0169i \u0111\u1ed1i v\u1edbi c\u00e1c \u0111\u1ed1i t\u01b0\u1ee3ng sau:<\/p>\n<p>Ng\u01b0\u1eddi d\u01b0\u1edbi 18 tu\u1ed5i: C\u1ea5u tr\u00fac m\u0169i \u1edf ng\u01b0\u1eddi d\u01b0\u1edbi 18 tu\u1ed5i ch\u01b0a \u1ed5n \u0111\u1ecbnh v\u00e0 ng\u01b0\u1eddi trong \u0111\u1ed9 tu\u1ed5i n\u00e0y ch\u01b0a th\u1ef1c s\u1ef1 \u00fd th\u1ee9c \u0111\u01b0\u1ee3c h\u00e0nh \u0111\u1ed9ng c\u1ee7a b\u1ea3n th\u00e2n. Ch\u00ednh v\u00ec v\u1eady, h\u1ea7u h\u1ebft c\u00e1c ph\u01b0\u01a1ng ph\u00e1p ph\u1eabu thu\u1eadt th\u1ea9m m\u1ef9 \u0111\u1ec1u kh\u00f4ng \u0111\u01b0\u1ee3c th\u1ef1c hi\u1ec7n \u0111\u1ed1i v\u1edbi nh\u00f3m \u0111\u1ed1i t\u01b0\u1ee3ng n\u00e0y.<br \/>\nPh\u1ee5 n\u1eef mang thai, cho con b\u00fa: Thu\u1ed1c g\u00e2y t\u00ea v\u00e0 m\u1ed9t s\u1ed1 lo\u1ea1i thu\u1ed1c d\u00f9ng sau ph\u1eabu thu\u1eadt c\u00f3 th\u1ec3 \u1ea3nh h\u01b0\u1edfng \u0111\u1ebfn thai nhi v\u00e0 ngu\u1ed3n s\u1eefa. Do \u0111\u00f3, ph\u1ee5 n\u1eef mang thai v\u00e0 ng\u01b0\u1eddi \u0111ang cho con b\u00fa kh\u00f4ng n\u00ean can thi\u1ec7p c\u00e1c ph\u01b0\u01a1ng ph\u00e1p th\u1ea9m m\u1ef9.<br \/>\nM\u1ed9t s\u1ed1 b\u1ec7nh l\u00fd n\u1ed9i khoa: Ngo\u00e0i m\u1eafc c\u00e1c b\u1ec7nh l\u00fd n\u1ed9i khoa nh\u01b0 th\u1ea7n kinh, cao huy\u1ebft \u00e1p, ti\u1ec3u \u0111\u01b0\u1eddng, r\u1ed1i lo\u1ea1n \u0111\u00f4ng m\u00e1u,\u2026 c\u00f3 th\u1ec3 g\u1eb7p ph\u1ea3i bi\u1ebfn ch\u1ee9ng khi ph\u1eabu thu\u1eadt th\u1ea9m m\u1ef9. Do \u0111\u00f3 \u0111\u1ec3 \u0111\u1ea3m b\u1ea3o an to\u00e0n, kh\u00f4ng n\u00ean th\u1ef1c hi\u1ec7n c\u00e1c ph\u01b0\u01a1ng ph\u00e1p th\u1ea9m m\u1ef9 x\u00e2m l\u1ea5n.<br \/>\nCh\u1ed1ng ch\u1ec9 \u0111\u1ecbnh n\u00e2ng m\u0169i kh\u00f4ng ph\u1eabu thu\u1eadt:<\/p>\n<p>Nam, n\u1eef d\u01b0\u1edbi 18 tu\u1ed5i<br \/>\nTi\u1ec1n s\u1eed d\u1ecb \u1ee9ng ch\u1ec9 (\u0111\u1ed1i v\u1edbi n\u00e2ng m\u0169i b\u1eb1ng ch\u1ec9) v\u00e0 ch\u1ea5t l\u00e0m \u0111\u1ea7y (\u0111\u1ed1i v\u1edbi ph\u01b0\u01a1ng ph\u00e1p ti\u00eam filler)<\/p>\n","protected":false},"excerpt":{"rendered":"<p>N\u00e2ng m\u0169i l\u00e0 ph\u01b0\u01a1ng ph\u00e1p th\u1ea9m m\u1ef9 m\u0169i ph\u1ed5 bi\u1ebfn. Ph\u01b0\u01a1ng ph\u00e1p n\u00e0y \u0111\u01b0\u1ee3c th\u1ef1c hi\u1ec7n nh\u1eb1m c\u1ea3i thi\u1ec7n c\u00e1c khuy\u1ebft \u0111i\u1ec3m \u1edf v\u00f9ng m\u0169i nh\u01b0 s\u1ed1ng m\u0169i th\u1ea5p, m\u0169i l\u1ec7ch, g\u1ed3, \u0111\u1ea7u m\u0169i tr\u00f2n, to, c\u00e1nh m\u0169i b\u00e8, d\u00e0y, th\u00f4 v\u00e0 qu\u00e1 c\u1ee1 so v\u1edbi khu\u00f4n m\u1eb7t. Hi\u1ec7n nay, n\u00e2ng m\u0169i \u0111\u01b0\u1ee3c chia th\u00e0nh 2 lo\u1ea1i ch\u00ednh: N\u00e2ng m\u0169i kh\u00f4ng ph\u1eabu thu\u1eadt v\u00e0 n\u00e2ng m\u0169i ph\u1ea3i can thi\u1ec7p ph\u1eabu thu\u1eadt x\u00e2m l\u1ea5n.<\/p>\n<p>Trong \u0111\u00f3, n\u00e2ng m\u0169i kh\u00f4ng ph\u1eabu thu\u1eadt s\u1eed d\u1ee5ng ch\u1ec9, m\u1ee1 t\u1ef1 th\u00e2n ho\u1eb7c ch\u1ea5t l\u00e0m \u0111\u1ea7y (filler) \u0111\u1ec3 c\u1ea3i thi\u1ec7n m\u1ed9t s\u1ed1 khuy\u1ebft \u0111i\u1ec3m nh\u1ecf \u1edf v\u00f9ng m\u0169i. Ph\u01b0\u01a1ng ph\u00e1p n\u00e0y th\u00edch h\u1ee3p v\u1edbi tr\u01b0\u1eddng h\u1ee3p m\u0169i kh\u00f4ng c\u00f3 nhi\u1ec1u khuy\u1ebft \u0111i\u1ec3m ho\u1eb7c kh\u00f4ng mu\u1ed1n can thi\u1ec7p ph\u1eabu thu\u1eadt.<\/p>\n<p><a href=\"https:\/\/careme.vn\/wp-content\/uploads\/2020\/09\/Thenaolamuidepchuantylevang5_thumb.jpg\"><img loading=\"lazy\" decoding=\"async\" class=\"alignnone size-full wp-image-375652\" src=\"https:\/\/careme.vn\/wp-content\/uploads\/2020\/09\/Thenaolamuidepchuantylevang5_thumb.jpg\" alt=\"\" width=\"500\" height=\"376\" \/><\/a><br \/>\nNg\u01b0\u1ee3c l\u1ea1i, ph\u1eabu thu\u1eadt n\u00e2ng m\u0169i c\u00f3 th\u1ec3 ch\u1ec9nh s\u1eeda h\u1ea7u h\u1ebft c\u00e1c khuy\u1ebft \u0111i\u1ec3m \u1edf c\u01a1 quan n\u00e0y, t\u1ea1o d\u00e1ng m\u0169i, s\u1ed1ng m\u0169i v\u00e0 \u0111\u1ea7u m\u0169i t\u1ef1 nhi\u00ean, h\u00e0i h\u00f2a. Ph\u1eabu thu\u1eadt n\u00e2ng m\u0169i c\u00f3 nhi\u1ec1u ph\u01b0\u01a1ng ph\u00e1p kh\u00e1c nhau. V\u00ec v\u1eady, b\u1ea1n ho\u00e0n to\u00e0n c\u00f3 th\u1ec3 l\u1ef1a ch\u1ecdn \u0111\u01b0\u1ee3c ph\u01b0\u01a1ng ph\u00e1p ph\u00f9 h\u1ee3p v\u1edbi khuy\u1ebft \u0111i\u1ec3m \u1edf v\u00f9ng m\u0169i, s\u1edf th\u00edch v\u00e0 kh\u1ea3 n\u0103ng t\u00e0i ch\u00ednh.<\/p>\n","protected":false},"featured_media":374567,"comment_status":"open","ping_status":"closed","template":"","meta":[],"product_cat":[707],"product_tag":[],"class_list":["post-376178","product","type-product","status-publish","has-post-thumbnail","hentry","product_cat-tham-my-tron-goi"],"_links":{"self":[{"href":"https:\/\/careme.vn\/en\/wp-json\/wp\/v2\/product\/376178","targetHints":{"allow":["GET"]}}],"collection":[{"href":"https:\/\/careme.vn\/en\/wp-json\/wp\/v2\/product"}],"about":[{"href":"https:\/\/careme.vn\/en\/wp-json\/wp\/v2\/types\/product"}],"replies":[{"embeddable":true,"href":"https:\/\/careme.vn\/en\/wp-json\/wp\/v2\/comments?post=376178"}],"wp:featuredmedia":[{"embeddable":true,"href":"https:\/\/careme.vn\/en\/wp-json\/wp\/v2\/media\/374567"}],"wp:attachment":[{"href":"https:\/\/careme.vn\/en\/wp-json\/wp\/v2\/media?parent=376178"}],"wp:term":[{"taxonomy":"product_cat","embeddable":true,"href":"https:\/\/careme.vn\/en\/wp-json\/wp\/v2\/product_cat?post=376178"},{"taxonomy":"product_tag","embeddable":true,"href":"https:\/\/careme.vn\/en\/wp-json\/wp\/v2\/product_tag?post=376178"}],"curies":[{"name":"wp","href":"https:\/\/api.w.org\/{rel}","templated":true}]}}