{"id":376179,"date":"2020-09-02T01:35:14","date_gmt":"2020-09-08T08:23:08","guid":{"rendered":"https:\/\/careme.vn\/service\/chinh-sua-ham-cam\/"},"modified":"2020-09-17T20:20:06","modified_gmt":"2020-09-17T13:20:06","slug":"chinh-sua-ham-cam","status":"publish","type":"product","link":"https:\/\/careme.vn\/en\/product\/chinh-sua-ham-cam\/","title":{"rendered":"Ch\u1ec9nh s\u1eeda h\u00e0m &#8211; c\u1eb1m"},"content":{"rendered":"<p>Ti\u1ebfn tr\u00ecnh th\u1ef1c hi\u1ec7n ph\u1eabu thu\u1eadt thu g\u1ecdn m\u1eb7t<br \/>\n\u2022 B\u00e1c s\u0129 th\u0103m kh\u00e1m t\u1ed5ng qu\u00e1t nh\u1eefng \u0111\u1eb7c \u0111i\u1ec3m tr\u00ean khu\u00f4n m\u1eb7t c\u1ee7a kh\u00e1ch h\u00e0ng, nh\u1eadn x\u00e9t v\u1ec1 nh\u1eefng khuy\u1ebft \u0111i\u1ec3m c\u1ea7n ch\u1ec9nh s\u1eeda.<br \/>\n\u2022 Kh\u00e1m s\u1ee9c kh\u1ecfe v\u00e0 x\u00e9t nghi\u1ec7m t\u1ed5ng qu\u00e1t, ch\u1ee5p phim X-quang 3 chi\u1ec1u nh\u1eb1m \u0111\u00e1nh gi\u00e1 c\u1ea5u tr\u00fac x\u01b0\u01a1ng h\u00e0m m\u1eb7t m\u1ed9t c\u00e1ch chi ti\u1ebft v\u00e0 ch\u00ednh x\u00e1c tr\u01b0\u1edbc khi ph\u1eabu thu\u1eadt.<br \/>\n\u2022 B\u1ec7nh nh\u00e2n \u0111\u01b0\u1ee3c ph\u1eabu thu\u1eadt d\u01b0\u1edbi g\u00e2y m\u00ea n\u1ed9i kh\u00ed qu\u1ea3n<br \/>\n\u2022 S\u1eed d\u1ee5ng \u0111\u01b0\u1eddng r\u1ea1ch ho\u00e0n to\u00e0n trong mi\u1ec7ng v\u00f9ng h\u00e0m d\u01b0\u1edbi, s\u1eb9o gi\u1ea5u b\u00ean trong mi\u1ec7ng n\u00ean r\u1ea5t th\u1ea9m m\u1ef9<br \/>\n\u2022 Nh\u1eb9 nh\u00e0ng b\u00f3c t\u00e1ch m\u00f4 \u0111\u1ebfn v\u1ecb tr\u00ed x\u01b0\u01a1ng h\u00e0m d\u01b0\u1edbi v\u00e0 x\u01b0\u01a1ng c\u1eb1m c\u1ea7n ph\u1eabu thu\u1eadt.<br \/>\n\u2022 Th\u1ef1c hi\u1ec7n \u0111\u01b0\u1eddng c\u1eaft x\u01b0\u01a1ng b\u1eb1ng m\u00e1y c\u1eaft x\u01b0\u01a1ng si\u00eau \u00e2m chuy\u00ean d\u1ee5ng trong ph\u1eabu thu\u1eadt h\u00e0m m\u1eb7t n\u00ean kh\u00f4ng \u0111au.<br \/>\n\u2022 Hi\u1ec7n nay c\u00f3 nhi\u1ec1u ph\u01b0\u01a1ng ph\u00e1p c\u1eaft x\u01b0\u01a1ng g\u00f3c h\u00e0m cho ph\u00f9 h\u1ee3p v\u1edbi t\u1eebng tr\u01b0\u1eddng h\u1ee3p l\u00e2m s\u00e0ng c\u1ee5 th\u1ec3 nh\u01b0: c\u1eaft x\u01b0\u01a1ng g\u00f3c h\u00e0m d\u1ea1ng \u0111\u01b0\u1eddng cong, \u0111\u01b0\u1eddng c\u1eaft x\u01b0\u01a1ng V-line, c\u1eaft ch\u1ebb d\u1ecdc b\u1ea3n ngo\u00e0i x\u01b0\u01a1ng h\u00e0m d\u01b0\u1edbi k\u1ebft h\u1ee3p v\u1edbi thu nh\u1ecf tr\u01b0\u1ee3t c\u1eb1m v\u00e0 l\u1ea5y kh\u1ed1i m\u1ee1 m\u00e1. T\u00f9y theo y\u00eau c\u1ea7u ho\u1eb7c khu\u00f4n m\u1eb7t c\u1ee7a b\u1ea1n m\u00e0 b\u00e1c s\u0129 s\u1ebd t\u01b0 v\u1ea5n v\u00e0 th\u1ef1c hi\u1ec7n, nh\u1eb1m gi\u00fap b\u1ea1n c\u00f3 khu\u00f4n m\u1eb7t \u0111\u1eb9p v\u00e0 v\u1eeba \u00fd nh\u01b0 mong mu\u1ed1n.<\/p>\n","protected":false},"excerpt":{"rendered":"<p>Ph\u1eabu thu\u1eadt thu g\u1ecdn m\u1eb7t<br \/>\n\u2043 X\u01b0\u01a1ng g\u00f3c h\u00e0m l\u00e0 x\u01b0\u01a1ng n\u1eb1m ph\u00eda d\u01b0\u1edbi tai.X\u01b0\u01a1ng g\u00f3c h\u00e0m to khi\u1ebfn cho \u0111\u01b0\u1eddng vi\u1ec1n c\u1eb1m nh\u00ecn d\u00e0y \u0111\u1ed3ng th\u1eddi l\u00e0m \u0111\u01b0\u1eddng n\u00e9t tr\u00ean m\u1eb7t kh\u00f4ng t\u1ef1 nhi\u00ean v\u00e0 th\u00f4.<br \/>\n\u2043 Ng\u00e0y nay ph\u1eabu thu\u1eadt g\u1ecdt g\u00f3c h\u00e0m l\u00e0 m\u1ed9t ph\u1eabu thu\u1eadt th\u01b0\u1eddng qui trong t\u1ea1o h\u00ecnh g\u01b0\u01a1ng m\u1eb7t tr\u00e1i xoan, V line cho nh\u1eefng ph\u1ee5 n\u1eef \u00c1 \u0110\u00f4ng.<br \/>\n\u2043 G\u1ed3 x\u01b0\u01a1ng v\u00f9ng g\u00f3c h\u00e0m hai b\u00ean t\u1ea1o n\u00ean g\u01b0\u01a1ng m\u1eb7t vu\u00f4ng l\u00e0 \u0111\u1eb7c \u0111i\u1ec3m th\u01b0\u1eddng g\u1eb7p \u1edf ng\u01b0\u1eddi \u00c1 \u0111\u00f4ng. M\u1eb7c d\u00f9, khu\u00f4n m\u1eb7t vu\u00f4ng g\u00f3c c\u1ea1nh kh\u00f4ng \u0111\u01b0\u1ee3c xem l\u00e0 b\u1ec7nh t\u1eadt hay d\u1ecb d\u1ea1ng, tuy nhi\u00ean n\u00f3 \u1ea3nh h\u01b0\u1edfng nhi\u1ec1u \u0111\u1ebfn v\u1ebb th\u1ea9m m\u1ef9 v\u00e0 s\u1ef1 t\u1ef1 tin, \u0111\u1eb7c bi\u1ec7t \u0111\u1ed1i v\u1edbi ph\u1ee5 n\u1eef.<a href=\"https:\/\/careme.vn\/wp-content\/uploads\/2020\/09\/GOT-MAT-V-LINE-03.png\"><img loading=\"lazy\" decoding=\"async\" class=\" wp-image-375665 aligncenter\" src=\"https:\/\/careme.vn\/wp-content\/uploads\/2020\/09\/GOT-MAT-V-LINE-03.png\" alt=\"\" width=\"600\" height=\"505\" \/><\/a><\/p>\n","protected":false},"featured_media":375712,"comment_status":"open","ping_status":"closed","template":"","meta":[],"product_cat":[707],"product_tag":[],"class_list":["post-376179","product","type-product","status-publish","has-post-thumbnail","hentry","product_cat-tham-my-tron-goi"],"_links":{"self":[{"href":"https:\/\/careme.vn\/en\/wp-json\/wp\/v2\/product\/376179","targetHints":{"allow":["GET"]}}],"collection":[{"href":"https:\/\/careme.vn\/en\/wp-json\/wp\/v2\/product"}],"about":[{"href":"https:\/\/careme.vn\/en\/wp-json\/wp\/v2\/types\/product"}],"replies":[{"embeddable":true,"href":"https:\/\/careme.vn\/en\/wp-json\/wp\/v2\/comments?post=376179"}],"wp:featuredmedia":[{"embeddable":true,"href":"https:\/\/careme.vn\/en\/wp-json\/wp\/v2\/media\/375712"}],"wp:attachment":[{"href":"https:\/\/careme.vn\/en\/wp-json\/wp\/v2\/media?parent=376179"}],"wp:term":[{"taxonomy":"product_cat","embeddable":true,"href":"https:\/\/careme.vn\/en\/wp-json\/wp\/v2\/product_cat?post=376179"},{"taxonomy":"product_tag","embeddable":true,"href":"https:\/\/careme.vn\/en\/wp-json\/wp\/v2\/product_tag?post=376179"}],"curies":[{"name":"wp","href":"https:\/\/api.w.org\/{rel}","templated":true}]}}