{"id":379147,"date":"2020-09-08T00:26:01","date_gmt":"2020-09-07T17:26:01","guid":{"rendered":"https:\/\/careme.vn\/the-art-clinic\/"},"modified":"2020-09-21T11:37:25","modified_gmt":"2020-09-21T04:37:25","slug":"the-art-clinic","status":"publish","type":"page","link":"https:\/\/careme.vn\/th\/the-art-clinic\/","title":{"rendered":"The Art Clinic"},"content":{"rendered":"\n  <div class=\"banner has-hover\" id=\"banner-509153901\">\n          <div class=\"banner-inner fill\">\n        <div class=\"banner-bg fill\" >\n            <div class=\"bg fill bg-fill \"><\/div>\n                        <div class=\"overlay\"><\/div>            \n                    <\/div>\n\t\t\n        <div class=\"banner-layers container\">\n            <div class=\"fill banner-link\"><\/div>            \n   <div id=\"text-box-120112683\" class=\"text-box banner-layer x50 md-x50 lg-x50 y50 md-y50 lg-y50 res-text\">\n                                <div class=\"text-box-content text dark\">\n              \n              <div class=\"text-inner text-center\">\n                  \n<h1>The Art Clinic<\/h1>\n<p>85-87 Lat Phrao Rd, Wang Thonglang, Bangkok 10310,<br \/>\n+66 2 625 9000<\/p>\n              <\/div>\n           <\/div>\n                            \n<style>\n#text-box-120112683 {\n  width: 60%;\n}\n#text-box-120112683 .text-box-content {\n  font-size: 100%;\n}\n<\/style>\n    <\/div>\n \n        <\/div>\n      <\/div>\n\n            \n<style>\n#banner-509153901 {\n  padding-top: 800px;\n}\n#banner-509153901 .bg.bg-loaded {\n  background-image: url(https:\/\/careme.vn\/wp-content\/uploads\/2020\/09\/The-Art-Clinic-5-1.jpg);\n}\n#banner-509153901 .overlay {\n  background-color: rgba(0,0,0,.5);\n}\n#banner-509153901 .ux-shape-divider--top svg {\n  height: 150px;\n  --divider-top-width: 100%;\n}\n#banner-509153901 .ux-shape-divider--bottom svg {\n  height: 150px;\n  --divider-width: 100%;\n}\n<\/style>\n  <\/div>\n\n\n\t<section class=\"section\" id=\"section_2004740430\">\n\t\t<div class=\"bg section-bg fill bg-fill  bg-loaded\" >\n\n\t\t\t\n\t\t\t\n\t\t\t\n\n\t\t<\/div>\n\n\t\t\n\n\t\t<div class=\"section-content relative\">\n\t\t\t\n\t<div id=\"gap-1418281994\" class=\"gap-element clearfix\" style=\"display:block; height:auto;\">\n\t\t\n<style>\n#gap-1418281994 {\n  padding-top: 50px;\n}\n<\/style>\n\t<\/div>\n\t\n<div class=\"row align-center\"  id=\"row-231750274\">\n\n\t<div id=\"col-505497968\" class=\"col medium-3 small-10 large-3\"  >\n\t\t\t\t<div class=\"col-inner\"  >\n\t\t\t\n\t\t\t\n<h2><span style=\"font-size: 150%;\">About Us<\/span><\/h2>\n\t\t<\/div>\n\t\t\t\t\n<style>\n#col-505497968 > .col-inner {\n  padding: 0px 10px 0px 0px;\n}\n<\/style>\n\t<\/div>\n\n\t\n\n\t<div id=\"col-2080533592\" class=\"col medium-9 small-10 large-9\"  >\n\t\t\t\t<div class=\"col-inner\"  >\n\t\t\t\n\t\t\t\n<div class=\"center-frame\">\n<p style=\"text-align: justify;\">Ready to serve beauty By a team of specialized doctors and a team of experienced who will provide care\u00a0Analyze problems and make recommendations.\u00a0Honestly in a detailed treatment\u00a0To make your beauty as possible as your heart desires\u00a0We have always cooperated and coordinated with medical techniques and innovations directly from abroad, including medical devices that meet international standards and are safe and able to meet the needs of those who want to be beautiful.<\/p>\n<div class=\"center-me\"><a rel=\"noopener noreferrer\" href=\"\/en\/testimonials-the-art-clinic\/\" target=\"_blank\" class=\"button primary is-underline\"  >\n    <span>Xem h\u00ecnh \u1ea3nh v\u00e0 \u0111\u00e1nh gi\u00e1 v\u1ec1 b\u1ec7nh vi\u1ec7n n\u00e0y<\/span>\n  <\/a>\n\t\t<\/div>\n\t\t\t\t\t<\/div>\n\n\t<\/div>\n<\/div>\n<div class=\"row align-center\"  id=\"row-1989153415\">\n\n\t<div id=\"col-745260078\" class=\"col medium-3 small-10 large-3\"  >\n\t\t\t\t<div class=\"col-inner\"  >\n\t\t\t\n\t\t\t\n<h2><span style=\"font-size: 150%;\">Our Skills<\/span><\/h2>\n<div class=\"strong-rating-wrapper average\"><span class=\"strong-rating-title\">Average Rating:<\/span>         <span class=\"strong-rating\">\n            <span class=\"star0 star current\"><\/span>\n\t\t\t<span class=\"star\"><svg class=\"star_regular\" aria-hidden=\"true\" focusable=\"false\" role=\"img\" xmlns=\"http:\/\/www.w3.org\/2000\/svg\" viewBox=\"-8 -8 584 520\"><path  d=\"M528.1 171.5L382 150.2 316.7 17.8c-11.7-23.6-45.6-23.9-57.4 0L194 150.2 47.9 171.5c-26.2 3.8-36.7 36.1-17.7 54.6l105.7 103-25 145.5c-4.5 26.3 23.2 46 46.4 33.7L288 439.6l130.7 68.7c23.2 12.2 50.9-7.4 46.4-33.7l-25-145.5 105.7-103c19-18.5 8.5-50.8-17.7-54.6zM388.6 312.3l23.7 138.4L288 385.4l-124.3 65.3 23.7-138.4-100.6-98 139-20.2 62.2-126 62.2 126 139 20.2-100.6 98z\"><\/path><\/svg><\/span><span class=\"star\"><svg class=\"star_regular\" aria-hidden=\"true\" focusable=\"false\" role=\"img\" xmlns=\"http:\/\/www.w3.org\/2000\/svg\" viewBox=\"-8 -8 584 520\"><path  d=\"M528.1 171.5L382 150.2 316.7 17.8c-11.7-23.6-45.6-23.9-57.4 0L194 150.2 47.9 171.5c-26.2 3.8-36.7 36.1-17.7 54.6l105.7 103-25 145.5c-4.5 26.3 23.2 46 46.4 33.7L288 439.6l130.7 68.7c23.2 12.2 50.9-7.4 46.4-33.7l-25-145.5 105.7-103c19-18.5 8.5-50.8-17.7-54.6zM388.6 312.3l23.7 138.4L288 385.4l-124.3 65.3 23.7-138.4-100.6-98 139-20.2 62.2-126 62.2 126 139 20.2-100.6 98z\"><\/path><\/svg><\/span><span class=\"star\"><svg class=\"star_regular\" aria-hidden=\"true\" focusable=\"false\" role=\"img\" xmlns=\"http:\/\/www.w3.org\/2000\/svg\" viewBox=\"-8 -8 584 520\"><path  d=\"M528.1 171.5L382 150.2 316.7 17.8c-11.7-23.6-45.6-23.9-57.4 0L194 150.2 47.9 171.5c-26.2 3.8-36.7 36.1-17.7 54.6l105.7 103-25 145.5c-4.5 26.3 23.2 46 46.4 33.7L288 439.6l130.7 68.7c23.2 12.2 50.9-7.4 46.4-33.7l-25-145.5 105.7-103c19-18.5 8.5-50.8-17.7-54.6zM388.6 312.3l23.7 138.4L288 385.4l-124.3 65.3 23.7-138.4-100.6-98 139-20.2 62.2-126 62.2 126 139 20.2-100.6 98z\"><\/path><\/svg><\/span><span class=\"star\"><svg class=\"star_regular\" aria-hidden=\"true\" focusable=\"false\" role=\"img\" xmlns=\"http:\/\/www.w3.org\/2000\/svg\" viewBox=\"-8 -8 584 520\"><path  d=\"M528.1 171.5L382 150.2 316.7 17.8c-11.7-23.6-45.6-23.9-57.4 0L194 150.2 47.9 171.5c-26.2 3.8-36.7 36.1-17.7 54.6l105.7 103-25 145.5c-4.5 26.3 23.2 46 46.4 33.7L288 439.6l130.7 68.7c23.2 12.2 50.9-7.4 46.4-33.7l-25-145.5 105.7-103c19-18.5 8.5-50.8-17.7-54.6zM388.6 312.3l23.7 138.4L288 385.4l-124.3 65.3 23.7-138.4-100.6-98 139-20.2 62.2-126 62.2 126 139 20.2-100.6 98z\"><\/path><\/svg><\/span><span class=\"star\"><svg class=\"star_regular\" aria-hidden=\"true\" focusable=\"false\" role=\"img\" xmlns=\"http:\/\/www.w3.org\/2000\/svg\" viewBox=\"-8 -8 584 520\"><path  d=\"M528.1 171.5L382 150.2 316.7 17.8c-11.7-23.6-45.6-23.9-57.4 0L194 150.2 47.9 171.5c-26.2 3.8-36.7 36.1-17.7 54.6l105.7 103-25 145.5c-4.5 26.3 23.2 46 46.4 33.7L288 439.6l130.7 68.7c23.2 12.2 50.9-7.4 46.4-33.7l-25-145.5 105.7-103c19-18.5 8.5-50.8-17.7-54.6zM388.6 312.3l23.7 138.4L288 385.4l-124.3 65.3 23.7-138.4-100.6-98 139-20.2 62.2-126 62.2 126 139 20.2-100.6 98z\"><\/path><\/svg><\/span>\t\t<\/span>\n\t\t <span class=\"strong-rating-summary\">0.00 stars (based on  ratings)<\/span><\/div>\n\t\t<\/div>\n\t\t\t\t\n<style>\n#col-745260078 > .col-inner {\n  padding: 0px 10px 0px 0px;\n}\n<\/style>\n\t<\/div>\n\n\t\n\n\t<div id=\"col-240025762\" class=\"col medium-9 small-10 large-9\"  >\n\t\t\t\t<div class=\"col-inner\"  >\n\t\t\t\n\t\t\t\n<div class=\"row\"  id=\"row-1807923435\">\n\n\t<div id=\"col-895328943\" class=\"col medium-4 small-12 large-4\"  >\n\t\t\t\t<div class=\"col-inner\"  >\n\t\t\t\n\t\t\t\n<p><strong>Buccal fat bulge surgery\u00a0<\/strong><br \/>\nWhich is the fat of the cheeks where the fat bulge is between The muscle that is responsible for chewing with normal muscles. Where the fat on the cheekbones is different from the fat on the cheekbones That is shallower than.<br \/>\n<strong>Lip, chestnut mouth surgery<\/strong><br \/>\nIn order to have a beautiful natural mouth shape that does not look like a hole with a hole\u00a0Can be sealed completely\u00a0And because the mouth meat has a lot of blood vessels\u00a0After surgery, there is a chance of swelling.\u00a0Clinical trimming was used in conjunction with the Cautery Electrosurgical unit, a tool that can stop bleeding.\u00a0So that the swelling occurs as little as possible<\/p>\n\t\t<\/div>\n\t\t\t\t\t<\/div>\n\n\t\n\n\t<div id=\"col-578388887\" class=\"col medium-4 small-12 large-4\"  >\n\t\t\t\t<div class=\"col-inner\"  >\n\t\t\t\n\t\t\t\n<p><strong>Chin surgery<\/strong><br \/>\nThe doctor will assess the face with the patient.\u00a0After talking with the patient\u00a0Whether the patient wants a face shape such as sweet, sour, sexy\u00a0Or you man\u00a0After that, the doctor will immediately design a face shape.\u00a0About what kind of chin implant this patient should be\u00a0Cover up the spots on the face\u00a0Whether it is square, straight jaw, high cheekbones, roundness of the cheeks\u00a0Including given to the patient&#8217;s forehead, nose, eyes, mouth without making the face look strange or the chin is too long until you see that the chin has been added.<\/p>\n\t\t<\/div>\n\t\t\t\t\t<\/div>\n\n\t\n\n\t<div id=\"col-1407396955\" class=\"col medium-4 small-12 large-4\"  >\n\t\t\t\t<div class=\"col-inner\"  >\n\t\t\t\n\t\t\t\n<p><strong>Thermatide \u00a0<\/strong><br \/>\n<strong>Double eyelid \u00a0<\/strong><br \/>\n<strong>Nose enhancement \u00a0<\/strong><br \/>\n<strong>Chin augmentation \u00a0<\/strong><br \/>\n<strong>Cheek fat cut \u00a0<\/strong><br \/>\n<strong>Spittoon\u00a0 <\/strong><br \/>\n<strong>Dimple \u00a0<\/strong><br \/>\n<strong>Liposuction \u00a0<\/strong><strong><br \/>\nBotox \u00a0Filler \u00a0<\/strong><br \/>\n<strong>IPL laser \u00a0<\/strong><br \/>\n<strong>Permanent hair removal laser \u00a0<\/strong><br \/>\n<strong>Q-SWITCH NDYAG \u00a0<\/strong><br \/>\n<strong>INSKIN \u00a0<\/strong><br \/>\n<strong>CARBOXY \u00a0<\/strong><br \/>\n<strong>SKIN NUTRITION<br \/>\nBreast augmentation<br \/>\n<\/strong>There is a team of medical anesthetists from leading hospitals in charge of the anesthesia \/ Use a life-grade silicone implant that passes the US FDA \/ <span style=\"color: #333333;\">Use a specific technique to stop the bleeding during surgery.\u00a0<\/span><span style=\"color: #333333;\">And do not have to put on a drain to drain the blood due to less bleeding during surgery<\/span><\/p>\n\t\t<\/div>\n\t\t\t\t\t<\/div>\n\n\t\n<\/div>\n\t\t<\/div>\n\t\t\t\t\t<\/div>\n\n\t\n<\/div>\n\t\t<\/div>\n\n\t\t\n<style>\n#section_2004740430 {\n  padding-top: 0px;\n  padding-bottom: 0px;\n  background-color: rgb(246, 246, 246);\n}\n#section_2004740430 .ux-shape-divider--top svg {\n  height: 150px;\n  --divider-top-width: 100%;\n}\n#section_2004740430 .ux-shape-divider--bottom svg {\n  height: 150px;\n  --divider-width: 100%;\n}\n<\/style>\n\t<\/section>\n\t\n\t<section class=\"section dark\" id=\"section_339139567\">\n\t\t<div class=\"bg section-bg fill bg-fill  bg-loaded\" >\n\n\t\t\t\n\t\t\t\n\t\t\t\n\n\t\t<\/div>\n\n\t\t\n\n\t\t<div class=\"section-content relative\">\n\t\t\t\n\n  \n    <div class=\"row large-columns-6 medium-columns-3 small-columns-2 row-full-width slider row-slider slider-nav-reveal\"  data-flickity-options='{\"imagesLoaded\": true, \"groupCells\": \"100%\", \"dragThreshold\" : 5, \"cellAlign\": \"left\",\"wrapAround\": true,\"prevNextButtons\": true,\"percentPosition\": true,\"pageDots\": false, \"rightToLeft\": false, \"autoPlay\" : false}'>\n\n  <div class=\"gallery-col col\" data-animate=\"fadeInRight\">\n          <div class=\"col-inner\">\n            <a class=\"image-lightbox lightbox-gallery\" href=\"https:\/\/careme.vn\/wp-content\/uploads\/2020\/09\/The-Art-Clinic-4.jpg\" title=\"\">            <div class=\"box has-hover gallery-box box-none\">\n              <div class=\"box-image image-cover\" style=\"padding-top:75%;\">\n                <img loading=\"lazy\" decoding=\"async\" width=\"600\" height=\"400\" src=\"https:\/\/careme.vn\/wp-content\/uploads\/2020\/09\/The-Art-Clinic-4.jpg\" class=\"attachment-medium size-medium\" alt=\"\" ids=\"377936,377940,377944,377948,377952\" style=\"none\" type=\"slider\" columns=\"6\" animate=\"fadeInRight\" image_height=\"75%\" \/>                                                              <\/div>\n              <div class=\"box-text text-left\" >\n                 <p><\/p>\n              <\/div>\n            <\/div>\n            <\/a>          <\/div>\n         <\/div><div class=\"gallery-col col\" data-animate=\"fadeInRight\">\n          <div class=\"col-inner\">\n            <a class=\"image-lightbox lightbox-gallery\" href=\"https:\/\/careme.vn\/wp-content\/uploads\/2020\/09\/The-Art-Clinic-1.jpg\" title=\"\">            <div class=\"box has-hover gallery-box box-none\">\n              <div class=\"box-image image-cover\" style=\"padding-top:75%;\">\n                <img loading=\"lazy\" decoding=\"async\" width=\"600\" height=\"400\" src=\"https:\/\/careme.vn\/wp-content\/uploads\/2020\/09\/The-Art-Clinic-1.jpg\" class=\"attachment-medium size-medium\" alt=\"\" ids=\"377936,377940,377944,377948,377952\" style=\"none\" type=\"slider\" columns=\"6\" animate=\"fadeInRight\" image_height=\"75%\" \/>                                                              <\/div>\n              <div class=\"box-text text-left\" >\n                 <p><\/p>\n              <\/div>\n            <\/div>\n            <\/a>          <\/div>\n         <\/div><div class=\"gallery-col col\" data-animate=\"fadeInRight\">\n          <div class=\"col-inner\">\n            <a class=\"image-lightbox lightbox-gallery\" href=\"https:\/\/careme.vn\/wp-content\/uploads\/2020\/09\/The-Art-Clinic-2.jpg\" title=\"\">            <div class=\"box has-hover gallery-box box-none\">\n              <div class=\"box-image image-cover\" style=\"padding-top:75%;\">\n                <img loading=\"lazy\" decoding=\"async\" width=\"600\" height=\"400\" src=\"https:\/\/careme.vn\/wp-content\/uploads\/2020\/09\/The-Art-Clinic-2.jpg\" class=\"attachment-medium size-medium\" alt=\"\" ids=\"377936,377940,377944,377948,377952\" style=\"none\" type=\"slider\" columns=\"6\" animate=\"fadeInRight\" image_height=\"75%\" \/>                                                              <\/div>\n              <div class=\"box-text text-left\" >\n                 <p><\/p>\n              <\/div>\n            <\/div>\n            <\/a>          <\/div>\n         <\/div><div class=\"gallery-col col\" data-animate=\"fadeInRight\">\n          <div class=\"col-inner\">\n            <a class=\"image-lightbox lightbox-gallery\" href=\"https:\/\/careme.vn\/wp-content\/uploads\/2020\/09\/The-Art-Clinic-3.jpg\" title=\"\">            <div class=\"box has-hover gallery-box box-none\">\n              <div class=\"box-image image-cover\" style=\"padding-top:75%;\">\n                <img loading=\"lazy\" decoding=\"async\" width=\"533\" height=\"400\" src=\"https:\/\/careme.vn\/wp-content\/uploads\/2020\/09\/The-Art-Clinic-3.jpg\" class=\"attachment-medium size-medium\" alt=\"\" ids=\"377936,377940,377944,377948,377952\" style=\"none\" type=\"slider\" columns=\"6\" animate=\"fadeInRight\" image_height=\"75%\" \/>                                                              <\/div>\n              <div class=\"box-text text-left\" >\n                 <p><\/p>\n              <\/div>\n            <\/div>\n            <\/a>          <\/div>\n         <\/div><div class=\"gallery-col col\" data-animate=\"fadeInRight\">\n          <div class=\"col-inner\">\n            <a class=\"image-lightbox lightbox-gallery\" href=\"https:\/\/careme.vn\/wp-content\/uploads\/2020\/09\/The-Art-Clinic-5-2.jpg\" title=\"\">            <div class=\"box has-hover gallery-box box-none\">\n              <div class=\"box-image image-cover\" style=\"padding-top:75%;\">\n                <img loading=\"lazy\" decoding=\"async\" width=\"600\" height=\"400\" src=\"https:\/\/careme.vn\/wp-content\/uploads\/2020\/09\/The-Art-Clinic-5-2.jpg\" class=\"attachment-medium size-medium\" alt=\"\" ids=\"377936,377940,377944,377948,377952\" style=\"none\" type=\"slider\" columns=\"6\" animate=\"fadeInRight\" image_height=\"75%\" \/>                                                              <\/div>\n              <div class=\"box-text text-left\" >\n                 <p><\/p>\n              <\/div>\n            <\/div>\n            <\/a>          <\/div>\n         <\/div><\/div>\n\t\t<\/div>\n\n\t\t\n<style>\n#section_339139567 {\n  padding-top: 0px;\n  padding-bottom: 0px;\n  background-color: rgb(255, 255, 255);\n}\n#section_339139567 .ux-shape-divider--top svg {\n  height: 150px;\n  --divider-top-width: 100%;\n}\n#section_339139567 .ux-shape-divider--bottom svg {\n  height: 150px;\n  --divider-width: 100%;\n}\n<\/style>\n\t<\/section>\n\t\n<div class=\"row row-collapse row-full-width\"  id=\"row-106122916\">\n\n\t<div id=\"col-1597093352\" class=\"col small-12 large-12\"  >\n\t\t\t\t<div class=\"col-inner\"  >\n\t\t\t\n\t\t\t\n<h2 style=\"text-align: center;\"><span style=\"color: #ffffff;\">B\u00c1C S\u0128 PH\u1ee4 TR\u00c1CH<\/span><\/h2>\n<div class=\"text-center\"><div class=\"is-divider divider clearfix\" style=\"margin-top:1.4em;margin-bottom:1.4em;max-width:145px;height:2px;background-color:rgb(50, 208, 0);\"><\/div><\/div>\n<div class=\"row row-collapse row-full-width align-center\"  id=\"row-1635688026\">\n\n\t<div id=\"col-2127834363\" class=\"col small-9 large-12\"  >\n\t\t\t\t<div class=\"col-inner\"  >\n\t\t\t\n\t\t\t\n\t<div class=\"ex-tplist  column-6 style-20 fct-modal extp-masonry\" id =\"extp-1897\">\r\n\t\t                <div class=\"ctgrid\">\r\n\t\t<div class=\"item-grid\" data-id=\"ex_id-extp-1897-378000\"> \t\t\t\t\t<div class=\"exp-arrow \" \r\n\t\t\t\t\t >\r\n\t\t\t\t\t\t\t\t\t\t\t\t<figure class=\"tpstyle-20 tpstyle-20-blue tppost-378000\">\r\n  <div class=\"tpstyle-20-image\">\r\n    <a href=\"https:\/\/careme.vn\/th\/member\/dr-wisrut-tanphattanarat-md\/\" class=\"\">\r\n      <img loading=\"lazy\" decoding=\"async\" width=\"400\" height=\"430\" src=\"https:\/\/careme.vn\/wp-content\/uploads\/2020\/09\/Dr.-Wisrut-Tanphattanarat-MD..jpg\" class=\"attachment-full size-full wp-post-image\" alt=\"\" \/>          <\/a>\r\n    <div class=\"tpstyle-20-icons\">\r\n      <ul class ='ex-social-account'><\/ul>    <\/div>\r\n  <\/div>\r\n  <figcaption>\r\n    <h3><a href=\"https:\/\/careme.vn\/th\/member\/dr-wisrut-tanphattanarat-md\/\">Dr. Wisrut Tanphattanarat, MD.<\/a><\/h3>\r\n            <h5>PH\u1eaaU THU\u1eacT TH\u1ea8M M\u1ef8<\/h5>\r\n        \t<p>Ti\u1ebfn s\u0129 Y khoa, \u0110\u1ea1i h\u1ecdc Khonkaen, Th\u00e1i Lan, 1993<\/p>\r\n\t  <\/figcaption>\r\n  <\/figure>\r\n\t\t\t\t\t<div class=\"exclearfix\"><\/div>\r\n\t\t\t\t\t<\/div>\r\n\t\t\t\t\t<\/div><div class=\"item-grid\" data-id=\"ex_id-extp-1897-377995\"> \t\t\t\t\t<div class=\"exp-arrow \" \r\n\t\t\t\t\t >\r\n\t\t\t\t\t\t\t\t\t\t\t\t<figure class=\"tpstyle-20 tpstyle-20-blue tppost-377995\">\r\n  <div class=\"tpstyle-20-image\">\r\n    <a href=\"https:\/\/careme.vn\/th\/member\/dr-krairit-tiyakul-2\/\" class=\"\">\r\n      <img loading=\"lazy\" decoding=\"async\" width=\"400\" height=\"430\" src=\"https:\/\/careme.vn\/wp-content\/uploads\/2020\/09\/Dr.-channuan.jpg\" class=\"attachment-full size-full wp-post-image\" alt=\"\" \/>          <\/a>\r\n    <div class=\"tpstyle-20-icons\">\r\n      <ul class ='ex-social-account'><\/ul>    <\/div>\r\n  <\/div>\r\n  <figcaption>\r\n    <h3><a href=\"https:\/\/careme.vn\/th\/member\/dr-krairit-tiyakul-2\/\">Dr. Thammarat Channuan, MD.<\/a><\/h3>\r\n            <h5>PH\u1eaaU THU\u1eacT TH\u1ea8M M\u1ef8<\/h5>\r\n        \t<p>Ti\u1ebfn s\u0129 Y khoa, \u0110\u1ea1i h\u1ecdc Khonkaen, Th\u00e1i Lan, 1993<\/p>\r\n\t  <\/figcaption>\r\n  <\/figure>\r\n\t\t\t\t\t<div class=\"exclearfix\"><\/div>\r\n\t\t\t\t\t<\/div>\r\n\t\t\t\t\t<\/div>\t\t<\/div>\r\n\t\t\t\t\t<div class=\"ex-overlay\"><\/div>\r\n\t        <div class=\"ex-hidden\" id =\"md-extp-1897\">\r\n            \t<div class=\"exp-mdcontaner\"><div class=\"item-modl\" id=\"ex_id-extp-1897-378000\"><div class=\"exp-modal-info\">\r\n\t<div class=\"exp-modal-image\">\r\n\t\t<a href=\"https:\/\/careme.vn\/th\/member\/dr-wisrut-tanphattanarat-md\/\"><img loading=\"lazy\" decoding=\"async\" width=\"400\" height=\"430\" src=\"https:\/\/careme.vn\/wp-content\/uploads\/2020\/09\/Dr.-Wisrut-Tanphattanarat-MD..jpg\" class=\"attachment-full size-full wp-post-image\" alt=\"\" \/><\/a>\r\n\t<\/div>\r\n\t<div class=\"exp-modal-des\">\r\n\t\t<h3><a href=\"https:\/\/careme.vn\/th\/member\/dr-wisrut-tanphattanarat-md\/\">Dr. Wisrut Tanphattanarat, MD.<\/a><\/h3>\r\n\t\t\t\t<div class=\"exp-modal-meta\">\r\n\t        <div class=\"exp-modal-social\">\r\n\t\t\t\t<ul class ='ex-social-account'><\/ul>\t\t\t<\/div>\r\n\t\t\t\t          <h5 class=\"exp-tooltip_pos\"><span>Position: <\/span>PH\u1eaaU THU\u1eacT TH\u1ea8M M\u1ef8<\/h5>\r\n\t      \t\t      \t\t\t\t\t\t\t\r\n\t\t<\/div>\r\n\t\t<p><blockquote><p><strong>CHUY\u00caN KHOA:<\/strong><\/p><\/blockquote>\n<ul>\n<li>MS of Dermatology<\/li>\n<\/ul>\n<blockquote><p><strong>KINH NGHI\u1ec6M L\u00c0M VI\u1ec6C:<br \/>\n<\/strong><\/p><\/blockquote>\n<ul>\n<li>Doctor of Medicine\u00a0Mahidol University<\/li>\n<li>Aesthetic and Anti-Aging Medicine<\/li>\n<li>Aesthetic skin specialist\u00a0And the adjustment of the face shape<\/li>\n<li>Experience with thousands of botox, filler and thread injections.<\/li>\n<\/ul>\n<\/p>\r\n\t<\/div>\r\n<\/div><\/div><div class=\"item-modl\" id=\"ex_id-extp-1897-377995\"><div class=\"exp-modal-info\">\r\n\t<div class=\"exp-modal-image\">\r\n\t\t<a href=\"https:\/\/careme.vn\/th\/member\/dr-krairit-tiyakul-2\/\"><img loading=\"lazy\" decoding=\"async\" width=\"400\" height=\"430\" src=\"https:\/\/careme.vn\/wp-content\/uploads\/2020\/09\/Dr.-channuan.jpg\" class=\"attachment-full size-full wp-post-image\" alt=\"\" \/><\/a>\r\n\t<\/div>\r\n\t<div class=\"exp-modal-des\">\r\n\t\t<h3><a href=\"https:\/\/careme.vn\/th\/member\/dr-krairit-tiyakul-2\/\">Dr. Thammarat Channuan, MD.<\/a><\/h3>\r\n\t\t\t\t<div class=\"exp-modal-meta\">\r\n\t        <div class=\"exp-modal-social\">\r\n\t\t\t\t<ul class ='ex-social-account'><\/ul>\t\t\t<\/div>\r\n\t\t\t\t          <h5 class=\"exp-tooltip_pos\"><span>Position: <\/span>PH\u1eaaU THU\u1eacT TH\u1ea8M M\u1ef8<\/h5>\r\n\t      \t\t      \t\t\t\t\t\t\t\r\n\t\t<\/div>\r\n\t\t<p><blockquote><p><strong>CHUY\u00caN KHOA:<\/strong><\/p><\/blockquote>\n<ul>\n<li>MS of Dermatology: The only one in my year who has been teaching one-to-one liposuction techniques for 2 years with a specialized liposuction medical teacher.<\/li>\n<\/ul>\n<blockquote><p><strong>KINH NGHI\u1ec6M L\u00c0M VI\u1ec6C:<br \/>\n<\/strong><\/p><\/blockquote>\n<ul>\n<li>Doctor of Medicine\u00a0Mahidol University and Aesthetic and Anti-Aging Medicine Program<\/li>\n<li>Specialist Dermatologist and Aesthetic, Liposuction, Fillers, Thread Lift, and Skin<\/li>\n<li>Member of the Thai Society of Cosmetic Dermatology and Surgery<\/li>\n<\/ul>\n<\/p>\r\n\t<\/div>\r\n<\/div><\/div><\/div>\r\n                <div class=\"extp-mdbutton\">\r\n                \t<div class=\"extp-mdleft\"><\/div>\r\n                    <div class=\"extp-mdright\"><\/div>\r\n                    <div class=\"extp-mdclose\">&nbsp;<\/div>\r\n                <\/div>\r\n            <\/div>\r\n\t            \r\n\t\t\t\t\t<div class=\"extp-pagination-parent\">\r\n\t\t\t<div class=\"extp-pagination\">\r\n\t\t\t\t\t<input type=\"hidden\"  name=\"id_grid\" value=\"extp-1897\">\r\n\t\t\t\t\t<input type=\"hidden\"  name=\"num_page\" value=\"1\">\r\n\t\t\t\t\t<input type=\"hidden\"  name=\"num_page_uu\" value=\"1\">\r\n\t\t\t\t\t<input type=\"hidden\"  name=\"current_page\" value=\"1\">\r\n\t\t\t\t\t<input type=\"hidden\"  name=\"ajax_url\" value=\"https:\/\/careme.vn\/wp-admin\/admin-ajax.php\">\r\n\t\t\t\t\t<input type=\"hidden\"  name=\"param_query\" value=\"{&quot;post_type&quot;:[&quot;ex_team&quot;],&quot;posts_per_page&quot;:&quot;6&quot;,&quot;post_status&quot;:[&quot;publish&quot;,&quot;future&quot;],&quot;tag&quot;:&quot;&quot;,&quot;order&quot;:&quot;&quot;,&quot;orderby&quot;:&quot;&quot;,&quot;meta_key&quot;:&quot;&quot;,&quot;ignore_sticky_posts&quot;:1,&quot;tax_query&quot;:[{&quot;taxonomy&quot;:&quot;extp_cat&quot;,&quot;field&quot;:&quot;slug&quot;,&quot;terms&quot;:[&quot;the-art-clinic&quot;]}]}\">\r\n\t\t\t\t\t<input type=\"hidden\"  name=\"param_ids\" value=\"[378000,377995]\">\r\n\t\t\t\t\t<input type=\"hidden\" id=\"param_shortcode\" name=\"param_shortcode\" value=\"{&quot;style&quot;:&quot;20&quot;,&quot;column&quot;:&quot;6&quot;,&quot;count&quot;:&quot;50&quot;,&quot;posts_per_page&quot;:&quot;6&quot;,&quot;cat&quot;:&quot;the-art-clinic&quot;,&quot;category_style&quot;:&quot;&quot;,&quot;order_cat&quot;:&quot;&quot;,&quot;location_box&quot;:&quot;&quot;,&quot;location_style&quot;:&quot;&quot;,&quot;order_location&quot;:&quot;&quot;,&quot;alphab_filter&quot;:&quot;&quot;,&quot;page_navi&quot;:&quot;&quot;,&quot;number_excerpt&quot;:&quot;50&quot;,&quot;masonry&quot;:&quot;yes&quot;,&quot;0&quot;:&quot;order=\\&quot;ASC\\&quot;orderby=\\&quot;title\\&quot;&quot;,&quot;1&quot;:&quot;meta_key=\\&quot;\\&quot;,&quot;,&quot;fullcontent_in&quot;:&quot;modal&quot;,&quot;ID&quot;:&quot;extp-1897&quot;}\">\r\n\t\t\t\t<\/div>\t\t\t<\/div>\r\n\t\t\t<\/div>\r\n\t\n\t\t<\/div>\n\t\t\t\t\t<\/div>\n\n\t\n\n<style>\n#row-1635688026 > .col > .col-inner {\n  padding: 0px 20px 0px 20px;\n}\n<\/style>\n<\/div>\n\t\t<\/div>\n\t\t\t\t\t<\/div>\n\n\t\n\n<style>\n#row-106122916 > .col > .col-inner {\n  padding: 20px 0px 0px 0px;\n  background-color: rgb(40, 40, 40);\n}\n<\/style>\n<\/div>\n<div class=\"row row-collapse row-full-width\"  id=\"row-2125228804\">\n\n\t<div id=\"col-1811001682\" class=\"col small-12 large-12\"  >\n\t\t\t\t<div class=\"col-inner text-center\"  >\n\t\t\t\n\t\t\t\n<h2><span style=\"color: #069100;\">Testimonials<\/span><\/h2>\n\n\t<div id=\"gap-847267949\" class=\"gap-element clearfix\" style=\"display:block; height:auto;\">\n\t\t\n<style>\n#gap-847267949 {\n  padding-top: 30px;\n}\n<\/style>\n\t<\/div>\n\t\n<a href=\"\/en\/testimonials-the-art-clinic\" target=\"_self\" class=\"button primary\"  >\n    <span>View all &amp; Leave a review<\/span>\n  <\/a>\n\n\t\t<\/div>\n\t\t\t\t\n<style>\n#col-1811001682 > .col-inner {\n  padding: 20px 30px 10px 30px;\n}\n<\/style>\n\t<\/div>\n\n\t\n\n<style>\n#row-2125228804 > .col > .col-inner {\n  background-color: rgb(201, 201, 201);\n}\n<\/style>\n<\/div>\n<\/div>\n","protected":false},"excerpt":{"rendered":"","protected":false},"author":1,"featured_media":0,"parent":0,"menu_order":0,"comment_status":"closed","ping_status":"closed","template":"page-blank.php","meta":{"footnotes":""},"class_list":["post-379147","page","type-page","status-publish","hentry"],"_links":{"self":[{"href":"https:\/\/careme.vn\/th\/wp-json\/wp\/v2\/pages\/379147","targetHints":{"allow":["GET"]}}],"collection":[{"href":"https:\/\/careme.vn\/th\/wp-json\/wp\/v2\/pages"}],"about":[{"href":"https:\/\/careme.vn\/th\/wp-json\/wp\/v2\/types\/page"}],"author":[{"embeddable":true,"href":"https:\/\/careme.vn\/th\/wp-json\/wp\/v2\/users\/1"}],"replies":[{"embeddable":true,"href":"https:\/\/careme.vn\/th\/wp-json\/wp\/v2\/comments?post=379147"}],"version-history":[{"count":0,"href":"https:\/\/careme.vn\/th\/wp-json\/wp\/v2\/pages\/379147\/revisions"}],"wp:attachment":[{"href":"https:\/\/careme.vn\/th\/wp-json\/wp\/v2\/media?parent=379147"}],"curies":[{"name":"wp","href":"https:\/\/api.w.org\/{rel}","templated":true}]}}