{"id":378271,"date":"2020-02-21T15:18:33","date_gmt":"2020-02-21T08:18:33","guid":{"rendered":"https:\/\/careme.vn\/contact\/"},"modified":"2020-09-17T17:34:26","modified_gmt":"2020-09-17T10:34:26","slug":"contact","status":"publish","type":"page","link":"https:\/\/careme.vn\/zh-hans\/contact\/","title":{"rendered":"Contact"},"content":{"rendered":"\r\n<div class=\"row\"  id=\"row-139481804\"> \n\t<div id=\"col-1861432691\" class=\"col medium-6 small-12 large-6\"  >\n\t\t\t\t<div class=\"col-inner\"  >\n\t\t\t\n\t\t\t\r\n<h3><i class=\"fa fa-envelope-o\"><\/i>H\u00e3y g\u1eedi c\u00e2u h\u1ecfi \u0111\u1ebfn ch\u00fang t\u00f4i:<\/h3>\r\n<p>Care-me s\u1ebd tr\u1ea3 l\u1eddi m\u1ecdi th\u1eafc m\u1eafc c\u1ee7a b\u1ea1n v\u1ec1:<br \/>&#8211; T\u01b0 v\u1ea5n v\u1ec1 b\u1ec7nh vi\u1ec7n, b\u00e1c s\u0129, th\u00f4ng tin y khoa<br \/>&#8211; Ph\u1ea3n h\u1ed3i ch\u1ea5t l\u01b0\u1ee3ng d\u1ecbch v\u1ee5 c\u1ee7a Carme ho\u1eb7c b\u1ec7nh vi\u1ec7n, b\u00e1c s\u0129 \u0111i\u1ec1u tr\u1ecb<br \/>&#8211; Tham gia l\u00e0m c\u1ed9ng t\u00e1c vi\u00ean<\/p>\r\n<div class=\"wpcf7 no-js\" id=\"wpcf7-f2736-o1\" lang=\"en-US\" dir=\"ltr\">\n<div class=\"screen-reader-response\"><p role=\"status\" aria-live=\"polite\" aria-atomic=\"true\"><\/p> <ul><\/ul><\/div>\n<form action=\"\/zh-hans\/wp-json\/wp\/v2\/pages\/378271#wpcf7-f2736-o1\" method=\"post\" class=\"wpcf7-form init\" aria-label=\"Contact form\" novalidate=\"novalidate\" data-status=\"init\">\n<div style=\"display: none;\">\n<input type=\"hidden\" name=\"_wpcf7\" value=\"2736\" \/>\n<input type=\"hidden\" name=\"_wpcf7_version\" value=\"5.7.1\" \/>\n<input type=\"hidden\" name=\"_wpcf7_locale\" value=\"en_US\" \/>\n<input type=\"hidden\" name=\"_wpcf7_unit_tag\" value=\"wpcf7-f2736-o1\" \/>\n<input type=\"hidden\" name=\"_wpcf7_container_post\" value=\"0\" \/>\n<input type=\"hidden\" name=\"_wpcf7_posted_data_hash\" value=\"\" \/>\n<\/div>\n<div class=\"form-flat\">\n\t<p><span class=\"wpcf7-form-control-wrap\" data-name=\"your-name\"><input size=\"40\" class=\"wpcf7-form-control wpcf7-text wpcf7-validates-as-required\" aria-required=\"true\" aria-invalid=\"false\" placeholder=\"H\u1ecd v\u00e0 t\u00ean (*)\" value=\"\" type=\"text\" name=\"your-name\" \/><\/span>\n\t<\/p>\n\t<p><span class=\"wpcf7-form-control-wrap\" data-name=\"your-email\"><input size=\"40\" class=\"wpcf7-form-control wpcf7-text wpcf7-email wpcf7-validates-as-email\" aria-invalid=\"false\" placeholder=\"Email\" value=\"\" type=\"email\" name=\"your-email\" \/><\/span>\n\t<\/p>\n\t<p><span class=\"wpcf7-form-control-wrap\" data-name=\"inthoi\"><input size=\"40\" class=\"wpcf7-form-control wpcf7-text wpcf7-tel wpcf7-validates-as-required wpcf7-validates-as-tel\" aria-required=\"true\" aria-invalid=\"false\" placeholder=\"\u0110i\u1ec7n tho\u1ea1i (*)\" value=\"\" type=\"tel\" name=\"inthoi\" \/><\/span>\n\t<\/p>\n\t<p><span class=\"wpcf7-form-control-wrap\" data-name=\"your-message\"><textarea cols=\"40\" rows=\"10\" class=\"wpcf7-form-control wpcf7-textarea\" aria-invalid=\"false\" placeholder=\"L\u1eddi nh\u1eafn c\u1ee7a b\u1ea1n (*)\" name=\"your-message\"><\/textarea><\/span>\n\t<\/p>\n\t<p><input class=\"wpcf7-form-control has-spinner wpcf7-submit button\" type=\"submit\" value=\"G\u1eecI TH\u00d4NG TIN\" \/>\n\t<\/p>\n<\/div><p style=\"display: none !important;\" class=\"akismet-fields-container\" data-prefix=\"_wpcf7_ak_\"><label>&#916;<textarea name=\"_wpcf7_ak_hp_textarea\" cols=\"45\" rows=\"8\" maxlength=\"100\"><\/textarea><\/label><input type=\"hidden\" id=\"ak_js_1\" name=\"_wpcf7_ak_js\" value=\"182\"\/><script>document.getElementById( \"ak_js_1\" ).setAttribute( \"value\", ( new Date() ).getTime() );<\/script><\/p><div class=\"wpcf7-response-output\" aria-hidden=\"true\"><\/div><\/form><\/div> \t\t<\/div>\n\t\t\t\t\t<\/div>\n\n\t \n\t<div id=\"col-1339280392\" class=\"col medium-6 small-12 large-6\"  >\n\t\t\t\t<div class=\"col-inner text-left\"  >\n\t\t\t\n\t\t\t\r\n<div style=\"text-align: center; text-shadow: 0px 0px 0px grey;\">\r\n<h3>CAREME INTERNATIONAL HEALTH CARE SERVICES<\/h3>\r\n<div class=\"social-icons follow-icons\" ><a href=\"sotel\" target=\"_blank\" data-label=\"Facebook\" rel=\"noopener noreferrer nofollow\" class=\"icon button circle is-outline facebook tooltip\" title=\"Follow on Facebook\" aria-label=\"Follow on Facebook\"><i class=\"icon-facebook\" ><\/i><\/a><a href=\"sotel\" target=\"_blank\" data-label=\"Twitter\" rel=\"noopener noreferrer nofollow\" class=\"icon button circle is-outline  twitter tooltip\" title=\"Follow on Twitter\" aria-label=\"Follow on Twitter\"><i class=\"icon-twitter\" ><\/i><\/a><a href=\"mailto:us@careme.vn\" data-label=\"E-mail\" rel=\"nofollow\" class=\"icon button circle is-outline  email tooltip\" title=\"Send us an email\" aria-label=\"Send us an email\"><i class=\"icon-envelop\" ><\/i><\/a><a href=\"tel:+84799567444\" target=\"_blank\" data-label=\"Phone\" rel=\"noopener noreferrer nofollow\" class=\"icon button circle is-outline  phone tooltip\" title=\"Call us\" aria-label=\"Call us\"><i class=\"icon-phone\" ><\/i><\/a><\/div> <br \/><br \/>\r\n<p style=\"text-align: left;\"><strong>CAREME GERMANY: FRANKFURT HERRIOT&#8217;S<\/strong> <br \/>Herriotstra\u00dfe 1, 2nd Floor, 60528 Frankfurt, Germany <br \/>+49 (0)211 3878 9809<br \/><br \/><strong>CAREME THAI LAN: SPACES CHAMCHURI SQUARE, BANGKOK<\/strong> <br \/>24th Floor, Chamchuri Square Building<br \/>319 Phayathai Road, Pathumwan , Bangkok 10330, ThaiLand<br \/>+662 (0)260 635<br \/><br \/><strong>CAREME VIET NAM: Vincom Center, HCM<\/strong><br \/>L14 Vincom Center, L\u00ea Th\u00e1nh T\u00f4n, Q1, HCM, Viet Nam <br \/>+84 (0)789 588 444<\/p>\r\n\t\t<\/div>\n\t\t\t\t\n<style>\n#col-1339280392 > .col-inner {\n  margin: 0px 0px 0px 9px;\n}\n<\/style>\n\t<\/div>\n\n\t <\/div> <\/div>","protected":false},"excerpt":{"rendered":"","protected":false},"author":1,"featured_media":0,"parent":0,"menu_order":0,"comment_status":"closed","ping_status":"closed","template":"","meta":{"footnotes":""},"class_list":["post-378271","page","type-page","status-publish","hentry"],"_links":{"self":[{"href":"https:\/\/careme.vn\/zh-hans\/wp-json\/wp\/v2\/pages\/378271","targetHints":{"allow":["GET"]}}],"collection":[{"href":"https:\/\/careme.vn\/zh-hans\/wp-json\/wp\/v2\/pages"}],"about":[{"href":"https:\/\/careme.vn\/zh-hans\/wp-json\/wp\/v2\/types\/page"}],"author":[{"embeddable":true,"href":"https:\/\/careme.vn\/zh-hans\/wp-json\/wp\/v2\/users\/1"}],"replies":[{"embeddable":true,"href":"https:\/\/careme.vn\/zh-hans\/wp-json\/wp\/v2\/comments?post=378271"}],"version-history":[{"count":0,"href":"https:\/\/careme.vn\/zh-hans\/wp-json\/wp\/v2\/pages\/378271\/revisions"}],"wp:attachment":[{"href":"https:\/\/careme.vn\/zh-hans\/wp-json\/wp\/v2\/media?parent=378271"}],"curies":[{"name":"wp","href":"https:\/\/api.w.org\/{rel}","templated":true}]}}