{"id":379064,"date":"2020-09-08T00:02:07","date_gmt":"2020-09-07T17:02:07","guid":{"rendered":"https:\/\/careme.vn\/kongju-clinic\/"},"modified":"2020-09-21T11:14:15","modified_gmt":"2020-09-21T04:14:15","slug":"kongju-clinic","status":"publish","type":"page","link":"https:\/\/careme.vn\/zh-hans\/kongju-clinic\/","title":{"rendered":"Kongju Clinic"},"content":{"rendered":"\n  <div class=\"banner has-hover\" id=\"banner-126062444\">\n          <div class=\"banner-inner fill\">\n        <div class=\"banner-bg fill\" >\n            <div class=\"bg fill bg-fill \"><\/div>\n                        <div class=\"overlay\"><\/div>            \n                    <\/div>\n\t\t\n        <div class=\"banner-layers container\">\n            <div class=\"fill banner-link\"><\/div>            \n   <div id=\"text-box-951758861\" class=\"text-box banner-layer x50 md-x50 lg-x50 y50 md-y50 lg-y50 res-text\">\n                                <div class=\"text-box-content text dark\">\n              \n              <div class=\"text-inner text-center\">\n                  \n<h1>Kongju Clinic<\/h1>\n<p><span style=\"color: #fafafa;\">Ratchadaphisek Rd, Din Daeng, Bangkok 10400, Thailand<\/span><\/p>\n<div class=\"navigate\">\n<div class=\"navigate\">\n<div class=\"icon navigate-icon\"><\/div>\n<div class=\"navigate-text\"><\/div>\n<\/div>\n<\/div>\n              <\/div>\n           <\/div>\n                            \n<style>\n#text-box-951758861 {\n  width: 60%;\n}\n#text-box-951758861 .text-box-content {\n  font-size: 100%;\n}\n<\/style>\n    <\/div>\n \n        <\/div>\n      <\/div>\n\n            \n<style>\n#banner-126062444 {\n  padding-top: 800px;\n}\n#banner-126062444 .bg.bg-loaded {\n  background-image: url(https:\/\/careme.vn\/wp-content\/uploads\/2020\/09\/Kongju-Clinic.jpeg);\n}\n#banner-126062444 .overlay {\n  background-color: rgba(0,0,0,.5);\n}\n#banner-126062444 .ux-shape-divider--top svg {\n  height: 150px;\n  --divider-top-width: 100%;\n}\n#banner-126062444 .ux-shape-divider--bottom svg {\n  height: 150px;\n  --divider-width: 100%;\n}\n<\/style>\n  <\/div>\n\n\n\t<section class=\"section\" id=\"section_2062337741\">\n\t\t<div class=\"bg section-bg fill bg-fill  bg-loaded\" >\n\n\t\t\t\n\t\t\t\n\t\t\t\n\n\t\t<\/div>\n\n\t\t\n\n\t\t<div class=\"section-content relative\">\n\t\t\t\n\t<div id=\"gap-77988143\" class=\"gap-element clearfix\" style=\"display:block; height:auto;\">\n\t\t\n<style>\n#gap-77988143 {\n  padding-top: 50px;\n}\n<\/style>\n\t<\/div>\n\t\n<div class=\"row align-center\"  id=\"row-1738443766\">\n\n\t<div id=\"col-1811875605\" class=\"col medium-3 small-10 large-3\"  >\n\t\t\t\t<div class=\"col-inner\"  >\n\t\t\t\n\t\t\t\n<h2><span style=\"font-size: 150%;\">About Us<\/span><\/h2>\n\t\t<\/div>\n\t\t\t\t\n<style>\n#col-1811875605 > .col-inner {\n  padding: 0px 10px 0px 0px;\n}\n<\/style>\n\t<\/div>\n\n\t\n\n\t<div id=\"col-123810140\" class=\"col medium-9 small-10 large-9\"  >\n\t\t\t\t<div class=\"col-inner\"  >\n\t\t\t\n\t\t\t\n<p>Professional beauty design service by the Kongju Stylist team as if flying to surgery in Korea.\u00a0It also offers other services such as Botox injections, injections of fillers (fillers), threading, as well as laser and treatment services.\u00a0By a team of expert doctors\u00a0With a team that has been well trained in beauty and service\u00a0With emphasis on the best service\u00a0And respond to individual needs\u00a0Making evaluation\u00a0According to the possibility that can be changed to look better\u00a0Friendly advice and advice\u00a0With regard to results and customer satisfaction\u00a0To give the results and service to the heart and to leave with a smile.<\/p>\n<div class=\"center-me\"><a rel=\"noopener noreferrer\" href=\"\/en\/testimonials-kongju-clinic\/\" target=\"_blank\" class=\"button primary is-underline\"  >\n    <span>Xem h\u00ecnh \u1ea3nh v\u00e0 \u0111\u00e1nh gi\u00e1 v\u1ec1 b\u1ec7nh vi\u1ec7n n\u00e0y<\/span>\n  <\/a>\n\t\t<\/div>\n\t\t\t\t\t<\/div>\n\n\t<\/div>\n<\/div>\n<div class=\"row align-center\"  id=\"row-1445865413\">\n\n\t<div id=\"col-158324906\" class=\"col medium-3 small-10 large-3\"  >\n\t\t\t\t<div class=\"col-inner\"  >\n\t\t\t\n\t\t\t\n<h2><span style=\"font-size: 150%;\">Our Skills<\/span><\/h2>\n<div class=\"strong-rating-wrapper average\"><span class=\"strong-rating-title\">Average Rating:<\/span>         <span class=\"strong-rating\">\n            <span class=\"star0 star current\"><\/span>\n\t\t\t<span class=\"star\"><svg class=\"star_regular\" aria-hidden=\"true\" focusable=\"false\" role=\"img\" xmlns=\"http:\/\/www.w3.org\/2000\/svg\" viewBox=\"-8 -8 584 520\"><path  d=\"M528.1 171.5L382 150.2 316.7 17.8c-11.7-23.6-45.6-23.9-57.4 0L194 150.2 47.9 171.5c-26.2 3.8-36.7 36.1-17.7 54.6l105.7 103-25 145.5c-4.5 26.3 23.2 46 46.4 33.7L288 439.6l130.7 68.7c23.2 12.2 50.9-7.4 46.4-33.7l-25-145.5 105.7-103c19-18.5 8.5-50.8-17.7-54.6zM388.6 312.3l23.7 138.4L288 385.4l-124.3 65.3 23.7-138.4-100.6-98 139-20.2 62.2-126 62.2 126 139 20.2-100.6 98z\"><\/path><\/svg><\/span><span class=\"star\"><svg class=\"star_regular\" aria-hidden=\"true\" focusable=\"false\" role=\"img\" xmlns=\"http:\/\/www.w3.org\/2000\/svg\" viewBox=\"-8 -8 584 520\"><path  d=\"M528.1 171.5L382 150.2 316.7 17.8c-11.7-23.6-45.6-23.9-57.4 0L194 150.2 47.9 171.5c-26.2 3.8-36.7 36.1-17.7 54.6l105.7 103-25 145.5c-4.5 26.3 23.2 46 46.4 33.7L288 439.6l130.7 68.7c23.2 12.2 50.9-7.4 46.4-33.7l-25-145.5 105.7-103c19-18.5 8.5-50.8-17.7-54.6zM388.6 312.3l23.7 138.4L288 385.4l-124.3 65.3 23.7-138.4-100.6-98 139-20.2 62.2-126 62.2 126 139 20.2-100.6 98z\"><\/path><\/svg><\/span><span class=\"star\"><svg class=\"star_regular\" aria-hidden=\"true\" focusable=\"false\" role=\"img\" xmlns=\"http:\/\/www.w3.org\/2000\/svg\" viewBox=\"-8 -8 584 520\"><path  d=\"M528.1 171.5L382 150.2 316.7 17.8c-11.7-23.6-45.6-23.9-57.4 0L194 150.2 47.9 171.5c-26.2 3.8-36.7 36.1-17.7 54.6l105.7 103-25 145.5c-4.5 26.3 23.2 46 46.4 33.7L288 439.6l130.7 68.7c23.2 12.2 50.9-7.4 46.4-33.7l-25-145.5 105.7-103c19-18.5 8.5-50.8-17.7-54.6zM388.6 312.3l23.7 138.4L288 385.4l-124.3 65.3 23.7-138.4-100.6-98 139-20.2 62.2-126 62.2 126 139 20.2-100.6 98z\"><\/path><\/svg><\/span><span class=\"star\"><svg class=\"star_regular\" aria-hidden=\"true\" focusable=\"false\" role=\"img\" xmlns=\"http:\/\/www.w3.org\/2000\/svg\" viewBox=\"-8 -8 584 520\"><path  d=\"M528.1 171.5L382 150.2 316.7 17.8c-11.7-23.6-45.6-23.9-57.4 0L194 150.2 47.9 171.5c-26.2 3.8-36.7 36.1-17.7 54.6l105.7 103-25 145.5c-4.5 26.3 23.2 46 46.4 33.7L288 439.6l130.7 68.7c23.2 12.2 50.9-7.4 46.4-33.7l-25-145.5 105.7-103c19-18.5 8.5-50.8-17.7-54.6zM388.6 312.3l23.7 138.4L288 385.4l-124.3 65.3 23.7-138.4-100.6-98 139-20.2 62.2-126 62.2 126 139 20.2-100.6 98z\"><\/path><\/svg><\/span><span class=\"star\"><svg class=\"star_regular\" aria-hidden=\"true\" focusable=\"false\" role=\"img\" xmlns=\"http:\/\/www.w3.org\/2000\/svg\" viewBox=\"-8 -8 584 520\"><path  d=\"M528.1 171.5L382 150.2 316.7 17.8c-11.7-23.6-45.6-23.9-57.4 0L194 150.2 47.9 171.5c-26.2 3.8-36.7 36.1-17.7 54.6l105.7 103-25 145.5c-4.5 26.3 23.2 46 46.4 33.7L288 439.6l130.7 68.7c23.2 12.2 50.9-7.4 46.4-33.7l-25-145.5 105.7-103c19-18.5 8.5-50.8-17.7-54.6zM388.6 312.3l23.7 138.4L288 385.4l-124.3 65.3 23.7-138.4-100.6-98 139-20.2 62.2-126 62.2 126 139 20.2-100.6 98z\"><\/path><\/svg><\/span>\t\t<\/span>\n\t\t <span class=\"strong-rating-summary\">0.00 stars (based on  ratings)<\/span><\/div>\n\t\t<\/div>\n\t\t\t\t\n<style>\n#col-158324906 > .col-inner {\n  padding: 0px 10px 0px 0px;\n}\n<\/style>\n\t<\/div>\n\n\t\n\n\t<div id=\"col-1862352233\" class=\"col medium-9 small-10 large-9\"  >\n\t\t\t\t<div class=\"col-inner\"  >\n\t\t\t\n\t\t\t\n<p>Kongju Clinic (Kongju Clinic), a comprehensive cosmetic and cosmetic clinic. From skin care Cosmetic surgery Make you beautiful as you like with service:<br \/>\n&#8211; Rhinoplasty with silicone<br \/>\n&#8211; Rhinoplasty with cartilage behind the ear<br \/>\n&#8211; Open style rhinoplasty<br \/>\n&#8211; Breast augmentation surgery<br \/>\n&#8211; Double Eyelid Surgery<br \/>\n&#8211; Chestnut Surgery<br \/>\n&#8211; Chin surgery<br \/>\n&#8211; Body Jet Liposuction<br \/>\n&#8211; Breast augmentation with own fat<br \/>\n-Varginal Tight Repair without surgery<\/p>\n\t\t<\/div>\n\t\t\t\t\t<\/div>\n\n\t\n<\/div>\n\t\t<\/div>\n\n\t\t\n<style>\n#section_2062337741 {\n  padding-top: 0px;\n  padding-bottom: 0px;\n  background-color: rgb(246, 246, 246);\n}\n#section_2062337741 .ux-shape-divider--top svg {\n  height: 150px;\n  --divider-top-width: 100%;\n}\n#section_2062337741 .ux-shape-divider--bottom svg {\n  height: 150px;\n  --divider-width: 100%;\n}\n<\/style>\n\t<\/section>\n\t\n\t<section class=\"section dark\" id=\"section_689476544\">\n\t\t<div class=\"bg section-bg fill bg-fill  bg-loaded\" >\n\n\t\t\t\n\t\t\t\n\t\t\t\n\n\t\t<\/div>\n\n\t\t\n\n\t\t<div class=\"section-content relative\">\n\t\t\t\n\n  \n    <div class=\"row large-columns-6 medium-columns-3 small-columns-2 row-full-width slider row-slider slider-nav-reveal\"  data-flickity-options='{\"imagesLoaded\": true, \"groupCells\": \"100%\", \"dragThreshold\" : 5, \"cellAlign\": \"left\",\"wrapAround\": true,\"prevNextButtons\": true,\"percentPosition\": true,\"pageDots\": false, \"rightToLeft\": false, \"autoPlay\" : false}'>\n\n  <div class=\"gallery-col col\" data-animate=\"fadeInRight\">\n          <div class=\"col-inner\">\n            <a class=\"image-lightbox lightbox-gallery\" href=\"https:\/\/careme.vn\/wp-content\/uploads\/2020\/09\/Kongju-Clinic-5.jpeg\" title=\"\">            <div class=\"box has-hover gallery-box box-none\">\n              <div class=\"box-image image-cover\" style=\"padding-top:75%;\">\n                <img loading=\"lazy\" decoding=\"async\" width=\"296\" height=\"400\" src=\"https:\/\/careme.vn\/wp-content\/uploads\/2020\/09\/Kongju-Clinic-5.jpeg\" class=\"attachment-medium size-medium\" alt=\"\" ids=\"377658,377698,377499,377650,377706,377654,377662,377702,377710\" style=\"none\" type=\"slider\" columns=\"6\" animate=\"fadeInRight\" image_height=\"75%\" \/>                                                              <\/div>\n              <div class=\"box-text text-left\" >\n                 <p><\/p>\n              <\/div>\n            <\/div>\n            <\/a>          <\/div>\n         <\/div><div class=\"gallery-col col\" data-animate=\"fadeInRight\">\n          <div class=\"col-inner\">\n            <a class=\"image-lightbox lightbox-gallery\" href=\"https:\/\/careme.vn\/wp-content\/uploads\/2020\/09\/82585066_2892635284133502_5367762311639465984_o.jpg\" title=\"\">            <div class=\"box has-hover gallery-box box-none\">\n              <div class=\"box-image image-cover\" style=\"padding-top:75%;\">\n                <img loading=\"lazy\" decoding=\"async\" width=\"533\" height=\"400\" src=\"https:\/\/careme.vn\/wp-content\/uploads\/2020\/09\/82585066_2892635284133502_5367762311639465984_o.jpg\" class=\"attachment-medium size-medium\" alt=\"\" ids=\"377658,377698,377499,377650,377706,377654,377662,377702,377710\" style=\"none\" type=\"slider\" columns=\"6\" animate=\"fadeInRight\" image_height=\"75%\" \/>                                                              <\/div>\n              <div class=\"box-text text-left\" >\n                 <p><\/p>\n              <\/div>\n            <\/div>\n            <\/a>          <\/div>\n         <\/div><div class=\"gallery-col col\" data-animate=\"fadeInRight\">\n          <div class=\"col-inner\">\n            <a class=\"image-lightbox lightbox-gallery\" href=\"https:\/\/careme.vn\/wp-content\/uploads\/2020\/09\/kongju-1.jpg\" title=\"\">            <div class=\"box has-hover gallery-box box-none\">\n              <div class=\"box-image image-cover\" style=\"padding-top:75%;\">\n                <img loading=\"lazy\" decoding=\"async\" width=\"533\" height=\"400\" src=\"https:\/\/careme.vn\/wp-content\/uploads\/2020\/09\/kongju-1.jpg\" class=\"attachment-medium size-medium\" alt=\"\" ids=\"377658,377698,377499,377650,377706,377654,377662,377702,377710\" style=\"none\" type=\"slider\" columns=\"6\" animate=\"fadeInRight\" image_height=\"75%\" \/>                                                              <\/div>\n              <div class=\"box-text text-left\" >\n                 <p><\/p>\n              <\/div>\n            <\/div>\n            <\/a>          <\/div>\n         <\/div><div class=\"gallery-col col\" data-animate=\"fadeInRight\">\n          <div class=\"col-inner\">\n            <a class=\"image-lightbox lightbox-gallery\" href=\"https:\/\/careme.vn\/wp-content\/uploads\/2020\/09\/Kongju-Clinic-2.jpeg\" title=\"\">            <div class=\"box has-hover gallery-box box-none\">\n              <div class=\"box-image image-cover\" style=\"padding-top:75%;\">\n                <img loading=\"lazy\" decoding=\"async\" width=\"579\" height=\"400\" src=\"https:\/\/careme.vn\/wp-content\/uploads\/2020\/09\/Kongju-Clinic-2.jpeg\" class=\"attachment-medium size-medium\" alt=\"\" ids=\"377658,377698,377499,377650,377706,377654,377662,377702,377710\" style=\"none\" type=\"slider\" columns=\"6\" animate=\"fadeInRight\" image_height=\"75%\" \/>                                                              <\/div>\n              <div class=\"box-text text-left\" >\n                 <p><\/p>\n              <\/div>\n            <\/div>\n            <\/a>          <\/div>\n         <\/div><div class=\"gallery-col col\" data-animate=\"fadeInRight\">\n          <div class=\"col-inner\">\n            <a class=\"image-lightbox lightbox-gallery\" href=\"https:\/\/careme.vn\/wp-content\/uploads\/2020\/09\/88248382_2984292308301132_3589330415812345856_o.jpg\" title=\"\">            <div class=\"box has-hover gallery-box box-none\">\n              <div class=\"box-image image-cover\" style=\"padding-top:75%;\">\n                <img loading=\"lazy\" decoding=\"async\" width=\"599\" height=\"400\" src=\"https:\/\/careme.vn\/wp-content\/uploads\/2020\/09\/88248382_2984292308301132_3589330415812345856_o.jpg\" class=\"attachment-medium size-medium\" alt=\"\" ids=\"377658,377698,377499,377650,377706,377654,377662,377702,377710\" style=\"none\" type=\"slider\" columns=\"6\" animate=\"fadeInRight\" image_height=\"75%\" \/>                                                              <\/div>\n              <div class=\"box-text text-left\" >\n                 <p><\/p>\n              <\/div>\n            <\/div>\n            <\/a>          <\/div>\n         <\/div><div class=\"gallery-col col\" data-animate=\"fadeInRight\">\n          <div class=\"col-inner\">\n            <a class=\"image-lightbox lightbox-gallery\" href=\"https:\/\/careme.vn\/wp-content\/uploads\/2020\/09\/Kongju-Clinic-4.jpeg\" title=\"\">            <div class=\"box has-hover gallery-box box-none\">\n              <div class=\"box-image image-cover\" style=\"padding-top:75%;\">\n                <img loading=\"lazy\" decoding=\"async\" width=\"754\" height=\"400\" src=\"https:\/\/careme.vn\/wp-content\/uploads\/2020\/09\/Kongju-Clinic-4.jpeg\" class=\"attachment-medium size-medium\" alt=\"\" ids=\"377658,377698,377499,377650,377706,377654,377662,377702,377710\" style=\"none\" type=\"slider\" columns=\"6\" animate=\"fadeInRight\" image_height=\"75%\" \/>                                                              <\/div>\n              <div class=\"box-text text-left\" >\n                 <p><\/p>\n              <\/div>\n            <\/div>\n            <\/a>          <\/div>\n         <\/div><div class=\"gallery-col col\" data-animate=\"fadeInRight\">\n          <div class=\"col-inner\">\n            <a class=\"image-lightbox lightbox-gallery\" href=\"https:\/\/careme.vn\/wp-content\/uploads\/2020\/09\/Kongju-Clinic3.jpeg\" title=\"\">            <div class=\"box has-hover gallery-box box-none\">\n              <div class=\"box-image image-cover\" style=\"padding-top:75%;\">\n                <img loading=\"lazy\" decoding=\"async\" width=\"715\" height=\"400\" src=\"https:\/\/careme.vn\/wp-content\/uploads\/2020\/09\/Kongju-Clinic3.jpeg\" class=\"attachment-medium size-medium\" alt=\"\" ids=\"377658,377698,377499,377650,377706,377654,377662,377702,377710\" style=\"none\" type=\"slider\" columns=\"6\" animate=\"fadeInRight\" image_height=\"75%\" \/>                                                              <\/div>\n              <div class=\"box-text text-left\" >\n                 <p><\/p>\n              <\/div>\n            <\/div>\n            <\/a>          <\/div>\n         <\/div><div class=\"gallery-col col\" data-animate=\"fadeInRight\">\n          <div class=\"col-inner\">\n            <a class=\"image-lightbox lightbox-gallery\" href=\"https:\/\/careme.vn\/wp-content\/uploads\/2020\/09\/83511594_2892635097466854_194374075034894336_o.jpg\" title=\"\">            <div class=\"box has-hover gallery-box box-none\">\n              <div class=\"box-image image-cover\" style=\"padding-top:75%;\">\n                <img loading=\"lazy\" decoding=\"async\" width=\"722\" height=\"400\" src=\"https:\/\/careme.vn\/wp-content\/uploads\/2020\/09\/83511594_2892635097466854_194374075034894336_o.jpg\" class=\"attachment-medium size-medium\" alt=\"\" ids=\"377658,377698,377499,377650,377706,377654,377662,377702,377710\" style=\"none\" type=\"slider\" columns=\"6\" animate=\"fadeInRight\" image_height=\"75%\" \/>                                                              <\/div>\n              <div class=\"box-text text-left\" >\n                 <p><\/p>\n              <\/div>\n            <\/div>\n            <\/a>          <\/div>\n         <\/div><div class=\"gallery-col col\" data-animate=\"fadeInRight\">\n          <div class=\"col-inner\">\n            <a class=\"image-lightbox lightbox-gallery\" href=\"https:\/\/careme.vn\/wp-content\/uploads\/2020\/09\/89033624_2984292254967804_5305766400046923776_o.jpg\" title=\"\">            <div class=\"box has-hover gallery-box box-none\">\n              <div class=\"box-image image-cover\" style=\"padding-top:75%;\">\n                <img loading=\"lazy\" decoding=\"async\" width=\"599\" height=\"400\" src=\"https:\/\/careme.vn\/wp-content\/uploads\/2020\/09\/89033624_2984292254967804_5305766400046923776_o.jpg\" class=\"attachment-medium size-medium\" alt=\"\" ids=\"377658,377698,377499,377650,377706,377654,377662,377702,377710\" style=\"none\" type=\"slider\" columns=\"6\" animate=\"fadeInRight\" image_height=\"75%\" \/>                                                              <\/div>\n              <div class=\"box-text text-left\" >\n                 <p><\/p>\n              <\/div>\n            <\/div>\n            <\/a>          <\/div>\n         <\/div><\/div>\n\t\t<\/div>\n\n\t\t\n<style>\n#section_689476544 {\n  padding-top: 0px;\n  padding-bottom: 0px;\n  background-color: rgb(255, 255, 255);\n}\n#section_689476544 .ux-shape-divider--top svg {\n  height: 150px;\n  --divider-top-width: 100%;\n}\n#section_689476544 .ux-shape-divider--bottom svg {\n  height: 150px;\n  --divider-width: 100%;\n}\n<\/style>\n\t<\/section>\n\t\n<div class=\"row row-collapse row-full-width\"  id=\"row-2005087217\">\n\n\t<div id=\"col-446132100\" class=\"col small-12 large-12\"  >\n\t\t\t\t<div class=\"col-inner\"  >\n\t\t\t\n\t\t\t\n<h2 style=\"text-align: center;\"><span style=\"color: #ffffff;\">B\u00c1C S\u0128 PH\u1ee4 TR\u00c1CH<\/span><\/h2>\n<div class=\"text-center\"><div class=\"is-divider divider clearfix\" style=\"margin-top:1.4em;margin-bottom:1.4em;max-width:145px;height:2px;background-color:rgb(50, 208, 0);\"><\/div><\/div>\n<div class=\"row row-collapse row-full-width align-center\"  id=\"row-70138064\">\n\n\t<div id=\"col-1468645669\" class=\"col small-9 large-12\"  >\n\t\t\t\t<div class=\"col-inner\"  >\n\t\t\t\n\t\t\t\n\t<div class=\"ex-tplist  column-6 style-20 fct-modal extp-masonry\" id =\"extp-7649\">\r\n\t\t                <div class=\"ctgrid\">\r\n\t\t\t\t<\/div>\r\n\t\t        \r\n\t\t\t\t\t<div class=\"extp-pagination-parent\">\r\n\t\t\t<div class=\"extp-pagination\">\r\n\t\t\t\t\t<input type=\"hidden\"  name=\"id_grid\" value=\"extp-7649\">\r\n\t\t\t\t\t<input type=\"hidden\"  name=\"num_page\" value=\"\">\r\n\t\t\t\t\t<input type=\"hidden\"  name=\"num_page_uu\" value=\"1\">\r\n\t\t\t\t\t<input type=\"hidden\"  name=\"current_page\" value=\"1\">\r\n\t\t\t\t\t<input type=\"hidden\"  name=\"ajax_url\" value=\"https:\/\/careme.vn\/wp-admin\/admin-ajax.php\">\r\n\t\t\t\t\t<input type=\"hidden\"  name=\"param_query\" value=\"{&quot;post_type&quot;:[&quot;ex_team&quot;],&quot;posts_per_page&quot;:&quot;6&quot;,&quot;post_status&quot;:[&quot;publish&quot;,&quot;future&quot;],&quot;tag&quot;:&quot;&quot;,&quot;order&quot;:&quot;&quot;,&quot;orderby&quot;:&quot;&quot;,&quot;meta_key&quot;:&quot;&quot;,&quot;ignore_sticky_posts&quot;:1,&quot;tax_query&quot;:[{&quot;taxonomy&quot;:&quot;extp_cat&quot;,&quot;field&quot;:&quot;slug&quot;,&quot;terms&quot;:[&quot;kongju-clinic&quot;]}]}\">\r\n\t\t\t\t\t<input type=\"hidden\"  name=\"param_ids\" value=\"[]\">\r\n\t\t\t\t\t<input type=\"hidden\" id=\"param_shortcode\" name=\"param_shortcode\" value=\"{&quot;style&quot;:&quot;20&quot;,&quot;column&quot;:&quot;6&quot;,&quot;count&quot;:&quot;50&quot;,&quot;posts_per_page&quot;:&quot;6&quot;,&quot;cat&quot;:&quot;kongju-clinic&quot;,&quot;category_style&quot;:&quot;&quot;,&quot;order_cat&quot;:&quot;&quot;,&quot;location_box&quot;:&quot;&quot;,&quot;location_style&quot;:&quot;&quot;,&quot;order_location&quot;:&quot;&quot;,&quot;alphab_filter&quot;:&quot;&quot;,&quot;page_navi&quot;:&quot;&quot;,&quot;number_excerpt&quot;:&quot;50&quot;,&quot;masonry&quot;:&quot;yes&quot;,&quot;0&quot;:&quot;order=\\&quot;ASC\\&quot;orderby=\\&quot;title\\&quot;&quot;,&quot;1&quot;:&quot;meta_key=\\&quot;\\&quot;,&quot;,&quot;fullcontent_in&quot;:&quot;modal&quot;,&quot;ID&quot;:&quot;extp-7649&quot;}\">\r\n\t\t\t\t<\/div>\t\t\t<\/div>\r\n\t\t\t<\/div>\r\n\t\n\t\t<\/div>\n\t\t\t\t\t<\/div>\n\n\t\n\n<style>\n#row-70138064 > .col > .col-inner {\n  padding: 0px 20px 0px 20px;\n}\n<\/style>\n<\/div>\n\t\t<\/div>\n\t\t\t\t\t<\/div>\n\n\t\n\n<style>\n#row-2005087217 > .col > .col-inner {\n  padding: 20px 0px 0px 0px;\n  background-color: rgb(40, 40, 40);\n}\n<\/style>\n<\/div>\n<div class=\"row row-collapse row-full-width\"  id=\"row-1248674294\">\n\n\t<div id=\"col-689699262\" class=\"col small-12 large-12\"  >\n\t\t\t\t<div class=\"col-inner text-center\"  >\n\t\t\t\n\t\t\t\n<h2><span style=\"color: #069100;\">Testimonials<\/span><\/h2>\n\n\t<div id=\"gap-301503483\" class=\"gap-element clearfix\" style=\"display:block; height:auto;\">\n\t\t\n<style>\n#gap-301503483 {\n  padding-top: 30px;\n}\n<\/style>\n\t<\/div>\n\t\n<a href=\"\/en\/testimonials-kongju-clinic\" target=\"_self\" class=\"button primary\"  >\n    <span>View all &amp; Leave a review<\/span>\n  <\/a>\n\n\t\t<\/div>\n\t\t\t\t\n<style>\n#col-689699262 > .col-inner {\n  padding: 20px 30px 10px 30px;\n}\n<\/style>\n\t<\/div>\n\n\t\n\n<style>\n#row-1248674294 > .col > .col-inner {\n  background-color: rgb(201, 201, 201);\n}\n<\/style>\n<\/div>\n","protected":false},"excerpt":{"rendered":"","protected":false},"author":1,"featured_media":0,"parent":0,"menu_order":0,"comment_status":"closed","ping_status":"closed","template":"page-blank.php","meta":{"footnotes":""},"class_list":["post-379064","page","type-page","status-publish","hentry"],"_links":{"self":[{"href":"https:\/\/careme.vn\/zh-hans\/wp-json\/wp\/v2\/pages\/379064","targetHints":{"allow":["GET"]}}],"collection":[{"href":"https:\/\/careme.vn\/zh-hans\/wp-json\/wp\/v2\/pages"}],"about":[{"href":"https:\/\/careme.vn\/zh-hans\/wp-json\/wp\/v2\/types\/page"}],"author":[{"embeddable":true,"href":"https:\/\/careme.vn\/zh-hans\/wp-json\/wp\/v2\/users\/1"}],"replies":[{"embeddable":true,"href":"https:\/\/careme.vn\/zh-hans\/wp-json\/wp\/v2\/comments?post=379064"}],"version-history":[{"count":0,"href":"https:\/\/careme.vn\/zh-hans\/wp-json\/wp\/v2\/pages\/379064\/revisions"}],"wp:attachment":[{"href":"https:\/\/careme.vn\/zh-hans\/wp-json\/wp\/v2\/media?parent=379064"}],"curies":[{"name":"wp","href":"https:\/\/api.w.org\/{rel}","templated":true}]}}