{"id":376168,"date":"2020-09-03T09:33:04","date_gmt":"2020-09-08T08:01:37","guid":{"rendered":"https:\/\/careme.vn\/service\/thay-doi-giong-noi-gioi-tinh-khan-ngay-ngu\/"},"modified":"2020-09-17T20:19:20","modified_gmt":"2020-09-17T13:19:20","slug":"thay-doi-giong-noi-gioi-tinh-khan-ngay-ngu","status":"publish","type":"product","link":"https:\/\/careme.vn\/zh-hans\/product\/thay-doi-giong-noi-gioi-tinh-khan-ngay-ngu\/","title":{"rendered":"Thay \u0110\u1ed5i Gi\u1ecdng N\u00f3i (Gi\u1edbi t\u00ednh, kh\u00e0n, ng\u00e1y ng\u1ee7)"},"content":{"rendered":"<p>Qu\u00e1 tr\u00ecnh ph\u1ee5c h\u1ed3i sau ph\u1eabu thu\u1eadt chuy\u1ec3n \u0111\u1ed5i gi\u1ecdng n\u00f3i<br \/>\nSau khi ph\u1eabu thu\u1eadt, gi\u1ecdng n\u00f3i c\u1ee7a b\u1ea1n c\u00f3 kh\u1ea3 n\u0103ng s\u1ebd tr\u1edf n\u00ean kh\u00e1 kh\u00f3 kh\u0103n v\u00e0 c\u00f3 th\u1ec3 s\u1ebd tr\u1edf n\u00ean t\u1ed3i t\u1ec7 h\u01a1n trong m\u1ed9t v\u00e0i ng\u00e0y \u0111\u1ebfn m\u1ed9t tu\u1ea7n. Tuy nhi\u00ean sau \u0111\u00f3, v\u1ebft s\u01b0ng s\u1ebd d\u1ea7n l\u1eafng xu\u1ed1ng.<\/p>\n<p>B\u1ea1n c\u1ea3m gi\u00e1c \u0111\u01b0\u1ee3c s\u1ef1 kh\u00f3 ch\u1ecbu s\u1ebd k\u00e9o d\u00e0i trong m\u1ed9t v\u00e0i ng\u00e0y, ch\u00fang bao g\u1ed3m vi\u1ec7c kh\u00f3 nu\u1ed1t v\u00e0 b\u1ea1n nh\u01b0 b\u1ecb m\u1ed9t c\u01a1n \u0111au h\u1ecdng.<br \/>\n<a href=\"https:\/\/careme.vn\/wp-content\/uploads\/2020\/09\/Voice-and-soundwave.jpg\"><img loading=\"lazy\" decoding=\"async\" class=\"alignnone size-full wp-image-375827\" src=\"https:\/\/careme.vn\/wp-content\/uploads\/2020\/09\/Voice-and-soundwave.jpg\" alt=\"\" width=\"800\" height=\"533\" \/><\/a><br \/>\nH\u01b0\u1edbng d\u1eabn sau ph\u1eabu thu\u1eadt chuy\u1ec3n \u0111\u1ed5i gi\u1ecdng n\u00f3i<br \/>\nSau khi ph\u1eabu thu\u1eadt, v\u00e0o tu\u1ea7n \u0111\u1ea7u ti\u00ean b\u1ea1n c\u1ea7n tr\u00e1nh kh\u00f4ng \u0111\u01b0\u1ee3c n\u00f3i chuy\u1ec7n, bao g\u1ed3m c\u1ea3 vi\u1ec7c n\u00f3i chuy\u1ec7n th\u00ec th\u1ea7m.<br \/>\nTrong thanh qu\u1ea3n c\u1ee7a b\u1ea1n s\u1ebd c\u00f3 ch\u1ec9 kh\u00e2u, tuy nhi\u00ean ch\u1ec9 s\u1ebd t\u1ef1 ti\u00eau \u0111i khi v\u1ebft th\u01b0\u01a1ng tr\u1edf n\u00ean l\u00e0nh.<br \/>\nSau m\u1ed9t tu\u1ea7n ph\u1eabu thu\u1eadt, b\u1ea1n c\u00f3 th\u1ec3 n\u00f3i chuy\u1ec7n d\u1ea7n d\u1ea7n t\u1eeb \u00edt \u0111\u1ebfn nhi\u1ec1u, m\u1ecdi sinh ho\u1ea1t \u0111\u1ec1u tr\u1edf l\u1ea1i b\u00ecnh th\u01b0\u1eddng.<br \/>\nV\u1edbi nh\u1eefng c\u00f4ng vi\u1ec7c c\u1ea7n thanh qu\u1ea3n ho\u1ea1t \u0111\u1ed9ng nhi\u1ec1u, b\u1ea1n n\u00ean tr\u00e1nh \u00edt nh\u1ea5t t\u1eeb 2-3 th\u00e1ng.<br \/>\n***L\u01b0u y\u0301: ta\u0301c du\u0323ng cu\u0309a ph\u01b0\u01a1ng pha\u0301p co\u0301 th\u00ea\u0309 thay \u0111\u00f4\u0309i tu\u0300y theo ti\u0300nh tra\u0323ng th\u00ea\u0309 ch\u00e2\u0301t m\u00f4\u0303i ng\u01b0\u1eddi<\/p>\n","protected":false},"excerpt":{"rendered":"<p>V\u1edbi t\u00ean g\u1ecdi y khoa Laryngoplasty, ph\u1eabu thu\u1eadt chuy\u1ec3n \u0111\u1ed5i gi\u1ecdng n\u00f3i hay c\u00f2n \u0111\u01b0\u1ee3c g\u1ecdi v\u1edbi t\u00ean ph\u1eabu thu\u1eadt gi\u1ecdng n\u00f3i. \u0110\u00e2y l\u00e0 ph\u01b0\u01a1ng ph\u00e1p ph\u1eabu thu\u1eadt d\u00e2y thanh qu\u1ea3n nh\u1eb1m thay \u0111\u1ed5i ho\u1eb7c c\u1ea3i thi\u1ec7n gi\u1ecdng n\u00f3i tr\u1edf n\u00ean t\u1ed1t h\u01a1n.<\/p>\n<p>T\u1ea1i b\u1ec7nh vi\u1ec7n qu\u1ed1c t\u1ebf Yanhee, ph\u1eabu thu\u1eadt gi\u1ecdng n\u00f3i kh\u00f4ng nh\u1eefng d\u00e0nh cho nh\u1eefng b\u1ea1n chuy\u1ec3n gi\u1edbi m\u00e0 c\u00f2n ph\u00f9 h\u1ee3p cho t\u1ea5t c\u1ea3 c\u00e1c gi\u1edbi t\u00ednh, d\u00e0nh cho nh\u1eefng ai c\u00f3 mong mu\u1ed1n \u0111\u01b0\u1ee3c thay \u0111\u1ed5i v\u00e0 c\u1ea3i thi\u1ec7n gi\u1ecdng n\u00f3i ph\u00f9 h\u1ee3p v\u1edbi gi\u1edbi t\u00ednh c\u1ee7a b\u1ea3n th\u00e2n. Vi\u1ec7c thay \u0111\u1ed5i gi\u1ecdng n\u00f3i ch\u1eafc ch\u1eafn s\u1ebd gi\u00fap b\u1ea1n th\u00eam ph\u1ea7n t\u1ef1 tin trong giao ti\u1ebfp v\u00e0 cu\u1ed9c s\u1ed1ng h\u1eb1ng ng\u00e0y.<\/p>\n<p>N\u1ebfu b\u1ea1n l\u00e0 ng\u01b0\u1eddi chuy\u1ec3n gi\u1edbi n\u1eef, ph\u1eabu thu\u1eadt gi\u1ecdng n\u00f3i s\u1ebd g\u00f3p ph\u1ea7n c\u1ea3i thi\u1ec7n gi\u1ecdng n\u00f3i, khi\u1ebfn gi\u1ecdng n\u00f3i c\u1ee7a b\u1ea1n tr\u1edf n\u00ean n\u1eef t\u00ednh v\u00e0 m\u1ec1m m\u1ea1i h\u01a1n, trong v\u00e0 thanh h\u01a1n.<br \/>\nN\u1ebfu b\u1ea1n l\u00e0 ng\u01b0\u1eddi chuy\u1ec3n gi\u1edbi nam, b\u00e1c s\u0129 s\u1ebd ti\u1ebfn h\u00e0nh ph\u1eabu thu\u1eadt gi\u00fap d\u00e2y thanh qu\u1ea3n \u0111\u01b0\u1ee3c l\u00e0m nh\u1ecf \u0111i v\u00e0 d\u00e2y thanh \u00e2m c\u0169ng tr\u1edf n\u00ean ng\u1eafn h\u01a1n.<br \/>\nTr\u01b0\u1edbc khi ti\u1ebfn h\u00e0nh ph\u1eabu thu\u1eadt, b\u1ea1n c\u1ea7n trao \u0111\u1ed5i v\u00e0 chia s\u1ebb v\u1edbi b\u00e1c s\u0129 v\u1ec1 t\u00ecnh tr\u1ea1ng b\u1ec7nh l\u00fd c\u1ee7a b\u1ea3n th\u00e2n tr\u01b0\u1edbc \u0111\u00e2y, \u0111\u1eb7c bi\u1ec7t l\u00e0 c\u00e1c b\u1ec7nh v\u1ec1 m\u1eaft, tai, thanh qu\u1ea3n. Sau \u0111\u00f3 b\u00e1c s\u0129 s\u1ebd ti\u1ebfn h\u00e0nh ki\u1ec3m tra \u0111\u1ec3 ra quy\u1ebft \u0111\u1ecbnh b\u1ea1n c\u00f3 \u0111\u1ee7 \u0111i\u1ec1u ki\u1ec7n th\u1ef1c hi\u1ec7n ca ph\u1eabu thu\u1eadt hay kh\u00f4ng.<\/p>\n","protected":false},"featured_media":375855,"comment_status":"open","ping_status":"closed","template":"","meta":[],"product_cat":[707],"product_tag":[],"class_list":["post-376168","product","type-product","status-publish","has-post-thumbnail","hentry","product_cat-tham-my-tron-goi"],"_links":{"self":[{"href":"https:\/\/careme.vn\/zh-hans\/wp-json\/wp\/v2\/product\/376168","targetHints":{"allow":["GET"]}}],"collection":[{"href":"https:\/\/careme.vn\/zh-hans\/wp-json\/wp\/v2\/product"}],"about":[{"href":"https:\/\/careme.vn\/zh-hans\/wp-json\/wp\/v2\/types\/product"}],"replies":[{"embeddable":true,"href":"https:\/\/careme.vn\/zh-hans\/wp-json\/wp\/v2\/comments?post=376168"}],"wp:featuredmedia":[{"embeddable":true,"href":"https:\/\/careme.vn\/zh-hans\/wp-json\/wp\/v2\/media\/375855"}],"wp:attachment":[{"href":"https:\/\/careme.vn\/zh-hans\/wp-json\/wp\/v2\/media?parent=376168"}],"wp:term":[{"taxonomy":"product_cat","embeddable":true,"href":"https:\/\/careme.vn\/zh-hans\/wp-json\/wp\/v2\/product_cat?post=376168"},{"taxonomy":"product_tag","embeddable":true,"href":"https:\/\/careme.vn\/zh-hans\/wp-json\/wp\/v2\/product_tag?post=376168"}],"curies":[{"name":"wp","href":"https:\/\/api.w.org\/{rel}","templated":true}]}}