{"id":376169,"date":"2020-09-03T09:12:26","date_gmt":"2020-09-08T08:02:13","guid":{"rendered":"https:\/\/careme.vn\/service\/phau-thuat-chuyen-gioi-tu-nu-nam\/"},"modified":"2020-09-17T20:19:29","modified_gmt":"2020-09-17T13:19:29","slug":"phau-thuat-chuyen-gioi-tu-nu-nam","status":"publish","type":"product","link":"https:\/\/careme.vn\/zh-hans\/product\/phau-thuat-chuyen-gioi-tu-nu-nam\/","title":{"rendered":"Ph\u1eabu Thu\u1eadt Chuy\u1ec3n Gi\u1edbi T\u1eeb N\u1eef -&gt; Nam"},"content":{"rendered":"<p>\u0110\u1ec3 th\u1ef1c hi\u1ec7n qu\u00e1 tr\u00ecnh ph\u1eabu thu\u1eadt chuy\u1ec3n gi\u1edbi t\u1eeb n\u1eef sang nam, b\u1ec7nh nh\u00e2n c\u1ea7n ph\u1ea3i \u0111\u1ea1t v\u00e0 \u0111\u01b0\u1ee3c c\u1ea5p gi\u1ea5y ch\u1ee9ng nh\u1eadn c\u1ee7a b\u00e1c s\u0129 t\u00e2m l\u00fd t\u1ea1i \u0111\u1ecba ph\u01b0\u01a1ng, hai b\u00e1c s\u0129 t\u00e2m l\u00fd t\u1ea1i b\u1ec7nh vi\u1ec7n Yanhee x\u00e1c nh\u1eadn. Gi\u1ea5y ch\u1ea5p nh\u1eadn ph\u1eabu thu\u1eadt ch\u1ec9 \u0111\u01b0\u1ee3c k\u00fd khi c\u00e1c b\u00e1c s\u0129 t\u00e2m l\u00fd ch\u1ea5p nh\u1eadn ph\u01b0\u01a1ng \u00e1n ph\u1eabu thu\u1eadt t\u1eeb n\u1eef sang nam l\u00e0 ph\u01b0\u01a1ng ph\u00e1p t\u1ed1i \u01b0u nh\u1ea5t.<\/p>\n<p>B\u1ec7nh nh\u00e2n c\u1ea7n \u0111\u00e1p \u1ee9ng c\u00e1c y\u00eau c\u1ea7u quan tr\u1ecdng sau \u0111\u00e2y:<\/p>\n<p>&#8211; B\u1ec7nh nh\u00e2n ph\u1ea3i t\u1ed1i thi\u1ec3u t\u1eeb 18 tu\u1ed5i tr\u1edf l\u00ean. T\u1ea5t c\u1ea3 c\u00e1c b\u1ec7nh nh\u00e2n d\u01b0\u1edbi 20 tu\u1ed5i ph\u1ea3i c\u00f3 gi\u1ea5y \u0111\u1ed3ng \u00fd t\u1eeb cha m\u1eb9.<br \/>\n&#8211; Kh\u00f4ng b\u1ecb t\u00e2m l\u00fd \u00e9p bu\u1ed9c<br \/>\n&#8211; S\u1ed1ng nh\u01b0 m\u1ed9t ng\u01b0\u1eddi \u0111\u00e0n \u00f4ng trong h\u01a1n m\u1ed9t n\u0103m, c\u0169ng nh\u01b0 \u0111\u01b0\u1ee3c m\u1ecdi ng\u01b0\u1eddi xung quanh ch\u1ea5p nh\u1eadn m\u00e0 kh\u00f4ng b\u1ecb b\u1ea5t k\u1ef3 s\u1ef1 \u00e1p l\u1ef1c n\u00e0o.<br \/>\n&#8211; C\u00f3 c\u1ea3m gi\u00e1c gh\u00ea t\u1edfm \u0111\u1ed1i v\u1edbi b\u1ed9 ph\u1eadn sinh d\u1ee5c c\u1ee7a ch\u00ednh m\u00ecnh v\u00e0 ngh\u0129 r\u1eb1ng \u0111\u00f3 l\u00e0 b\u1ed9 ph\u1eadn d\u01b0 th\u1eeba trong c\u01a1 th\u1ec3. C\u00f3 mong mu\u1ed1n lo\u1ea1i b\u1ecf t\u1eed cung v\u00e0 bu\u1ed3ng tr\u1ee9ng.<br \/>\n&#8211; Gh\u00e9t h\u00e0nh vi \u0111\u1ed3ng t\u00ecnh luy\u1ebfn \u00e1i.<br \/>\n&#8211; B\u1ec7nh nh\u00e2n ph\u1ea3i tr\u1ea3i qua t\u1ed1i thi\u1ec3u m\u1ed9t n\u0103m s\u1eed d\u1ee5ng hormone nam.<br \/>\n&#8211; Ng\u1eebng \u0111i\u1ec1u tr\u1ecb hormone 14 ng\u00e0y tr\u01b0\u1edbc khi ph\u1eabu thu\u1eadt nh\u1eb1m gi\u1ea3m r\u1ee7i ro ngh\u1ebdn m\u1ea1ch m\u00e1u.<br \/>\nThu\u1ed1c u\u1ed1ng qua \u0111\u01b0\u1eddng mi\u1ec7ng ph\u1ea3i \u0111\u01b0\u1ee3c ng\u01b0ng 2 tu\u1ea7n tr\u01b0\u1edbc khi ph\u1eabu thu\u1eadt, thu\u1ed1c ti\u00eam ph\u1ea3i \u0111\u01b0\u1ee3c ng\u01b0ng 4 tu\u1ea7n tr\u01b0\u1edbc khi ph\u1eabu thu\u1eadt. Thu\u1ed1c vi\u00ean antiandrogen c\u00f3 th\u1ec3 \u0111\u01b0\u1ee3c ng\u01b0ng 3 ng\u00e0y tr\u01b0\u1edbc gi\u1ea3i ph\u1eabu v\u00e0 l\u00e0 4 tu\u1ea7n n\u1ebfu l\u00e0 thu\u1ed1c ti\u00eam.<br \/>\nH\u1ea1n ch\u1ebf h\u00fat thu\u1ed1c, kh\u00f4ng s\u1eed d\u1ee5ng Aspirin v\u00e0 Ibuprofen (Advil\u2026), vitamin E.<br \/>\n\u0110\u00e3 \u0111\u01b0\u1ee3c b\u00e1c s\u0129 t\u00e2m l\u00fd \u0111\u00e1nh gi\u00e1 v\u1ec1 t\u00ecnh tr\u1ea1ng t\u00e2m l\u00fd v\u00e0 x\u00e9t r\u1eb1ng \u0111\u01b0\u01a1ng s\u1ef1 \u1edf trong t\u00ecnh tr\u1ea1ng t\u00e2m l\u00fd b\u00ecnh th\u01b0\u1eddng. \u0110\u1ed3ng th\u1eddi s\u1eb5n s\u00e0ng ch\u1ea5p nh\u1eadn ph\u1eabu thu\u1eadt c\u00f9ng v\u1edbi gi\u1ea5y ch\u1ee9ng nh\u1eadn b\u1ea3o \u0111\u1ea3m t\u00ecnh tr\u1ea1ng t\u00e2m l\u00fd \u0111\u1ec3 ph\u1eabu thu\u1eadt.<br \/>\nB\u1ec7nh nh\u00e2n c\u1ea7n chu\u1ea9n b\u1ecb kho\u1ea3ng 2 ng\u00e0y \u0111\u1ec3 \u0111\u01b0\u1ee3c \u0111\u00e1nh gi\u00e1 t\u00e2m l\u00fd ti\u1ec1n ph\u1eabu, th\u1ef1c hi\u1ec7n c\u00e1c x\u00e9t nghi\u1ec7m v\u00e0 ph\u1eabu thu\u1eadt.<\/p>\n<p>Quy tr\u00ecnh th\u1ef1c hi\u1ec7n ph\u1eabu thu\u1eadt chuy\u1ec3n gi\u1edbi t\u1eeb n\u1eef sang nam t\u1ea1i B\u1ec7nh vi\u1ec7n Yanhee<br \/>\nGiai \u0111o\u1ea1n 1: Ph\u1eabu thu\u1eadt c\u1eaft b\u1ecf ng\u1ef1c, c\u1eaft b\u1ecf t\u1eed cung v\u00e0 bu\u1ed3ng tr\u1ee9ng<\/p>\n<p>Giai \u0111o\u1ea1n 2: K\u00e9o d\u00e0i \u1ed1ng ti\u1ebft ni\u1ec7u v\u00e0 th\u1ef1c hi\u1ec7n may \u0111\u00f3ng l\u1ed7 t\u1eed cung. \u0110\u1ed3ng th\u1eddi chu\u1ea9n b\u1ecb l\u00f2ng tay trong l\u00e0m \u1ed1ng ti\u1ebft ni\u1ec7u<\/p>\n<p>Giai \u0111o\u1ea1n 3: Ti\u1ebfn h\u00e0nh t\u1ea1o h\u00ecnh d\u01b0\u01a1ng v\u1eadt<\/p>\n","protected":false},"excerpt":{"rendered":"<p>Ph\u1eabu thu\u1eadt chuy\u1ec3n gi\u1edbi hay c\u00f2n \u0111\u01b0\u1ee3c bi\u1ebft \u0111\u1ebfn v\u1edbi t\u00ean g\u1ecdi l\u00e0 ph\u1eabu thu\u1eadt thay \u0111\u1ed5i hay \u1ea5n \u0111\u1ecbnh l\u1ea1i gi\u1edbi t\u00ednh. Ph\u1eabu thu\u1eadt chuy\u1ec3n \u0111\u1ed5i gi\u1edbi t\u00ednh t\u1eeb n\u1eef sang nam l\u00e0 b\u01b0\u1edbc cu\u1ed1i c\u00f9ng c\u1ee7a qu\u00e1 tr\u00ecnh \u0111i\u1ec1u tr\u1ecb r\u1ed1i lo\u1ea1n nh\u1eadn th\u1ee9c, \u0111\u00e2y l\u00e0 m\u1ed9t th\u1ee7 thu\u1eadt gi\u00fap thay \u0111\u1ed5i c\u00e1c b\u1ed9 ph\u1eadn sinh d\u1ee5c t\u1eeb gi\u1edbi t\u00ednh n\u00e0y qua gi\u1edbi t\u00ednh kh\u00e1c, \u0111\u1ed3ng th\u1eddi \u0111em l\u1ea1i s\u1ef1 h\u00f2a h\u1ee3p v\u1ec1 th\u1ec3 x\u00e1c v\u00e0 tinh th\u1ea7n cho ng\u01b0\u1eddi chuy\u1ec3n gi\u1edbi. \u0110\u1ed1i v\u1edbi ng\u01b0\u1eddi chuy\u1ec3n gi\u1edbi nam, qu\u00e1 tr\u00ecnh ph\u1eabu thu\u1eadt gi\u00fap h\u1ecd lo\u1ea1i b\u1ecf ng\u1ef1c, t\u1eed cung v\u00e0 bu\u1ed3ng tr\u1ee9ng, ti\u1ebfn h\u00e0nh t\u00e1i t\u1ea1o b\u1ed9 ph\u1eadn sinh d\u1ee5c m\u1edbi.<\/p>\n<p>\u0110\u1ec3 qu\u00e1 tr\u00ecnh ph\u1eabu thu\u1eadt chuy\u1ec3n \u0111\u1ed5i gi\u1edbi t\u00ednh di\u1ec5n ra th\u00e0nh c\u00f4ng, \u01b0u ti\u00ean h\u00e0ng \u0111\u1ea7u ch\u00ednh l\u00e0 b\u1ea1n c\u1ea7n t\u00ecm cho m\u00ecnh m\u1ed9t b\u1ec7nh vi\u1ec7n c\u00f3 uy t\u00edn c\u0169ng nh\u01b0 c\u00e1c b\u00e1c s\u0129 c\u00f3 kinh nghi\u1ec7m, tay ngh\u1ec1 cao trong ng\u00e0nh ph\u1eabu thu\u1eadt th\u1ea9m m\u1ef9.<\/p>\n<p>C\u00f3 2 l\u00fd do ch\u00ednh khi l\u1ef1a ch\u1ecdn ti\u1ebfn h\u00e0nh th\u1ef1c hi\u1ec7n ph\u1eabu thu\u1eadt:<\/p>\n<ul>\n<li style=\"list-style-type: none;\">\n<ul>\n<li class=\"bullet-checkmark\">Tr\u1ebb s\u01a1 sinh b\u1ecb d\u1ecb d\u1ea1ng l\u01b0\u1ee1ng t\u00ednh ph\u1ea3i th\u1ef1c hi\u1ec7n ph\u1eabu thu\u1eadt t\u1eeb gi\u1edbi t\u00ednh n\u00e0y qua gi\u1edbi t\u00ednh kh\u00e1c t\u1eeb b\u00e9.<\/li>\n<li class=\"bullet-checkmark\">Nam gi\u1edbi nh\u1eadn th\u1ea5y m\u00ecnh c\u00f3 gi\u1edbi t\u00ednh kh\u00e1c v\u1ec1 th\u1ec3 x\u00e1c ch\u1ee9 kh\u00f4ng ph\u1ea3i v\u1ec1 tinh th\u1ea7n v\u00e0 c\u1ea3m x\u00fac. S\u1ef1 b\u1ea5t \u0111\u1ed3ng n\u00e0y s\u00e2u s\u1eafc \u0111\u1ebfn n\u1ed7i h\u1ecd mu\u1ed1n thay \u0111\u1ed5i gi\u1edbi t\u00ednh b\u1eb1ng vi\u1ec7c ph\u1eabu thu\u1eadt.<\/li>\n<\/ul>\n<\/li>\n<\/ul>\n<p><a href=\"https:\/\/careme.vn\/wp-content\/uploads\/2020\/09\/transgender-icon-symbol-combining-gender-symbols-vector-13463585-2.jpg\"><img loading=\"lazy\" decoding=\"async\" class=\"alignnone size-full wp-image-375795\" src=\"https:\/\/careme.vn\/wp-content\/uploads\/2020\/09\/transgender-icon-symbol-combining-gender-symbols-vector-13463585-2.jpg\" alt=\"\" width=\"600\" height=\"602\" \/><\/a><\/p>\n","protected":false},"featured_media":375732,"comment_status":"open","ping_status":"closed","template":"","meta":[],"product_cat":[707],"product_tag":[],"class_list":["post-376169","product","type-product","status-publish","has-post-thumbnail","hentry","product_cat-tham-my-tron-goi"],"_links":{"self":[{"href":"https:\/\/careme.vn\/zh-hans\/wp-json\/wp\/v2\/product\/376169","targetHints":{"allow":["GET"]}}],"collection":[{"href":"https:\/\/careme.vn\/zh-hans\/wp-json\/wp\/v2\/product"}],"about":[{"href":"https:\/\/careme.vn\/zh-hans\/wp-json\/wp\/v2\/types\/product"}],"replies":[{"embeddable":true,"href":"https:\/\/careme.vn\/zh-hans\/wp-json\/wp\/v2\/comments?post=376169"}],"wp:featuredmedia":[{"embeddable":true,"href":"https:\/\/careme.vn\/zh-hans\/wp-json\/wp\/v2\/media\/375732"}],"wp:attachment":[{"href":"https:\/\/careme.vn\/zh-hans\/wp-json\/wp\/v2\/media?parent=376169"}],"wp:term":[{"taxonomy":"product_cat","embeddable":true,"href":"https:\/\/careme.vn\/zh-hans\/wp-json\/wp\/v2\/product_cat?post=376169"},{"taxonomy":"product_tag","embeddable":true,"href":"https:\/\/careme.vn\/zh-hans\/wp-json\/wp\/v2\/product_tag?post=376169"}],"curies":[{"name":"wp","href":"https:\/\/api.w.org\/{rel}","templated":true}]}}