{"id":376173,"date":"2020-09-02T01:35:46","date_gmt":"2020-09-08T08:09:26","guid":{"rendered":"https:\/\/careme.vn\/service\/chinh-sua-moi\/"},"modified":"2020-09-17T20:19:44","modified_gmt":"2020-09-17T13:19:44","slug":"chinh-sua-moi","status":"publish","type":"product","link":"https:\/\/careme.vn\/zh-hans\/product\/chinh-sua-moi\/","title":{"rendered":"Ch\u1ec9nh s\u1eeda m\u00f4i"},"content":{"rendered":"<p>Ph\u1eabu thu\u1eadt s\u1ebd \u0111\u01b0\u1ee3c ti\u1ebfn h\u00e0nh t\u1ea1i ranh gi\u1edbi c\u1ee7a v\u00f9ng m\u00f4i \u01b0\u1edbt v\u00e0 m\u00f4i kh\u00f4. \u0110\u00e2y \u0111\u01b0\u1ee3c xem l\u00e0 m\u1ed9t ti\u1ec3u ph\u1eabu \u0111\u01a1n gi\u1ea3n, h\u1ea1n ch\u1ebf t\u1ed1i \u0111a x\u00e2m l\u1ea5n v\u00e0 s\u1eb9o sau khi l\u00e0m \u0111\u1eb9p.<\/p>\n<p>\u0110\u1ed1i v\u1edbi t\u1eebng tr\u01b0\u1eddng h\u1ee3p, b\u00e1c s\u0129 s\u1ebd xem x\u00e9t v\u00e0 x\u00e1c \u0111\u1ecbnh t\u1ec9 l\u1ec7 c\u1ea7n thay \u0111\u1ed5i ph\u00f9 h\u1ee3p nh\u1ea5t.Vi\u1ec7c \u0111o v\u1ebd tr\u01b0\u1edbc khi th\u1ef1c hi\u1ec7n ph\u1eabu thu\u1eadt \u0111\u00f3ng vai tr\u00f2 quan tr\u1ecdng, ch\u1ec9 c\u1ea7n m\u1ed9t sai s\u00f3t nh\u1ecf c\u00f3 th\u1ec3 khi\u1ebfn k\u1ebft qu\u1ea3 kh\u00f4ng \u0111\u01b0\u1ee3c nh\u01b0 \u00fd mu\u1ed1n.<\/p>\n<p>Ph\u1eabu thu\u1eadt th\u1ea9m m\u1ef9 m\u00f4i s\u1ebd s\u1eed d\u1ee5ng ch\u1ec9 kh\u00e2u l\u00e0 lo\u1ea1i t\u1ef1 ti\u00eau, sau ph\u1eabu thu\u1eadt b\u1ea1n kh\u00f4ng c\u1ea7n ph\u1ea3i c\u1eaft ch\u1ec9 n\u00ean h\u1ea1n ch\u1ebf s\u01b0ng vi\u00eam, b\u1ea3o \u0111\u1ea3m an to\u00e0n cho vi\u1ec7c \u0103n u\u1ed1ng v\u00e0 sinh ho\u1ea1t h\u1eb1ng ng\u00e0y. \u0110\u1ec3 kh\u00f4ng g\u00e2y \u0111au \u0111\u1edbn cho qu\u00e1 tr\u00ecnh th\u1ea9m m\u1ef9, tr\u01b0\u1edbc ph\u1eabu thu\u1eadt ch\u1ee7 th\u1ec3 s\u1ebd \u0111\u01b0\u1ee3c ti\u1ebfn h\u00e0nh g\u00e2y t\u00ea nh\u1eb9 v\u00f9ng m\u00f4i.<\/p>\n<p>V\u00ec b\u1edd m\u00f4i l\u00e0 v\u00f9ng r\u1ea5t nh\u1ea1y c\u1ea3m v\u1edbi hai v\u00f9ng m\u00f4i kh\u00f4 v\u00e0 m\u00f4i \u01b0\u1edbt. Ph\u1eabu thu\u1eadt th\u1ea9m m\u1ef9 m\u00f4i mu\u1ed1n hi\u1ec7u qu\u1ea3 th\u00ec ph\u1ea3i can thi\u1ec7p \u0111\u00fang ranh gi\u1edbi gi\u1eefa 2 b\u1edd m\u00f4i n\u00e0y. C\u00e1c t\u1ec9 l\u1ec7 thay \u0111\u1ed5i c\u1ea7n \u0111\u01b0\u1ee3c \u0111\u1ecbnh l\u01b0\u1ee3ng t\u1eeb tr\u01b0\u1edbc, \u0111\u1ec3 \u0111\u1ea3m b\u1ea3o ph\u1eabu thu\u1eadt \u0111\u1ea1t \u0111\u01b0\u1ee3c t\u00ednh th\u1ea9m m\u1ef9 v\u00e0 an to\u00e0n cho ng\u01b0\u1eddi th\u1ef1c hi\u1ec7n.<\/p>\n<p>\u0110\u1ed1i v\u1edbi c\u00e1c tr\u01b0\u1eddng h\u1ee3p t\u1ea1o h\u00ecnh m\u00f4i tr\u00e1i tim ho\u1eb7c kh\u00f3e m\u00f4i c\u01b0\u1eddi, b\u00e1c s\u0129 s\u1ebd ch\u1ec9 t\u00e1c \u0111\u1ed9ng \u0111\u1ebfn v\u00f9ng b\u1edd m\u00f4i tr\u00ean.<\/p>\n<p>Ph\u1eabu thu\u1eadt \u0111\u00f2i h\u1ecfi b\u00e1c s\u0129 ph\u1ea3i c\u00f3 kinh nghi\u1ec7m, tinh t\u1ebf trong vi\u1ec7c x\u1eed l\u00fd c\u00e1c \u0111\u01b0\u1eddng n\u00e9t c\u1ee7a \u0111\u00f4i m\u00f4i, tr\u00e1nh nh\u1eefng sai s\u00f3t \u0111\u00e1ng ti\u1ebfc khi\u1ebfn h\u00ecnh d\u00e1ng m\u00f4i kh\u00f4ng \u0111\u01b0\u1ee3c nh\u01b0 mong \u0111\u1ee3i.<\/p>\n<p>\u0110\u1ec3 th\u1ea9m m\u1ef9 di\u1ec5n ra an to\u00e0n v\u00e0 kh\u00f4ng g\u00e2y \u0111au \u0111\u1edbn, tr\u01b0\u1edbc khi ph\u1eabu thu\u1eadt b\u00e1c s\u0129 s\u1ebd ti\u1ebfn h\u00e0nh g\u00e2y t\u00ea c\u1ee5c b\u1ed9 v\u00f9ng m\u00f4i. \u0110\u00e2y l\u00e0 m\u1ed9t ph\u1eabu thu\u1eadt c\u00f3 t\u00ednh ch\u1ee7 \u0111\u1ed9ng n\u00ean \u0111\u1ea3m b\u1ea3o kh\u00f4ng g\u00e2y kh\u00f3 ch\u1ecbu cho ng\u01b0\u1eddi th\u1ef1c hi\u1ec7n.<\/p>\n<p>B\u01b0\u1edbc 1: Th\u0103m kh\u00e1m v\u00e0 t\u01b0 v\u1ea5n tr\u1ef1c ti\u1ebfp v\u1edbi chuy\u00ean gia th\u1ea9m m\u1ef9, th\u1ed1ng nh\u1ea5t ph\u01b0\u01a1ng ph\u00e1p th\u1ef1c hi\u1ec7n.<\/p>\n<p>B\u01b0\u1edbc 2: Ki\u1ec3m tra s\u1ee9c kh\u1ecfe t\u1ed5ng qu\u00e1t, nh\u1eefng b\u1ec7nh l\u00fd s\u1ebd \u0111\u01b0\u1ee3c ph\u00e1t hi\u1ec7n \u0111\u1ec3 b\u00e1c s\u0129 c\u00f3 h\u01b0\u1edbng x\u1eed l\u00fd an to\u00e0n cho ng\u01b0\u1eddi th\u1ea9m m\u1ef9.<\/p>\n<p>B\u01b0\u1edbc 3: \u0110o v\u1ebd v\u00f9ng m\u00f4i<\/p>\n<p>B\u01b0\u1edbc 4: G\u00e2y t\u00ea c\u1ee5c b\u1ed9 v\u00f9ng m\u00f4i v\u00e0 ti\u1ebfn h\u00e0nh ph\u1eabu thu\u1eadt<\/p>\n<p>B\u01b0\u1edbc 5: Ngh\u1ec9 d\u01b0\u1ee1ng<\/p>\n<p>B\u01b0\u1edbc 6: T\u00e1i kh\u00e1m theo ch\u1ec9 \u0111\u1ecbnh c\u1ee7a b\u00e1c s\u0129<\/p>\n","protected":false},"excerpt":{"rendered":"<p>\u0110\u00f4i m\u00f4i l\u00e0 m\u1ed9t trong nh\u1eefng \u0111i\u1ec3m nh\u1ea5n t\u1ea1o n\u00ean s\u1ef1 duy\u00ean d\u00e1ng v\u00e0 quy\u1ebfn r\u0169 c\u1ee7a ph\u1ee5 n\u1eef. \u0110\u00f3 c\u0169ng ch\u00ednh l\u00e0 n\u01a1i khi\u1ebfn c\u00e1c ch\u00e0ng trai kh\u00f4ng th\u1ec3 r\u1eddi m\u1eaft khi \u0111\u1ed1i di\u1ec7n v\u1edbi n\u00e0ng. Ch\u00ednh v\u00ec th\u1ebf, nhi\u1ec1u ph\u1ee5 n\u1eef t\u00ecm \u0111\u1ebfn ph\u1eabu thu\u1eadt th\u1ea9m m\u1ef9 m\u00f4i tr\u00e1i tim \u0111\u1ec3 c\u1ea3i thi\u1ec7n \u0111\u00f4i m\u00f4i quy\u1ebfn r\u0169 h\u01a1n. Theo \u0111\u00f3, ph\u1eabu thu\u1eadt th\u1ea9m m\u1ef9 m\u00f4i l\u00e0 t\u00e1c \u0111\u1ed9ng tr\u1ef1c ti\u1ebfp \u0111\u1ebfn v\u00f9ng m\u00f4i \u0111\u1ec3 t\u1ea1o h\u00ecnh v\u00f9ng m\u00f4i \u0111\u1eb9p nh\u01b0 mong \u0111\u1ee3i. \u0110\u00e2y ch\u1ec9 \u0111\u01b0\u1ee3c xem l\u00e0 m\u1ed9t ti\u1ec3u ph\u1eabu nh\u1ecf v\u00e0 v\u00f4 c\u00f9ng \u0111\u01a1n gi\u1ea3n, kh\u00f4ng \u0111au \u0111\u1edbn hay m\u1ea5t qu\u00e1 nhi\u1ec1u th\u1eddi gian ngh\u1ec9 d\u01b0\u1ee1ng. <span id=\"Nhung_ai_nen_tham_my_moi\" style=\"font-size: 100%;\">Nh\u1eefng ai n\u00ean th\u1ea9m m\u1ef9 m\u00f4i: <\/span>Ng\u01b0\u1eddi c\u00f3 m\u00f4i d\u00e0y, m\u00f4i tr\u1ec1 \/ Ng\u01b0\u1eddi mu\u1ed1n c\u1ea3i thi\u1ec7n v\u00e0 t\u1ea1o d\u00e1ng h\u00ecnh m\u00f4i tr\u00e1i tim quy\u1ebfn r\u0169 h\u01a1n \/ Ng\u01b0\u1eddi t\u1eebng b\u1ecb tai n\u1ea1n khi\u1ebfn m\u00f4i b\u1ecb thay \u0111\u1ed5i h\u00ecnh d\u00e1ng (b\u00e1c s\u0129 xem x\u00e9t t\u00f9y t\u00ecnh tr\u1ea1ng)<\/p>\n<p>M\u1ee5c ti\u00eau c\u1ee7a ph\u1eabu thu\u1eadt th\u1ea9m m\u1ef9 m\u00f4i l\u00e0 t\u1ea1o h\u00ecnh m\u00f4i \u01b0ng \u00fd, ho\u1eb7c \u0111i\u1ec1u ch\u1ec9nh m\u00f4i d\u00e0y th\u00e0nh m\u00f4i m\u1ecfng. Trong m\u1ed9t s\u1ed1 tr\u01b0\u1eddng h\u1ee3p ng\u01b0\u1eddi c\u00f3 th\u00e0nh m\u00f4i m\u1ecfng, mu\u1ed1n c\u1ea3i thi\u1ec7n m\u00f4i ch\u1ec9 c\u1ea7n s\u1eed d\u1ee5ng ch\u1ea5t l\u00e0m \u0111\u1ea7y \u0111\u1ec3 ti\u00eam v\u00e0o m\u00f4i m\u00e0 kh\u00f4ng c\u1ea7n ph\u1eabu thu\u1eadt.<\/p>\n<p><a href=\"https:\/\/careme.vn\/wp-content\/uploads\/2020\/09\/tao-hinh-moi-trai-tim-co-dau-khong1-1.jpg\"><img loading=\"lazy\" decoding=\"async\" class=\"wp-image-375675 aligncenter\" src=\"https:\/\/careme.vn\/wp-content\/uploads\/2020\/09\/tao-hinh-moi-trai-tim-co-dau-khong1-1.jpg\" alt=\"\" width=\"269\" height=\"262\" \/><\/a><\/p>\n<p>&nbsp;<\/p>\n","protected":false},"featured_media":375780,"comment_status":"open","ping_status":"closed","template":"","meta":[],"product_cat":[707],"product_tag":[],"class_list":["post-376173","product","type-product","status-publish","has-post-thumbnail","hentry","product_cat-tham-my-tron-goi"],"_links":{"self":[{"href":"https:\/\/careme.vn\/zh-hans\/wp-json\/wp\/v2\/product\/376173","targetHints":{"allow":["GET"]}}],"collection":[{"href":"https:\/\/careme.vn\/zh-hans\/wp-json\/wp\/v2\/product"}],"about":[{"href":"https:\/\/careme.vn\/zh-hans\/wp-json\/wp\/v2\/types\/product"}],"replies":[{"embeddable":true,"href":"https:\/\/careme.vn\/zh-hans\/wp-json\/wp\/v2\/comments?post=376173"}],"wp:featuredmedia":[{"embeddable":true,"href":"https:\/\/careme.vn\/zh-hans\/wp-json\/wp\/v2\/media\/375780"}],"wp:attachment":[{"href":"https:\/\/careme.vn\/zh-hans\/wp-json\/wp\/v2\/media?parent=376173"}],"wp:term":[{"taxonomy":"product_cat","embeddable":true,"href":"https:\/\/careme.vn\/zh-hans\/wp-json\/wp\/v2\/product_cat?post=376173"},{"taxonomy":"product_tag","embeddable":true,"href":"https:\/\/careme.vn\/zh-hans\/wp-json\/wp\/v2\/product_tag?post=376173"}],"curies":[{"name":"wp","href":"https:\/\/api.w.org\/{rel}","templated":true}]}}