{"id":376174,"date":"2020-09-02T01:35:37","date_gmt":"2020-09-08T08:11:02","guid":{"rendered":"https:\/\/careme.vn\/service\/chinh-sua-mat\/"},"modified":"2020-09-17T20:19:48","modified_gmt":"2020-09-17T13:19:48","slug":"chinh-sua-mat","status":"publish","type":"product","link":"https:\/\/careme.vn\/zh-hans\/product\/chinh-sua-mat\/","title":{"rendered":"Ch\u1ec9nh s\u1eeda m\u1eb7t"},"content":{"rendered":"<p><strong>Qu\u00e1 tr\u00ecnh c\u0103ng da m\u1eb7t s\u1ebd tr\u1ea3i qua bao g\u1ed3m:<\/strong><\/p>\n<p><em>\u0110\u1ea7u ti\u00ean<\/em>, b\u00e1c s\u0129 s\u1ebd th\u0103m kh\u00e1m ban \u0111\u1ea7u. D\u1ef1a tr\u00ean \u0111\u00f3, \u0111\u1ec1 xu\u1ea5t m\u1ed9t c\u00e1ch ti\u1ebfp c\u1eadn d\u1ef1a tr\u00ean m\u1ee5c ti\u00eau v\u00e0 \u0111\u1eb7c \u0111i\u1ec3m khu\u00f4n m\u1eb7t c\u1ee7a b\u1ea1n, bao g\u1ed3m c\u1ea3 h\u00ecnh d\u1ea1ng khu\u00f4n m\u1eb7t c\u1ee7a b\u1ea1n. V\u1ecb tr\u00ed v\u00e0 \u0111\u1ed9 d\u00e0i c\u1ee7a v\u1ebft m\u1ed5 kh\u00e1c nhau, tu\u1ef3 thu\u1ed9c v\u00e0o k\u1ef9 thu\u1eadt c\u0103ng da m\u1eb7t ph\u00f9 h\u1ee3p nh\u1ea5t v\u1edbi b\u1ea1n.<\/p>\n<p><em>Ti\u1ebfp theo<\/em>, trong khi ph\u1eabu thu\u1eadt, b\u00e1c s\u0129 s\u1ebd r\u1ea1ch ng\u1eafn \u1edf ch\u00e2n t\u00f3c c\u1ee7a b\u1ea1n, b\u1eaft \u0111\u1ea7u t\u1eeb th\u00e1i d\u01b0\u01a1ng v\u00e0 ti\u1ebfp t\u1ee5c xu\u1ed1ng v\u00e0 xung quanh ph\u00eda tr\u01b0\u1edbc tai, \u1ea9n trong c\u00e1c n\u1ebfp nh\u0103n t\u1ef1 nhi\u00ean. C\u0169ng c\u00f3 th\u1ec3 k\u1ebft h\u1ee3p v\u1edbi c\u00e1c v\u1ebft m\u1ed5 \u1edf m\u00ed m\u1eaft d\u01b0\u1edbi, v\u00f9ng th\u00e1i d\u01b0\u01a1ng ho\u1eb7c d\u01b0\u1edbi m\u00f4i tr\u00ean, c\u0169ng nh\u01b0 treo cung m\u00e0y \u0111i k\u00e8m.<\/p>\n<p><em>Sau \u0111\u00f3<\/em>, b\u00e1c s\u0129 s\u1ebd n\u00e2ng da t\u1eeb th\u00e1i d\u01b0\u01a1ng, m\u00e1 v\u00e0 c\u1ed5, n\u00e2ng v\u00e0 \u0111\u1ecbnh v\u1ecb l\u1ea1i c\u00e1c m\u00f4 li\u00ean k\u1ebft b\u00ean d\u01b0\u1edbi, lo\u1ea1i b\u1ecf m\u1ee1 th\u1eeba v\u00e0 da. B\u00e1c s\u0129 c\u0169ng c\u00f3 th\u1ec3 k\u1ebft h\u1ee3p v\u1edbi h\u00fat m\u1ee1 c\u1ed5, x\u01b0\u01a1ng h\u00e0m, n\u1ecdng c\u1eb1m; ho\u1eb7c c\u1ea5y gh\u00e9p m\u1ee1 \u0111\u1ec3 t\u0103ng th\u1ec3 t\u00edch m\u00e1 ho\u1eb7c c\u1eb1m cho \u0111\u1ed3ng \u0111\u1ec1u h\u01a1n.<\/p>\n<p><em>Cu\u1ed1i c\u00f9ng<\/em>, b\u00e1c s\u0129 s\u1ebd \u0111i\u1ec1u ch\u1ec9nh \u0111\u1ec3 h\u00ecnh th\u00e0nh c\u1ea5u tr\u00fac c\u01a1 b\u1ea3n m\u1edbi v\u00e0 \u0111\u00f3ng v\u1ebft m\u1ed5. M\u1ed9t \u1ed1ng d\u1eabn l\u01b0u c\u00f3 th\u1ec3 \u0111\u01b0\u1ee3c ch\u00e8n v\u00e0o. M\u1ed9t mi\u1ebfng \u0111\u1ec7m, ho\u1eb7c \u0111ai b\u0103ng \u0111\u1ea7u h\u1ed7 tr\u1ee3 s\u1ebd \u0111\u01b0\u1ee3c \u0111eo cho kh\u00e1ch h\u00e0ng.<\/p>\n<p>M\u1ee5c ti\u00eau c\u1ee7a b\u00e1c s\u0129 ph\u1eabu thu\u1eadt l\u00e0 gi\u00fap b\u1ea1n \u0111\u1ea1t \u0111\u01b0\u1ee3c k\u1ebft qu\u1ea3 \u0111\u1eb9p v\u00e0 t\u1ef1 nhi\u00ean nh\u1ea5t, \u0111\u1ed3ng th\u1eddi gi\u00fap tr\u1ea3i nghi\u1ec7m ph\u1eabu thu\u1eadt c\u1ee7a b\u1ea1n d\u1ec5 d\u00e0ng v\u00e0 tho\u1ea3i m\u00e1i nh\u1ea5t c\u00f3 th\u1ec3.<\/p>\n<p>&nbsp;<\/p>\n<p>&nbsp;<\/p>\n","protected":false},"excerpt":{"rendered":"<p>C\u0103ng da m\u1eb7t l\u00e0 c\u00e1ch l\u00e0m \u0111\u1eb9p da m\u1eb7t to\u00e0n di\u1ec7n nh\u1ea5t, cho k\u1ebft qu\u1ea3 l\u00e2u d\u00e0i. C\u0103ng da m\u1eb7t c\u0169ng \u0111\u01b0\u1ee3c g\u1ecdi l\u00e0 n\u00e2ng c\u01a1 m\u1eb7t. \u0110\u00e2y l\u00e0 ph\u01b0\u01a1ng ph\u00e1p ph\u1eabu thu\u1eadt \u0111\u1ec3 lo\u1ea1i b\u1ecf c\u00e1c n\u1ebfp nh\u0103n tr\u00ean khu\u00f4n m\u1eb7t v\u00e0 t\u00ecnh tr\u1ea1ng ch\u1ea3y x\u1ec7 do l\u00e3o ho\u00e1 da. C\u0103ng da m\u1eb7t lo\u1ea1i b\u1ecf da th\u1eeba, th\u1eaft ch\u1eb7t c\u00e1c m\u00f4 b\u00ean d\u01b0\u1edbi, c\u01a1 v\u00e0 da tr\u00ean m\u1eb7t v\u00e0 c\u1ed5. N\u00f3 s\u1ebd \u0111i\u1ec1u ch\u1ec9nh \u0111\u1ed9 v\u00f5ng gi\u1eefa khu\u00f4n m\u1eb7t, c\u00e1c \u0111\u01b0\u1eddng nh\u0103n, h\u00e0m v\u00e0 c\u1eb1m \u0111\u00f4i. C\u0103ng da m\u1eb7t \u0111\u01b0\u1ee3c xem l\u00e0 \u201cti\u00eau chu\u1ea9n v\u00e0ng\u201d \u0111\u1ec3 tr\u1ebb ho\u00e1 khu\u00f4n m\u1eb7t.<\/p>\n<p>Trong tr\u1ebb h\u00f3a, \u0111\u1ed9n tr\u00e1n l\u00e0 k\u0129 thu\u1eadt cao c\u1ea5p gi\u00fap gi\u1ea3i quy\u1ebft 2 v\u1ea5n \u0111\u1ec1: c\u1ea3i thi\u1ec7n to\u00e0n b\u1ed9 c\u00e1c n\u1ebfp nh\u0103n s\u00e2u, l\u00e3o h\u00f3a \u2013 t\u1ea1o h\u00ecnh v\u1ea7ng tr\u00e1n \u0111\u1ea7y \u0111\u1eb7n, c\u00e2n \u0111\u1ed1i. Ph\u01b0\u01a1ng ph\u00e1p \u0111\u1ea3m b\u1ea3o an to\u00e0n s\u1ee9c kh\u1ecfe cho kh\u00e1ch h\u00e0ng, tr\u1ea3 l\u1ea1i thanh xu\u00e2n r\u1ea1ng r\u1ee1 tr\u00ean g\u01b0\u01a1ng m\u1eb7t thanh t\u00fa t\u1eebng \u0111\u01b0\u1eddng n\u00e9t.<\/p>\n<p>T\u1ef7 l\u1ec7 v\u00e0ng c\u1ee7a g\u01b0\u01a1ng m\u1eb7t ph\u1ee5 thu\u1ed9c r\u1ea5t nhi\u1ec1u v\u00e0o g\u00f3c nghi\u00eang. Theo c\u00e1c chuy\u00ean gia \u0111\u00e1nh gi\u00e1, 1 g\u01b0\u01a1ng m\u1eb7t c\u00f3 t\u1ec9 l\u1ec7 h\u00e0i h\u00f2a l\u00e0 \u0111\u01b0\u1eddng tr\u00e1n ph\u1ea3i c\u00f3 \u0111\u1ed9 nh\u00f4 nh\u1ea5t \u0111\u1ecbnh n\u1ed1i v\u1edbi ph\u1ea7n \u0111\u1ea7u v\u00e0 s\u1ed1ng m\u0169i t\u1ea1o th\u00e0nh \u0111\u01b0\u1eddng cong m\u1ec1m m\u1ea1i. Do \u0111\u00f3, m\u1ee5c \u0111\u00edch ch\u00ednh c\u1ee7a \u0111\u1ed9n tr\u00e1n th\u1ea9m m\u1ef9 l\u00e0 t\u1ea1o khu\u00f4n m\u1eb7t c\u00e2n \u0111\u1ed1i, v\u1ea7ng tr\u00e1n sang qu\u00fd ph\u00e1i v\u00e0 x\u00f3a b\u1ecf to\u00e0n b\u1ed9 n\u1ebfp nh\u0103n s\u00e2u, gi\u00e0 nua do l\u00e3o h\u00f3a.<\/p>\n<p><a href=\"https:\/\/careme.vn\/wp-content\/uploads\/2020\/09\/cang-da-bang-chi-vang-sinh-hoc-cap-cuu-than-toc-cho-lan-da-lao-hoa-tuoi-trung-nien-04.jpg\"><img loading=\"lazy\" decoding=\"async\" class=\"wp-image-375670 aligncenter\" src=\"https:\/\/careme.vn\/wp-content\/uploads\/2020\/09\/cang-da-bang-chi-vang-sinh-hoc-cap-cuu-than-toc-cho-lan-da-lao-hoa-tuoi-trung-nien-04.jpg\" alt=\"\" width=\"430\" height=\"321\" \/><\/a><\/p>\n","protected":false},"featured_media":374570,"comment_status":"open","ping_status":"closed","template":"","meta":[],"product_cat":[707],"product_tag":[],"class_list":["post-376174","product","type-product","status-publish","has-post-thumbnail","hentry","product_cat-tham-my-tron-goi"],"_links":{"self":[{"href":"https:\/\/careme.vn\/zh-hans\/wp-json\/wp\/v2\/product\/376174","targetHints":{"allow":["GET"]}}],"collection":[{"href":"https:\/\/careme.vn\/zh-hans\/wp-json\/wp\/v2\/product"}],"about":[{"href":"https:\/\/careme.vn\/zh-hans\/wp-json\/wp\/v2\/types\/product"}],"replies":[{"embeddable":true,"href":"https:\/\/careme.vn\/zh-hans\/wp-json\/wp\/v2\/comments?post=376174"}],"wp:featuredmedia":[{"embeddable":true,"href":"https:\/\/careme.vn\/zh-hans\/wp-json\/wp\/v2\/media\/374570"}],"wp:attachment":[{"href":"https:\/\/careme.vn\/zh-hans\/wp-json\/wp\/v2\/media?parent=376174"}],"wp:term":[{"taxonomy":"product_cat","embeddable":true,"href":"https:\/\/careme.vn\/zh-hans\/wp-json\/wp\/v2\/product_cat?post=376174"},{"taxonomy":"product_tag","embeddable":true,"href":"https:\/\/careme.vn\/zh-hans\/wp-json\/wp\/v2\/product_tag?post=376174"}],"curies":[{"name":"wp","href":"https:\/\/api.w.org\/{rel}","templated":true}]}}