{"id":378344,"date":"2020-09-12T00:36:39","date_gmt":"2020-09-17T10:55:49","guid":{"rendered":"https:\/\/careme.vn\/service\/goi-tam-soat-ung-thu\/"},"modified":"2020-09-17T17:55:52","modified_gmt":"2020-09-17T10:55:52","slug":"goi-tam-soat-ung-thu","status":"publish","type":"product","link":"https:\/\/careme.vn\/zh-hans\/product\/goi-tam-soat-ung-thu\/","title":{"rendered":"G\u00f3i T\u1ea7m So\u00e1t Ung Th\u01b0"},"content":{"rendered":"<div class=\"row\"  id=\"row-3707223\">\n\n\t<div id=\"col-1125102153\" class=\"col medium-6 small-12 large-6\"  >\n\t\t\t\t<div class=\"col-inner\"  >\n\t\t\t\n\t\t\t\n<h2>T\u1ea6M SO\u00c1T UNG TH\u01af N\u1eee GI\u1edaI<\/h2>\n<div class=\"accordion\">\n<div id=\"accordion-2765523423\" class=\"accordion-item\"><a id=\"accordion-2765523423-label\" href=\"#\" class=\"accordion-title plain\" aria-expanded=\"false\" aria-controls=\"accordion-2765523423-content\"><button class=\"toggle\" aria-label=\"Toggle\"><i class=\"icon-angle-down\"><\/i><\/button><span>Ph\u00e2n t\u00edch c\u00e1c ch\u1ec9 s\u1ed1 th\u00e0nh ph\u1ea7n c\u01a1 th\u1ec3<\/span><\/a><div id=\"accordion-2765523423-content\" class=\"accordion-inner\" aria-labelledby=\"accordion-2765523423-label\">\n<ul>\n<li>\u0110o chi\u1ec1u cao v\u00e0 c\u00e2n n\u1eb7ng c\u01a1 th\u1ec3<\/li>\n<li>\u0110o ch\u1ec9 s\u1ed1 kh\u1ed1i c\u01a1 th\u1ec3 (BMI)<\/li>\n<li>T\u1ec9 l\u1ec7 ph\u1ea7n tr\u0103m m\u1ee1 d\u01b0\u1edbi da<\/li>\n<li>T\u1ec9 l\u1ec7 ph\u1ea7n tr\u0103m x\u01b0\u01a1ng v\u00e0 c\u01a1<\/li>\n<li>Ch\u1ec9 s\u1ed1 m\u1ee1 n\u1ed9i t\u1ea1ng<\/li>\n<li>Huy\u1ebft \u00e1p v\u00e0 nh\u1ecbp tim<\/li>\n<\/ul>\n<\/div><\/div>\n<div id=\"accordion-1566022378\" class=\"accordion-item\"><a id=\"accordion-1566022378-label\" href=\"#\" class=\"accordion-title plain\" aria-expanded=\"false\" aria-controls=\"accordion-1566022378-content\"><button class=\"toggle\" aria-label=\"Toggle\"><i class=\"icon-angle-down\"><\/i><\/button><span>T\u01b0 v\u1ea5n v\u00e0 th\u0103m kh\u00e1m tr\u01b0\u1edbc khi x\u00e9t nghi\u1ec7m<\/span><\/a><div id=\"accordion-1566022378-content\" class=\"accordion-inner\" aria-labelledby=\"accordion-1566022378-label\">\n<ul>\n<li>Thu th\u1eadp ti\u1ec1n s\u1eed c\u00e1 nh\u00e2n v\u00e0 gia \u0111\u00ecnh<\/li>\n<li>Kh\u00e1m l\u00e2m s\u00e0ng tim, ph\u1ed5i v\u00e0 b\u1ee5ng<\/li>\n<li>Kh\u00e1m l\u00e2m s\u00e0ng th\u1ea7n kinh v\u00e0 c\u01a1 x\u01b0\u01a1ng kh\u1edbp<\/li>\n<\/ul>\n<\/div><\/div>\n<div id=\"accordion-2443835015\" class=\"accordion-item\"><a id=\"accordion-2443835015-label\" href=\"#\" class=\"accordion-title plain\" aria-expanded=\"false\" aria-controls=\"accordion-2443835015-content\"><button class=\"toggle\" aria-label=\"Toggle\"><i class=\"icon-angle-down\"><\/i><\/button><span>Ph\u00e2n t\u00edch c\u00e1c ch\u1ec9 s\u1ed1 x\u00e9t nghi\u1ec7m sinh ho\u00e1<\/span><\/a><div id=\"accordion-2443835015-content\" class=\"accordion-inner\" aria-labelledby=\"accordion-2443835015-label\">\n<p><strong>B\u1ed9 XN m\u00e1u<\/strong><\/p>\n<ul>\n<li>C\u00f4ng th\u1ee9c m\u00e1u<\/li>\n<\/ul>\n<p><strong>B\u1ed9 XN m\u1ea1ch v\u00e0nh<\/strong><\/p>\n<ul>\n<li>Cholesterol to\u00e0n ph\u1ea7n<\/li>\n<li>Triglycerides<\/li>\n<li>HDL cholesterol<\/li>\n<li>LDL cholesterol<\/li>\n<li>T\u1ec9 l\u1ec7 cholesterol to\u00e0n ph\u1ea7n\/ HDL cholesterol<\/li>\n<li>Creatine Kinase<\/li>\n<\/ul>\n<p><strong>B\u1ed9 XN \u0111\u00e1i th\u00e1o \u0111\u01b0\u1eddng<\/strong><\/p>\n<ul>\n<li>\u0110\u01b0\u1eddng huy\u1ebft l\u00fac \u0111\u00f3i<\/li>\n<\/ul>\n<p><strong>B\u1ed9 XN c\u01a1 v\u00e0 x\u01b0\u01a1ng<\/strong><\/p>\n<ul>\n<li>Canxi<\/li>\n<li>B\u1ed9 XN th\u1eadn<\/li>\n<li>Urea<\/li>\n<li>Creatinine<\/li>\n<li>Natri<\/li>\n<li>Kali<\/li>\n<li>Clo<\/li>\n<li>\u0110\u1ed9 l\u1ecdc c\u1ea7u th\u1eadn (eGFR)<\/li>\n<\/ul>\n<p><strong>B\u1ed9 XN gan m\u1eadt<\/strong><\/p>\n<ul>\n<li>Protein to\u00e0n ph\u1ea7n<\/li>\n<li>Albumin<\/li>\n<li>Globulin<\/li>\n<li>T\u1ec9 l\u1ec7 A\/G<\/li>\n<li>Bilirubin to\u00e0n ph\u1ea7n<\/li>\n<li>Phosphatase ki\u1ec1m<\/li>\n<li>SGOT \/ AST<\/li>\n<li>SGPT \/ ALT<\/li>\n<li>Gamma GT<\/li>\n<\/ul>\n<p><strong>B\u1ed9 XN tuy\u1ebfn gi\u00e1p<\/strong><\/p>\n<ul>\n<li>T4 t\u1ef1 do<\/li>\n<li>Hocmon tuy\u1ebfn y\u00ean (TSH)<\/li>\n<\/ul>\n<p><strong>B\u1ed9 XN vi\u00eam gan<\/strong><\/p>\n<ul>\n<li>Kh\u00e1ng nguy\u00ean vi\u00eam gan B<\/li>\n<li>Kh\u00e1ng th\u1ec3 vi\u00eam gan B<\/li>\n<li>Kh\u00e1ng th\u1ec3 vi\u00eam gan A<\/li>\n<li>Kh\u00e1ng th\u1ec3 vi\u00eam gan C<\/li>\n<\/ul>\n<p><strong>B\u1ed9 d\u1ea5u \u1ea5n ung th\u01b0<\/strong><\/p>\n<ul>\n<li>AFP (Gan)<\/li>\n<li>CEA (\u0110\u1ea1i tr\u00e0ng)<\/li>\n<li>CA19.9 (Ru\u1ed9t)<\/li>\n<li>CA125 (Bu\u1ed3ng tr\u1ee9ng)<\/li>\n<li>CA15.3 ( V\u00fa )<\/li>\n<\/ul>\n<\/div><\/div>\n<div id=\"accordion-2748790705\" class=\"accordion-item\"><a id=\"accordion-2748790705-label\" href=\"#\" class=\"accordion-title plain\" aria-expanded=\"false\" aria-controls=\"accordion-2748790705-content\"><button class=\"toggle\" aria-label=\"Toggle\"><i class=\"icon-angle-down\"><\/i><\/button><span>T\u1ed5ng ph\u00e2n t\u00edch n\u01b0\u1edbc ti\u1ec3u<\/span><\/a><div id=\"accordion-2748790705-content\" class=\"accordion-inner\" aria-labelledby=\"accordion-2748790705-label\">\n<p>SG (Specific Gravity \u2013 Tr\u1ecdng l\u01b0\u1ee3ng ri\u00eang)<br \/>LEU hay BLO (Leukocytes \u2013 T\u1ebf b\u00e0o b\u1ea1ch c\u1ea7u)<br \/>NIT (Nitrit \u2013 H\u1ee3p ch\u1ea5t do vi khu\u1ea9n sinh ra)<br \/>\u0110\u1ed9 pH (\u0110\u1ed9 acid)<br \/>Blood (BLD)<br \/>PRO (Protein)<br \/>GLU (Glucose \u2013 \u0110\u01b0\u1eddng)<br \/>ASC (Soi c\u1eb7n n\u01b0\u1edbc ti\u1ec3u)<br \/>KET (Ketone \u2013 Xeton)<br \/>UBG (Urobilinogen)<\/p>\n<p><a href=\"\/?p=377929\" target=\"_blank\" rel=\"noopener noreferrer\">Tham kh\u1ea3o chi ti\u1ebft<\/a><\/p>\n<\/div><\/div>\n<div id=\"accordion-2928962881\" class=\"accordion-item\"><a id=\"accordion-2928962881-label\" href=\"#\" class=\"accordion-title plain\" aria-expanded=\"false\" aria-controls=\"accordion-2928962881-content\"><button class=\"toggle\" aria-label=\"Toggle\"><i class=\"icon-angle-down\"><\/i><\/button><span>T\u00ecm m\u00e1u \u1ea9n trong ph\u00e2n<\/span><\/a><div id=\"accordion-2928962881-content\" class=\"accordion-inner\" aria-labelledby=\"accordion-2928962881-label\">\n<p><a href=\"\/?p=377929\" target=\"_blank\" rel=\"noopener noreferrer\">Tham kh\u1ea3o chi ti\u1ebft &gt;&gt;<\/a><\/p>\n<\/div><\/div>\n<div id=\"accordion-2866023852\" class=\"accordion-item\"><a id=\"accordion-2866023852-label\" href=\"#\" class=\"accordion-title plain\" aria-expanded=\"false\" aria-controls=\"accordion-2866023852-content\"><button class=\"toggle\" aria-label=\"Toggle\"><i class=\"icon-angle-down\"><\/i><\/button><span>Kh\u1ea3o s\u00e1t h\u00ecnh \u1ea3nh h\u1ecdc<\/span><\/a><div id=\"accordion-2866023852-content\" class=\"accordion-inner\" aria-labelledby=\"accordion-2866023852-label\">\n<ul>\n<li>Quang ng\u1ef1c<\/li>\n<li>Si\u00eau \u00e2m b\u1ee5ng<\/li>\n<li>Si\u00eau \u00e2m tuy\u1ebfn v\u00fa ( N\u1eef)<\/li>\n<\/ul>\n<\/div><\/div>\n<\/div>\n\t\t<\/div>\n\t\t\t\t\t<\/div>\n\n\t\n\n\t<div id=\"col-416737031\" class=\"col medium-6 small-12 large-6\"  >\n\t\t\t\t<div class=\"col-inner\"  >\n\t\t\t\n\t\t\t\n<h2>T\u1ea6M SO\u00c1T UNG TH\u01af NAM GI\u1edaI<\/h2>\n<div class=\"accordion\">\n<div id=\"accordion-4237869499\" class=\"accordion-item\"><a id=\"accordion-4237869499-label\" href=\"#\" class=\"accordion-title plain\" aria-expanded=\"false\" aria-controls=\"accordion-4237869499-content\"><button class=\"toggle\" aria-label=\"Toggle\"><i class=\"icon-angle-down\"><\/i><\/button><span>Ph\u00e2n t\u00edch c\u00e1c ch\u1ec9 s\u1ed1 th\u00e0nh ph\u1ea7n c\u01a1 th\u1ec3<\/span><\/a><div id=\"accordion-4237869499-content\" class=\"accordion-inner\" aria-labelledby=\"accordion-4237869499-label\">\n<ul>\n<li>\u0110o chi\u1ec1u cao v\u00e0 c\u00e2n n\u1eb7ng c\u01a1 th\u1ec3<\/li>\n<li>\u0110o ch\u1ec9 s\u1ed1 kh\u1ed1i c\u01a1 th\u1ec3 (BMI)<\/li>\n<li>T\u1ec9 l\u1ec7 ph\u1ea7n tr\u0103m m\u1ee1 d\u01b0\u1edbi da<\/li>\n<li>T\u1ec9 l\u1ec7 ph\u1ea7n tr\u0103m x\u01b0\u01a1ng v\u00e0 c\u01a1<\/li>\n<li>Ch\u1ec9 s\u1ed1 m\u1ee1 n\u1ed9i t\u1ea1ng<\/li>\n<li>Huy\u1ebft \u00e1p v\u00e0 nh\u1ecbp tim<\/li>\n<\/ul>\n<\/div><\/div>\n<div id=\"accordion-1384432235\" class=\"accordion-item\"><a id=\"accordion-1384432235-label\" href=\"#\" class=\"accordion-title plain\" aria-expanded=\"false\" aria-controls=\"accordion-1384432235-content\"><button class=\"toggle\" aria-label=\"Toggle\"><i class=\"icon-angle-down\"><\/i><\/button><span>T\u01b0 v\u1ea5n v\u00e0 th\u0103m kh\u00e1m tr\u01b0\u1edbc khi x\u00e9t nghi\u1ec7m<\/span><\/a><div id=\"accordion-1384432235-content\" class=\"accordion-inner\" aria-labelledby=\"accordion-1384432235-label\">\n<ul>\n<li>Thu th\u1eadp ti\u1ec1n s\u1eed c\u00e1 nh\u00e2n v\u00e0 gia \u0111\u00ecnh<\/li>\n<li>Kh\u00e1m l\u00e2m s\u00e0ng tim, ph\u1ed5i v\u00e0 b\u1ee5ng<\/li>\n<li>Kh\u00e1m l\u00e2m s\u00e0ng th\u1ea7n kinh v\u00e0 c\u01a1 x\u01b0\u01a1ng kh\u1edbp<\/li>\n<\/ul>\n<\/div><\/div>\n<div id=\"accordion-583098800\" class=\"accordion-item\"><a id=\"accordion-583098800-label\" href=\"#\" class=\"accordion-title plain\" aria-expanded=\"false\" aria-controls=\"accordion-583098800-content\"><button class=\"toggle\" aria-label=\"Toggle\"><i class=\"icon-angle-down\"><\/i><\/button><span>Ph\u00e2n t\u00edch c\u00e1c ch\u1ec9 s\u1ed1 x\u00e9t nghi\u1ec7m sinh ho\u00e1<\/span><\/a><div id=\"accordion-583098800-content\" class=\"accordion-inner\" aria-labelledby=\"accordion-583098800-label\">\n<p><strong>B\u1ed9 XN m\u00e1u<\/strong><\/p>\n<ul>\n<li>C\u00f4ng th\u1ee9c m\u00e1u<\/li>\n<\/ul>\n<p><strong>B\u1ed9 XN m\u1ea1ch v\u00e0nh<\/strong><\/p>\n<ul>\n<li>Cholesterol to\u00e0n ph\u1ea7n<\/li>\n<li>Triglycerides<\/li>\n<li>HDL cholesterol<\/li>\n<li>LDL cholesterol<\/li>\n<li>T\u1ec9 l\u1ec7 cholesterol to\u00e0n ph\u1ea7n\/ HDL cholesterol<\/li>\n<li>Creatine Kinase<\/li>\n<\/ul>\n<p><strong>B\u1ed9 XN \u0111\u00e1i th\u00e1o \u0111\u01b0\u1eddng<\/strong><\/p>\n<ul>\n<li>\u0110\u01b0\u1eddng huy\u1ebft l\u00fac \u0111\u00f3i<\/li>\n<\/ul>\n<p><strong>B\u1ed9 XN c\u01a1 v\u00e0 x\u01b0\u01a1ng<\/strong><\/p>\n<ul>\n<li>Canxi<\/li>\n<li>B\u1ed9 XN th\u1eadn<\/li>\n<li>Urea<\/li>\n<li>Creatinine<\/li>\n<li>Natri<\/li>\n<li>Kali<\/li>\n<li>Clo<\/li>\n<li>\u0110\u1ed9 l\u1ecdc c\u1ea7u th\u1eadn (eGFR)<\/li>\n<\/ul>\n<p><strong>B\u1ed9 XN gan m\u1eadt<\/strong><\/p>\n<ul>\n<li>Protein to\u00e0n ph\u1ea7n<\/li>\n<li>Albumin<\/li>\n<li>Globulin<\/li>\n<li>T\u1ec9 l\u1ec7 A\/G<\/li>\n<li>Bilirubin to\u00e0n ph\u1ea7n<\/li>\n<li>Phosphatase ki\u1ec1m<\/li>\n<li>SGOT \/ AST<\/li>\n<li>SGPT \/ ALT<\/li>\n<li>Gamma GT<\/li>\n<\/ul>\n<p><strong>B\u1ed9 XN tuy\u1ebfn gi\u00e1p<\/strong><\/p>\n<ul>\n<li>T4 t\u1ef1 do<\/li>\n<li>Hocmon tuy\u1ebfn y\u00ean (TSH)<\/li>\n<\/ul>\n<p><strong>B\u1ed9 XN vi\u00eam gan<\/strong><\/p>\n<ul>\n<li>Kh\u00e1ng nguy\u00ean vi\u00eam gan B<\/li>\n<li>Kh\u00e1ng th\u1ec3 vi\u00eam gan B<\/li>\n<li>Kh\u00e1ng th\u1ec3 vi\u00eam gan A<\/li>\n<li>Kh\u00e1ng th\u1ec3 vi\u00eam gan C<\/li>\n<\/ul>\n<p><strong>B\u1ed9 d\u1ea5u \u1ea5n ung th\u01b0<\/strong><\/p>\n<ul>\n<li>AFP (Gan)<\/li>\n<li>CEA (\u0110\u1ea1i tr\u00e0ng)<\/li>\n<li>CA19.9 (Ru\u1ed9t)<\/li>\n<li>CA125 (Bu\u1ed3ng tr\u1ee9ng)<\/li>\n<li>CA15.3 ( V\u00fa )<\/li>\n<\/ul>\n<\/div><\/div>\n<div id=\"accordion-3591780110\" class=\"accordion-item\"><a id=\"accordion-3591780110-label\" href=\"#\" class=\"accordion-title plain\" aria-expanded=\"false\" aria-controls=\"accordion-3591780110-content\"><button class=\"toggle\" aria-label=\"Toggle\"><i class=\"icon-angle-down\"><\/i><\/button><span>T\u1ed5ng ph\u00e2n t\u00edch n\u01b0\u1edbc ti\u1ec3u<\/span><\/a><div id=\"accordion-3591780110-content\" class=\"accordion-inner\" aria-labelledby=\"accordion-3591780110-label\">\n<p>SG (Specific Gravity \u2013 Tr\u1ecdng l\u01b0\u1ee3ng ri\u00eang)<br \/>LEU hay BLO (Leukocytes \u2013 T\u1ebf b\u00e0o b\u1ea1ch c\u1ea7u)<br \/>NIT (Nitrit \u2013 H\u1ee3p ch\u1ea5t do vi khu\u1ea9n sinh ra)<br \/>\u0110\u1ed9 pH (\u0110\u1ed9 acid)<br \/>Blood (BLD)<br \/>PRO (Protein)<br \/>GLU (Glucose \u2013 \u0110\u01b0\u1eddng)<br \/>ASC (Soi c\u1eb7n n\u01b0\u1edbc ti\u1ec3u)<br \/>KET (Ketone \u2013 Xeton)<br \/>UBG (Urobilinogen)<\/p>\n<p><a href=\"\/?p=377929\" target=\"_blank\" rel=\"noopener noreferrer\">Tham kh\u1ea3o chi ti\u1ebft<\/a><\/p>\n<\/div><\/div>\n<div id=\"accordion-1183474513\" class=\"accordion-item\"><a id=\"accordion-1183474513-label\" href=\"#\" class=\"accordion-title plain\" aria-expanded=\"false\" aria-controls=\"accordion-1183474513-content\"><button class=\"toggle\" aria-label=\"Toggle\"><i class=\"icon-angle-down\"><\/i><\/button><span>T\u00ecm m\u00e1u \u1ea9n trong ph\u00e2n<\/span><\/a><div id=\"accordion-1183474513-content\" class=\"accordion-inner\" aria-labelledby=\"accordion-1183474513-label\">\n<p><a href=\"\/?p=377929\" target=\"_blank\" rel=\"noopener noreferrer\">Tham kh\u1ea3o chi ti\u1ebft &gt;&gt;<\/a><\/p>\n<\/div><\/div>\n<div id=\"accordion-1794969939\" class=\"accordion-item\"><a id=\"accordion-1794969939-label\" href=\"#\" class=\"accordion-title plain\" aria-expanded=\"false\" aria-controls=\"accordion-1794969939-content\"><button class=\"toggle\" aria-label=\"Toggle\"><i class=\"icon-angle-down\"><\/i><\/button><span>Kh\u1ea3o s\u00e1t h\u00ecnh \u1ea3nh h\u1ecdc<\/span><\/a><div id=\"accordion-1794969939-content\" class=\"accordion-inner\" aria-labelledby=\"accordion-1794969939-label\">\n<ul>\n<li>Quang ng\u1ef1c<\/li>\n<li>Si\u00eau \u00e2m b\u1ee5ng<\/li>\n<li>Si\u00eau \u00e2m tuy\u1ebfn v\u00fa ( N\u1eef)<\/li>\n<\/ul>\n<\/div><\/div>\n<\/div>\n\t\t<\/div>\n\t\t\t\t\t<\/div>\n\n\t\n<\/div>\n","protected":false},"excerpt":{"rendered":"<p>T\u1ea7m so\u00e1t ung th\u01b0 l\u00e0 ph\u00e1t hi\u1ec7n ung th\u01b0 \u1edf giai \u0111o\u1ea1n r\u1ea5t s\u1edbm, kh\u00f4ng c\u00f3 b\u1ea5t c\u1ee9 bi\u1ec3u hi\u1ec7n n\u00e0o c\u1ee7a b\u1ec7nh.<\/p>\n<p>Ung th\u01b0 giai \u0111o\u1ea1n r\u1ea5t s\u1edbm h\u1ea7u h\u1ebft \u0111\u01b0\u1ee3c ch\u1eefa kh\u1ecfi b\u1eb1ng ph\u01b0\u01a1ng ph\u00e1p \u0111\u01a1n gi\u1ea3n, \u00edt t\u1ed1n k\u00e9m, v\u1edbi r\u1ea5t \u00edt t\u00e1c d\u1ee5ng ph\u1ee5, kh\u00f4ng \u1ea3nh h\u01b0\u1edfng \u0111\u1ebfn ch\u1ee9c n\u0103ng, th\u1ea9m m\u1ef9.<\/p>\n<p>Ngo\u00e0i ra, t\u1ea7m so\u00e1t ung th\u01b0 c\u00f2n ph\u00e1t hi\u1ec7n \u0111\u01b0\u1ee3c nh\u1eefng t\u1ed5n th\u01b0\u01a1ng ti\u1ec1n ung th\u01b0, l\u00e0 nh\u1eefng t\u1ed5n th\u01b0\u01a1ng kh\u00f4ng ph\u1ea3i ung th\u01b0 nh\u01b0ng c\u00f3 nhi\u1ec1u kh\u1ea3 n\u0103ng chuy\u1ec3n th\u00e0nh ung th\u01b0 sau n\u00e0y<\/p>\n<p><strong>Ai s\u1ebd l\u00e0 \u0111\u1ed1i t\u01b0\u1ee3ng c\u1ee7a t\u1ea7m so\u00e1t ung th\u01b0?<\/strong><\/p>\n<p>N\u00f3i chung, t\u1ea5t c\u1ea3 m\u1ecdi ng\u01b0\u1eddi \u0111\u1ec1u c\u00f3 th\u1ec3 \u0111\u01b0\u1ee3c t\u1ea7m so\u00e1t v\u00ec ung th\u01b0 c\u00f3 th\u1ec3 g\u1eb7p \u1edf b\u1ea5t c\u1eed tu\u1ed5i n\u00e0o, b\u1ea5t c\u1ee9 ai. Tuy nhi\u00ean, t\u1ea7m so\u00e1t ung th\u01b0 th\u01b0\u1eddng nh\u1eb1m v\u00e0o c\u00e1c \u0111\u1ed1i t\u01b0\u1ee3ng d\u1ec5 b\u1ecb, \u0111\u1ed1i t\u01b0\u1ee3ng nguy c\u01a1 cao v\u00e0 nh\u1eb1m v\u00e0o c\u00e1c b\u1ec7nh ung th\u01b0 th\u01b0\u1eddng g\u1eb7p.<\/p>\n<p>\u0110\u1ed1i t\u01b0\u1ee3ng nguy c\u01a1 cao l\u00e0 nh\u1eefng ng\u01b0\u1eddi trong gia \u0111\u00ecnh c\u00f3 ng\u01b0\u1eddi b\u1ecb ung th\u01b0, thu\u1ed9c nh\u00f3m tu\u1ed5i c\u00f3 t\u1ec9 l\u1ec7 m\u1eafc b\u1ec7nh cao, nh\u1eefng ng\u01b0\u1eddi c\u00f3 ti\u1ebfp x\u00fac y\u1ebfu t\u1ed1 nguy c\u01a1 cao g\u00e2y ung th\u01b0.<\/p>\n<p>Ch\u1eb3ng h\u1ea1n, ung th\u1ee9 v\u00fa th\u01b0\u1eddng g\u1eb7p \u1edf n\u1eef tr\u00ean 40 tu\u1ed5i, ph\u1ee5 n\u1eef b\u00e9o ph\u00ec, ph\u1ee5 n\u1eef m\u00e3n kinh d\u00f9ng n\u1ed9i ti\u1ebft t\u1ed1 n\u1eef thay th\u1ebf; ung th\u01b0 \u0111\u1ea1i tr\u00e0ng th\u01b0\u1eddng g\u1eb7p \u1edf ng\u01b0\u1eddi tr\u00ean 50 tu\u1ed5i, ti\u1ec1n c\u0103n gia \u0111\u00ecnh c\u00f3 ng\u01b0\u1eddi b\u1ecb ung th\u01b0 \u0111\u1ea1i tr\u00e0ng.<\/p>\n<p>T\u1ea7m so\u00e1t theo ch\u01b0\u01a1ng tr\u00ecnh l\u00e0 t\u1ea7m so\u00e1t cho m\u1ed9t nh\u00f3m ng\u01b0\u1eddi trong d\u00e2n s\u1ed1 nguy c\u01a1 cao m\u1eafc c\u00e1c b\u1ec7nh ung th\u01b0 th\u01b0\u1eddng g\u1eb7p.<\/p>\n<p>T\u1ea7m so\u00e1t c\u00e1 nh\u00e2n l\u00e0 nh\u1eefng ng\u01b0\u1eddi trong nh\u00f3m nguy c\u01a1 nh\u1eadn th\u1ee9c \u0111\u01b0\u1ee3c \u00edch l\u1ee3i c\u1ee7a t\u1ea7m so\u00e1t v\u00e0 t\u1ef1 \u0111i t\u1ea7m so\u00e1t.<\/p>\n","protected":false},"featured_media":375742,"comment_status":"open","ping_status":"closed","template":"","meta":[],"product_cat":[717],"product_tag":[],"class_list":["post-378344","product","type-product","status-publish","has-post-thumbnail","hentry","product_cat-package-treatment-zh-hans"],"_links":{"self":[{"href":"https:\/\/careme.vn\/zh-hans\/wp-json\/wp\/v2\/product\/378344","targetHints":{"allow":["GET"]}}],"collection":[{"href":"https:\/\/careme.vn\/zh-hans\/wp-json\/wp\/v2\/product"}],"about":[{"href":"https:\/\/careme.vn\/zh-hans\/wp-json\/wp\/v2\/types\/product"}],"replies":[{"embeddable":true,"href":"https:\/\/careme.vn\/zh-hans\/wp-json\/wp\/v2\/comments?post=378344"}],"wp:featuredmedia":[{"embeddable":true,"href":"https:\/\/careme.vn\/zh-hans\/wp-json\/wp\/v2\/media\/375742"}],"wp:attachment":[{"href":"https:\/\/careme.vn\/zh-hans\/wp-json\/wp\/v2\/media?parent=378344"}],"wp:term":[{"taxonomy":"product_cat","embeddable":true,"href":"https:\/\/careme.vn\/zh-hans\/wp-json\/wp\/v2\/product_cat?post=378344"},{"taxonomy":"product_tag","embeddable":true,"href":"https:\/\/careme.vn\/zh-hans\/wp-json\/wp\/v2\/product_tag?post=378344"}],"curies":[{"name":"wp","href":"https:\/\/api.w.org\/{rel}","templated":true}]}}