{"id":378662,"date":"2020-09-02T01:35:14","date_gmt":"2020-09-17T13:23:09","guid":{"rendered":"https:\/\/careme.vn\/service\/cham-soc-careme\/"},"modified":"2020-09-18T14:26:58","modified_gmt":"2020-09-18T07:26:58","slug":"cham-soc-careme-care","status":"publish","type":"product","link":"https:\/\/careme.vn\/zh-hans\/product\/cham-soc-careme-care\/","title":{"rendered":"Careme Care"},"content":{"rendered":"\n\t\t<div class=\"tabbed-content\">\n\t\t\t<h4 class=\"uppercase text-left\">QUI TR\u00ccNH D\u1ecaCH V\u1ee4 C\u1ee6A CAREME<\/h4>\n\t\t\t<ul class=\"nav nav-tabs nav-uppercase nav-size-small nav-left\" role=\"tablist\"><li id=\"tab-g\u00d3i-d\u1ecach-v\u1ee4\" class=\"tab active has-icon\" role=\"presentation\"><a href=\"#tab_g\u00d3i-d\u1ecach-v\u1ee4\" role=\"tab\" aria-selected=\"true\" aria-controls=\"tab_g\u00d3i-d\u1ecach-v\u1ee4\"><span>G\u00d3I D\u1ecaCH V\u1ee4<\/span><\/a><\/li>\n<li id=\"tab-tr\u01b0\u1edbc-chuy\u1ebfn-\u0111i\" class=\"tab has-icon\" role=\"presentation\"><a href=\"#tab_tr\u01b0\u1edbc-chuy\u1ebfn-\u0111i\" tabindex=\"-1\" role=\"tab\" aria-selected=\"false\" aria-controls=\"tab_tr\u01b0\u1edbc-chuy\u1ebfn-\u0111i\"><span>Tr\u01b0\u1edbc chuy\u1ebfn \u0111i<\/span><\/a><\/li>\n<li id=\"tab-trong-chuy\u1ebfn-\u0111i\" class=\"tab has-icon\" role=\"presentation\"><a href=\"#tab_trong-chuy\u1ebfn-\u0111i\" tabindex=\"-1\" role=\"tab\" aria-selected=\"false\" aria-controls=\"tab_trong-chuy\u1ebfn-\u0111i\"><span>Trong chuy\u1ebfn \u0111i<\/span><\/a><\/li>\n<li id=\"tab-sau-chuy\u1ebfn-\u0111i\" class=\"tab has-icon\" role=\"presentation\"><a href=\"#tab_sau-chuy\u1ebfn-\u0111i\" tabindex=\"-1\" role=\"tab\" aria-selected=\"false\" aria-controls=\"tab_sau-chuy\u1ebfn-\u0111i\"><span>Sau chuy\u1ebfn \u0111i<\/span><\/a><\/li>\n<li id=\"tab-tr\u01b0\u1eddng-h\u1ee3p-ph\u00e1t-sinh\" class=\"tab has-icon\" role=\"presentation\"><a href=\"#tab_tr\u01b0\u1eddng-h\u1ee3p-ph\u00e1t-sinh\" tabindex=\"-1\" role=\"tab\" aria-selected=\"false\" aria-controls=\"tab_tr\u01b0\u1eddng-h\u1ee3p-ph\u00e1t-sinh\"><span>tr\u01b0\u1eddng h\u1ee3p ph\u00e1t sinh<\/span><\/a><\/li>\n<li id=\"tab-m\u00f4-t\u1ea3\" class=\"tab has-icon\" role=\"presentation\"><a href=\"#tab_m\u00f4-t\u1ea3\" tabindex=\"-1\" role=\"tab\" aria-selected=\"false\" aria-controls=\"tab_m\u00f4-t\u1ea3\"><span>M\u00f4 t\u1ea3<\/span><\/a><\/li><\/ul><div class=\"tab-panels\"><div id=\"tab_g\u00d3i-d\u1ecach-v\u1ee4\" class=\"panel active entry-content\" role=\"tabpanel\" aria-labelledby=\"tab-g\u00d3i-d\u1ecach-v\u1ee4\">\n<article>\r\n<table style=\"width: 100%; height: 480px;\">\r\n<thead>\r\n<tr>\r\n<th class=\"hide\" style=\"width: 45%; height: 25px;\"><\/th>\r\n<th class=\"bg-siver\" style=\"width: 20%; min-width: 50px; height: 25px;\">SILVER<\/th>\r\n<th class=\"bg-purple\" style=\"width: 20%; min-width: 50px; height: 25px;\">RUBY<\/th>\r\n<th class=\"bg-gold default\" style=\"width: 20%; min-width: 50px; height: 25px;\">GOLD<\/th>\r\n<\/tr>\r\n<\/thead>\r\n<tbody>\r\n<tr>\r\n<td>\r\n<h1>G\u00f3i d\u1ecbch v\u1ee5 \/ NG\u00c0Y<\/h1>\r\n<\/td>\r\n<td><span class=\"txt-top\">\u0111<\/span><span class=\"txt-l\">1tr500<\/span><\/td>\r\n<td nowrap=\"nowrap\"><span class=\"txt-top\">\u0111<\/span><span class=\"txt-l\">2tr500<\/span><\/td>\r\n<td nowrap=\"nowrap\"><span class=\"txt-top\">\u0111<\/span><span class=\"txt-l\">5tr00<\/span><\/td>\r\n<\/tr>\r\n<tr>\r\n<td>T\u01b0 v\u1ea5n b\u1ec7nh vi\u1ec7n, vi\u1ec7n ph\u00ed, t\u00ecnh tr\u1ea1ng s\u1ee9c kh\u1ecfe v\u00e0 t\u00e0i ch\u00ednh<\/td>\r\n<td><span class=\"tick\">&#x2714;<\/span><\/td>\r\n<td><span class=\"tick\">&#x2714;<\/span><\/td>\r\n<td><span class=\"tick\">&#x2714;<\/span><\/td>\r\n<\/tr>\r\n<tr>\r\n<td>\u0110\u01b0a \u0111\u00f3n kh\u00e1ch h\u00e0ng t\u1ea1i s\u00e2n bay<\/td>\r\n<td><span class=\"tick\">&#x2714;<\/span><\/td>\r\n<td><span class=\"tick\">&#x2714;<\/span><\/td>\r\n<td><span class=\"tick\">&#x2714;<\/span><\/td>\r\n<\/tr>\r\n<tr>\r\n<td>\u0110\u1eb7t l\u1ecbch kh\u00e1m \/ l\u1ecbch h\u1eb9n v\u1edbi b\u00e1c s\u0129<\/td>\r\n<td><span class=\"tick\">&#x2714;<\/span><\/td>\r\n<td><span class=\"tick\">&#x2714;<\/span><\/td>\r\n<td class=\"default\" style=\"width: 8.91473%; height: 21px;\"><span class=\"tick\">&#x2714;<\/span><\/td>\r\n<\/tr>\r\n<tr>\r\n<td><span style=\"font-size: 14.4px;\">\u0110\u01b0a \u0111\u00f3n trong qu\u00e1 tr\u00ecnh kh\u00e1m ch\u1eefa b\u1ec7nh<\/span><\/td>\r\n<td><span class=\"tick\">&#x2714;<\/span><\/td>\r\n<td><span class=\"tick\">&#x2714;<\/span><\/td>\r\n<td><span class=\"tick\">&#x2714;<\/span><\/td>\r\n<\/tr>\r\n<tr>\r\n<td><span style=\"font-size: 14.4px;\">Phi\u00ean d\u1ecbch trong qu\u00e1 tr\u00ecnh kh\u00e1m ch\u1eefa b\u1ec7nh<\/span><\/td>\r\n<td><span class=\"tick\">&#x2714;<\/span><\/td>\r\n<td><span class=\"tick\">&#x2714;<\/span><\/td>\r\n<td><span class=\"tick\">&#x2714;<\/span><\/td>\r\n<\/tr>\r\n<tr>\r\n<td><span style=\"font-size: 14.4px;\">H\u01b0\u1edbng d\u1eabn l\u00e0m th\u1ee7 t\u1ee5c, h\u1ed3 s\u01a1, gi\u1ea5y t\u1edd, vi\u1ec7n ph\u00ed...<\/span><\/td>\r\n<td><span class=\"tick\">&#x2714;<\/span><\/td>\r\n<td><span class=\"tick\">&#x2714;<\/span><\/td>\r\n<td><span class=\"tick\">&#x2714;<\/span><\/td>\r\n<\/tr>\r\n<tr>\r\n<td>H\u1ed7 tr\u1ee3 sau \u0111i\u1ec1u tr\u1ecb<\/td>\r\n<td><span class=\"tick\">&#x2714;<\/span><\/td>\r\n<td><span class=\"tick\">&#x2714;<\/span><\/td>\r\n<td><span class=\"tick\">&#x2714;<\/span><\/td>\r\n<\/tr>\r\n<tr>\r\n<td>Y t\u00e1 \/ nh\u00e2n vi\u00ean ch\u0103m s\u00f3c c\u00e1 nh\u00e2n<\/td>\r\n<td><\/td>\r\n<td><span class=\"tick\">&#x2714;<\/span><\/td>\r\n<td><span class=\"tick\">&#x2714;<\/span><\/td>\r\n<\/tr>\r\n<tr>\r\n<td>\u0102n u\u1ed1ng theo s\u1edf th\u00edch v\u00e0 h\u1ed7 tr\u1ee3 qu\u00e1 tr\u00ecnh \u0111i\u1ec1u tr\u1ecb<\/td>\r\n<td><\/td>\r\n<td><span class=\"tick\">&#x2714;<\/span><\/td>\r\n<td><span class=\"tick\">&#x2714;<\/span><\/td>\r\n<\/tr>\r\n<tr>\r\n<td>Mi\u1ec5n ph\u00ed 1 ng\u01b0\u1eddi \u0111i c\u00f9ng<\/td>\r\n<td>\u0110i l\u1ea1i, l\u01b0u tr\u00fa<\/td>\r\n<td>Full d\u1ecbch v\u1ee5<\/td>\r\n<td>Full d\u1ecbch v\u1ee5<\/td>\r\n<\/tr>\r\n<tr>\r\n<td>Gi\u1ea3m 10% cho l\u1ea7n s\u1eed d\u1ee5ng d\u1ecbch v\u1ee5 k\u1ebf ti\u1ebfp<\/td>\r\n<td><\/td>\r\n<td class=\"tick\">&#x2714;<\/td>\r\n<td class=\"tick\">&#x2714;<\/td>\r\n<\/tr>\r\n<tr>\r\n<td>D\u1ecbch b\u1ec7nh \u00e1n, gi\u1ea5y t\u1edd, x\u00e9t nghi\u1ec7m chu\u1ea9n \u0111o\u00e1n s\u1edbm tr\u01b0\u1edbc \u0111i\u1ec1u tr\u1ecb<\/td>\r\n<td><\/td>\r\n<td><\/td>\r\n<td><span class=\"tick\">&#x2714;<\/span><\/td>\r\n<\/tr>\r\n<tr>\r\n<td>\u0110\u01b0a \u0111\u00f3n th\u0103m quan, mua s\u1eafm<\/td>\r\n<td><\/td>\r\n<td><\/td>\r\n<td><span class=\"tick\">&#x2714;<\/span><\/td>\r\n<\/tr>\r\n<tr>\r\n<td>D\u1ecbch v\u1ee5 kh\u1ea9n c\u1ea5p<\/td>\r\n<td><\/td>\r\n<td><\/td>\r\n<td class=\"tick\">&#x2714;<\/td>\r\n<\/tr>\r\n<tr>\r\n<td class=\"sep\" style=\"width: 98.2558%; height: 21px;\" colspan=\"4\"><strong>T\u00f9y ch\u1ecdn theo nhu c\u1ea7u kh\u00e1ch h\u00e0ng ph\u00ed kh\u00f4ng bao g\u1ed3m d\u1ecbch v\u1ee5 b\u00ean d\u01b0\u1edbi:<\/strong><\/td>\r\n<\/tr>\r\n<tr>\r\n<td colspan=\"4\">V\u00e9 m\u00e1y bay kh\u1ee9 h\u1ed3i v\u00e0 h\u00e0nh l\u00fd \u0111i k\u00e8m<\/td>\r\n<\/tr>\r\n<tr>\r\n<td colspan=\"4\">Ph\u00ed kh\u00e1ch s\u1ea1n, c\u0103n h\u1ed9 trong th\u1eddi gian l\u01b0u tr\u00fa<\/td>\r\n<\/tr>\r\n<tr>\r\n<td colspan=\"4\">Ph\u00ed ph\u00e1t sinh cho ng\u01b0\u1eddi \u0111i k\u00e8m ngo\u00e0i qui \u0111\u1ecbnh<\/td>\r\n<\/tr>\r\n<\/tbody>\r\n<\/table>\r\n<\/article>\n<\/div>\n<div id=\"tab_tr\u01b0\u1edbc-chuy\u1ebfn-\u0111i\" class=\"panel entry-content\" role=\"tabpanel\" aria-labelledby=\"tab-tr\u01b0\u1edbc-chuy\u1ebfn-\u0111i\">\n<ol>\n<li><strong>T\u01b0 v\u1ea5n:<\/strong> Ti\u1ebfp nh\u1eadn h\u1ed3 s\u01a1 v\u00e0 t\u01b0 v\u1ea5n c\u1ee5 th\u1ec3 cho t\u1eebng tr\u01b0\u1eddng h\u1ee3p, gi\u00fap \u0111\u1ee1 kh\u00e1ch h\u00e0ng l\u1ef1a ch\u1ecdn b\u1ec7nh vi\u1ec7n, b\u00e1c s\u0129 t\u1ed1t di\u1ec5u cho tinh tr\u1ea1ng b\u1ec7nh ho\u1eb7c nhu c\u1ea7u th\u1ea9m M\u1ef9 ph\u00f9 h\u1ee3p v\u1edbi kh\u1ea3 n\u0103ng Loc ch\u00ednh c\u00e1 nh\u00e2n<\/li>\n<li><strong>H\u1ed7 tr\u1ee3 chuy\u00ean khoa:<\/strong> H\u1ed7 tr\u1ee3 d\u1ecbch h\u1ed3 s\u01a1 b\u1ec7nh \u00e1n sang nh\u1eadn x\u00e9t Anh, tham v\u1ea5n \u00fd ki\u1ebfn b\u00e1c s\u0129 chuy\u00ean khoa khau khi \u0111i\u1ec1u tr\u1ecb vi)<\/li>\n<li><strong>\u0110\u1eb7t l\u1ecbch kh\u00e1m:<\/strong> S\u1eafp x\u1ebfp l\u1ecbch h\u1eb9n kh\u00e1m, ch\u1eefa b\u1ec7nh v\u00e0 \u0111\u1eb7t l\u1ecbch khau chuy\u1ebfn \u0111i<\/li>\n<li><strong>L\u01b0u tr\u00fa, \u0111i l\u1ea1i:<\/strong> \u0111\u1eb7t chuy\u1ebfn bay, l\u1ef1a ch\u1ecdn kh\u00e1ch s\u1ea1n g\u1ea7n di\u1ec5u v\u1edbi nhu c\u1ea7u kh\u00e1ch h\u00e0ng, \u0110\u1eb7t ph\u00f2ng v\u00e0 huy\u1ec7n b\u1ed1 Tanguy ph\u01b0\u01a1ng ti\u1ec7n \u0111\u01b0a chi\u1ec1u \u0111\u00fang gi\u1edd<\/li>\n<li><strong>H\u1ee3p \u0111\u1ed3ng:<\/strong> Careme xu\u1ea5t h\u1ee3p \u0111\u1ed3ng v\u1edbi c\u00e1c \u0111i\u1ec1u kho\u1ea3n chi ti\u1ebft v\u1ec1 b\u1ec7nh vi\u1ec7n, b\u00e1c s\u0129, c\u00e1c g\u00f3i d\u1ecbch v\u1ee5 \u0111i k\u00e8m c\u0169ng nh\u01b0 chi ti\u1ebft v\u1ec1 chi ph\u00ed m\u00e0 kh\u00e1ch h\u00e0ng ph\u1ea3i thanh to\u00e1n. G\u00f3i d\u1ecbch v\u1ee5 \u0111\u00e3 bao g\u1ed3m b\u1ea3o hi\u1ec3m trong su\u1ed1t qu\u00e1 tr\u00ecnh \u0111i\u1ec1u tr\u1ecb vi). \u0110i\u1ec1u kho\u1ea3n h\u1ee7y h\u1ee3p \u0111\u1ed3ng Kai Vui l\u00f2ng tham kh\u1ea3o tab \u0111i\u1ec1u kho\u1ea3n ph\u00e1t sinh<\/li>\n<li><strong>Thanh to\u00e1n:<\/strong> Kh\u00e1ch h\u00e0ng thanh to\u00e1n 100% chi ph\u00ed h\u1ee3p \u0111\u1ed3ng ch\u1eadm di\u1ec5u khau chuy\u1ebfn \u0111i 1 ng\u00e0y trong tr\u01b0\u1eddng h\u1ee3p kh\u1ea9n c\u1ea5p CAREME s\u1ebd th\u1ef1c ch\u1eef ngay c\u00e1c b\u01b0\u1edbc 2-3 ngay sau khi thanh to\u00e1n trong ng\u00e0y<\/li>\n<li><strong>Chu\u1ea9n b\u1ecb:<\/strong> Careme g\u1edfi danh s\u00e1ch Nguy\u1ec5n c\u1ea3 nh\u1eefng th\u00f4ng tin c\u1ea7n thi\u1ebft cho kh\u00e1ch h\u00e0ng chu\u1ea9n b\u1ecb khau chuy\u1ebfn \u0111i bao g\u1ed3m c\u00e1c th\u1ee7 t\u1ee5c, gi\u1ea5y t\u1edd li\u00ean quan, nh\u1eefng l\u01b0u \u00fd c\u1ea7n thi\u1ebft trong qu\u00e1 tr\u00ecnh kh\u00e1m ch\u1eefa b\u1ec7nh<\/li>\n<li><strong>X\u00e1c nh\u1eadn l\u1ecbch tr\u00ecnh:<\/strong> Careme g\u1edfi l\u1ea7n n\u1eefa l\u1ecbch tr\u00ecnh chi ti\u1ebft nh\u1eb1m x\u00e1c nh\u1eadn l\u1ecbch tr\u00ecnh \u0111\u01b0a chi\u1ec1u, kh\u00e1m ch\u1eefa b\u1ec7nh chi ti\u1ebft tr\u1eeb tr\u01b0\u1eddng h\u1ee3p kh\u1ea9n c\u1ea5p Careme g\u1edfi ngay trong chuy\u1ebfn \u0111i khau khi you \u0111\u1eb7t ch\u00e2n t\u1edbi S\u00e2n bay<\/li>\n<\/ol>\n<\/div>\n<div id=\"tab_trong-chuy\u1ebfn-\u0111i\" class=\"panel entry-content\" role=\"tabpanel\" aria-labelledby=\"tab-trong-chuy\u1ebfn-\u0111i\">\n<ol>\n<li>Nh\u00e2n vi\u00ean Careme lu\u00f4n b\u1ea3o \u0111\u1ea3m li\u00ean l\u1ea1c kh\u00e1ch h\u00e0ng ngay khi xu\u1ed1ng s\u00e2n bay v\u00e0 chi\u1ec1u kh\u00e1ch h\u00e0ng ngay s\u1ea3nh g\u1ea7n di\u1ec5u<\/li>\n<li>\u0110\u01b0a kh\u00e1ch h\u00e0ng tr\u1ef1c ti\u1ebfp \u0111\u1ebfn b\u1ec7nh vi\u1ec7n ho\u1eb7c kh\u00e1ch s\u1ea1n b\u1eb1ng ph\u01b0\u01a1ng ti\u1ec7n \u0111\u00e3 x\u00e1c nh\u1eadn chi ti\u1ebft l\u1ecbch tr\u00ecnh khau \u0111\u00f3<\/li>\n<li>\u0110\u01b0a chi\u1ec1u kh\u00e1ch h\u00e0ng l\u00e0m h\u1ed7 tr\u1ee3 c\u00e1c th\u1ee7 t\u1ee5c nh\u1eadp vi\u1ec7n, kh\u00e1m ch\u1eefa b\u1ec7nh, phi\u00ean d\u1ecbch v\u1edbi b\u00e1c s\u0129<\/li>\n<li>Ph\u1ee5c v\u1ee5 \u0103n u\u1ed1ng kh\u00e1ch h\u00e0ng \u0103n u\u1ed1ng \u0111\u00fang gi\u1edd v\u00e0 ph\u00f9 h\u1ee3p v\u1edbi s\u1ee9c kh\u1ecfe c\u0169ng nh\u01b0 s\u01a1 th\u00edch kh\u00e1ch h\u00e0ng<\/li>\n<li>K\u1ebft th\u00fac qu\u00e1 tr\u00ecnh kh\u00e1m ch\u1eefa b\u1ec7nh nh\u00e2n vi\u00ean s\u1ebd \u0111\u01b0a kh\u00e1ch h\u00e0ng tr\u1ef1c ti\u1ebfp ra s\u00e2n bay, b\u1ea1n d\u1eabn th\u1ee7 t\u1ee5c c\u1ea7n thi\u1ebft<\/li>\n<\/ol>\n<\/div>\n<div id=\"tab_sau-chuy\u1ebfn-\u0111i\" class=\"panel entry-content\" role=\"tabpanel\" aria-labelledby=\"tab-sau-chuy\u1ebfn-\u0111i\">\n<ol>\n<li>Ti\u1ebfp t\u1ee5c gi\u1eef li\u00ean l\u1ea1c kh\u00e1ch h\u00e0ng nh\u1eb1m theo d\u00f5i di\u1ec5n bi\u1ebfn s\u1ee9c kh\u1ecfe c\u1ea7n thi\u1ebft sau tr\u1ecb vi) b\u1ec7nh<\/li>\n<li>H\u1ed7 tr\u1ee3 k\u1ebft g\u00ec v\u00e0 l\u00e0m vi\u1ec7c v\u1edbi b\u00e1c s\u0129 nh\u1eb1m t\u01b0 v\u1ea5n, h\u1ed7 tr\u1ee3 b\u1ec7nh nh\u00e2n trong qu\u00e1 tr\u00ecnh theo d\u00f5i<\/li>\n<li>L\u00ean k\u1ebf ho\u1ea1ch cho c\u00e1c \u0111\u1ee3t &#8220;t\u00e1i kh\u00e1m hay ph\u00e1t sinh trong qu\u00e1 tr\u00ecnh ch\u1eefa b\u1ec7nh<\/li>\n<li>Ti\u1ebfp nh\u1eadn th\u00f4ng tin kh\u00e1ch h\u00e0ng ph\u1ea3n h\u1ed3i v\u1ec1 d\u1ecbch v\u1ee5, ch\u1ea5t l\u01b0\u1ee3ng b\u1ec7nh vi\u1ec7n, b\u00e1c s\u0129 hay Nguy\u1ec5n c\u1ea3 nh\u1eefng d\u1ecbch v\u1ee5 v\u00e0 nh\u00e2n s\u1ef1 c\u1ee7a Careme nh\u1eb1m c\u1ea3i thi\u1ec7n d\u1ecbch v\u1ee5 ng\u00e0y c\u00e0ng t\u1ed1t h\u01a1n<\/li>\n<\/ol>\n<\/div>\n<div id=\"tab_tr\u01b0\u1eddng-h\u1ee3p-ph\u00e1t-sinh\" class=\"panel entry-content\" role=\"tabpanel\" aria-labelledby=\"tab-tr\u01b0\u1eddng-h\u1ee3p-ph\u00e1t-sinh\">\n<p><strong>1. h\u1ee7y d\u1ecbch v\u1ee5:<\/strong><\/p>\n<ul>\n<li>H\u1ee7y d\u1ecbch v\u1ee5 khau 15 ng\u00e0y \u0111\u01b0\u1ee3c hieu ti\u1ec1n 100% ph\u00ed d\u1ecbch v\u1ee5 \u0111\u00e3 \u0111\u00f3ng<\/li>\n<li>H\u1ee7y d\u1ecbch v\u1ee5 khau 7 ng\u00e0y hieu tr\u1ea3 100% ph\u00ed kh\u00e1m ch\u1eefa b\u1ec7nh v\u00e0 50% ph\u00ed d\u1ecbch v\u1ee5 h\u1ed7 tr\u1ee3 c\u1ee7a Careme cung c\u1ea5p trong qu\u00e1 tr\u00ecnh kh\u00e1m ch\u1eefa b\u1ec7nh<\/li>\n<li>H\u00f9y d\u1ecbch v\u1ee5 sau 7 ng\u00e0y hieu tr\u1ea3 s\u1ebd b\u1ecb t\u00ednh ph\u00ed 30% to\u00e0n b\u1ed9 cho tr\u1ecb vi) h\u1ee3p \u0111\u1ed3ng \u0111\u00e3 thanh to\u00e1n cho c\u00e1c d\u1ecbch v\u1ee5 tr\u1ecdn g\u00f3i ho\u1eb7c 100% chi ph\u00ed d\u1ecbch v\u1ee5 h\u1ed7 tr\u1ee3 c\u1ee7a Careme<\/li>\n<\/ul>\n<p><strong>2. b\u1ea3o hi\u1ec3m chuy\u1ebfn \u0111i: <\/strong><\/p>\n<p>To\u00e0n b\u1ed9 kh\u00e1ch h\u00e0ng s\u1ebd \u0111\u01b0\u1ee3c b\u1ea3o hi\u1ec3m trong su\u1ed1t qu\u00e1 tr\u00ecnh kh\u00e1m ch\u1eefa b\u1ec7nh<br \/>\nPh\u1ea1m vi b\u1ea3o hi\u1ec3m tr\u00ean to\u00e0n th\u1ebf gi\u1edbi (ngo\u1ea1i tr\u1eeb Vi\u1ec7t Nam)<br \/>\nD\u1ecbch v\u1ee5 b\u1ea3o l\u00e3nh v\u00e0 c\u1ee9u tr\u1ee3 y n\u1eafng kh\u1ea9n c\u1ea5p b\u1eb1ng nh\u1eadn x\u00e9t Vi\u1ec7t ho\u1eb7c c\u00e1c ng\u00f4n H\u00e1n qua tr\u00ean ph\u1ea1m vi to\u00e0n c\u1ea7u ch\u1ec9 b\u1eb1ng 01 cu\u1ed9c g\u1ecdi<br \/>\nC\u00e1c d\u1ecbch v\u1ee5 h\u1ed7 tr\u1ee3 du l\u1ecbch mi\u1ec5n ph\u00ed 24\/7 nh\u01b0: th\u1ee7 t\u1ee5c l\u00e0m trung th\u1ef1c, y\u00eau c\u1ea7u ti\u00eam ch\u1ee7ng, th\u00f4ng tin v\u1ec1 \u0111\u1ea1i sau qu\u00e1n, v\u0103n ph\u00f2ng lu\u1eadt, c\u01a1 s\u1edf y n\u1eafng&#8230;<br \/>\nQuy\u1ec1n l\u1ee3i b\u1ea3o hi\u1ec3m t\u1ed1i \u0111a l\u00ean t\u1edbi <strong>30,000 USD\/EUR<\/strong>\/ng\u01b0\u1eddi\/chuy\u1ebfn<\/p>\n<p><strong>3. c\u00e1c tr\u01b0\u1eddng h\u1ee3p mi\u1ec5n tr\u1eeb tr\u00e1ch nhi\u1ec7m c\u1ee7a Careme<\/strong><\/p>\n<ul>\n<li>Nguy\u1ec5n c\u1ea3 c\u00e1c ph\u00e1t sinh v\u1ec1 r\u1ee7i ro trong qu\u00e1 tr\u00ecnh kh\u00e1m ch\u1eefa b\u1ec7nh kh\u00f4ng n\u1eb1m trong tr\u00e1nh nhi\u1ec7m c\u1ee7a Careme. Trong kh\u1ea3 n\u0103ng c\u1ee7a m\u00ecnh CAREME lu\u00f4n gi\u00fap b\u1ea3o v\u1ec7 quy\u1ec1n l\u1ee3i kh\u00e1ch h\u00e0ng \u0111\u1ed1i v\u1edbi b\u00e1c s\u0129 v\u00e0 b\u1ec7nh vi\u1ec7n b\u1ec7nh nh\u00e2n tr\u1ecb vi) b\u1ec7nh<\/li>\n<li>Tai n\u1ea1n trong qu\u00e1 tr\u00ecnh l\u01b0u tr\u00fa tr\u1ecb vi) b\u1ec7nh \u1edf kho n\u01b0\u1edbc ngo\u00e0i, s\u1ebd do c\u00e1c \u0111i\u1ec1u kho\u1ea3n b\u1ea3o hi\u1ec3m m\u00e0 CAREME \u0111\u00e3 chi tr\u1ea3 cho \u0111\u01a1n v\u1ecb cung hi\u1ec3m \u0111\u00e3 bao g\u1ed3m trong g\u00f3i d\u1ecbch v\u1ee5 cung c\u1ea5p \u0111\u01b0\u1ee3c b\u1ed3i th\u01b0\u1eddng t\u1ed1i \u0111a l\u00ean t\u1edbi <strong>30.000 USD\/EUR<\/strong>\/ng\u01b0\u1eddi\/chuy\u1ebfn<\/li>\n<li>Vi\u1ec7c tr\u1ec5 hay h\u1ee7y chuy\u1ebfn bay hay ph\u00e1t sinh t\u1eeb vi\u1ec7c n\u00e0y ph\u00e1t sinh chi ph\u00ed li\u00ean quan \u0111\u1ebfn l\u01b0u tr\u00fa kh\u00e1ch s\u1ea1n nh\u01b0 h\u1ee7y \u0111\u1eb7t ph\u00f2ng hay d\u1eddi chuy\u1ec3n bay v\u1ec1<\/li>\n<\/ul>\n<\/div>\n<div id=\"tab_m\u00f4-t\u1ea3\" class=\"panel entry-content\" role=\"tabpanel\" aria-labelledby=\"tab-m\u00f4-t\u1ea3\">\n<div class=\"accordion\">\n<div id=\"accordion-1800709696\" class=\"accordion-item\"><a id=\"accordion-1800709696-label\" href=\"#\" class=\"accordion-title plain\" aria-expanded=\"false\" aria-controls=\"accordion-1800709696-content\"><button class=\"toggle\" aria-label=\"Toggle\"><i class=\"icon-angle-down\"><\/i><\/button><span>\u0102n u\u1ed1ng theo s\u1edf th\u00edch v\u00e0 \u0111i\u1ec1u tr\u1ecb vi)<\/span><\/a><div id=\"accordion-1800709696-content\" class=\"accordion-inner\" aria-labelledby=\"accordion-1800709696-label\">\n<\/div><\/div>\n<div id=\"accordion-919635318\" class=\"accordion-item\"><a id=\"accordion-919635318-label\" href=\"#\" class=\"accordion-title plain\" aria-expanded=\"false\" aria-controls=\"accordion-919635318-content\"><button class=\"toggle\" aria-label=\"Toggle\"><i class=\"icon-angle-down\"><\/i><\/button><span>Mi\u1ec5n ph\u00ed ng\u01b0\u1eddi \u0111i c\u00f9ng<\/span><\/a><div id=\"accordion-919635318-content\" class=\"accordion-inner\" aria-labelledby=\"accordion-919635318-label\">\n<\/div><\/div>\n<div id=\"accordion-1747621787\" class=\"accordion-item\"><a id=\"accordion-1747621787-label\" href=\"#\" class=\"accordion-title plain\" aria-expanded=\"false\" aria-controls=\"accordion-1747621787-content\"><button class=\"toggle\" aria-label=\"Toggle\"><i class=\"icon-angle-down\"><\/i><\/button><span>\u0110\u01b0a chi\u1ec1u th\u0103m quan, Mua s\u1eafm<\/span><\/a><div id=\"accordion-1747621787-content\" class=\"accordion-inner\" aria-labelledby=\"accordion-1747621787-label\">\n<\/div><\/div>\n<div id=\"accordion-307514621\" class=\"accordion-item\"><a id=\"accordion-307514621-label\" href=\"#\" class=\"accordion-title plain\" aria-expanded=\"false\" aria-controls=\"accordion-307514621-content\"><button class=\"toggle\" aria-label=\"Toggle\"><i class=\"icon-angle-down\"><\/i><\/button><span>D\u1ecbch v\u1ee5 kh\u1ea9n c\u1ea5p<\/span><\/a><div id=\"accordion-307514621-content\" class=\"accordion-inner\" aria-labelledby=\"accordion-307514621-label\">\n<\/div><\/div>\n<div id=\"accordion-3856806324\" class=\"accordion-item\"><a id=\"accordion-3856806324-label\" href=\"#\" class=\"accordion-title plain\" aria-expanded=\"false\" aria-controls=\"accordion-3856806324-content\"><button class=\"toggle\" aria-label=\"Toggle\"><i class=\"icon-angle-down\"><\/i><\/button><span>Nh\u1eefng chi ph\u00ed ngo\u00e0i D\u1ecbch v\u1ee5<\/span><\/a><div id=\"accordion-3856806324-content\" class=\"accordion-inner\" aria-labelledby=\"accordion-3856806324-label\">\n<\/div><\/div>\n<\/div>\n<\/div><\/div><\/div>\n","protected":false},"excerpt":{"rendered":"<p>Care-me l\u00e0 c\u00f4ng ty h\u00e0ng \u0111\u1ea7u \u0110\u00f4ng Nam \u00c1 chuy\u00ean cung c\u1ea5p c\u00e1c d\u1ecbch v\u1ee5 h\u1ed7 tr\u1ee3 cho kh\u00e1ch h\u00e0ng quan t\u00e2m \u0111\u1ebfn kh\u00e1m ch\u1eefa b\u1ec7nh v\u00e0 th\u1ea9m m\u1ef9 qu\u1ed1c t\u1ebf. L\u00e0 \u0111\u1ed1i t\u00e1c tr\u1ef1c ti\u1ebfp v\u1edbi c\u00e1c b\u1ec7nh vi\u1ec7n h\u00e0ng \u0111\u1ea7u trong khu v\u1ef1c, li\u00ean t\u1ee5c theo d\u00f5i v\u00e0 \u0111\u00e1nh gi\u00e1 ch\u1ea5t l\u01b0\u1ee3ng, Careme t\u01b0 v\u1ea5n gi\u00fap b\u1ea1n l\u1ef1a ch\u1ecdn b\u1ec7nh vi\u1ec7n, b\u00e1c s\u0129 t\u1ed1t nh\u1ea5t ph\u00f9 h\u1ee3p v\u1edbi t\u00ecnh tr\u1ea1ng s\u1ee9c kh\u1ecfe ho\u1eb7c nhu c\u1ea7u th\u1ea9m m\u1ef9 c\u1ee7a b\u1ea1n, c\u00f9ng v\u1edbi kh\u1ea3 n\u0103ng t\u00e0i ch\u00ednh \u0111\u1ea3m b\u1ea3o mang \u0111\u1ebfn s\u1ef1 an t\u00e2m nh\u1ea5t cho b\u1ea1n v\u00e0 ng\u01b0\u1eddi th\u00e2n.<\/p>\n<p>Care-me \u0111\u1ed3ng h\u00e0nh th\u00f4ng qua vi\u1ec7c t\u01b0 v\u1ea5n, l\u00e0m th\u1ee7 t\u1ee5c, v\u1eadn chuy\u1ec3n, ch\u0103m s\u00f3c, l\u00e0m vi\u1ec7c v\u1edbi b\u00e1c s\u0129 c\u0169ng nh\u01b0 kh\u1ea3 n\u0103ng k\u1ebft n\u1ed1i b\u1ec7nh vi\u1ec7n nhanh ch\u00f3ng v\u00e0 h\u1ed7 tr\u1ee3 sau \u0111i\u1ec1u tr\u1ecb. M\u1ecdi ng\u01b0\u1eddi ho\u00e0n to\u00e0n y\u00ean t\u00e2m s\u1eed d\u1ee5ng d\u1ecbch v\u1ee5 c\u1ee7a Care-me.<\/p>\n","protected":false},"featured_media":374573,"comment_status":"open","ping_status":"closed","template":"","meta":[],"product_cat":[706],"product_tag":[],"class_list":["post-378662","product","type-product","status-publish","has-post-thumbnail","hentry","product_cat-dich-vu-careme"],"_links":{"self":[{"href":"https:\/\/careme.vn\/zh-hans\/wp-json\/wp\/v2\/product\/378662","targetHints":{"allow":["GET"]}}],"collection":[{"href":"https:\/\/careme.vn\/zh-hans\/wp-json\/wp\/v2\/product"}],"about":[{"href":"https:\/\/careme.vn\/zh-hans\/wp-json\/wp\/v2\/types\/product"}],"replies":[{"embeddable":true,"href":"https:\/\/careme.vn\/zh-hans\/wp-json\/wp\/v2\/comments?post=378662"}],"wp:featuredmedia":[{"embeddable":true,"href":"https:\/\/careme.vn\/zh-hans\/wp-json\/wp\/v2\/media\/374573"}],"wp:attachment":[{"href":"https:\/\/careme.vn\/zh-hans\/wp-json\/wp\/v2\/media?parent=378662"}],"wp:term":[{"taxonomy":"product_cat","embeddable":true,"href":"https:\/\/careme.vn\/zh-hans\/wp-json\/wp\/v2\/product_cat?post=378662"},{"taxonomy":"product_tag","embeddable":true,"href":"https:\/\/careme.vn\/zh-hans\/wp-json\/wp\/v2\/product_tag?post=378662"}],"curies":[{"name":"wp","href":"https:\/\/api.w.org\/{rel}","templated":true}]}}